{"id":3514,"date":"2022-12-14T12:27:40","date_gmt":"2022-12-14T11:27:40","guid":{"rendered":"https:\/\/maccaferri-stage.softecspa.it\/bal\/?page_id=3514"},"modified":"2023-09-14T17:15:47","modified_gmt":"2023-09-14T15:15:47","slug":"maccaferri-paketa-e-softuerit","status":"publish","type":"page","link":"https:\/\/maccaferri-stage.softecspa.it\/al\/maccaferri-paketa-e-softuerit\/","title":{"rendered":"Maccaferri Paketa e softuerit"},"content":{"rendered":"<div class=\"wp-block-mac-h1-title-hero-block container-fluid block-txt-container\" style=\"background:linear-gradient(180deg,rgb(1,94,111) 0%,rgb(0,72,87) 100%)\"><div class=\"row\"><div class=\"col\"><div class=\"gts__picture\"><img decoding=\"async\" src=\"https:\/\/maccaferri-stage.softecspa.it\/al\/wp-content\/uploads\/2023\/01\/software-5.jpeg\" style=\"display:none\"\/><div class=\"gts__picture__image\" style=\"background-image:url(https:\/\/maccaferri-stage.softecspa.it\/al\/wp-content\/uploads\/2023\/01\/software-5.jpeg)\"><\/div><\/div><div class=\"container box-container\"><div class=\"row\"><div class=\"col title-box-txt\"><h1 class=\"wp-block-mac-h1-title-hero-block\" style=\"color:#ffffff;text-align:none\">Maccaferri Paketa e softuerit<\/h1><\/div><\/div><\/div><\/div><\/div><\/div><div style=\"height:100px\" aria-hidden=\"true\" class=\"wp-block-spacer\"><\/div><div class=\"wp-block-columns is-layout-flex wp-container-core-columns-is-layout-9d6595d7 wp-block-columns-is-layout-flex\"><div class=\"wp-block-column is-layout-flow wp-block-column-is-layout-flow\"><div class=\"wp-block-mac-container-block box-container\"><div class=\"wp-block-columns is-layout-flex wp-container-core-columns-is-layout-9d6595d7 wp-block-columns-is-layout-flex\"><div class=\"wp-block-column is-layout-flow wp-block-column-is-layout-flow\"><div class=\"wp-block-mac-h5-txt-paragraph-block block-txt-container box-container\"><div class=\"row\"><div class=\"col paragraph-box-txt\"><h5 class=\"wp-block-mac-h5-txt-paragraph-block\" style=\"color:#212429;text-align:left\">Zhvilluar n\u00eb partneritet me institutet dhe universitetet kryesore, paketa jon\u00eb e softuer\u00ebve t\u00eb pranuar dhe miq\u00ebsore n\u00eb mbar\u00eb bot\u00ebn i fuqizon inxhinier\u00ebt t dizajnojn\u00eb dhe ofrojn\u00eb zgjidhje efektive dhe t\u00eb besueshme t\u00eb inxhinieris\u00eb civile.<br>Bazuar n\u00eb t\u00eb dh\u00ebnat eksperimentale t\u00eb mbledhura n\u00eb dekada t\u00eb p\u00ebrvoj\u00ebs n\u00eb terren dhe fushatave rigoroze t\u00eb testimit, zgjidhjet tona t\u00eb softuerit pa pages\u00eb i p\u00ebrshtaten k\u00ebrkesave t\u00eb inxhinier\u00ebve civil\u00eb dhe gjeoteknik\u00eb anemban\u00eb bot\u00ebs, duke ofruar gjithashtu p\u00ebrfitime shtes\u00eb t\u00eb efektivitetit t\u00eb kostos dhe nd\u00ebrtimit t\u00eb p\u00ebrmir\u00ebsuar.<br><br>Kontaktoni me ne p\u00ebr t&#8217;u trajnuar mbi zgjidhjet tona softuerike dhe p\u00ebr t\u00eb filluar dizajnimin e zgjidhjeve inxhinierike t\u00eb nivelit t\u00eb lart\u00eb dhe sfidues n\u00eb kushtet m\u00eb t\u00eb ndryshme.<\/h5><\/div><\/div><\/div><\/div><\/div><\/div><\/div><\/div><div class=\"wp-block-mac-container-block box-container\"><div class=\"wp-block-columns is-layout-flex wp-container-core-columns-is-layout-9d6595d7 wp-block-columns-is-layout-flex\"><div class=\"wp-block-column is-layout-flow wp-block-column-is-layout-flow\"><figure class=\"wp-block-image size-full\"><img decoding=\"async\" src=\"https:\/\/maccaferri-stage.softecspa.it\/bal\/wp-content\/uploads\/sites\/20\/2022\/12\/maccaferri-software.png\" alt=\"\" class=\"wp-image-3075\"\/><\/figure><\/div>\n\n<div class=\"wp-block-column is-layout-flow wp-block-column-is-layout-flow\"><div style=\"height:50px\" aria-hidden=\"true\" class=\"wp-block-spacer\"><\/div>\n\n<div class=\"wp-block-mac-h2-title-bold-block block-txt-container box-container\"><div class=\"row\"><div class=\"col title-box-txt\"><h2 style=\"color:#004857;text-align:center\">Softuer Online<\/h2><\/div><\/div><\/div>\n\n<p class=\"has-text-align-left has-medium-font-size\">Vizitoni platform\u00ebn e softuerit Maccaferri eDesign. Dizajnoni n\u00eb internet nga kudo. Nuk k\u00ebrkohet shkarkim.<\/p>\n\n<ul class=\"wp-block-list\" style=\"font-size:19px\"><li><strong>Mac S-Design<\/strong>: b\u00ebni shpatin tuaj m\u00eb t\u00eb sigurt<\/li><li><strong>MacTube Design<\/strong>: mbroni bregdetin tuaj<\/li><li><strong>MacBars Design<\/strong>: stabilizojeni brezin\u00ebn tuaj<\/li><li><strong>MACRA Design<\/strong>: projektimi i veprave hidraulike lumore<\/li><li><strong>REQUALIFE<\/strong>: projektimi i rrjedhave ujore p\u00ebr nj\u00eb t\u00eb ardhme t\u00eb q\u00ebndrueshme<\/li><\/ul>\n\n<div class=\"wp-block-buttons is-content-justification-center is-layout-flex wp-container-core-buttons-is-layout-16018d1d wp-block-buttons-is-layout-flex\"><div class=\"wp-block-button\"><a class=\"wp-block-button__link\" href=\"https:\/\/edesign.maccaferri.com\/\">Shkoni n\u00eb platform\u00eb<\/a><\/div><\/div><\/div><\/div><\/div><div style=\"height:150px\" aria-hidden=\"true\" class=\"wp-block-spacer\"><\/div><div class=\"wp-block-mac-container-block box-container\"><div class=\"wp-block-columns is-layout-flex wp-container-core-columns-is-layout-9d6595d7 wp-block-columns-is-layout-flex\"><div class=\"wp-block-column is-layout-flow wp-block-column-is-layout-flow\"><div class=\"wp-block-mac-h2-title-bold-block block-txt-container box-container\"><div class=\"row\"><div class=\"col title-box-txt\"><h2 style=\"color:#004857;text-align:left\">Softuer dizajni i shkarkuesh\u00ebm<\/h2><\/div><\/div><\/div>\n\n<p class=\"has-text-align-left has-medium-font-size\">Zbuloni softuerin ton\u00eb t\u00eb dizajnit t\u00eb shkarkuesh\u00ebm:<\/p>\n\n<ul class=\"wp-block-list\" style=\"font-size:19px\"><li><strong>MACFLOW Studio<\/strong>: projektimi i zgjidhjeve efektive t\u00eb kullimit<\/li><li><strong>MACREAD AASHTO<\/strong>: projektimi i shtresave fleksib\u00ebl t\u00eb trotuarit<\/li><li><strong>MACREAD Studio<\/strong>: projektimi i zgjidhjeve t\u00eb stabilizimit t\u00eb n\u00ebnshtres\u00ebs s\u00eb rrug\u00ebs<\/li><li><strong>MACRO Studio<\/strong>: projektimi i zgjidhjeve mbrojt\u00ebse t\u00eb rrjetave nga r\u00ebnia e shk\u00ebmbinjve n\u00eb shpatet e shk\u00ebmbinjve<\/li><li><strong>GAWAC 3.1<\/strong>: Projekt i mureve t\u00eb mbajtjes me gavion\u00eb<\/li><\/ul>\n\n<div class=\"wp-block-buttons is-layout-flex wp-block-buttons-is-layout-flex\"><div class=\"wp-block-button aligncenter\"><a class=\"wp-block-button__link\" href=\"https:\/\/maccaferri-stage.softecspa.it\/al\/search?category-link=&amp;r=&amp;sectors-select=&amp;applications-select=&amp;solutions-select=&amp;products-select=&amp;location-select=&amp;full=on&amp;find_softwares=1\">MERRNI SOFTUERIN<\/a><\/div><\/div><\/div>\n\n<div class=\"wp-block-column is-layout-flow wp-block-column-is-layout-flow\"><div style=\"height:100px\" aria-hidden=\"true\" class=\"wp-block-spacer\"><\/div>\n\n<figure class=\"wp-block-image size-large\"><img decoding=\"async\" src=\"https:\/\/maccaferri-stage.softecspa.it\/bal\/wp-content\/uploads\/sites\/20\/2022\/12\/maccaferri-software-downloadable-1024x686.png\" alt=\"\" class=\"wp-image-3728\"\/><\/figure><\/div><\/div><\/div><div style=\"height:100px\" aria-hidden=\"true\" class=\"wp-block-spacer\"><\/div>","protected":false},"excerpt":{"rendered":"","protected":false},"author":2,"featured_media":0,"parent":0,"menu_order":0,"comment_status":"closed","ping_status":"closed","template":"","meta":{"_acf_changed":false,"_joinchat":[],"footnotes":""},"class_list":["post-3514","page","type-page","status-publish","hentry"],"acf":{"uuid_products":"","product-documents":""},"yoast_head":"<!-- This site is optimized with the Yoast SEO Premium plugin v27.0 (Yoast SEO v27.0) - https:\/\/yoast.com\/product\/yoast-seo-premium-wordpress\/ -->\n<title>Maccaferri Paketa e softuerit - Maccaferri Balkans<\/title>\n<meta name=\"robots\" content=\"index, follow, max-snippet:-1, max-image-preview:large, max-video-preview:-1\" \/>\n<link rel=\"canonical\" href=\"https:\/\/maccaferri-stage.softecspa.it\/al\/maccaferri-paketa-e-softuerit\/\" \/>\n<meta property=\"og:locale\" content=\"sq_AL\" \/>\n<meta property=\"og:type\" content=\"article\" \/>\n<meta property=\"og:title\" content=\"Maccaferri Paketa e softuerit - Maccaferri Balkans\" \/>\n<meta property=\"og:url\" content=\"https:\/\/maccaferri-stage.softecspa.it\/al\/maccaferri-paketa-e-softuerit\/\" \/>\n<meta property=\"og:site_name\" content=\"Maccaferri Balkans\" \/>\n<meta property=\"article:modified_time\" content=\"2023-09-14T15:15:47+00:00\" \/>\n<meta property=\"og:image\" content=\"https:\/\/maccaferri-stage.softecspa.it\/al\/wp-content\/uploads\/2023\/01\/software-5.jpeg\" \/>\n<meta name=\"twitter:card\" content=\"summary_large_image\" \/>\n<meta name=\"twitter:label1\" content=\"Est. reading time\" \/>\n\t<meta name=\"twitter:data1\" content=\"2 minutes\" \/>\n<script type=\"application\/ld+json\" class=\"yoast-schema-graph\">{\"@context\":\"https:\/\/schema.org\",\"@graph\":[{\"@type\":\"WebPage\",\"@id\":\"https:\/\/maccaferri-stage.softecspa.it\/al\/maccaferri-paketa-e-softuerit\/\",\"url\":\"https:\/\/maccaferri-stage.softecspa.it\/al\/maccaferri-paketa-e-softuerit\/\",\"name\":\"Maccaferri Paketa e softuerit - Maccaferri Balkans\",\"isPartOf\":{\"@id\":\"https:\/\/maccaferri-stage.softecspa.it\/al\/#website\"},\"primaryImageOfPage\":{\"@id\":\"https:\/\/maccaferri-stage.softecspa.it\/al\/maccaferri-paketa-e-softuerit\/#primaryimage\"},\"image\":{\"@id\":\"https:\/\/maccaferri-stage.softecspa.it\/al\/maccaferri-paketa-e-softuerit\/#primaryimage\"},\"thumbnailUrl\":\"https:\/\/maccaferri-stage.softecspa.it\/al\/wp-content\/uploads\/2023\/01\/software-5.jpeg\",\"datePublished\":\"2022-12-14T11:27:40+00:00\",\"dateModified\":\"2023-09-14T15:15:47+00:00\",\"inLanguage\":\"sq-AL\",\"potentialAction\":[{\"@type\":\"ReadAction\",\"target\":[\"https:\/\/maccaferri-stage.softecspa.it\/al\/maccaferri-paketa-e-softuerit\/\"]}]},{\"@type\":\"ImageObject\",\"inLanguage\":\"sq-AL\",\"@id\":\"https:\/\/maccaferri-stage.softecspa.it\/al\/maccaferri-paketa-e-softuerit\/#primaryimage\",\"url\":\"https:\/\/maccaferri-stage.softecspa.it\/al\/wp-content\/uploads\/2023\/01\/software-5.jpeg\",\"contentUrl\":\"https:\/\/maccaferri-stage.softecspa.it\/al\/wp-content\/uploads\/2023\/01\/software-5.jpeg\"},{\"@type\":\"WebSite\",\"@id\":\"https:\/\/maccaferri-stage.softecspa.it\/al\/#website\",\"url\":\"https:\/\/maccaferri-stage.softecspa.it\/al\/\",\"name\":\"Maccaferri Balkans\",\"description\":\"\",\"publisher\":{\"@id\":\"https:\/\/maccaferri-stage.softecspa.it\/al\/#organization\"},\"potentialAction\":[{\"@type\":\"SearchAction\",\"target\":{\"@type\":\"EntryPoint\",\"urlTemplate\":\"https:\/\/maccaferri-stage.softecspa.it\/al\/?s={search_term_string}\"},\"query-input\":{\"@type\":\"PropertyValueSpecification\",\"valueRequired\":true,\"valueName\":\"search_term_string\"}}],\"inLanguage\":\"sq-AL\"},{\"@type\":\"Organization\",\"@id\":\"https:\/\/maccaferri-stage.softecspa.it\/al\/#organization\",\"name\":\"Maccaferri Balkans\",\"url\":\"https:\/\/maccaferri-stage.softecspa.it\/al\/\",\"logo\":{\"@type\":\"ImageObject\",\"inLanguage\":\"sq-AL\",\"@id\":\"https:\/\/maccaferri-stage.softecspa.it\/al\/#\/schema\/logo\/image\/\",\"url\":\"\",\"contentUrl\":\"\",\"caption\":\"Maccaferri Balkans\"},\"image\":{\"@id\":\"https:\/\/maccaferri-stage.softecspa.it\/al\/#\/schema\/logo\/image\/\"}}]}<\/script>\n<!-- \/ Yoast SEO Premium plugin. -->","yoast_head_json":{"title":"Maccaferri Paketa e softuerit - Maccaferri Balkans","robots":{"index":"index","follow":"follow","max-snippet":"max-snippet:-1","max-image-preview":"max-image-preview:large","max-video-preview":"max-video-preview:-1"},"canonical":"https:\/\/maccaferri-stage.softecspa.it\/al\/maccaferri-paketa-e-softuerit\/","og_locale":"sq_AL","og_type":"article","og_title":"Maccaferri Paketa e softuerit - Maccaferri Balkans","og_url":"https:\/\/maccaferri-stage.softecspa.it\/al\/maccaferri-paketa-e-softuerit\/","og_site_name":"Maccaferri Balkans","article_modified_time":"2023-09-14T15:15:47+00:00","og_image":[{"url":"https:\/\/maccaferri-stage.softecspa.it\/al\/wp-content\/uploads\/2023\/01\/software-5.jpeg","type":"","width":"","height":""}],"twitter_card":"summary_large_image","twitter_misc":{"Est. reading time":"2 minutes"},"schema":{"@context":"https:\/\/schema.org","@graph":[{"@type":"WebPage","@id":"https:\/\/maccaferri-stage.softecspa.it\/al\/maccaferri-paketa-e-softuerit\/","url":"https:\/\/maccaferri-stage.softecspa.it\/al\/maccaferri-paketa-e-softuerit\/","name":"Maccaferri Paketa e softuerit - Maccaferri Balkans","isPartOf":{"@id":"https:\/\/maccaferri-stage.softecspa.it\/al\/#website"},"primaryImageOfPage":{"@id":"https:\/\/maccaferri-stage.softecspa.it\/al\/maccaferri-paketa-e-softuerit\/#primaryimage"},"image":{"@id":"https:\/\/maccaferri-stage.softecspa.it\/al\/maccaferri-paketa-e-softuerit\/#primaryimage"},"thumbnailUrl":"https:\/\/maccaferri-stage.softecspa.it\/al\/wp-content\/uploads\/2023\/01\/software-5.jpeg","datePublished":"2022-12-14T11:27:40+00:00","dateModified":"2023-09-14T15:15:47+00:00","inLanguage":"sq-AL","potentialAction":[{"@type":"ReadAction","target":["https:\/\/maccaferri-stage.softecspa.it\/al\/maccaferri-paketa-e-softuerit\/"]}]},{"@type":"ImageObject","inLanguage":"sq-AL","@id":"https:\/\/maccaferri-stage.softecspa.it\/al\/maccaferri-paketa-e-softuerit\/#primaryimage","url":"https:\/\/maccaferri-stage.softecspa.it\/al\/wp-content\/uploads\/2023\/01\/software-5.jpeg","contentUrl":"https:\/\/maccaferri-stage.softecspa.it\/al\/wp-content\/uploads\/2023\/01\/software-5.jpeg"},{"@type":"WebSite","@id":"https:\/\/maccaferri-stage.softecspa.it\/al\/#website","url":"https:\/\/maccaferri-stage.softecspa.it\/al\/","name":"Maccaferri Balkans","description":"","publisher":{"@id":"https:\/\/maccaferri-stage.softecspa.it\/al\/#organization"},"potentialAction":[{"@type":"SearchAction","target":{"@type":"EntryPoint","urlTemplate":"https:\/\/maccaferri-stage.softecspa.it\/al\/?s={search_term_string}"},"query-input":{"@type":"PropertyValueSpecification","valueRequired":true,"valueName":"search_term_string"}}],"inLanguage":"sq-AL"},{"@type":"Organization","@id":"https:\/\/maccaferri-stage.softecspa.it\/al\/#organization","name":"Maccaferri Balkans","url":"https:\/\/maccaferri-stage.softecspa.it\/al\/","logo":{"@type":"ImageObject","inLanguage":"sq-AL","@id":"https:\/\/maccaferri-stage.softecspa.it\/al\/#\/schema\/logo\/image\/","url":"","contentUrl":"","caption":"Maccaferri Balkans"},"image":{"@id":"https:\/\/maccaferri-stage.softecspa.it\/al\/#\/schema\/logo\/image\/"}}]}},"_links":{"self":[{"href":"https:\/\/maccaferri-stage.softecspa.it\/al\/wp-json\/wp\/v2\/pages\/3514","targetHints":{"allow":["GET"]}}],"collection":[{"href":"https:\/\/maccaferri-stage.softecspa.it\/al\/wp-json\/wp\/v2\/pages"}],"about":[{"href":"https:\/\/maccaferri-stage.softecspa.it\/al\/wp-json\/wp\/v2\/types\/page"}],"author":[{"embeddable":true,"href":"https:\/\/maccaferri-stage.softecspa.it\/al\/wp-json\/wp\/v2\/users\/2"}],"replies":[{"embeddable":true,"href":"https:\/\/maccaferri-stage.softecspa.it\/al\/wp-json\/wp\/v2\/comments?post=3514"}],"version-history":[{"count":35,"href":"https:\/\/maccaferri-stage.softecspa.it\/al\/wp-json\/wp\/v2\/pages\/3514\/revisions"}],"predecessor-version":[{"id":53641,"href":"https:\/\/maccaferri-stage.softecspa.it\/al\/wp-json\/wp\/v2\/pages\/3514\/revisions\/53641"}],"wp:attachment":[{"href":"https:\/\/maccaferri-stage.softecspa.it\/al\/wp-json\/wp\/v2\/media?parent=3514"}],"curies":[{"name":"wp","href":"https:\/\/api.w.org\/{rel}","templated":true}]}}