{"id":1375,"date":"2022-07-28T15:26:58","date_gmt":"2022-07-28T13:26:58","guid":{"rendered":"https:\/\/maccaferri-stage.softecspa.it\/aml\/?page_id=1375"},"modified":"2023-06-01T17:02:57","modified_gmt":"2023-06-01T15:02:57","slug":"sustentabilidade","status":"publish","type":"page","link":"https:\/\/maccaferri-stage.softecspa.it\/br\/sustentabilidade\/","title":{"rendered":"Sustentabilidade"},"content":{"rendered":"<div class=\"wp-block-mac-h1-title-hero-block container-fluid block-txt-container\" style=\"background:linear-gradient(180deg,rgb(1,94,111) 0%,rgb(0,72,87) 100%)\"><div class=\"row\"><div class=\"col\"><div class=\"gts__picture\"><img decoding=\"async\" src=\"https:\/\/maccaferri-stage.softecspa.it\/aml\/wp-content\/uploads\/sites\/22\/2022\/12\/Sustainability_Gabion_3.jpg\" style=\"display:none\"\/><div class=\"gts__picture__image\" style=\"background-image:url(https:\/\/maccaferri-stage.softecspa.it\/aml\/wp-content\/uploads\/sites\/22\/2022\/12\/Sustainability_Gabion_3.jpg)\"><\/div><\/div><div class=\"container box-container\"><div class=\"row\"><div class=\"col title-box-txt\"><h1 class=\"wp-block-mac-h1-title-hero-block\" style=\"color:#ffffff;text-align:none\">Sustentabilidade<\/h1><\/div><\/div><\/div><\/div><\/div><\/div><div class=\"wp-block-mac-container-block box-container\"><div class=\"wp-block-columns is-layout-flex wp-container-core-columns-is-layout-9d6595d7 wp-block-columns-is-layout-flex\"><div class=\"wp-block-column is-layout-flow wp-block-column-is-layout-flow\"><div style=\"height:100px\" aria-hidden=\"true\" class=\"wp-block-spacer\"><\/div>\n\n<p class=\"has-medium-font-size\">Estamos fortemente comprometidos em abordar os aspectos <strong>ambientais<\/strong>, <strong>econ\u00f4micos<\/strong> e <strong>sociais<\/strong> com uma abordagem hol\u00edstica. De fato, acreditamos firmemente na ado\u00e7\u00e3o de abordagens e <strong>solu\u00e7\u00f5es sustent\u00e1veis<\/strong> ao longo de todo o ciclo de vida de um projeto.<\/p>\n\n<p class=\"has-medium-font-size\">Desde a fase de projeto de um sistema de engenharia passando pelas fases de fabrica\u00e7\u00e3o e constru\u00e7\u00e3o at\u00e9 a desativa\u00e7\u00e3o: todas as nossas solu\u00e7\u00f5es de engenharia visam criar <strong>benef\u00edcios a longo prazo<\/strong> que v\u00e3o al\u00e9m do produto em si.<\/p>\n\n<p class=\"has-medium-font-size\">As solu\u00e7\u00f5es Maccaferri <strong>mitigam os riscos naturais e antropog\u00eanicos<\/strong>, respeitando o meio ambiente, aumentando a seguran\u00e7a das pessoas e melhorando suas vidas.<\/p><\/div><\/div><\/div><figure class=\"wp-block-image aligncenter size-full\"><img decoding=\"async\" src=\"https:\/\/maccaferri-stage.softecspa.it\/aml\/wp-content\/uploads\/sites\/22\/2022\/09\/test-img-cta-right.png\" alt=\"\" class=\"wp-image-1986\"\/><\/figure><p><\/p><p><\/p><div class=\"wp-block-mac-h2-title-block block-txt-container box-container\"><div class=\"row\"><div class=\"col title-box-txt\"><h2 style=\"color:#212429;text-align:center\">Objetivos de Desenvolvimento Sustent\u00e1vel<\/h2><\/div><\/div><\/div><div class=\"wp-block-mac-container-block box-container\"><div class=\"wp-block-columns is-layout-flex wp-container-core-columns-is-layout-9d6595d7 wp-block-columns-is-layout-flex\"><div class=\"wp-block-column is-layout-flow wp-block-column-is-layout-flow\"><div class=\"wp-block-mac-h5-txt-paragraph-block block-txt-container box-container\"><div class=\"row\"><div class=\"col paragraph-box-txt\"><h5 class=\"wp-block-mac-h5-txt-paragraph-block\" style=\"color:#212429;text-align:none\">A ONU estabeleceu os GDS como um apelo urgente para a a\u00e7\u00e3o: assumimos o desafio e nos comprometemos a alcan\u00e7\u00e1-los um a um, passo a passo.<\/h5><\/div><\/div><\/div><\/div><\/div><\/div><div class=\"wp-block-mac-container-block box-container\"><div class=\"wp-block-columns is-layout-flex wp-container-core-columns-is-layout-9d6595d7 wp-block-columns-is-layout-flex\"><div class=\"wp-block-column is-layout-flow wp-block-column-is-layout-flow\"><p>Junto com institui\u00e7\u00f5es e autoridades, as empresas s\u00e3o agora chamadas a desenvolver solu\u00e7\u00f5es sustent\u00e1veis que salvaguardem o bem-estar e a seguran\u00e7a da comunidade e do meio ambiente, de acordo com as metas estabelecidas pela ONU na <strong>Agenda para o Desenvolvimento Sustent\u00e1vel de 2030<\/strong>.<\/p>\n\n<p>A Agenda de 2030 \u00e9 composta de <strong>17 Objetivos de Desenvolvimento Sustent\u00e1vel (ODS)<\/strong> enquadrados num plano mais amplo de 169 metas ambientais, econ\u00f4micas, sociais e institucionais associadas a serem alcan\u00e7adas at\u00e9 2030.<\/p>\n\n<p>Sete anos ap\u00f3s a assinatura da Agenda 2030, h\u00e1 uma crescente consci\u00eancia na sociedade civil, no mundo corporativo e entre os governos da necessidade de adotar uma abordagem integrada e tomar <strong>medidas tang\u00edveis<\/strong> para enfrentar uma grande mudan\u00e7a scio-econ\u00f4mica, bem como m\u00faltiplos e complexos desafios ambientais e institucionais. Muitas empresas t\u00eam abordado a Agenda 2030 integrando o princ\u00edpio da sustentabilidade em sua estrat\u00e9gia e planejamento empresarial.<\/p>\n\n<p>A ONU definiu as ODS como um <strong>chamado urgente \u00e0 a\u00e7\u00e3o<\/strong>, enquanto Maccaferri, que faz da sustentabilidade ambiental a espinha dorsal de sua vis\u00e3o, respondeu prontamente, concentrando suas energias em objetivos destinados a combater a mudan\u00e7a clim\u00e1tica e a salvaguardar o ecossistema ambiental.<\/p>\n\n<div style=\"height:100px\" aria-hidden=\"true\" class=\"wp-block-spacer\"><\/div><\/div><\/div><\/div><div class=\"wp-block-mac-container-block box-container\"><div class=\"wp-block-columns is-layout-flex wp-container-core-columns-is-layout-9d6595d7 wp-block-columns-is-layout-flex\"><div class=\"wp-block-column is-layout-flow wp-block-column-is-layout-flow\" style=\"flex-basis:33.33%\"><figure class=\"wp-block-image size-full\"><img decoding=\"async\" src=\"https:\/\/maccaferri-stage.softecspa.it\/aml\/wp-content\/uploads\/sites\/22\/2022\/12\/sdg-1.png\" alt=\"\" class=\"wp-image-3101\"\/><\/figure><\/div>\n\n<div class=\"wp-block-column is-layout-flow wp-block-column-is-layout-flow\" style=\"flex-basis:66.66%\"><figure class=\"wp-block-image size-full\"><img decoding=\"async\" src=\"https:\/\/maccaferri-stage.softecspa.it\/aml\/wp-content\/uploads\/sites\/22\/2022\/12\/sdg2.png\" alt=\"\" class=\"wp-image-3104\"\/><\/figure><\/div><\/div><\/div><div style=\"height:100px\" aria-hidden=\"true\" class=\"wp-block-spacer\"><\/div><div class=\"wp-block-mac-h2-title-bold-block block-txt-container box-container\"><div class=\"row\"><div class=\"col title-box-txt\"><h2 style=\"color:#004857;text-align:center\">NOSSO COMPROMISSO<\/h2><\/div><\/div><\/div><div class=\"wp-block-mac-block-left-description-right-image container-media box-container\"><div class=\"row\"><div class=\"col-12 col-lg-6 col-xl-6 col-xxl-6 title-box-txt order-lg-first order-last\" style=\"text-align:default\"><p class=\"description\" style=\"color:#212429\"><strong>PROMOVER A ADO\u00c7\u00c3O DE ENERGIA LIMPA<\/strong><br><br>Desenvolvemos solu\u00e7\u00f5es que promovem o acesso a energia barata e limpa.<br><br>Trabalhamos em parceria com as autoridades para <strong>maximizar a participa\u00e7\u00e3o da energia verde <\/strong>no mix energ\u00e9tico global.<strong> <\/strong><\/p><\/div><div class=\"col-12 col-lg-6 col-xl-6 col-xxl-6\"><div class=\"box-image\"><img decoding=\"async\" class=\"image\" src=\"https:\/\/maccaferri-stage.softecspa.it\/br\/wp-content\/uploads\/2023\/06\/SDG-Foto-7-2-min-5.png\" alt=\"Image\"\/><\/div><\/div><\/div><\/div><div class=\"wp-block-mac-block-left-image-right-description container-media box-container\"><div class=\"row\"><div class=\"col-12 col-lg-6 col-xl-6 col-xxl-6\"><div class=\"box-image\"><img decoding=\"async\" class=\"image\" src=\"https:\/\/maccaferri-stage.softecspa.it\/br\/wp-content\/uploads\/2023\/06\/SDG-Foto-8-1-5.png\" alt=\"Image\"\/><\/div><\/div><div class=\"col-12 col-lg-6 col-xl-6 col-xxl-6 title-box-txt\" style=\"text-align:default\"><p class=\"description\" style=\"color:#212429\"><strong>ENVOLVIMENTO DAS COMUNIDADES LOCAIS<br><br><\/strong>Promovemos o crescimento inclusivo, desenvolvendo solu\u00e7\u00f5es que podem ser facilmente instaladas pela <strong>m\u00e3o-de-obra local<\/strong> sem nenhum treinamento especial.<br><br>Muitas comunidades sofrem com um n\u00famero crescente de eventos de desastres naturais, portanto trabalhamos em medidas r\u00e1pidas e eficazes para intervir e <strong>restaurar suas economias<\/strong>.<\/p><\/div><\/div><\/div><div class=\"wp-block-mac-block-left-description-right-image container-media box-container\"><div class=\"row\"><div class=\"col-12 col-lg-6 col-xl-6 col-xxl-6 title-box-txt order-lg-first order-last\" style=\"text-align:default\"><p class=\"description\" style=\"color:#212429\"><strong>FOMENTAR A INOVA\u00c7\u00c3O<\/strong><br><br>Incentivamos a <strong>melhoria cont\u00ednua<\/strong> para colocar os impactos econ\u00f4micos e ambientais a longo prazo de uma estrutura no centro da atividade de projeto.<br><br>Nosso processo de projeto est\u00e1 focado em campanhas de teste e investimentos na <strong>avalia\u00e7\u00e3o de desempenho<\/strong> de nossas solu\u00e7\u00f5es.<\/p><\/div><div class=\"col-12 col-lg-6 col-xl-6 col-xxl-6\"><div class=\"box-image\"><img decoding=\"async\" class=\"image\" src=\"https:\/\/maccaferri-stage.softecspa.it\/br\/wp-content\/uploads\/2023\/06\/SDG-Foto-9-1-min-5.png\" alt=\"Image\"\/><\/div><\/div><\/div><\/div><div class=\"wp-block-mac-block-left-image-right-description container-media box-container\"><div class=\"row\"><div class=\"col-12 col-lg-6 col-xl-6 col-xxl-6\"><div class=\"box-image\"><img decoding=\"async\" class=\"image\" src=\"https:\/\/maccaferri-stage.softecspa.it\/br\/wp-content\/uploads\/2023\/06\/SDG-Foto-11-1-min-5.png\" alt=\"Image\"\/><\/div><\/div><div class=\"col-12 col-lg-6 col-xl-6 col-xxl-6 title-box-txt\" style=\"text-align:default\"><p class=\"description\" style=\"color:#212429\"><strong>SEGURAN\u00c7A DAS PESSOAS E PROTE\u00c7\u00c3O DOS BENS<br><br><\/strong>O desenvolvimento de solu\u00e7\u00f5es personalizadas para cada problema de seguran\u00e7a que estamos enfrentando nos permite <strong>minimizar os riscos.<\/strong><br><br>As pessoas, o patrim\u00f4nio hist\u00f3rico e cultural e a infra-estrutura devem ser protegidos.<\/p><\/div><\/div><\/div><div class=\"wp-block-mac-block-left-description-right-image container-media box-container\"><div class=\"row\"><div class=\"col-12 col-lg-6 col-xl-6 col-xxl-6 title-box-txt order-lg-first order-last\" style=\"text-align:default\"><p class=\"description\" style=\"color:#212429\"><strong>PROJETO E PRODU\u00c7\u00c3O RESPONS\u00c1VEIS <\/strong><br><br>Atrav\u00e9s da otimiza\u00e7\u00e3o do projeto, promovemos a gest\u00e3o sustent\u00e1vel do material para economizar recursos e evitar desperd\u00edcios. Nossas realiza\u00e7\u00f5es envolvem a <strong>redu\u00e7\u00e3o, reutiliza\u00e7\u00e3o <\/strong>e<strong> reciclagem de materiais.<\/strong><br><br>Al\u00e9m disso, nos comprometemos com a transpar\u00eancia, fornecendo informa\u00e7\u00f5es objetivas, confi\u00e1veis e compar\u00e1veis sobre o ciclo de vida e impacto ambiental de nossos produtos.<br><a href=\"https:\/\/maccaferri-stage.softecspa.it\/epd-certification\">Saiba Mais &gt;&gt;&gt;<\/a><\/p><\/div><div class=\"col-12 col-lg-6 col-xl-6 col-xxl-6\"><div class=\"box-image\"><img decoding=\"async\" class=\"image\" src=\"https:\/\/maccaferri-stage.softecspa.it\/br\/wp-content\/uploads\/2023\/06\/SDG-Foto-12-1-min-5.png\" alt=\"Image\"\/><\/div><\/div><\/div><\/div><div class=\"wp-block-mac-block-left-image-right-description container-media box-container\"><div class=\"row\"><div class=\"col-12 col-lg-6 col-xl-6 col-xxl-6\"><div class=\"box-image\"><img decoding=\"async\" class=\"image\" src=\"https:\/\/maccaferri-stage.softecspa.it\/br\/wp-content\/uploads\/2023\/06\/SDG-Foto-13-11-1-5.png\" alt=\"Image\"\/><\/div><\/div><div class=\"col-12 col-lg-6 col-xl-6 col-xxl-6 title-box-txt\" style=\"text-align:default\"><p class=\"description\" style=\"color:#212429\"><strong>INTEGRA\u00c7\u00c3O AO AMBIENTE NATURAL <br><br><\/strong>N\u00f3s nos preocupamos com a n<strong>aturaliza\u00e7\u00e3o de nossas estruturas de engenharia<\/strong>, e acreditamos que a integra\u00e7\u00e3o da vegeta\u00e7\u00e3o e t\u00e9cnicas de plantio na fase de projeto \u00e9 um valor ecol\u00f3gico adicional de nossas solu\u00e7\u00f5es.<br><br>Trabalhamos para melhorar a est\u00e9tica geral de nossas estruturas, para melhor integr\u00e1-las aos ambientes urbanos.<\/p><\/div><\/div><\/div><h2 class=\"wp-block-heading\"> <\/h2><div class=\"wp-block-mac-block-left-description-right-image container-media box-container\"><div class=\"row\"><div class=\"col-12 col-lg-6 col-xl-6 col-xxl-6 title-box-txt order-lg-first order-last\" style=\"text-align:default\"><p class=\"description\" style=\"color:#212429\"><strong>INTEGRA\u00c7\u00c3O AO AMBIENTE NATURAL <br><br><\/strong>Procuramos <strong>reduzir o impacto ambiental<\/strong> de nossas solu\u00e7\u00f5es e alcan\u00e7ar um equil\u00edbrio entre o desempenho t\u00e9cnico e a integra\u00e7\u00e3o natural.<br>Um de nossos compromissos \u00e9 favorecer <strong>solu\u00e7\u00f5es que aumentem a biodiversidade<\/strong>, proporcionem habitats perfeitos para diferentes esp\u00e9cies e tamb\u00e9m considerem a presen\u00e7a da vida selvagem e a respeitem.<\/p><\/div><div class=\"col-12 col-lg-6 col-xl-6 col-xxl-6\"><div class=\"box-image\"><img decoding=\"async\" class=\"image\" src=\"https:\/\/maccaferri-stage.softecspa.it\/br\/wp-content\/uploads\/2023\/06\/SDG-Foto-14-15-1-min-5.png\" alt=\"Image\"\/><\/div><\/div><\/div><\/div><div style=\"height:100px\" aria-hidden=\"true\" class=\"wp-block-spacer\"><\/div><div class=\"wp-block-buttons is-content-justification-center is-layout-flex wp-container-core-buttons-is-layout-16018d1d wp-block-buttons-is-layout-flex\"><div class=\"wp-block-button\"><a class=\"wp-block-button__link\" href=\"https:\/\/maccaferri-stage.softecspa.it\/br\/download\/maccaferri-sustainability-2022-2\" target=\"_blank\" rel=\"noreferrer noopener\">BAIXE A APRESENTA\u00c7\u00c3O COMPLETA<\/a><\/div><\/div><div style=\"height:100px\" aria-hidden=\"true\" class=\"wp-block-spacer\"><\/div>","protected":false},"excerpt":{"rendered":"","protected":false},"author":1,"featured_media":0,"parent":0,"menu_order":0,"comment_status":"closed","ping_status":"closed","template":"","meta":{"_acf_changed":false,"_joinchat":[],"footnotes":""},"class_list":["post-1375","page","type-page","status-publish","hentry"],"acf":{"uuid_products":"","product-documents":""},"yoast_head":"<!-- This site is optimized with the Yoast SEO Premium plugin v27.0 (Yoast SEO v27.0) - https:\/\/yoast.com\/product\/yoast-seo-premium-wordpress\/ -->\n<title>Sustentabilidade - Maccaferri Brasil<\/title>\n<meta name=\"robots\" content=\"index, follow, max-snippet:-1, max-image-preview:large, max-video-preview:-1\" \/>\n<link rel=\"canonical\" href=\"https:\/\/maccaferri-stage.softecspa.it\/br\/sustentabilidade\/\" \/>\n<meta property=\"og:locale\" content=\"pt_BR\" \/>\n<meta property=\"og:type\" content=\"article\" \/>\n<meta property=\"og:title\" content=\"Sustentabilidade - Maccaferri Brasil\" \/>\n<meta property=\"og:url\" content=\"https:\/\/maccaferri-stage.softecspa.it\/br\/sustentabilidade\/\" \/>\n<meta property=\"og:site_name\" content=\"Maccaferri Brasil\" \/>\n<meta property=\"article:modified_time\" content=\"2023-06-01T15:02:57+00:00\" \/>\n<meta property=\"og:image\" content=\"https:\/\/maccaferri-stage.softecspa.it\/aml\/wp-content\/uploads\/sites\/22\/2022\/12\/Sustainability_Gabion_3.jpg\" \/>\n<meta name=\"twitter:card\" content=\"summary_large_image\" \/>\n<meta name=\"twitter:label1\" content=\"Est. reading time\" \/>\n\t<meta name=\"twitter:data1\" content=\"6 minutes\" \/>\n<script type=\"application\/ld+json\" class=\"yoast-schema-graph\">{\"@context\":\"https:\/\/schema.org\",\"@graph\":[{\"@type\":\"WebPage\",\"@id\":\"https:\/\/maccaferri-stage.softecspa.it\/br\/sustentabilidade\/\",\"url\":\"https:\/\/maccaferri-stage.softecspa.it\/br\/sustentabilidade\/\",\"name\":\"Sustentabilidade - Maccaferri Brasil\",\"isPartOf\":{\"@id\":\"https:\/\/maccaferri-stage.softecspa.it\/br\/#website\"},\"primaryImageOfPage\":{\"@id\":\"https:\/\/maccaferri-stage.softecspa.it\/br\/sustentabilidade\/#primaryimage\"},\"image\":{\"@id\":\"https:\/\/maccaferri-stage.softecspa.it\/br\/sustentabilidade\/#primaryimage\"},\"thumbnailUrl\":\"https:\/\/maccaferri-stage.softecspa.it\/aml\/wp-content\/uploads\/sites\/22\/2022\/12\/Sustainability_Gabion_3.jpg\",\"datePublished\":\"2022-07-28T13:26:58+00:00\",\"dateModified\":\"2023-06-01T15:02:57+00:00\",\"inLanguage\":\"pt-BR\",\"potentialAction\":[{\"@type\":\"ReadAction\",\"target\":[\"https:\/\/maccaferri-stage.softecspa.it\/br\/sustentabilidade\/\"]}]},{\"@type\":\"ImageObject\",\"inLanguage\":\"pt-BR\",\"@id\":\"https:\/\/maccaferri-stage.softecspa.it\/br\/sustentabilidade\/#primaryimage\",\"url\":\"https:\/\/maccaferri-stage.softecspa.it\/aml\/wp-content\/uploads\/sites\/22\/2022\/12\/Sustainability_Gabion_3.jpg\",\"contentUrl\":\"https:\/\/maccaferri-stage.softecspa.it\/aml\/wp-content\/uploads\/sites\/22\/2022\/12\/Sustainability_Gabion_3.jpg\"},{\"@type\":\"WebSite\",\"@id\":\"https:\/\/maccaferri-stage.softecspa.it\/br\/#website\",\"url\":\"https:\/\/maccaferri-stage.softecspa.it\/br\/\",\"name\":\"Maccaferri Brasil\",\"description\":\"\",\"publisher\":{\"@id\":\"https:\/\/maccaferri-stage.softecspa.it\/br\/#organization\"},\"potentialAction\":[{\"@type\":\"SearchAction\",\"target\":{\"@type\":\"EntryPoint\",\"urlTemplate\":\"https:\/\/maccaferri-stage.softecspa.it\/br\/?s={search_term_string}\"},\"query-input\":{\"@type\":\"PropertyValueSpecification\",\"valueRequired\":true,\"valueName\":\"search_term_string\"}}],\"inLanguage\":\"pt-BR\"},{\"@type\":\"Organization\",\"@id\":\"https:\/\/maccaferri-stage.softecspa.it\/br\/#organization\",\"name\":\"Maccaferri Brasil\",\"url\":\"https:\/\/maccaferri-stage.softecspa.it\/br\/\",\"logo\":{\"@type\":\"ImageObject\",\"inLanguage\":\"pt-BR\",\"@id\":\"https:\/\/maccaferri-stage.softecspa.it\/br\/#\/schema\/logo\/image\/\",\"url\":\"\",\"contentUrl\":\"\",\"caption\":\"Maccaferri Brasil\"},\"image\":{\"@id\":\"https:\/\/maccaferri-stage.softecspa.it\/br\/#\/schema\/logo\/image\/\"}}]}<\/script>\n<!-- \/ Yoast SEO Premium plugin. -->","yoast_head_json":{"title":"Sustentabilidade - Maccaferri Brasil","robots":{"index":"index","follow":"follow","max-snippet":"max-snippet:-1","max-image-preview":"max-image-preview:large","max-video-preview":"max-video-preview:-1"},"canonical":"https:\/\/maccaferri-stage.softecspa.it\/br\/sustentabilidade\/","og_locale":"pt_BR","og_type":"article","og_title":"Sustentabilidade - Maccaferri Brasil","og_url":"https:\/\/maccaferri-stage.softecspa.it\/br\/sustentabilidade\/","og_site_name":"Maccaferri Brasil","article_modified_time":"2023-06-01T15:02:57+00:00","og_image":[{"url":"https:\/\/maccaferri-stage.softecspa.it\/aml\/wp-content\/uploads\/sites\/22\/2022\/12\/Sustainability_Gabion_3.jpg","type":"","width":"","height":""}],"twitter_card":"summary_large_image","twitter_misc":{"Est. reading time":"6 minutes"},"schema":{"@context":"https:\/\/schema.org","@graph":[{"@type":"WebPage","@id":"https:\/\/maccaferri-stage.softecspa.it\/br\/sustentabilidade\/","url":"https:\/\/maccaferri-stage.softecspa.it\/br\/sustentabilidade\/","name":"Sustentabilidade - Maccaferri Brasil","isPartOf":{"@id":"https:\/\/maccaferri-stage.softecspa.it\/br\/#website"},"primaryImageOfPage":{"@id":"https:\/\/maccaferri-stage.softecspa.it\/br\/sustentabilidade\/#primaryimage"},"image":{"@id":"https:\/\/maccaferri-stage.softecspa.it\/br\/sustentabilidade\/#primaryimage"},"thumbnailUrl":"https:\/\/maccaferri-stage.softecspa.it\/aml\/wp-content\/uploads\/sites\/22\/2022\/12\/Sustainability_Gabion_3.jpg","datePublished":"2022-07-28T13:26:58+00:00","dateModified":"2023-06-01T15:02:57+00:00","inLanguage":"pt-BR","potentialAction":[{"@type":"ReadAction","target":["https:\/\/maccaferri-stage.softecspa.it\/br\/sustentabilidade\/"]}]},{"@type":"ImageObject","inLanguage":"pt-BR","@id":"https:\/\/maccaferri-stage.softecspa.it\/br\/sustentabilidade\/#primaryimage","url":"https:\/\/maccaferri-stage.softecspa.it\/aml\/wp-content\/uploads\/sites\/22\/2022\/12\/Sustainability_Gabion_3.jpg","contentUrl":"https:\/\/maccaferri-stage.softecspa.it\/aml\/wp-content\/uploads\/sites\/22\/2022\/12\/Sustainability_Gabion_3.jpg"},{"@type":"WebSite","@id":"https:\/\/maccaferri-stage.softecspa.it\/br\/#website","url":"https:\/\/maccaferri-stage.softecspa.it\/br\/","name":"Maccaferri Brasil","description":"","publisher":{"@id":"https:\/\/maccaferri-stage.softecspa.it\/br\/#organization"},"potentialAction":[{"@type":"SearchAction","target":{"@type":"EntryPoint","urlTemplate":"https:\/\/maccaferri-stage.softecspa.it\/br\/?s={search_term_string}"},"query-input":{"@type":"PropertyValueSpecification","valueRequired":true,"valueName":"search_term_string"}}],"inLanguage":"pt-BR"},{"@type":"Organization","@id":"https:\/\/maccaferri-stage.softecspa.it\/br\/#organization","name":"Maccaferri Brasil","url":"https:\/\/maccaferri-stage.softecspa.it\/br\/","logo":{"@type":"ImageObject","inLanguage":"pt-BR","@id":"https:\/\/maccaferri-stage.softecspa.it\/br\/#\/schema\/logo\/image\/","url":"","contentUrl":"","caption":"Maccaferri Brasil"},"image":{"@id":"https:\/\/maccaferri-stage.softecspa.it\/br\/#\/schema\/logo\/image\/"}}]}},"_links":{"self":[{"href":"https:\/\/maccaferri-stage.softecspa.it\/br\/wp-json\/wp\/v2\/pages\/1375","targetHints":{"allow":["GET"]}}],"collection":[{"href":"https:\/\/maccaferri-stage.softecspa.it\/br\/wp-json\/wp\/v2\/pages"}],"about":[{"href":"https:\/\/maccaferri-stage.softecspa.it\/br\/wp-json\/wp\/v2\/types\/page"}],"author":[{"embeddable":true,"href":"https:\/\/maccaferri-stage.softecspa.it\/br\/wp-json\/wp\/v2\/users\/1"}],"replies":[{"embeddable":true,"href":"https:\/\/maccaferri-stage.softecspa.it\/br\/wp-json\/wp\/v2\/comments?post=1375"}],"version-history":[{"count":43,"href":"https:\/\/maccaferri-stage.softecspa.it\/br\/wp-json\/wp\/v2\/pages\/1375\/revisions"}],"predecessor-version":[{"id":27166,"href":"https:\/\/maccaferri-stage.softecspa.it\/br\/wp-json\/wp\/v2\/pages\/1375\/revisions\/27166"}],"wp:attachment":[{"href":"https:\/\/maccaferri-stage.softecspa.it\/br\/wp-json\/wp\/v2\/media?parent=1375"}],"curies":[{"name":"wp","href":"https:\/\/api.w.org\/{rel}","templated":true}]}}