{"id":1398,"date":"2022-07-29T11:40:29","date_gmt":"2022-07-29T09:40:29","guid":{"rendered":"https:\/\/maccaferri-stage.softecspa.it\/aml\/?page_id=1398"},"modified":"2023-04-20T11:08:24","modified_gmt":"2023-04-20T09:08:24","slug":"inovacao","status":"publish","type":"page","link":"https:\/\/maccaferri-stage.softecspa.it\/br\/inovacao\/","title":{"rendered":"Inova\u00e7o"},"content":{"rendered":"<div class=\"wp-block-mac-h1-title-hero-block container-fluid block-txt-container\" style=\"background:linear-gradient(180deg,rgb(1,94,111) 0%,rgb(0,72,87) 100%)\"><div class=\"row\"><div class=\"col\"><div class=\"gts__picture\"><img decoding=\"async\" src=\"https:\/\/maccaferri-stage.softecspa.it\/aml\/wp-content\/uploads\/sites\/22\/2022\/12\/Adv-2-1.jpg\" style=\"display:none\"\/><div class=\"gts__picture__image\" style=\"background-image:url(https:\/\/maccaferri-stage.softecspa.it\/aml\/wp-content\/uploads\/sites\/22\/2022\/12\/Adv-2-1.jpg)\"><\/div><\/div><div class=\"container box-container\"><div class=\"row\"><div class=\"col title-box-txt\"><h1 class=\"wp-block-mac-h1-title-hero-block\" style=\"color:#ffffff;text-align:none\">Inova\u00e7\u00e3o<\/h1><\/div><\/div><\/div><\/div><\/div><\/div><div class=\"wp-block-mac-h2-title-block block-txt-container box-container\"><div class=\"row\"><div class=\"col title-box-txt\"><h2 style=\"color:#212429;text-align:none\">SOFTWARES PERSONALIZADOS MACCAFERRI<\/h2><\/div><\/div><\/div><div class=\"wp-block-columns is-layout-flex wp-container-core-columns-is-layout-9d6595d7 wp-block-columns-is-layout-flex\"><div class=\"wp-block-column is-layout-flow wp-block-column-is-layout-flow\"><div class=\"wp-block-mac-container-block box-container\"><div class=\"wp-block-columns is-layout-flex wp-container-core-columns-is-layout-9d6595d7 wp-block-columns-is-layout-flex\"><div class=\"wp-block-column is-layout-flow wp-block-column-is-layout-flow\"><div class=\"wp-block-columns is-layout-flex wp-container-core-columns-is-layout-9d6595d7 wp-block-columns-is-layout-flex\"><div class=\"wp-block-column is-layout-flow wp-block-column-is-layout-flow\"><p class=\"has-medium-font-size\"><strong>Desenvolvido em parceria<\/strong> com os principais institutos e universidades, nosso portf\u00f3lio de softwares s\u00e3o mundialmente utilizados de forma a <strong>capacitar os engenheiros<\/strong> a projetar e fornecer solu\u00e7\u00f5es de engenharia civil eficazes e confi\u00e1veis.<\/p>\n\n<p class=\"has-medium-font-size\"><strong>Com base em dados experimentais<\/strong> coletados em d\u00e9cadas de experi\u00eancia de campo e rigorosas campanhas de testes, nossas solu\u00e7\u00f5es de <strong>software freeware<\/strong> atendem \u00e0s exig\u00eancias dos engenheiros civis e geot\u00e9cnicos de todo o mundo, ao mesmo tempo em que oferecem benef\u00edcios adicionais de custo-benef\u00edcio e melhor capacidade de constru\u00e7\u00e3o.<\/p>\n\n<p class=\"has-medium-font-size\"><strong>Entre em contato conosco para receber treinamento<\/strong> em nossas solu\u00e7\u00f5es de software para iniciar o projeto de solu\u00e7\u00f5es de engenharia de alta qualidade e desafiadoras nas mais diversas condi\u00e7\u00f5es.<\/p><\/div>\n\n<div class=\"wp-block-column is-layout-flow wp-block-column-is-layout-flow\"><figure class=\"wp-block-image aligncenter size-full\"><img decoding=\"async\" src=\"https:\/\/maccaferri-stage.softecspa.it\/aml\/wp-content\/uploads\/sites\/22\/2022\/12\/catterre.png\" alt=\"\" class=\"wp-image-3138\"\/><\/figure><\/div><\/div><\/div><\/div><\/div><\/div><\/div><div class=\"wp-block-mac-banner-title-cta  box-container block-cta\" style=\"background:#015E6F\"><div class=\"container box-container\"><div class=\"row\"><div class=\"col-2 col-sm-2 col-md-2 col-lg-2 col-xl-2 col-xxl-2\"><div class=\"box-image\"><img decoding=\"async\" class=\"image\" src=\"https:\/\/maccaferri-stage.softecspa.it\/aml\/wp-content\/uploads\/sites\/22\/2022\/11\/img-banner-software.png\" alt=\"Image\"\/><\/div><\/div><div class=\"col-7 col-sm-7 col-md-7 col-lg-7 col-xl-7 col-xxl-7\"><div class=\"banner-box-txt\" style=\"text-align:default\"><h4 class=\"title\">USE NOSSOS SOFTWARES<br>PARA PROJETAR O FUTURO<\/h4><\/div><\/div><div class=\"col-3 col-sm-3 col-md-3 col-lg-3 col-xl-3 col-xxl-3\"><div class=\"button-box-txt\"><a href=\"https:\/\/maccaferri-stage.softecspa.it\/br\/pacote-de-softwares-maccaferri\" target=\"_blank\" class=\"buttonurl\" rel=\"noopener\"><span class=\"buttontext\">ir para a plataforma<\/span><\/a><\/div><\/div><\/div><\/div><\/div><div style=\"height:100px\" aria-hidden=\"true\" class=\"wp-block-spacer\"><\/div><div class=\"wp-block-mac-h2-title-block block-txt-container box-container\"><div class=\"row\"><div class=\"col title-box-txt\"><h2 style=\"color:#212429;text-align:none\">OBJETOS BIM MACCAFERRI<\/h2><\/div><\/div><\/div><div class=\"wp-block-mac-container-block box-container\"><div class=\"wp-block-columns is-layout-flex wp-container-core-columns-is-layout-9d6595d7 wp-block-columns-is-layout-flex\"><div class=\"wp-block-column is-layout-flow wp-block-column-is-layout-flow\"><div class=\"wp-block-columns is-layout-flex wp-container-core-columns-is-layout-9d6595d7 wp-block-columns-is-layout-flex\"><div class=\"wp-block-column is-layout-flow wp-block-column-is-layout-flow\"><figure class=\"wp-block-image size-large\"><img decoding=\"async\" src=\"https:\/\/maccaferri-stage.softecspa.it\/aml\/wp-content\/uploads\/sites\/22\/2022\/12\/Maccaferri-BIM-Objects-1024x675.png\" alt=\"\" class=\"wp-image-3547\"\/><\/figure>\n\n<p><\/p><\/div>\n\n<div class=\"wp-block-column is-layout-flow wp-block-column-is-layout-flow\"><p class=\"has-medium-font-size\">Maccaferri est\u00e1 comprometida em promover a <strong>colabora\u00e7\u00e3o entre os participantes da ind\u00fastria<\/strong> ao longo do ciclo de vida de um projeto.<\/p>\n\n<p class=\"has-medium-font-size\">Com este objetivo em mente, <strong>disponibilizamo os blocos das fam\u00edlias de produtos em BIM<\/strong> permitindo que engenheiros e projetistas possam elaborar projetos de alta complexidade com a seguran\u00e7a e confiabilidade das solu\u00e7\u00f5es Maccaferri.<\/p>\n\n<p class=\"has-medium-font-size\">A elabora\u00e7\u00e3o de projetos em BIM permite uma otimiza\u00e7\u00e3o do tempo de projeto permitindo e garantindo as <strong>quantidades e volumes de materiais adequados<\/strong> para cada caso, al\u00e9m disso garantem as <strong>propriedades t\u00e9cnicas e de desempenho<\/strong> do material designado para solu\u00e7\u00e3o de engenharia proposta no projeto.<\/p><\/div><\/div><\/div><\/div><\/div><div class=\"wp-block-columns is-layout-flex wp-container-core-columns-is-layout-9d6595d7 wp-block-columns-is-layout-flex\"><div class=\"wp-block-column is-layout-flow wp-block-column-is-layout-flow\"><div class=\"wp-block-mac-container-block box-container\"><div class=\"wp-block-columns is-layout-flex wp-container-core-columns-is-layout-9d6595d7 wp-block-columns-is-layout-flex\"><div class=\"wp-block-column is-layout-flow wp-block-column-is-layout-flow\"><div class=\"wp-block-mac-banner-title-cta  box-container block-cta\" style=\"background:#015E6F\"><div class=\"container box-container\"><div class=\"row\"><div class=\"col-2 col-sm-2 col-md-2 col-lg-2 col-xl-2 col-xxl-2\"><div class=\"box-image\"><img decoding=\"async\" class=\"image\" src=\"https:\/\/maccaferri-stage.softecspa.it\/br\/wp-content\/uploads\/2022\/11\/img-banner-software.png\" alt=\"Image\"\/><\/div><\/div><div class=\"col-7 col-sm-7 col-md-7 col-lg-7 col-xl-7 col-xxl-7\"><div class=\"banner-box-txt\" style=\"text-align:default\"><h4 class=\"title\">USE NOSSOS OBJETOS BIM PARA PROJETAR O FUTURO<\/h4><\/div><\/div><div class=\"col-3 col-sm-3 col-md-3 col-lg-3 col-xl-3 col-xxl-3\"><div class=\"button-box-txt\"><a href=\"https:\/\/maccaferri-stage.softecspa.it\/br\/biblioteca-de-objetos-bim\" target=\"_blank\" class=\"buttonurl\" rel=\"noopener\"><span class=\"buttontext\">ir para a biblioteca<\/span><\/a><\/div><\/div><\/div><\/div><\/div><\/div><\/div><\/div><\/div><\/div>","protected":false},"excerpt":{"rendered":"","protected":false},"author":1,"featured_media":0,"parent":0,"menu_order":0,"comment_status":"closed","ping_status":"closed","template":"","meta":{"_acf_changed":false,"_joinchat":[],"footnotes":""},"class_list":["post-1398","page","type-page","status-publish","hentry"],"acf":{"uuid_products":"","product-documents":""},"yoast_head":"<!-- This site is optimized with the Yoast SEO Premium plugin v27.0 (Yoast SEO v27.0) - https:\/\/yoast.com\/product\/yoast-seo-premium-wordpress\/ -->\n<title>Inova\u00e7o - Maccaferri Brasil<\/title>\n<meta name=\"robots\" content=\"index, follow, max-snippet:-1, max-image-preview:large, max-video-preview:-1\" \/>\n<link rel=\"canonical\" href=\"https:\/\/maccaferri-stage.softecspa.it\/br\/inovacao\/\" \/>\n<meta property=\"og:locale\" content=\"pt_BR\" \/>\n<meta property=\"og:type\" content=\"article\" \/>\n<meta property=\"og:title\" content=\"Inova\u00e7o - Maccaferri Brasil\" \/>\n<meta property=\"og:url\" content=\"https:\/\/maccaferri-stage.softecspa.it\/br\/inovacao\/\" \/>\n<meta property=\"og:site_name\" content=\"Maccaferri Brasil\" \/>\n<meta property=\"article:modified_time\" content=\"2023-04-20T09:08:24+00:00\" \/>\n<meta property=\"og:image\" content=\"https:\/\/maccaferri-stage.softecspa.it\/aml\/wp-content\/uploads\/sites\/22\/2022\/12\/Adv-2-1.jpg\" \/>\n<meta name=\"twitter:card\" content=\"summary_large_image\" \/>\n<meta name=\"twitter:label1\" content=\"Est. reading time\" \/>\n\t<meta name=\"twitter:data1\" content=\"3 minutes\" \/>\n<script type=\"application\/ld+json\" class=\"yoast-schema-graph\">{\"@context\":\"https:\/\/schema.org\",\"@graph\":[{\"@type\":\"WebPage\",\"@id\":\"https:\/\/maccaferri-stage.softecspa.it\/br\/inovacao\/\",\"url\":\"https:\/\/maccaferri-stage.softecspa.it\/br\/inovacao\/\",\"name\":\"Inova\u00e7o - Maccaferri Brasil\",\"isPartOf\":{\"@id\":\"https:\/\/maccaferri-stage.softecspa.it\/br\/#website\"},\"primaryImageOfPage\":{\"@id\":\"https:\/\/maccaferri-stage.softecspa.it\/br\/inovacao\/#primaryimage\"},\"image\":{\"@id\":\"https:\/\/maccaferri-stage.softecspa.it\/br\/inovacao\/#primaryimage\"},\"thumbnailUrl\":\"https:\/\/maccaferri-stage.softecspa.it\/aml\/wp-content\/uploads\/sites\/22\/2022\/12\/Adv-2-1.jpg\",\"datePublished\":\"2022-07-29T09:40:29+00:00\",\"dateModified\":\"2023-04-20T09:08:24+00:00\",\"inLanguage\":\"pt-BR\",\"potentialAction\":[{\"@type\":\"ReadAction\",\"target\":[\"https:\/\/maccaferri-stage.softecspa.it\/br\/inovacao\/\"]}]},{\"@type\":\"ImageObject\",\"inLanguage\":\"pt-BR\",\"@id\":\"https:\/\/maccaferri-stage.softecspa.it\/br\/inovacao\/#primaryimage\",\"url\":\"https:\/\/maccaferri-stage.softecspa.it\/aml\/wp-content\/uploads\/sites\/22\/2022\/12\/Adv-2-1.jpg\",\"contentUrl\":\"https:\/\/maccaferri-stage.softecspa.it\/aml\/wp-content\/uploads\/sites\/22\/2022\/12\/Adv-2-1.jpg\"},{\"@type\":\"WebSite\",\"@id\":\"https:\/\/maccaferri-stage.softecspa.it\/br\/#website\",\"url\":\"https:\/\/maccaferri-stage.softecspa.it\/br\/\",\"name\":\"Maccaferri Brasil\",\"description\":\"\",\"publisher\":{\"@id\":\"https:\/\/maccaferri-stage.softecspa.it\/br\/#organization\"},\"potentialAction\":[{\"@type\":\"SearchAction\",\"target\":{\"@type\":\"EntryPoint\",\"urlTemplate\":\"https:\/\/maccaferri-stage.softecspa.it\/br\/?s={search_term_string}\"},\"query-input\":{\"@type\":\"PropertyValueSpecification\",\"valueRequired\":true,\"valueName\":\"search_term_string\"}}],\"inLanguage\":\"pt-BR\"},{\"@type\":\"Organization\",\"@id\":\"https:\/\/maccaferri-stage.softecspa.it\/br\/#organization\",\"name\":\"Maccaferri Brasil\",\"url\":\"https:\/\/maccaferri-stage.softecspa.it\/br\/\",\"logo\":{\"@type\":\"ImageObject\",\"inLanguage\":\"pt-BR\",\"@id\":\"https:\/\/maccaferri-stage.softecspa.it\/br\/#\/schema\/logo\/image\/\",\"url\":\"\",\"contentUrl\":\"\",\"caption\":\"Maccaferri Brasil\"},\"image\":{\"@id\":\"https:\/\/maccaferri-stage.softecspa.it\/br\/#\/schema\/logo\/image\/\"}}]}<\/script>\n<!-- \/ Yoast SEO Premium plugin. -->","yoast_head_json":{"title":"Inova\u00e7o - Maccaferri Brasil","robots":{"index":"index","follow":"follow","max-snippet":"max-snippet:-1","max-image-preview":"max-image-preview:large","max-video-preview":"max-video-preview:-1"},"canonical":"https:\/\/maccaferri-stage.softecspa.it\/br\/inovacao\/","og_locale":"pt_BR","og_type":"article","og_title":"Inova\u00e7o - Maccaferri Brasil","og_url":"https:\/\/maccaferri-stage.softecspa.it\/br\/inovacao\/","og_site_name":"Maccaferri Brasil","article_modified_time":"2023-04-20T09:08:24+00:00","og_image":[{"url":"https:\/\/maccaferri-stage.softecspa.it\/aml\/wp-content\/uploads\/sites\/22\/2022\/12\/Adv-2-1.jpg","type":"","width":"","height":""}],"twitter_card":"summary_large_image","twitter_misc":{"Est. reading time":"3 minutes"},"schema":{"@context":"https:\/\/schema.org","@graph":[{"@type":"WebPage","@id":"https:\/\/maccaferri-stage.softecspa.it\/br\/inovacao\/","url":"https:\/\/maccaferri-stage.softecspa.it\/br\/inovacao\/","name":"Inova\u00e7o - Maccaferri Brasil","isPartOf":{"@id":"https:\/\/maccaferri-stage.softecspa.it\/br\/#website"},"primaryImageOfPage":{"@id":"https:\/\/maccaferri-stage.softecspa.it\/br\/inovacao\/#primaryimage"},"image":{"@id":"https:\/\/maccaferri-stage.softecspa.it\/br\/inovacao\/#primaryimage"},"thumbnailUrl":"https:\/\/maccaferri-stage.softecspa.it\/aml\/wp-content\/uploads\/sites\/22\/2022\/12\/Adv-2-1.jpg","datePublished":"2022-07-29T09:40:29+00:00","dateModified":"2023-04-20T09:08:24+00:00","inLanguage":"pt-BR","potentialAction":[{"@type":"ReadAction","target":["https:\/\/maccaferri-stage.softecspa.it\/br\/inovacao\/"]}]},{"@type":"ImageObject","inLanguage":"pt-BR","@id":"https:\/\/maccaferri-stage.softecspa.it\/br\/inovacao\/#primaryimage","url":"https:\/\/maccaferri-stage.softecspa.it\/aml\/wp-content\/uploads\/sites\/22\/2022\/12\/Adv-2-1.jpg","contentUrl":"https:\/\/maccaferri-stage.softecspa.it\/aml\/wp-content\/uploads\/sites\/22\/2022\/12\/Adv-2-1.jpg"},{"@type":"WebSite","@id":"https:\/\/maccaferri-stage.softecspa.it\/br\/#website","url":"https:\/\/maccaferri-stage.softecspa.it\/br\/","name":"Maccaferri Brasil","description":"","publisher":{"@id":"https:\/\/maccaferri-stage.softecspa.it\/br\/#organization"},"potentialAction":[{"@type":"SearchAction","target":{"@type":"EntryPoint","urlTemplate":"https:\/\/maccaferri-stage.softecspa.it\/br\/?s={search_term_string}"},"query-input":{"@type":"PropertyValueSpecification","valueRequired":true,"valueName":"search_term_string"}}],"inLanguage":"pt-BR"},{"@type":"Organization","@id":"https:\/\/maccaferri-stage.softecspa.it\/br\/#organization","name":"Maccaferri Brasil","url":"https:\/\/maccaferri-stage.softecspa.it\/br\/","logo":{"@type":"ImageObject","inLanguage":"pt-BR","@id":"https:\/\/maccaferri-stage.softecspa.it\/br\/#\/schema\/logo\/image\/","url":"","contentUrl":"","caption":"Maccaferri Brasil"},"image":{"@id":"https:\/\/maccaferri-stage.softecspa.it\/br\/#\/schema\/logo\/image\/"}}]}},"_links":{"self":[{"href":"https:\/\/maccaferri-stage.softecspa.it\/br\/wp-json\/wp\/v2\/pages\/1398","targetHints":{"allow":["GET"]}}],"collection":[{"href":"https:\/\/maccaferri-stage.softecspa.it\/br\/wp-json\/wp\/v2\/pages"}],"about":[{"href":"https:\/\/maccaferri-stage.softecspa.it\/br\/wp-json\/wp\/v2\/types\/page"}],"author":[{"embeddable":true,"href":"https:\/\/maccaferri-stage.softecspa.it\/br\/wp-json\/wp\/v2\/users\/1"}],"replies":[{"embeddable":true,"href":"https:\/\/maccaferri-stage.softecspa.it\/br\/wp-json\/wp\/v2\/comments?post=1398"}],"version-history":[{"count":52,"href":"https:\/\/maccaferri-stage.softecspa.it\/br\/wp-json\/wp\/v2\/pages\/1398\/revisions"}],"predecessor-version":[{"id":14446,"href":"https:\/\/maccaferri-stage.softecspa.it\/br\/wp-json\/wp\/v2\/pages\/1398\/revisions\/14446"}],"wp:attachment":[{"href":"https:\/\/maccaferri-stage.softecspa.it\/br\/wp-json\/wp\/v2\/media?parent=1398"}],"curies":[{"name":"wp","href":"https:\/\/api.w.org\/{rel}","templated":true}]}}