{"id":3514,"date":"2022-12-14T12:27:40","date_gmt":"2022-12-14T11:27:40","guid":{"rendered":"https:\/\/maccaferri-stage.softecspa.it\/aml\/?page_id=3514"},"modified":"2023-09-14T17:14:13","modified_gmt":"2023-09-14T15:14:13","slug":"pacote-de-softwares-maccaferri","status":"publish","type":"page","link":"https:\/\/maccaferri-stage.softecspa.it\/br\/pacote-de-softwares-maccaferri\/","title":{"rendered":"Pacote de Softwares Maccaferri"},"content":{"rendered":"<div class=\"wp-block-mac-h1-title-hero-block container-fluid block-txt-container\" style=\"background:linear-gradient(180deg,rgb(1,94,111) 0%,rgb(0,72,87) 100%)\"><div class=\"row\"><div class=\"col\"><div class=\"gts__picture\"><img decoding=\"async\" src=\"https:\/\/maccaferri-stage.softecspa.it\/br\/wp-content\/uploads\/2023\/01\/software-14.jpeg\" style=\"display:none\"\/><div class=\"gts__picture__image\" style=\"background-image:url(https:\/\/maccaferri-stage.softecspa.it\/br\/wp-content\/uploads\/2023\/01\/software-14.jpeg)\"><\/div><\/div><div class=\"container box-container\"><div class=\"row\"><div class=\"col title-box-txt\"><h1 class=\"wp-block-mac-h1-title-hero-block\" style=\"color:#ffffff;text-align:none\">Pacote de Softwares Maccaferri <\/h1><\/div><\/div><\/div><\/div><\/div><\/div><div style=\"height:100px\" aria-hidden=\"true\" class=\"wp-block-spacer\"><\/div><div class=\"wp-block-columns is-layout-flex wp-container-core-columns-is-layout-9d6595d7 wp-block-columns-is-layout-flex\"><div class=\"wp-block-column is-layout-flow wp-block-column-is-layout-flow\"><div class=\"wp-block-mac-container-block box-container\"><div class=\"wp-block-columns is-layout-flex wp-container-core-columns-is-layout-9d6595d7 wp-block-columns-is-layout-flex\"><div class=\"wp-block-column is-layout-flow wp-block-column-is-layout-flow\"><div class=\"wp-block-mac-h5-txt-paragraph-block block-txt-container box-container\"><div class=\"row\"><div class=\"col paragraph-box-txt\"><h5 class=\"wp-block-mac-h5-txt-paragraph-block\" style=\"color:#212429;text-align:left\">Desenvolvido em parceria com os principais institutos e universidades, nosso conjunto de softwares mundialmente aceito e de f\u00e1cil utiliza\u00e7\u00e3o capacita os engenheiros a projetar e fornecer solu\u00e7\u00f5es de engenharia civil eficazes e confi\u00e1veis.<br><br>Com base em dados experimentais coletados em d\u00e9cadas de experi\u00eancia de campo e rigorosos testes, nossas solu\u00e7\u00f5es de software s\u00e3o gratuitas e  atendem \u00e0s exig\u00eancias dos engenheiros civis e geot\u00e9cnicos em todo o mundo, ao mesmo tempo em que oferecem benef\u00edcios adicionais de custo-benef\u00edcio e melhor capacidade de constru\u00e7\u00e3o.<br><br>Entre em contato conosco para receber treinamento em nossos softwares e iniciar seu projeto de solu\u00e7\u00f5es de engenharia de alta qualidade e desafiadoras nas mais diversas condi\u00e7\u00f5es.<\/h5><\/div><\/div><\/div><\/div><\/div><\/div><\/div><\/div><div class=\"wp-block-mac-container-block box-container\"><div class=\"wp-block-columns is-layout-flex wp-container-core-columns-is-layout-9d6595d7 wp-block-columns-is-layout-flex\"><div class=\"wp-block-column is-layout-flow wp-block-column-is-layout-flow\"><figure class=\"wp-block-image size-full\"><img decoding=\"async\" src=\"https:\/\/maccaferri-stage.softecspa.it\/aml\/wp-content\/uploads\/sites\/22\/2022\/12\/maccaferri-software.png\" alt=\"\" class=\"wp-image-3075\"\/><\/figure><\/div>\n\n<div class=\"wp-block-column is-layout-flow wp-block-column-is-layout-flow\"><div style=\"height:50px\" aria-hidden=\"true\" class=\"wp-block-spacer\"><\/div>\n\n<div class=\"wp-block-mac-h2-title-bold-block block-txt-container box-container\"><div class=\"row\"><div class=\"col title-box-txt\"><h2 style=\"color:#004857;text-align:center\">Software Onlines<\/h2><\/div><\/div><\/div>\n\n<p class=\"has-text-align-left has-medium-font-size\">Visite a plataforma de softwares Maccaferri eDesign. Projete online de qualquer lugar. N\u00e3o \u00e9 necess\u00e1rio fazer download.<\/p>\n\n<ul class=\"wp-block-list\" style=\"font-size:19px\"><li><strong>Mac S-Design<\/strong>: torne seu talude mais seguro<\/li><li><strong>MacTube Design<\/strong>: projete sua Prote\u00e7\u00e3o Costeira<\/li><li><strong>MacBars Design<\/strong>: estabilize o seu aterro<\/li><li><strong>MACRA Design<\/strong>: projeto de obras hidr\u00e1ulicas fluviais<\/li><li><strong>REQUALIFE<\/strong>: projetando cursos de \u00e1gua para um futuro sustent\u00e1vel<\/li><\/ul>\n\n<div class=\"wp-block-buttons is-content-justification-center is-layout-flex wp-container-core-buttons-is-layout-16018d1d wp-block-buttons-is-layout-flex\"><div class=\"wp-block-button\"><a class=\"wp-block-button__link\" href=\"https:\/\/edesign.maccaferri.com\/\">V\u00c1 PARA PLATAFORMA<\/a><\/div><\/div><\/div><\/div><\/div><div style=\"height:150px\" aria-hidden=\"true\" class=\"wp-block-spacer\"><\/div><div class=\"wp-block-mac-container-block box-container\"><div class=\"wp-block-columns is-layout-flex wp-container-core-columns-is-layout-9d6595d7 wp-block-columns-is-layout-flex\"><div class=\"wp-block-column is-layout-flow wp-block-column-is-layout-flow\"><div class=\"wp-block-mac-h2-title-bold-block block-txt-container box-container\"><div class=\"row\"><div class=\"col title-box-txt\"><h2 style=\"color:#004857;text-align:left\">Software de projetos para download<\/h2><\/div><\/div><\/div>\n\n<p class=\"has-text-align-left has-medium-font-size\">Descubra nossos softwares de projetos para download:<\/p>\n\n<ul class=\"wp-block-list\" style=\"font-size:19px\"><li><strong>GAWAC<\/strong> <strong>3.1<\/strong>: projeto de muros de conten\u00e7\u00e3o em gabi\u00f5es<\/li><li><strong>MACSTARS W 4.0<\/strong>: projeto de solu\u00e7\u00f5es de estabilidade de solos refor\u00e7ados<\/li><li><strong>MACRO Studio<\/strong>:  projeto de solu\u00e7\u00f5es de prote\u00e7\u00e3o contra queda de rochas em encostas rochosas<\/li><\/ul>\n\n<div class=\"wp-block-buttons is-layout-flex wp-block-buttons-is-layout-flex\"><div class=\"wp-block-button aligncenter\"><a class=\"wp-block-button__link\" href=\"https:\/\/maccaferri-stage.softecspa.it\/br\/search?category-link=&amp;r=&amp;sectors-select=&amp;applications-select=&amp;solutions-select=&amp;products-select=&amp;location-select=&amp;full=on&amp;find_softwares=1\">BAIXE NOSSOS SOFTWARES<\/a><\/div><\/div><\/div>\n\n<div class=\"wp-block-column is-layout-flow wp-block-column-is-layout-flow\"><div style=\"height:100px\" aria-hidden=\"true\" class=\"wp-block-spacer\"><\/div>\n\n<figure class=\"wp-block-image size-large\"><img decoding=\"async\" src=\"https:\/\/maccaferri-stage.softecspa.it\/aml\/wp-content\/uploads\/sites\/22\/2022\/12\/maccaferri-software-downloadable-1024x686.png\" alt=\"\" class=\"wp-image-3728\"\/><\/figure><\/div><\/div><\/div><div style=\"height:100px\" aria-hidden=\"true\" class=\"wp-block-spacer\"><\/div>","protected":false},"excerpt":{"rendered":"","protected":false},"author":2,"featured_media":0,"parent":0,"menu_order":0,"comment_status":"closed","ping_status":"closed","template":"","meta":{"_acf_changed":false,"_joinchat":[],"footnotes":""},"class_list":["post-3514","page","type-page","status-publish","hentry"],"acf":{"uuid_products":"","product-documents":""},"yoast_head":"<!-- This site is optimized with the Yoast SEO Premium plugin v27.0 (Yoast SEO v27.0) - https:\/\/yoast.com\/product\/yoast-seo-premium-wordpress\/ -->\n<title>Pacote de Softwares Maccaferri - Maccaferri Brasil<\/title>\n<meta name=\"robots\" content=\"index, follow, max-snippet:-1, max-image-preview:large, max-video-preview:-1\" \/>\n<link rel=\"canonical\" href=\"https:\/\/maccaferri-stage.softecspa.it\/br\/pacote-de-softwares-maccaferri\/\" \/>\n<meta property=\"og:locale\" content=\"pt_BR\" \/>\n<meta property=\"og:type\" content=\"article\" \/>\n<meta property=\"og:title\" content=\"Pacote de Softwares Maccaferri - Maccaferri Brasil\" \/>\n<meta property=\"og:url\" content=\"https:\/\/maccaferri-stage.softecspa.it\/br\/pacote-de-softwares-maccaferri\/\" \/>\n<meta property=\"og:site_name\" content=\"Maccaferri Brasil\" \/>\n<meta property=\"article:modified_time\" content=\"2023-09-14T15:14:13+00:00\" \/>\n<meta property=\"og:image\" content=\"https:\/\/maccaferri-stage.softecspa.it\/br\/wp-content\/uploads\/2023\/01\/software-14.jpeg\" \/>\n<meta name=\"twitter:card\" content=\"summary_large_image\" \/>\n<meta name=\"twitter:label1\" content=\"Est. reading time\" \/>\n\t<meta name=\"twitter:data1\" content=\"2 minutes\" \/>\n<script type=\"application\/ld+json\" class=\"yoast-schema-graph\">{\"@context\":\"https:\/\/schema.org\",\"@graph\":[{\"@type\":\"WebPage\",\"@id\":\"https:\/\/maccaferri-stage.softecspa.it\/br\/pacote-de-softwares-maccaferri\/\",\"url\":\"https:\/\/maccaferri-stage.softecspa.it\/br\/pacote-de-softwares-maccaferri\/\",\"name\":\"Pacote de Softwares Maccaferri - Maccaferri Brasil\",\"isPartOf\":{\"@id\":\"https:\/\/maccaferri-stage.softecspa.it\/br\/#website\"},\"primaryImageOfPage\":{\"@id\":\"https:\/\/maccaferri-stage.softecspa.it\/br\/pacote-de-softwares-maccaferri\/#primaryimage\"},\"image\":{\"@id\":\"https:\/\/maccaferri-stage.softecspa.it\/br\/pacote-de-softwares-maccaferri\/#primaryimage\"},\"thumbnailUrl\":\"https:\/\/maccaferri-stage.softecspa.it\/br\/wp-content\/uploads\/2023\/01\/software-14.jpeg\",\"datePublished\":\"2022-12-14T11:27:40+00:00\",\"dateModified\":\"2023-09-14T15:14:13+00:00\",\"inLanguage\":\"pt-BR\",\"potentialAction\":[{\"@type\":\"ReadAction\",\"target\":[\"https:\/\/maccaferri-stage.softecspa.it\/br\/pacote-de-softwares-maccaferri\/\"]}]},{\"@type\":\"ImageObject\",\"inLanguage\":\"pt-BR\",\"@id\":\"https:\/\/maccaferri-stage.softecspa.it\/br\/pacote-de-softwares-maccaferri\/#primaryimage\",\"url\":\"\",\"contentUrl\":\"\"},{\"@type\":\"WebSite\",\"@id\":\"https:\/\/maccaferri-stage.softecspa.it\/br\/#website\",\"url\":\"https:\/\/maccaferri-stage.softecspa.it\/br\/\",\"name\":\"Maccaferri Brasil\",\"description\":\"\",\"publisher\":{\"@id\":\"https:\/\/maccaferri-stage.softecspa.it\/br\/#organization\"},\"potentialAction\":[{\"@type\":\"SearchAction\",\"target\":{\"@type\":\"EntryPoint\",\"urlTemplate\":\"https:\/\/maccaferri-stage.softecspa.it\/br\/?s={search_term_string}\"},\"query-input\":{\"@type\":\"PropertyValueSpecification\",\"valueRequired\":true,\"valueName\":\"search_term_string\"}}],\"inLanguage\":\"pt-BR\"},{\"@type\":\"Organization\",\"@id\":\"https:\/\/maccaferri-stage.softecspa.it\/br\/#organization\",\"name\":\"Maccaferri Brasil\",\"url\":\"https:\/\/maccaferri-stage.softecspa.it\/br\/\",\"logo\":{\"@type\":\"ImageObject\",\"inLanguage\":\"pt-BR\",\"@id\":\"https:\/\/maccaferri-stage.softecspa.it\/br\/#\/schema\/logo\/image\/\",\"url\":\"\",\"contentUrl\":\"\",\"caption\":\"Maccaferri Brasil\"},\"image\":{\"@id\":\"https:\/\/maccaferri-stage.softecspa.it\/br\/#\/schema\/logo\/image\/\"}}]}<\/script>\n<!-- \/ Yoast SEO Premium plugin. -->","yoast_head_json":{"title":"Pacote de Softwares Maccaferri - Maccaferri Brasil","robots":{"index":"index","follow":"follow","max-snippet":"max-snippet:-1","max-image-preview":"max-image-preview:large","max-video-preview":"max-video-preview:-1"},"canonical":"https:\/\/maccaferri-stage.softecspa.it\/br\/pacote-de-softwares-maccaferri\/","og_locale":"pt_BR","og_type":"article","og_title":"Pacote de Softwares Maccaferri - Maccaferri Brasil","og_url":"https:\/\/maccaferri-stage.softecspa.it\/br\/pacote-de-softwares-maccaferri\/","og_site_name":"Maccaferri Brasil","article_modified_time":"2023-09-14T15:14:13+00:00","og_image":[{"url":"https:\/\/maccaferri-stage.softecspa.it\/br\/wp-content\/uploads\/2023\/01\/software-14.jpeg","type":"","width":"","height":""}],"twitter_card":"summary_large_image","twitter_misc":{"Est. reading time":"2 minutes"},"schema":{"@context":"https:\/\/schema.org","@graph":[{"@type":"WebPage","@id":"https:\/\/maccaferri-stage.softecspa.it\/br\/pacote-de-softwares-maccaferri\/","url":"https:\/\/maccaferri-stage.softecspa.it\/br\/pacote-de-softwares-maccaferri\/","name":"Pacote de Softwares Maccaferri - Maccaferri Brasil","isPartOf":{"@id":"https:\/\/maccaferri-stage.softecspa.it\/br\/#website"},"primaryImageOfPage":{"@id":"https:\/\/maccaferri-stage.softecspa.it\/br\/pacote-de-softwares-maccaferri\/#primaryimage"},"image":{"@id":"https:\/\/maccaferri-stage.softecspa.it\/br\/pacote-de-softwares-maccaferri\/#primaryimage"},"thumbnailUrl":"https:\/\/maccaferri-stage.softecspa.it\/br\/wp-content\/uploads\/2023\/01\/software-14.jpeg","datePublished":"2022-12-14T11:27:40+00:00","dateModified":"2023-09-14T15:14:13+00:00","inLanguage":"pt-BR","potentialAction":[{"@type":"ReadAction","target":["https:\/\/maccaferri-stage.softecspa.it\/br\/pacote-de-softwares-maccaferri\/"]}]},{"@type":"ImageObject","inLanguage":"pt-BR","@id":"https:\/\/maccaferri-stage.softecspa.it\/br\/pacote-de-softwares-maccaferri\/#primaryimage","url":"","contentUrl":""},{"@type":"WebSite","@id":"https:\/\/maccaferri-stage.softecspa.it\/br\/#website","url":"https:\/\/maccaferri-stage.softecspa.it\/br\/","name":"Maccaferri Brasil","description":"","publisher":{"@id":"https:\/\/maccaferri-stage.softecspa.it\/br\/#organization"},"potentialAction":[{"@type":"SearchAction","target":{"@type":"EntryPoint","urlTemplate":"https:\/\/maccaferri-stage.softecspa.it\/br\/?s={search_term_string}"},"query-input":{"@type":"PropertyValueSpecification","valueRequired":true,"valueName":"search_term_string"}}],"inLanguage":"pt-BR"},{"@type":"Organization","@id":"https:\/\/maccaferri-stage.softecspa.it\/br\/#organization","name":"Maccaferri Brasil","url":"https:\/\/maccaferri-stage.softecspa.it\/br\/","logo":{"@type":"ImageObject","inLanguage":"pt-BR","@id":"https:\/\/maccaferri-stage.softecspa.it\/br\/#\/schema\/logo\/image\/","url":"","contentUrl":"","caption":"Maccaferri Brasil"},"image":{"@id":"https:\/\/maccaferri-stage.softecspa.it\/br\/#\/schema\/logo\/image\/"}}]}},"_links":{"self":[{"href":"https:\/\/maccaferri-stage.softecspa.it\/br\/wp-json\/wp\/v2\/pages\/3514","targetHints":{"allow":["GET"]}}],"collection":[{"href":"https:\/\/maccaferri-stage.softecspa.it\/br\/wp-json\/wp\/v2\/pages"}],"about":[{"href":"https:\/\/maccaferri-stage.softecspa.it\/br\/wp-json\/wp\/v2\/types\/page"}],"author":[{"embeddable":true,"href":"https:\/\/maccaferri-stage.softecspa.it\/br\/wp-json\/wp\/v2\/users\/2"}],"replies":[{"embeddable":true,"href":"https:\/\/maccaferri-stage.softecspa.it\/br\/wp-json\/wp\/v2\/comments?post=3514"}],"version-history":[{"count":36,"href":"https:\/\/maccaferri-stage.softecspa.it\/br\/wp-json\/wp\/v2\/pages\/3514\/revisions"}],"predecessor-version":[{"id":55980,"href":"https:\/\/maccaferri-stage.softecspa.it\/br\/wp-json\/wp\/v2\/pages\/3514\/revisions\/55980"}],"wp:attachment":[{"href":"https:\/\/maccaferri-stage.softecspa.it\/br\/wp-json\/wp\/v2\/media?parent=3514"}],"curies":[{"name":"wp","href":"https:\/\/api.w.org\/{rel}","templated":true}]}}