{"id":55101,"date":"2023-07-27T19:46:35","date_gmt":"2023-07-27T17:46:35","guid":{"rendered":"https:\/\/maccaferri-stage.softecspa.it\/br\/?page_id=55101"},"modified":"2023-07-27T19:46:36","modified_gmt":"2023-07-27T17:46:36","slug":"protecao-de-portos-inovacao-tecnica-no-controle-do-processo-erosivo","status":"publish","type":"page","link":"https:\/\/maccaferri-stage.softecspa.it\/br\/protecao-de-portos-inovacao-tecnica-no-controle-do-processo-erosivo\/","title":{"rendered":"Prote\u00e7\u00e3o de Portos:\u00a0 Inova\u00e7\u00e3o t\u00e9cnica no controle do processo erosivo"},"content":{"rendered":"<div class=\"wp-block-mac-h1-title-hero-block container-fluid block-txt-container\" style=\"background:linear-gradient(180deg,rgb(1,94,111) 0%,rgb(0,72,87) 100%)\"><div class=\"row\"><div class=\"col\"><div class=\"gts__picture\"><img decoding=\"async\" src=\"https:\/\/maccaferri-stage.softecspa.it\/br\/wp-content\/uploads\/2023\/07\/Protecting-ports-innovative-research-on-scour-prevention-design-1-3.png\" style=\"display:none\" \/><div class=\"gts__picture__image\" style=\"background-image:url(https:\/\/maccaferri-stage.softecspa.it\/br\/wp-content\/uploads\/2023\/07\/Protecting-ports-innovative-research-on-scour-prevention-design-1-3.png)\"><\/div><\/div><div class=\"container box-container\"><div class=\"row\"><div class=\"col title-box-txt\"><h1 class=\"wp-block-mac-h1-title-hero-block\" style=\"color:#ffffff;text-align:none\">WEBINAR<\/h1><\/div><\/div><\/div><\/div><\/div><\/div><div class=\"wp-block-mac-h2-title-block block-txt-container box-container\"><div class=\"row\"><div class=\"col title-box-txt\"><h2 style=\"color:#212429;text-align:none\">Prote\u00e7\u00e3o de Portos:\u00a0 Inova\u00e7\u00e3o t\u00e9cnica no controle do processo erosivo<\/h2><\/div><\/div><\/div><div class=\"wp-block-mac-container-block box-container\"><div class=\"wp-block-columns is-layout-flex wp-container-core-columns-is-layout-9d6595d7 wp-block-columns-is-layout-flex\"><div class=\"wp-block-column is-layout-flow wp-block-column-is-layout-flow\"><figure class=\"wp-block-embed is-type-video is-provider-vimeo wp-block-embed-vimeo wp-embed-aspect-16-9 wp-has-aspect-ratio\"><div class=\"wp-block-embed__wrapper\">\n<iframe src=\"https:\/\/player.vimeo.com\/video\/849186610?dnt=1&amp;app_id=122963\" width=\"640\" height=\"360\" frameborder=\"0\" allow=\"autoplay; fullscreen; picture-in-picture; clipboard-write; encrypted-media\"><\/iframe>\n<\/div><\/figure><\/div><\/div><\/div><div class=\"content-document-dowload\">\n    <div class=\"container-fluid box-container\">\n        <div class=\"row\">\n            <div class=\"col-12\">\n            <h2>Download documents<\/h2>\n            <\/div>\n        <\/div>\n    <\/div>\n    <div class=\"content-fluid has-white-background-color has-background\"><div class=\"content-document-dowload box-container\"><ul><li><a href=\"https:\/\/maccaferri-stage.softecspa.it\/br\/download\/slides-webinar-proteccion-de-puertos-investigacion-innovadora-sobre-la-prevencion-de-socavacion\/\" target=\"_blank\" title=\"Slides - Webinar - Proteccion-de-puertos-investigacion-innovadora-sobre-la-prevencion-de-socavacion\">Slides &#8211; Webinar &#8211; Proteccion-de-puertos-investigacion-innovadora-sobre-la-prevencion-de-socavacion<\/a><a href=\"https:\/\/maccaferri-stage.softecspa.it\/br\/dashboard\" class=\"btn-dowload\" data-bs-toggle=\"tooltip\" data-bs-placement=\"top\" title=\"Slides - Webinar - Proteccion-de-puertos-investigacion-innovadora-sobre-la-prevencion-de-socavacion\"><span class=\"material-symbols-outlined download\">sim_card_download<\/span><\/a><\/li><\/ul><\/div><\/div><\/div>\n\n<script type=\"text\/javascript\">\n    jQuery('.btn-file-download').click(function(e) {\n        e.preventDefault();\n        let idFile = jQuery(this).data('id-file');\n        window.open('https:\/\/maccaferri-stage.softecspa.it\/br\/?wpdmdl=' + idFile);\n        return false;\n    });\n    \/\/tooltip\n    var tooltipTriggerList = [].slice.call(document.querySelectorAll('[data-bs-toggle=\"tooltip\"]'))\n    var tooltipList = tooltipTriggerList.map(function(tooltipTriggerEl) {\n        return new bootstrap.Tooltip(tooltipTriggerEl)\n    })\n<\/script>","protected":false},"excerpt":{"rendered":"","protected":false},"author":20,"featured_media":0,"parent":0,"menu_order":0,"comment_status":"closed","ping_status":"closed","template":"","meta":{"_acf_changed":false,"_joinchat":[],"footnotes":""},"class_list":["post-55101","page","type-page","status-publish","hentry"],"acf":{"uuid_products":"","product-documents":[55107]},"yoast_head":"<!-- This site is optimized with the Yoast SEO Premium plugin v27.0 (Yoast SEO v27.0) - https:\/\/yoast.com\/product\/yoast-seo-premium-wordpress\/ -->\n<title>Prote\u00e7\u00e3o de Portos:\u00a0 Inova\u00e7\u00e3o t\u00e9cnica no controle do processo erosivo - Maccaferri Brasil<\/title>\n<meta name=\"robots\" content=\"index, follow, max-snippet:-1, max-image-preview:large, max-video-preview:-1\" \/>\n<link rel=\"canonical\" href=\"https:\/\/maccaferri-stage.softecspa.it\/br\/protecao-de-portos-inovacao-tecnica-no-controle-do-processo-erosivo\/\" \/>\n<meta property=\"og:locale\" content=\"pt_BR\" \/>\n<meta property=\"og:type\" content=\"article\" \/>\n<meta property=\"og:title\" content=\"Prote\u00e7\u00e3o de Portos:\u00a0 Inova\u00e7\u00e3o t\u00e9cnica no controle do processo erosivo - Maccaferri Brasil\" \/>\n<meta property=\"og:url\" content=\"https:\/\/maccaferri-stage.softecspa.it\/br\/protecao-de-portos-inovacao-tecnica-no-controle-do-processo-erosivo\/\" \/>\n<meta property=\"og:site_name\" content=\"Maccaferri Brasil\" \/>\n<meta property=\"article:modified_time\" content=\"2023-07-27T17:46:36+00:00\" \/>\n<meta property=\"og:image\" content=\"https:\/\/maccaferri-stage.softecspa.it\/br\/wp-content\/uploads\/2023\/07\/Protecting-ports-innovative-research-on-scour-prevention-design-1-3.png\" \/>\n<meta name=\"twitter:card\" content=\"summary_large_image\" \/>\n<meta name=\"twitter:label1\" content=\"Est. reading time\" \/>\n\t<meta name=\"twitter:data1\" content=\"1 minute\" \/>\n<script type=\"application\/ld+json\" class=\"yoast-schema-graph\">{\"@context\":\"https:\/\/schema.org\",\"@graph\":[{\"@type\":\"WebPage\",\"@id\":\"https:\/\/maccaferri-stage.softecspa.it\/br\/protecao-de-portos-inovacao-tecnica-no-controle-do-processo-erosivo\/\",\"url\":\"https:\/\/maccaferri-stage.softecspa.it\/br\/protecao-de-portos-inovacao-tecnica-no-controle-do-processo-erosivo\/\",\"name\":\"Prote\u00e7\u00e3o de Portos:\u00a0 Inova\u00e7\u00e3o t\u00e9cnica no controle do processo erosivo - Maccaferri Brasil\",\"isPartOf\":{\"@id\":\"https:\/\/maccaferri-stage.softecspa.it\/br\/#website\"},\"primaryImageOfPage\":{\"@id\":\"https:\/\/maccaferri-stage.softecspa.it\/br\/protecao-de-portos-inovacao-tecnica-no-controle-do-processo-erosivo\/#primaryimage\"},\"image\":{\"@id\":\"https:\/\/maccaferri-stage.softecspa.it\/br\/protecao-de-portos-inovacao-tecnica-no-controle-do-processo-erosivo\/#primaryimage\"},\"thumbnailUrl\":\"https:\/\/maccaferri-stage.softecspa.it\/br\/wp-content\/uploads\/2023\/07\/Protecting-ports-innovative-research-on-scour-prevention-design-1-3.png\",\"datePublished\":\"2023-07-27T17:46:35+00:00\",\"dateModified\":\"2023-07-27T17:46:36+00:00\",\"inLanguage\":\"pt-BR\",\"potentialAction\":[{\"@type\":\"ReadAction\",\"target\":[\"https:\/\/maccaferri-stage.softecspa.it\/br\/protecao-de-portos-inovacao-tecnica-no-controle-do-processo-erosivo\/\"]}]},{\"@type\":\"ImageObject\",\"inLanguage\":\"pt-BR\",\"@id\":\"https:\/\/maccaferri-stage.softecspa.it\/br\/protecao-de-portos-inovacao-tecnica-no-controle-do-processo-erosivo\/#primaryimage\",\"url\":\"\",\"contentUrl\":\"\"},{\"@type\":\"WebSite\",\"@id\":\"https:\/\/maccaferri-stage.softecspa.it\/br\/#website\",\"url\":\"https:\/\/maccaferri-stage.softecspa.it\/br\/\",\"name\":\"Maccaferri Brasil\",\"description\":\"\",\"publisher\":{\"@id\":\"https:\/\/maccaferri-stage.softecspa.it\/br\/#organization\"},\"potentialAction\":[{\"@type\":\"SearchAction\",\"target\":{\"@type\":\"EntryPoint\",\"urlTemplate\":\"https:\/\/maccaferri-stage.softecspa.it\/br\/?s={search_term_string}\"},\"query-input\":{\"@type\":\"PropertyValueSpecification\",\"valueRequired\":true,\"valueName\":\"search_term_string\"}}],\"inLanguage\":\"pt-BR\"},{\"@type\":\"Organization\",\"@id\":\"https:\/\/maccaferri-stage.softecspa.it\/br\/#organization\",\"name\":\"Maccaferri Brasil\",\"url\":\"https:\/\/maccaferri-stage.softecspa.it\/br\/\",\"logo\":{\"@type\":\"ImageObject\",\"inLanguage\":\"pt-BR\",\"@id\":\"https:\/\/maccaferri-stage.softecspa.it\/br\/#\/schema\/logo\/image\/\",\"url\":\"\",\"contentUrl\":\"\",\"caption\":\"Maccaferri Brasil\"},\"image\":{\"@id\":\"https:\/\/maccaferri-stage.softecspa.it\/br\/#\/schema\/logo\/image\/\"}}]}<\/script>\n<!-- \/ Yoast SEO Premium plugin. -->","yoast_head_json":{"title":"Prote\u00e7\u00e3o de Portos:\u00a0 Inova\u00e7\u00e3o t\u00e9cnica no controle do processo erosivo - Maccaferri Brasil","robots":{"index":"index","follow":"follow","max-snippet":"max-snippet:-1","max-image-preview":"max-image-preview:large","max-video-preview":"max-video-preview:-1"},"canonical":"https:\/\/maccaferri-stage.softecspa.it\/br\/protecao-de-portos-inovacao-tecnica-no-controle-do-processo-erosivo\/","og_locale":"pt_BR","og_type":"article","og_title":"Prote\u00e7\u00e3o de Portos:\u00a0 Inova\u00e7\u00e3o t\u00e9cnica no controle do processo erosivo - Maccaferri Brasil","og_url":"https:\/\/maccaferri-stage.softecspa.it\/br\/protecao-de-portos-inovacao-tecnica-no-controle-do-processo-erosivo\/","og_site_name":"Maccaferri Brasil","article_modified_time":"2023-07-27T17:46:36+00:00","og_image":[{"url":"https:\/\/maccaferri-stage.softecspa.it\/br\/wp-content\/uploads\/2023\/07\/Protecting-ports-innovative-research-on-scour-prevention-design-1-3.png","type":"","width":"","height":""}],"twitter_card":"summary_large_image","twitter_misc":{"Est. reading time":"1 minute"},"schema":{"@context":"https:\/\/schema.org","@graph":[{"@type":"WebPage","@id":"https:\/\/maccaferri-stage.softecspa.it\/br\/protecao-de-portos-inovacao-tecnica-no-controle-do-processo-erosivo\/","url":"https:\/\/maccaferri-stage.softecspa.it\/br\/protecao-de-portos-inovacao-tecnica-no-controle-do-processo-erosivo\/","name":"Prote\u00e7\u00e3o de Portos:\u00a0 Inova\u00e7\u00e3o t\u00e9cnica no controle do processo erosivo - Maccaferri Brasil","isPartOf":{"@id":"https:\/\/maccaferri-stage.softecspa.it\/br\/#website"},"primaryImageOfPage":{"@id":"https:\/\/maccaferri-stage.softecspa.it\/br\/protecao-de-portos-inovacao-tecnica-no-controle-do-processo-erosivo\/#primaryimage"},"image":{"@id":"https:\/\/maccaferri-stage.softecspa.it\/br\/protecao-de-portos-inovacao-tecnica-no-controle-do-processo-erosivo\/#primaryimage"},"thumbnailUrl":"https:\/\/maccaferri-stage.softecspa.it\/br\/wp-content\/uploads\/2023\/07\/Protecting-ports-innovative-research-on-scour-prevention-design-1-3.png","datePublished":"2023-07-27T17:46:35+00:00","dateModified":"2023-07-27T17:46:36+00:00","inLanguage":"pt-BR","potentialAction":[{"@type":"ReadAction","target":["https:\/\/maccaferri-stage.softecspa.it\/br\/protecao-de-portos-inovacao-tecnica-no-controle-do-processo-erosivo\/"]}]},{"@type":"ImageObject","inLanguage":"pt-BR","@id":"https:\/\/maccaferri-stage.softecspa.it\/br\/protecao-de-portos-inovacao-tecnica-no-controle-do-processo-erosivo\/#primaryimage","url":"","contentUrl":""},{"@type":"WebSite","@id":"https:\/\/maccaferri-stage.softecspa.it\/br\/#website","url":"https:\/\/maccaferri-stage.softecspa.it\/br\/","name":"Maccaferri Brasil","description":"","publisher":{"@id":"https:\/\/maccaferri-stage.softecspa.it\/br\/#organization"},"potentialAction":[{"@type":"SearchAction","target":{"@type":"EntryPoint","urlTemplate":"https:\/\/maccaferri-stage.softecspa.it\/br\/?s={search_term_string}"},"query-input":{"@type":"PropertyValueSpecification","valueRequired":true,"valueName":"search_term_string"}}],"inLanguage":"pt-BR"},{"@type":"Organization","@id":"https:\/\/maccaferri-stage.softecspa.it\/br\/#organization","name":"Maccaferri Brasil","url":"https:\/\/maccaferri-stage.softecspa.it\/br\/","logo":{"@type":"ImageObject","inLanguage":"pt-BR","@id":"https:\/\/maccaferri-stage.softecspa.it\/br\/#\/schema\/logo\/image\/","url":"","contentUrl":"","caption":"Maccaferri Brasil"},"image":{"@id":"https:\/\/maccaferri-stage.softecspa.it\/br\/#\/schema\/logo\/image\/"}}]}},"_links":{"self":[{"href":"https:\/\/maccaferri-stage.softecspa.it\/br\/wp-json\/wp\/v2\/pages\/55101","targetHints":{"allow":["GET"]}}],"collection":[{"href":"https:\/\/maccaferri-stage.softecspa.it\/br\/wp-json\/wp\/v2\/pages"}],"about":[{"href":"https:\/\/maccaferri-stage.softecspa.it\/br\/wp-json\/wp\/v2\/types\/page"}],"author":[{"embeddable":true,"href":"https:\/\/maccaferri-stage.softecspa.it\/br\/wp-json\/wp\/v2\/users\/20"}],"replies":[{"embeddable":true,"href":"https:\/\/maccaferri-stage.softecspa.it\/br\/wp-json\/wp\/v2\/comments?post=55101"}],"version-history":[{"count":3,"href":"https:\/\/maccaferri-stage.softecspa.it\/br\/wp-json\/wp\/v2\/pages\/55101\/revisions"}],"predecessor-version":[{"id":55108,"href":"https:\/\/maccaferri-stage.softecspa.it\/br\/wp-json\/wp\/v2\/pages\/55101\/revisions\/55108"}],"acf:post":[{"embeddable":true,"href":"https:\/\/maccaferri-stage.softecspa.it\/br\/wp-json\/wp\/v2\/wpdmpro\/55107"}],"wp:attachment":[{"href":"https:\/\/maccaferri-stage.softecspa.it\/br\/wp-json\/wp\/v2\/media?parent=55101"}],"curies":[{"name":"wp","href":"https:\/\/api.w.org\/{rel}","templated":true}]}}