{"id":6217,"date":"2022-07-29T11:40:29","date_gmt":"2022-07-29T09:40:29","guid":{"rendered":"https:\/\/maccaferri-stage.softecspa.it\/ca\/innovation"},"modified":"2023-01-10T18:52:20","modified_gmt":"2023-01-10T17:52:20","slug":"innovation","status":"publish","type":"page","link":"https:\/\/maccaferri-stage.softecspa.it\/ca\/fr\/innovation\/","title":{"rendered":"Innovation"},"content":{"rendered":"<div class=\"wp-block-mac-h1-title-hero-block container-fluid block-txt-container\" style=\"background: linear-gradient(180deg,#015e6f 0%,#004857 100%)\">\r\n<div class=\"row\">\r\n<div class=\"col\">\r\n<div class=\"gts__picture\">\r\n\r\n<img decoding=\"async\" style=\"display: none\" src=\"https:\/\/maccaferri-stage.softecspa.it\/ca\/wp-content\/uploads\/2022\/12\/Adv-2-1.jpg\" \/>\r\n<div class=\"gts__picture__image\" style=\"background-image: url('https:\/\/maccaferri-stage.softecspa.it\/ca\/wp-content\/uploads\/2022\/12\/Adv-2-1.jpg')\"><\/div>\r\n<\/div>\r\n<div class=\"container box-container\">\r\n<div class=\"row\">\r\n<div class=\"col title-box-txt\">\r\n<h1 class=\"wp-block-mac-h1-title-hero-block\" style=\"color: #ffffff;text-align: none\">Innovation<\/h1>\r\n<\/div>\r\n<\/div>\r\n<\/div>\r\n<\/div>\r\n<\/div>\r\n<\/div><div class=\"wp-block-mac-h2-title-block block-txt-container box-container\">\r\n<div class=\"row\">\r\n<div class=\"col title-box-txt\">\r\n<h2 style=\"color: #212429;text-align: none\">CENTRE D&#8217;INNOVATION MACCAFERRI<\/h2>\r\n<\/div>\r\n<\/div>\r\n<\/div><div class=\"wp-block-columns is-layout-flex wp-container-core-columns-is-layout-9d6595d7 wp-block-columns-is-layout-flex\"><div class=\"wp-block-column is-layout-flow wp-block-column-is-layout-flow\"><div class=\"wp-block-mac-container-block box-container\"><div class=\"wp-block-columns is-layout-flex wp-container-core-columns-is-layout-9d6595d7 wp-block-columns-is-layout-flex\"><div class=\"wp-block-column is-layout-flow wp-block-column-is-layout-flow\"><p class=\"has-medium-font-size\">Chez Maccaferri, <strong>nous croyons fermement \u00e0 l&#8217;innovation<\/strong>.<\/p>\n\n<p class=\"has-medium-font-size\">L&#8217;innovation en termes de solutions et de produits est un \u00e9l\u00e9ment important de l&#8217;\u00e9volution des entreprises. Depuis notre cr\u00e9ation il y a plus de 140 ans, nous travaillons chaque jour pour trouver de meilleures solutions pour nos clients \u00e0 tous les degr\u00e9s de latitude et de longitude.<\/p>\n\n<p class=\"has-medium-font-size\">Nous avons \u00e9t\u00e9 fond\u00e9s sur l&#8217;innovation, en inventant les Gabions. Depuis, nous <strong>n&#8217;avons cess\u00e9 d&#8217;inventer de meilleures solutions<\/strong>. L&#8217;innovation est ancr\u00e9e dans notre identit\u00e9 et nous sommes toujours \u00e0 la recherche de nouvelles solutions et de moyens de les am\u00e9liorer. Notre innovation d\u00e9coule d&#8217;un facteur strat\u00e9gique : la connaissance.<\/p>\n\n<p class=\"has-medium-font-size\">Maccaferri a d\u00e9cid\u00e9 de cr\u00e9er un <strong>centre d&#8217;excellence<\/strong> enti\u00e8rement d\u00e9di\u00e9 \u00e0 la <strong>recherche et au d\u00e9veloppement<\/strong>, un lieu pour d\u00e9velopper la prochaine g\u00e9n\u00e9ration de produits Maccaferri et aussi pour cultiver la meilleure innovation et le meilleur accompagnement pour nos clients.<\/p>\n\n<p class=\"has-medium-font-size\">Fin 2014, le <strong>Maccaferri Innovation Center<\/strong> S.r.l. (MIC) est n\u00e9. Le MIC est un centre de recherche innovant bas\u00e9 au NOI Tech Park \u00e0 Bozen, en Italie. Il g\u00e8re l&#8217;ensemble des activit\u00e9s de R&amp;D du Groupe et r\u00e9pond aux besoins de l&#8217;ensemble de ses filiales.<\/p><\/div><\/div><\/div><\/div><\/div><figure class=\"wp-block-image aligncenter size-full\"><img decoding=\"async\" src=\"https:\/\/maccaferri-stage.softecspa.it\/ca\/wp-content\/uploads\/2022\/12\/MIC_logo.jpg\" alt=\"\" class=\"wp-image-3480\" \/><\/figure><div class=\"wp-block-mac-container-block box-container\"><div class=\"wp-block-columns is-layout-flex wp-container-core-columns-is-layout-9d6595d7 wp-block-columns-is-layout-flex\"><div class=\"wp-block-column is-layout-flow wp-block-column-is-layout-flow\"><\/div>\n\n<div class=\"wp-block-column is-layout-flow wp-block-column-is-layout-flow\"><\/div><\/div><\/div><div class=\"wp-block-mac-h2-title-block block-txt-container box-container\">\r\n<div class=\"row\">\r\n<div class=\"col title-box-txt\">\r\n<h2 style=\"color: #212429;text-align: none\">LOGICIELS PERSONNALIS\u00c9S MACCAFERRI<\/h2>\r\n<\/div>\r\n<\/div>\r\n<\/div><div class=\"wp-block-columns is-layout-flex wp-container-core-columns-is-layout-9d6595d7 wp-block-columns-is-layout-flex\"><div class=\"wp-block-column is-layout-flow wp-block-column-is-layout-flow\"><div class=\"wp-block-mac-container-block box-container\"><div class=\"wp-block-columns is-layout-flex wp-container-core-columns-is-layout-9d6595d7 wp-block-columns-is-layout-flex\"><div class=\"wp-block-column is-layout-flow wp-block-column-is-layout-flow\"><div class=\"wp-block-columns is-layout-flex wp-container-core-columns-is-layout-9d6595d7 wp-block-columns-is-layout-flex\"><div class=\"wp-block-column is-layout-flow wp-block-column-is-layout-flow\"><p class=\"has-medium-font-size\"><strong>D\u00e9velopp\u00e9s en partenariat<\/strong> avec des instituts et des universit\u00e9s de premier plan, nos logiciels faciles \u00e0 utiliser et utilis\u00e9s dans le monde entier permettent aux ing\u00e9nieurs de concevoir et de fournir des <strong>solutions de g\u00e9nie civil efficaces et fiables<\/strong>.<\/p>\n\n<p class=\"has-medium-font-size\"><strong>Bas\u00e9es sur des donn\u00e9es exp\u00e9rimentales<\/strong> recueillies au cours de d\u00e9cennies d&#8217;exp\u00e9rience sur le terrain et de campagnes de tests rigoureuses, nos <strong>logiciels gratuits <\/strong>r\u00e9pondent aux exigences des ing\u00e9nieurs en g\u00e9nie civil et g\u00e9otechniques du monde entier tout en offrant des avantages suppl\u00e9mentaires en termes de rentabilit\u00e9 et d&#8217;optimisation des solutions utilis\u00e9es.<\/p>\n\n<p class=\"has-medium-font-size\"><strong>Contactez-nous pour b\u00e9n\u00e9ficier d&#8217;une formation<\/strong> sur nos logiciels et commencer la conception de solutions d&#8217;ing\u00e9nierie haut de gamme et stimulantes dans les conditions les plus diverses.<\/p>\n\n<p><\/p><\/div>\n\n<div class=\"wp-block-column is-layout-flow wp-block-column-is-layout-flow\"><figure class=\"wp-block-image aligncenter size-full\"><img decoding=\"async\" src=\"https:\/\/maccaferri-stage.softecspa.it\/ca\/wp-content\/uploads\/2022\/12\/catterre.png\" alt=\"\" class=\"wp-image-3138\" \/><\/figure><\/div><\/div><\/div><\/div><\/div><\/div><\/div><div class=\"wp-block-mac-banner-title-cta box-container block-cta\" style=\"background: #015E6F\">\r\n<div class=\"container box-container\">\r\n<div class=\"row\">\r\n<div class=\"col-2 col-sm-2 col-md-2 col-lg-2 col-xl-2 col-xxl-2\">\r\n<div class=\"box-image\"><img decoding=\"async\" class=\"image\" src=\"https:\/\/maccaferri-stage.softecspa.it\/ca\/wp-content\/uploads\/2022\/11\/img-banner-software.png\" alt=\"Image\" \/><\/div>\r\n<\/div>\r\n<div class=\"col-7 col-sm-7 col-md-7 col-lg-7 col-xl-7 col-xxl-7\">\r\n<div class=\"banner-box-txt\" style=\"text-align: default\">\r\n<h4 class=\"title\">UTILISEZ NOS LOGICIELS\r\nPOUR CONCEVOIR LE FUTUR<\/h4>\r\n<\/div>\r\n<\/div>\r\n<div class=\"col-3 col-sm-3 col-md-3 col-lg-3 col-xl-3 col-xxl-3\">\r\n<div class=\"button-box-txt\"><a class=\"buttonurl\" href=\"https:\/\/maccaferri-stage.softecspa.it\/maccaferri-software\" target=\"_blank\" rel=\"noopener\"><span class=\"buttontext\">Rubrique logiciels<\/span><\/a><\/div>\r\n<\/div>\r\n<\/div>\r\n<\/div>\r\n<\/div><div style=\"height:100px\" aria-hidden=\"true\" class=\"wp-block-spacer\"><\/div><div class=\"wp-block-mac-h2-title-block block-txt-container box-container\">\r\n<div class=\"row\">\r\n<div class=\"col title-box-txt\">\r\n<h2 style=\"color: #212429;text-align: none\">OBJETS BIM MACCAFERRI<\/h2>\r\n<\/div>\r\n<\/div>\r\n<\/div><div class=\"wp-block-mac-container-block box-container\"><div class=\"wp-block-columns is-layout-flex wp-container-core-columns-is-layout-9d6595d7 wp-block-columns-is-layout-flex\"><div class=\"wp-block-column is-layout-flow wp-block-column-is-layout-flow\"><div class=\"wp-block-columns is-layout-flex wp-container-core-columns-is-layout-9d6595d7 wp-block-columns-is-layout-flex\"><div class=\"wp-block-column is-layout-flow wp-block-column-is-layout-flow\"><figure class=\"wp-block-image size-large\"><img decoding=\"async\" src=\"https:\/\/maccaferri-stage.softecspa.it\/cdn\/wp-content\/uploads\/sites\/16\/2022\/12\/Maccaferri-BIM-Objects-1024x675.png\" alt=\"\" class=\"wp-image-3547\" \/><\/figure>\n\n<p><\/p><\/div>\n\n<div class=\"wp-block-column is-layout-flow wp-block-column-is-layout-flow\"><p class=\"has-medium-font-size\">Le <strong>Building Information Modeling<\/strong> (BIM) est un process intelligent bas\u00e9 sur un mod\u00e8le 3D. <strong>Un nouvel outil incroyable<\/strong> pour les professionnels de l&#8217;ing\u00e9nierie et le construction.<\/p>\n\n<p class=\"has-medium-font-size\">Maccaferri s&#8217;engage \u00e0 promouvoir la <strong>collaboration <\/strong>entre les <strong>acteurs de l&#8217;industrie<\/strong> tout au long du cycle de vie d&#8217;un projet.<\/p>\n\n<p class=\"has-medium-font-size\">Avec cet objectif \u00e0 l&#8217;esprit, nous rendons <strong>nos solutions disponibles<\/strong> \u00e9galement en tant qu&#8217;objets BIM, encourageant l&#8217;adoption de la technologie BIM pour am\u00e9liorer les processus de conception et de construction, en \u00e9vitant les inexactitudes de fonctionnement sur site.<\/p><\/div><\/div><\/div><\/div><\/div><div class=\"wp-block-columns is-layout-flex wp-container-core-columns-is-layout-9d6595d7 wp-block-columns-is-layout-flex\"><div class=\"wp-block-column is-layout-flow wp-block-column-is-layout-flow\"><div class=\"wp-block-mac-container-block box-container\"><div class=\"wp-block-columns is-layout-flex wp-container-core-columns-is-layout-9d6595d7 wp-block-columns-is-layout-flex\"><div class=\"wp-block-column is-layout-flow wp-block-column-is-layout-flow\"><div class=\"wp-block-mac-banner-title-cta box-container block-cta\" style=\"background: #015E6F\">\r\n<div class=\"container box-container\">\r\n<div class=\"row\">\r\n<div class=\"col-2 col-sm-2 col-md-2 col-lg-2 col-xl-2 col-xxl-2\">\r\n<div class=\"box-image\"><img decoding=\"async\" class=\"image\" src=\"https:\/\/maccaferri-stage.softecspa.it\/ca\/wp-content\/uploads\/2022\/11\/img-banner-software.png\" alt=\"Image\" \/><\/div>\r\n<\/div>\r\n<div class=\"col-7 col-sm-7 col-md-7 col-lg-7 col-xl-7 col-xxl-7\">\r\n<div class=\"banner-box-txt\" style=\"text-align: default\">\r\n<h4 class=\"title\">UTILISEZ NOS OBJETS BIM POUR CONCEVOIR LE FUTUR<\/h4>\r\n<\/div>\r\n<\/div>\r\n<div class=\"col-3 col-sm-3 col-md-3 col-lg-3 col-xl-3 col-xxl-3\">\r\n<div class=\"button-box-txt\"><a class=\"buttonurl\" href=\"https:\/\/maccaferri-stage.softecspa.it\/bim-objects-library\" target=\"_blank\" rel=\"noopener\"><span class=\"buttontext\">Acc\u00e8s \u00e0 la biblioth\u00e8que<\/span><\/a><\/div>\r\n<\/div>\r\n<\/div>\r\n<\/div>\r\n<\/div><\/div><\/div><\/div><\/div><\/div>","protected":false},"excerpt":{"rendered":"","protected":false},"author":1,"featured_media":0,"parent":0,"menu_order":0,"comment_status":"closed","ping_status":"closed","template":"","meta":{"_acf_changed":false,"_joinchat":[],"footnotes":""},"class_list":["post-6217","page","type-page","status-publish","hentry"],"acf":{"uuid_products":"","product-documents":null},"yoast_head":"<!-- This site is optimized with the Yoast SEO Premium plugin v27.0 (Yoast SEO v27.0) - https:\/\/yoast.com\/product\/yoast-seo-premium-wordpress\/ -->\n<title>Innovation - Maccaferri Canada<\/title>\n<meta name=\"robots\" content=\"index, follow, max-snippet:-1, max-image-preview:large, max-video-preview:-1\" \/>\n<link rel=\"canonical\" href=\"https:\/\/maccaferri-stage.softecspa.it\/ca\/fr\/innovation\/\" \/>\n<meta property=\"og:locale\" content=\"fr_FR\" \/>\n<meta property=\"og:type\" content=\"article\" \/>\n<meta property=\"og:title\" content=\"Innovation - Maccaferri Canada\" \/>\n<meta property=\"og:url\" content=\"https:\/\/maccaferri-stage.softecspa.it\/ca\/fr\/innovation\/\" \/>\n<meta property=\"og:site_name\" content=\"Maccaferri Canada\" \/>\n<meta property=\"article:modified_time\" content=\"2023-01-10T17:52:20+00:00\" \/>\n<meta property=\"og:image\" content=\"https:\/\/maccaferri-stage.softecspa.it\/ca\/wp-content\/uploads\/2022\/12\/Adv-2-1.jpg\" \/>\n<meta name=\"twitter:card\" content=\"summary_large_image\" \/>\n<meta name=\"twitter:label1\" content=\"Est. reading time\" \/>\n\t<meta name=\"twitter:data1\" content=\"2 minutes\" \/>\n<script type=\"application\/ld+json\" class=\"yoast-schema-graph\">{\"@context\":\"https:\/\/schema.org\",\"@graph\":[{\"@type\":\"WebPage\",\"@id\":\"https:\/\/maccaferri-stage.softecspa.it\/ca\/fr\/innovation\/\",\"url\":\"https:\/\/maccaferri-stage.softecspa.it\/ca\/fr\/innovation\/\",\"name\":\"Innovation - Maccaferri Canada\",\"isPartOf\":{\"@id\":\"https:\/\/maccaferri-stage.softecspa.it\/ca\/fr\/#website\"},\"primaryImageOfPage\":{\"@id\":\"https:\/\/maccaferri-stage.softecspa.it\/ca\/fr\/innovation\/#primaryimage\"},\"image\":{\"@id\":\"https:\/\/maccaferri-stage.softecspa.it\/ca\/fr\/innovation\/#primaryimage\"},\"thumbnailUrl\":\"https:\/\/maccaferri-stage.softecspa.it\/ca\/wp-content\/uploads\/2022\/12\/Adv-2-1.jpg\",\"datePublished\":\"2022-07-29T09:40:29+00:00\",\"dateModified\":\"2023-01-10T17:52:20+00:00\",\"inLanguage\":\"fr-FR\",\"potentialAction\":[{\"@type\":\"ReadAction\",\"target\":[\"https:\/\/maccaferri-stage.softecspa.it\/ca\/fr\/innovation\/\"]}]},{\"@type\":\"ImageObject\",\"inLanguage\":\"fr-FR\",\"@id\":\"https:\/\/maccaferri-stage.softecspa.it\/ca\/fr\/innovation\/#primaryimage\",\"url\":\"https:\/\/maccaferri-stage.softecspa.it\/ca\/wp-content\/uploads\/2022\/12\/Adv-2-1.jpg\",\"contentUrl\":\"https:\/\/maccaferri-stage.softecspa.it\/ca\/wp-content\/uploads\/2022\/12\/Adv-2-1.jpg\"},{\"@type\":\"WebSite\",\"@id\":\"https:\/\/maccaferri-stage.softecspa.it\/ca\/fr\/#website\",\"url\":\"https:\/\/maccaferri-stage.softecspa.it\/ca\/fr\/\",\"name\":\"Maccaferri Canada\",\"description\":\"\",\"publisher\":{\"@id\":\"https:\/\/maccaferri-stage.softecspa.it\/ca\/fr\/#organization\"},\"potentialAction\":[{\"@type\":\"SearchAction\",\"target\":{\"@type\":\"EntryPoint\",\"urlTemplate\":\"https:\/\/maccaferri-stage.softecspa.it\/ca\/fr\/?s={search_term_string}\"},\"query-input\":{\"@type\":\"PropertyValueSpecification\",\"valueRequired\":true,\"valueName\":\"search_term_string\"}}],\"inLanguage\":\"fr-FR\"},{\"@type\":\"Organization\",\"@id\":\"https:\/\/maccaferri-stage.softecspa.it\/ca\/fr\/#organization\",\"name\":\"Maccaferri Canada\",\"url\":\"https:\/\/maccaferri-stage.softecspa.it\/ca\/fr\/\",\"logo\":{\"@type\":\"ImageObject\",\"inLanguage\":\"fr-FR\",\"@id\":\"https:\/\/maccaferri-stage.softecspa.it\/ca\/fr\/#\/schema\/logo\/image\/\",\"url\":\"\",\"contentUrl\":\"\",\"caption\":\"Maccaferri Canada\"},\"image\":{\"@id\":\"https:\/\/maccaferri-stage.softecspa.it\/ca\/fr\/#\/schema\/logo\/image\/\"}}]}<\/script>\n<!-- \/ Yoast SEO Premium plugin. -->","yoast_head_json":{"title":"Innovation - Maccaferri Canada","robots":{"index":"index","follow":"follow","max-snippet":"max-snippet:-1","max-image-preview":"max-image-preview:large","max-video-preview":"max-video-preview:-1"},"canonical":"https:\/\/maccaferri-stage.softecspa.it\/ca\/fr\/innovation\/","og_locale":"fr_FR","og_type":"article","og_title":"Innovation - Maccaferri Canada","og_url":"https:\/\/maccaferri-stage.softecspa.it\/ca\/fr\/innovation\/","og_site_name":"Maccaferri Canada","article_modified_time":"2023-01-10T17:52:20+00:00","og_image":[{"url":"https:\/\/maccaferri-stage.softecspa.it\/ca\/wp-content\/uploads\/2022\/12\/Adv-2-1.jpg","type":"","width":"","height":""}],"twitter_card":"summary_large_image","twitter_misc":{"Est. reading time":"2 minutes"},"schema":{"@context":"https:\/\/schema.org","@graph":[{"@type":"WebPage","@id":"https:\/\/maccaferri-stage.softecspa.it\/ca\/fr\/innovation\/","url":"https:\/\/maccaferri-stage.softecspa.it\/ca\/fr\/innovation\/","name":"Innovation - Maccaferri Canada","isPartOf":{"@id":"https:\/\/maccaferri-stage.softecspa.it\/ca\/fr\/#website"},"primaryImageOfPage":{"@id":"https:\/\/maccaferri-stage.softecspa.it\/ca\/fr\/innovation\/#primaryimage"},"image":{"@id":"https:\/\/maccaferri-stage.softecspa.it\/ca\/fr\/innovation\/#primaryimage"},"thumbnailUrl":"https:\/\/maccaferri-stage.softecspa.it\/ca\/wp-content\/uploads\/2022\/12\/Adv-2-1.jpg","datePublished":"2022-07-29T09:40:29+00:00","dateModified":"2023-01-10T17:52:20+00:00","inLanguage":"fr-FR","potentialAction":[{"@type":"ReadAction","target":["https:\/\/maccaferri-stage.softecspa.it\/ca\/fr\/innovation\/"]}]},{"@type":"ImageObject","inLanguage":"fr-FR","@id":"https:\/\/maccaferri-stage.softecspa.it\/ca\/fr\/innovation\/#primaryimage","url":"https:\/\/maccaferri-stage.softecspa.it\/ca\/wp-content\/uploads\/2022\/12\/Adv-2-1.jpg","contentUrl":"https:\/\/maccaferri-stage.softecspa.it\/ca\/wp-content\/uploads\/2022\/12\/Adv-2-1.jpg"},{"@type":"WebSite","@id":"https:\/\/maccaferri-stage.softecspa.it\/ca\/fr\/#website","url":"https:\/\/maccaferri-stage.softecspa.it\/ca\/fr\/","name":"Maccaferri Canada","description":"","publisher":{"@id":"https:\/\/maccaferri-stage.softecspa.it\/ca\/fr\/#organization"},"potentialAction":[{"@type":"SearchAction","target":{"@type":"EntryPoint","urlTemplate":"https:\/\/maccaferri-stage.softecspa.it\/ca\/fr\/?s={search_term_string}"},"query-input":{"@type":"PropertyValueSpecification","valueRequired":true,"valueName":"search_term_string"}}],"inLanguage":"fr-FR"},{"@type":"Organization","@id":"https:\/\/maccaferri-stage.softecspa.it\/ca\/fr\/#organization","name":"Maccaferri Canada","url":"https:\/\/maccaferri-stage.softecspa.it\/ca\/fr\/","logo":{"@type":"ImageObject","inLanguage":"fr-FR","@id":"https:\/\/maccaferri-stage.softecspa.it\/ca\/fr\/#\/schema\/logo\/image\/","url":"","contentUrl":"","caption":"Maccaferri Canada"},"image":{"@id":"https:\/\/maccaferri-stage.softecspa.it\/ca\/fr\/#\/schema\/logo\/image\/"}}]}},"_links":{"self":[{"href":"https:\/\/maccaferri-stage.softecspa.it\/ca\/fr\/wp-json\/wp\/v2\/pages\/6217","targetHints":{"allow":["GET"]}}],"collection":[{"href":"https:\/\/maccaferri-stage.softecspa.it\/ca\/fr\/wp-json\/wp\/v2\/pages"}],"about":[{"href":"https:\/\/maccaferri-stage.softecspa.it\/ca\/fr\/wp-json\/wp\/v2\/types\/page"}],"author":[{"embeddable":true,"href":"https:\/\/maccaferri-stage.softecspa.it\/ca\/fr\/wp-json\/wp\/v2\/users\/1"}],"replies":[{"embeddable":true,"href":"https:\/\/maccaferri-stage.softecspa.it\/ca\/fr\/wp-json\/wp\/v2\/comments?post=6217"}],"version-history":[{"count":1,"href":"https:\/\/maccaferri-stage.softecspa.it\/ca\/fr\/wp-json\/wp\/v2\/pages\/6217\/revisions"}],"predecessor-version":[{"id":6218,"href":"https:\/\/maccaferri-stage.softecspa.it\/ca\/fr\/wp-json\/wp\/v2\/pages\/6217\/revisions\/6218"}],"wp:attachment":[{"href":"https:\/\/maccaferri-stage.softecspa.it\/ca\/fr\/wp-json\/wp\/v2\/media?parent=6217"}],"curies":[{"name":"wp","href":"https:\/\/api.w.org\/{rel}","templated":true}]}}