{"id":3514,"date":"2022-12-14T12:27:40","date_gmt":"2022-12-14T11:27:40","guid":{"rendered":"https:\/\/maccaferri-stage.softecspa.it\/de\/?page_id=3514"},"modified":"2023-09-21T17:14:08","modified_gmt":"2023-09-21T15:14:08","slug":"maccaferri-software","status":"publish","type":"page","link":"https:\/\/maccaferri-stage.softecspa.it\/de\/maccaferri-software\/","title":{"rendered":"Maccaferri Software-Suite"},"content":{"rendered":"<div class=\"wp-block-mac-h1-title-hero-block container-fluid block-txt-container\" style=\"background:linear-gradient(180deg,rgb(1,94,111) 0%,rgb(0,72,87) 100%)\"><div class=\"row\"><div class=\"col\"><div class=\"gts__picture\"><img decoding=\"async\" src=\"https:\/\/maccaferri-stage.softecspa.it\/de\/wp-content\/uploads\/2023\/01\/software-4.jpeg\" style=\"display:none\"\/><div class=\"gts__picture__image\" style=\"background-image:url(https:\/\/maccaferri-stage.softecspa.it\/de\/wp-content\/uploads\/2023\/01\/software-4.jpeg)\"><\/div><\/div><div class=\"container box-container\"><div class=\"row\"><div class=\"col title-box-txt\"><h1 class=\"wp-block-mac-h1-title-hero-block\" style=\"color:#ffffff;text-align:none\">Maccaferri Software-Suite<\/h1><\/div><\/div><\/div><\/div><\/div><\/div><div style=\"height:100px\" aria-hidden=\"true\" class=\"wp-block-spacer\"><\/div><div class=\"wp-block-columns is-layout-flex wp-container-core-columns-is-layout-9d6595d7 wp-block-columns-is-layout-flex\"><div class=\"wp-block-column is-layout-flow wp-block-column-is-layout-flow\"><div class=\"wp-block-mac-container-block box-container\"><div class=\"wp-block-columns is-layout-flex wp-container-core-columns-is-layout-9d6595d7 wp-block-columns-is-layout-flex\"><div class=\"wp-block-column is-layout-flow wp-block-column-is-layout-flow\"><div class=\"wp-block-mac-h5-txt-paragraph-block block-txt-container box-container\"><div class=\"row\"><div class=\"col paragraph-box-txt\"><h5 class=\"wp-block-mac-h5-txt-paragraph-block\" style=\"color:#212429;text-align:left\">Unsere weltweit anerkannte und benutzerfreundliche Software-Suite wurde in Zusammenarbeit mit f\u00fchrenden Instituten und Universit\u00e4ten entwickelt und erm\u00f6glicht es Ingenieuren, effektive und zuverl\u00e4ssige L\u00f6sungen f\u00fcr das Bauwesen zu entwerfen und zu liefern.<br>Basierend auf experimentellen Daten, die in jahrzehntelanger Felderfahrung und strengen Testkampagnen gesammelt wurden, erf\u00fcllen unsere Freeware-Softwarel\u00f6sungen die Anforderungen von Bau- und Geotechnikern auf der ganzen Welt und bieten dar\u00fcber hinaus zus\u00e4tzliche Vorteile wie Kosteneffizienz und verbesserte Konstruierbarkeit.<br><br>Setzen Sie sich mit uns in Verbindung, um sich in unseren Softwarel\u00f6sungen schulen zu lassen und mit der Konstruktion von anspruchsvollen und anspruchsvollen Ingenieurl\u00f6sungen unter den verschiedensten Bedingungen zu beginnen.<\/h5><\/div><\/div><\/div><\/div><\/div><\/div><\/div><\/div><div class=\"wp-block-mac-container-block box-container\"><div class=\"wp-block-columns is-layout-flex wp-container-core-columns-is-layout-9d6595d7 wp-block-columns-is-layout-flex\"><div class=\"wp-block-column is-layout-flow wp-block-column-is-layout-flow\"><figure class=\"wp-block-image size-full\"><img decoding=\"async\" src=\"https:\/\/maccaferri-stage.softecspa.it\/de\/wp-content\/uploads\/sites\/26\/2022\/12\/maccaferri-software.png\" alt=\"\" class=\"wp-image-3075\"\/><\/figure><\/div>\n\n<div class=\"wp-block-column is-layout-flow wp-block-column-is-layout-flow\"><div style=\"height:50px\" aria-hidden=\"true\" class=\"wp-block-spacer\"><\/div>\n\n<div class=\"wp-block-mac-h2-title-bold-block block-txt-container box-container\"><div class=\"row\"><div class=\"col title-box-txt\"><h2 style=\"color:#004857;text-align:center\">Online-Software<\/h2><\/div><\/div><\/div>\n\n<p class=\"has-text-align-left has-medium-font-size\">Besuchen Sie die Software-Plattform Maccaferri eDesign. Entwerfen Sie online von \u00fcberall. Es ist kein Download erforderlich.<\/p>\n\n<ul class=\"wp-block-list\" style=\"font-size:19px\"><li><strong>Mac S-Design<\/strong>: Ihre Piste sicherer machen<\/li><li><strong>MacTube Design<\/strong>: Sch\u00fctzen Sie Ihre K\u00fcste<\/li><li><strong>MacBars Design<\/strong>: Stabilisieren Sie Ihren Damm<\/li><li><strong>MACRA Design:<\/strong> Planung von Flusswasserbauwerken<\/li><li><strong>REQUALIFE<\/strong>: Gestaltung von Wasserl\u00e4ufen f\u00fcr eine nachhaltige Zukunft<\/li><\/ul>\n\n<div class=\"wp-block-buttons is-content-justification-center is-layout-flex wp-container-core-buttons-is-layout-16018d1d wp-block-buttons-is-layout-flex\"><div class=\"wp-block-button\"><a class=\"wp-block-button__link\" href=\"https:\/\/edesign.maccaferri.com\/\">Gehen Sie zur Plattform<\/a><\/div><\/div><\/div><\/div><\/div><div style=\"height:150px\" aria-hidden=\"true\" class=\"wp-block-spacer\"><\/div><div class=\"wp-block-mac-container-block box-container\"><div class=\"wp-block-columns is-layout-flex wp-container-core-columns-is-layout-9d6595d7 wp-block-columns-is-layout-flex\"><div class=\"wp-block-column is-layout-flow wp-block-column-is-layout-flow\"><div class=\"wp-block-mac-h2-title-bold-block block-txt-container box-container\"><div class=\"row\"><div class=\"col title-box-txt\"><h2 style=\"color:#004857;text-align:left\">Herunterladbare Design-Software<\/h2><\/div><\/div><\/div>\n\n<p class=\"has-text-align-left has-medium-font-size\">Entdecken Sie unsere Design-Software zum Herunterladen:<\/p>\n\n<ul class=\"wp-block-list\" style=\"font-size:19px\"><li><strong>MACFLOW Studio<\/strong>: Entwurf von wirksamen Entw\u00e4sserungsl\u00f6sungen<\/li><li><strong>MACREAD AASHTO<\/strong>: Entwurf flexibler Belagsschichten<\/li><li><strong>MACREAD Studio<\/strong>: Entwurf von L\u00f6sungen zur Stabilisierung des Stra\u00dfenunterbaus<\/li><li><strong>MACRO Studio<\/strong>: Entwurf von L\u00f6sungen zum Schutz vor Steinschlag an Felsh\u00e4ngen mit Netzen<\/li><li><strong>GAWAC 3.1<\/strong>: Gabionen-B\u00f6schungsmauerprojekt<\/li><\/ul>\n\n<div class=\"wp-block-buttons is-layout-flex wp-block-buttons-is-layout-flex\"><div class=\"wp-block-button aligncenter\"><a class=\"wp-block-button__link\" href=\"https:\/\/maccaferri-stage.softecspa.it\/de\/search?category-link=&amp;r=&amp;sectors-select=&amp;applications-select=&amp;solutions-select=&amp;products-select=&amp;location-select=&amp;full=on&amp;find_softwares=1\">DIE SOFTWARE ERHALTEN<\/a><\/div><\/div><\/div>\n\n<div class=\"wp-block-column is-layout-flow wp-block-column-is-layout-flow\"><div style=\"height:100px\" aria-hidden=\"true\" class=\"wp-block-spacer\"><\/div>\n\n<figure class=\"wp-block-image size-large\"><img decoding=\"async\" src=\"https:\/\/maccaferri-stage.softecspa.it\/de\/wp-content\/uploads\/sites\/26\/2022\/12\/maccaferri-software-downloadable-1024x686.png\" alt=\"\" class=\"wp-image-3728\"\/><\/figure><\/div><\/div><\/div><div style=\"height:100px\" aria-hidden=\"true\" class=\"wp-block-spacer\"><\/div>","protected":false},"excerpt":{"rendered":"","protected":false},"author":2,"featured_media":0,"parent":0,"menu_order":0,"comment_status":"closed","ping_status":"closed","template":"","meta":{"_acf_changed":false,"_joinchat":[],"footnotes":""},"class_list":["post-3514","page","type-page","status-publish","hentry"],"acf":{"uuid_products":"","product-documents":""},"yoast_head":"<!-- This site is optimized with the Yoast SEO Premium plugin v27.0 (Yoast SEO v27.0) - https:\/\/yoast.com\/product\/yoast-seo-premium-wordpress\/ -->\n<title>Maccaferri Software-Suite - Maccaferri Deutschland<\/title>\n<meta name=\"robots\" content=\"index, follow, max-snippet:-1, max-image-preview:large, max-video-preview:-1\" \/>\n<link rel=\"canonical\" href=\"https:\/\/maccaferri-stage.softecspa.it\/de\/maccaferri-software\/\" \/>\n<meta property=\"og:locale\" content=\"de_DE\" \/>\n<meta property=\"og:type\" content=\"article\" \/>\n<meta property=\"og:title\" content=\"Maccaferri Software-Suite - Maccaferri Deutschland\" \/>\n<meta property=\"og:url\" content=\"https:\/\/maccaferri-stage.softecspa.it\/de\/maccaferri-software\/\" \/>\n<meta property=\"og:site_name\" content=\"Maccaferri Deutschland\" \/>\n<meta property=\"article:modified_time\" content=\"2023-09-21T15:14:08+00:00\" \/>\n<meta property=\"og:image\" content=\"https:\/\/maccaferri-stage.softecspa.it\/de\/wp-content\/uploads\/2023\/01\/software-4.jpeg\" \/>\n<meta name=\"twitter:card\" content=\"summary_large_image\" \/>\n<meta name=\"twitter:label1\" content=\"Est. reading time\" \/>\n\t<meta name=\"twitter:data1\" content=\"2 minutes\" \/>\n<script type=\"application\/ld+json\" class=\"yoast-schema-graph\">{\"@context\":\"https:\/\/schema.org\",\"@graph\":[{\"@type\":\"WebPage\",\"@id\":\"https:\/\/maccaferri-stage.softecspa.it\/de\/maccaferri-software\/\",\"url\":\"https:\/\/maccaferri-stage.softecspa.it\/de\/maccaferri-software\/\",\"name\":\"Maccaferri Software-Suite - Maccaferri Deutschland\",\"isPartOf\":{\"@id\":\"https:\/\/maccaferri-stage.softecspa.it\/de\/#website\"},\"primaryImageOfPage\":{\"@id\":\"https:\/\/maccaferri-stage.softecspa.it\/de\/maccaferri-software\/#primaryimage\"},\"image\":{\"@id\":\"https:\/\/maccaferri-stage.softecspa.it\/de\/maccaferri-software\/#primaryimage\"},\"thumbnailUrl\":\"https:\/\/maccaferri-stage.softecspa.it\/de\/wp-content\/uploads\/2023\/01\/software-4.jpeg\",\"datePublished\":\"2022-12-14T11:27:40+00:00\",\"dateModified\":\"2023-09-21T15:14:08+00:00\",\"inLanguage\":\"de-DE\",\"potentialAction\":[{\"@type\":\"ReadAction\",\"target\":[\"https:\/\/maccaferri-stage.softecspa.it\/de\/maccaferri-software\/\"]}]},{\"@type\":\"ImageObject\",\"inLanguage\":\"de-DE\",\"@id\":\"https:\/\/maccaferri-stage.softecspa.it\/de\/maccaferri-software\/#primaryimage\",\"url\":\"\",\"contentUrl\":\"\"},{\"@type\":\"WebSite\",\"@id\":\"https:\/\/maccaferri-stage.softecspa.it\/de\/#website\",\"url\":\"https:\/\/maccaferri-stage.softecspa.it\/de\/\",\"name\":\"Maccaferri Deutschland\",\"description\":\"\",\"publisher\":{\"@id\":\"https:\/\/maccaferri-stage.softecspa.it\/de\/#organization\"},\"potentialAction\":[{\"@type\":\"SearchAction\",\"target\":{\"@type\":\"EntryPoint\",\"urlTemplate\":\"https:\/\/maccaferri-stage.softecspa.it\/de\/?s={search_term_string}\"},\"query-input\":{\"@type\":\"PropertyValueSpecification\",\"valueRequired\":true,\"valueName\":\"search_term_string\"}}],\"inLanguage\":\"de-DE\"},{\"@type\":\"Organization\",\"@id\":\"https:\/\/maccaferri-stage.softecspa.it\/de\/#organization\",\"name\":\"Maccaferri Deutschland\",\"url\":\"https:\/\/maccaferri-stage.softecspa.it\/de\/\",\"logo\":{\"@type\":\"ImageObject\",\"inLanguage\":\"de-DE\",\"@id\":\"https:\/\/maccaferri-stage.softecspa.it\/de\/#\/schema\/logo\/image\/\",\"url\":\"\",\"contentUrl\":\"\",\"caption\":\"Maccaferri Deutschland\"},\"image\":{\"@id\":\"https:\/\/maccaferri-stage.softecspa.it\/de\/#\/schema\/logo\/image\/\"}}]}<\/script>\n<!-- \/ Yoast SEO Premium plugin. -->","yoast_head_json":{"title":"Maccaferri Software-Suite - Maccaferri Deutschland","robots":{"index":"index","follow":"follow","max-snippet":"max-snippet:-1","max-image-preview":"max-image-preview:large","max-video-preview":"max-video-preview:-1"},"canonical":"https:\/\/maccaferri-stage.softecspa.it\/de\/maccaferri-software\/","og_locale":"de_DE","og_type":"article","og_title":"Maccaferri Software-Suite - Maccaferri Deutschland","og_url":"https:\/\/maccaferri-stage.softecspa.it\/de\/maccaferri-software\/","og_site_name":"Maccaferri Deutschland","article_modified_time":"2023-09-21T15:14:08+00:00","og_image":[{"url":"https:\/\/maccaferri-stage.softecspa.it\/de\/wp-content\/uploads\/2023\/01\/software-4.jpeg","type":"","width":"","height":""}],"twitter_card":"summary_large_image","twitter_misc":{"Est. reading time":"2 minutes"},"schema":{"@context":"https:\/\/schema.org","@graph":[{"@type":"WebPage","@id":"https:\/\/maccaferri-stage.softecspa.it\/de\/maccaferri-software\/","url":"https:\/\/maccaferri-stage.softecspa.it\/de\/maccaferri-software\/","name":"Maccaferri Software-Suite - Maccaferri Deutschland","isPartOf":{"@id":"https:\/\/maccaferri-stage.softecspa.it\/de\/#website"},"primaryImageOfPage":{"@id":"https:\/\/maccaferri-stage.softecspa.it\/de\/maccaferri-software\/#primaryimage"},"image":{"@id":"https:\/\/maccaferri-stage.softecspa.it\/de\/maccaferri-software\/#primaryimage"},"thumbnailUrl":"https:\/\/maccaferri-stage.softecspa.it\/de\/wp-content\/uploads\/2023\/01\/software-4.jpeg","datePublished":"2022-12-14T11:27:40+00:00","dateModified":"2023-09-21T15:14:08+00:00","inLanguage":"de-DE","potentialAction":[{"@type":"ReadAction","target":["https:\/\/maccaferri-stage.softecspa.it\/de\/maccaferri-software\/"]}]},{"@type":"ImageObject","inLanguage":"de-DE","@id":"https:\/\/maccaferri-stage.softecspa.it\/de\/maccaferri-software\/#primaryimage","url":"","contentUrl":""},{"@type":"WebSite","@id":"https:\/\/maccaferri-stage.softecspa.it\/de\/#website","url":"https:\/\/maccaferri-stage.softecspa.it\/de\/","name":"Maccaferri Deutschland","description":"","publisher":{"@id":"https:\/\/maccaferri-stage.softecspa.it\/de\/#organization"},"potentialAction":[{"@type":"SearchAction","target":{"@type":"EntryPoint","urlTemplate":"https:\/\/maccaferri-stage.softecspa.it\/de\/?s={search_term_string}"},"query-input":{"@type":"PropertyValueSpecification","valueRequired":true,"valueName":"search_term_string"}}],"inLanguage":"de-DE"},{"@type":"Organization","@id":"https:\/\/maccaferri-stage.softecspa.it\/de\/#organization","name":"Maccaferri Deutschland","url":"https:\/\/maccaferri-stage.softecspa.it\/de\/","logo":{"@type":"ImageObject","inLanguage":"de-DE","@id":"https:\/\/maccaferri-stage.softecspa.it\/de\/#\/schema\/logo\/image\/","url":"","contentUrl":"","caption":"Maccaferri Deutschland"},"image":{"@id":"https:\/\/maccaferri-stage.softecspa.it\/de\/#\/schema\/logo\/image\/"}}]}},"_links":{"self":[{"href":"https:\/\/maccaferri-stage.softecspa.it\/de\/wp-json\/wp\/v2\/pages\/3514","targetHints":{"allow":["GET"]}}],"collection":[{"href":"https:\/\/maccaferri-stage.softecspa.it\/de\/wp-json\/wp\/v2\/pages"}],"about":[{"href":"https:\/\/maccaferri-stage.softecspa.it\/de\/wp-json\/wp\/v2\/types\/page"}],"author":[{"embeddable":true,"href":"https:\/\/maccaferri-stage.softecspa.it\/de\/wp-json\/wp\/v2\/users\/2"}],"replies":[{"embeddable":true,"href":"https:\/\/maccaferri-stage.softecspa.it\/de\/wp-json\/wp\/v2\/comments?post=3514"}],"version-history":[{"count":34,"href":"https:\/\/maccaferri-stage.softecspa.it\/de\/wp-json\/wp\/v2\/pages\/3514\/revisions"}],"predecessor-version":[{"id":54324,"href":"https:\/\/maccaferri-stage.softecspa.it\/de\/wp-json\/wp\/v2\/pages\/3514\/revisions\/54324"}],"wp:attachment":[{"href":"https:\/\/maccaferri-stage.softecspa.it\/de\/wp-json\/wp\/v2\/media?parent=3514"}],"curies":[{"name":"wp","href":"https:\/\/api.w.org\/{rel}","templated":true}]}}