{"id":1398,"date":"2022-07-29T11:40:29","date_gmt":"2022-07-29T09:40:29","guid":{"rendered":"https:\/\/maccaferri-stage.softecspa.it\/es\/?page_id=1398"},"modified":"2023-04-20T11:11:18","modified_gmt":"2023-04-20T09:11:18","slug":"innovacion","status":"publish","type":"page","link":"https:\/\/maccaferri-stage.softecspa.it\/es\/innovacion\/","title":{"rendered":"Innovaci\u00f3n"},"content":{"rendered":"<div class=\"wp-block-mac-h1-title-hero-block container-fluid block-txt-container\" style=\"background:linear-gradient(180deg,rgb(1,94,111) 0%,rgb(0,72,87) 100%)\"><div class=\"row\"><div class=\"col\"><div class=\"gts__picture\"><img decoding=\"async\" src=\"https:\/\/maccaferri-stage.softecspa.it\/es\/wp-content\/uploads\/sites\/28\/2022\/12\/Adv-2-1.jpg\" style=\"display:none\"\/><div class=\"gts__picture__image\" style=\"background-image:url(https:\/\/maccaferri-stage.softecspa.it\/es\/wp-content\/uploads\/sites\/28\/2022\/12\/Adv-2-1.jpg)\"><\/div><\/div><div class=\"container box-container\"><div class=\"row\"><div class=\"col title-box-txt\"><h1 class=\"wp-block-mac-h1-title-hero-block\" style=\"color:#ffffff;text-align:none\">innovaci\u00f3n<\/h1><\/div><\/div><\/div><\/div><\/div><\/div><div class=\"wp-block-mac-h2-title-block block-txt-container box-container\"><div class=\"row\"><div class=\"col title-box-txt\"><h2 style=\"color:#212429;text-align:none\">SOFTWARE PERSONALIZADO MACCAFERRI<\/h2><\/div><\/div><\/div><div class=\"wp-block-columns is-layout-flex wp-container-core-columns-is-layout-9d6595d7 wp-block-columns-is-layout-flex\"><div class=\"wp-block-column is-layout-flow wp-block-column-is-layout-flow\"><div class=\"wp-block-mac-container-block box-container\"><div class=\"wp-block-columns is-layout-flex wp-container-core-columns-is-layout-9d6595d7 wp-block-columns-is-layout-flex\"><div class=\"wp-block-column is-layout-flow wp-block-column-is-layout-flow\"><div class=\"wp-block-columns is-layout-flex wp-container-core-columns-is-layout-9d6595d7 wp-block-columns-is-layout-flex\"><div class=\"wp-block-column is-layout-flow wp-block-column-is-layout-flow\"><p class=\"has-medium-font-size\">Desarrollado en asociaci\u00f3n con institutos y universidades l\u00edderes, nuestro paquete de software f\u00e1cil de usar y aceptado en todo el mundo permite a los ingenieros dise\u00f1ar y ofrecer soluciones de ingenier\u00eda civil efectivas y confiables.<\/p>\n\n<p class=\"has-medium-font-size\">Basadas en datos experimentales recopilados en d\u00e9cadas de experiencia de campo y rigurosas campa\u00f1as de prueba, nuestras soluciones de software gratuito se adaptan a los requisitos de los ingenieros civiles y geot\u00e9cnicos de todo el mundo y, al mismo tiempo, ofrecen beneficios adicionales de rentabilidad y capacidad de construcci\u00f3n mejorada. <\/p>\n\n<p class=\"has-medium-font-size\">P\u00f3ngase en contacto con nosotros para capacitarse en nuestras soluciones de software y comenzar a dise\u00f1ar soluciones de ingenier\u00eda desafiantes y de alto nivel en las condiciones m\u00e1s diversas.<\/p>\n\n<p><\/p><\/div>\n\n<div class=\"wp-block-column is-layout-flow wp-block-column-is-layout-flow\"><figure class=\"wp-block-image aligncenter size-full\"><img decoding=\"async\" src=\"https:\/\/maccaferri-stage.softecspa.it\/es\/wp-content\/uploads\/sites\/28\/2022\/12\/catterre.png\" alt=\"\" class=\"wp-image-3138\"\/><\/figure><\/div><\/div><\/div><\/div><\/div><\/div><\/div><div class=\"wp-block-mac-banner-title-cta  box-container block-cta\" style=\"background:#015E6F\"><div class=\"container box-container\"><div class=\"row\"><div class=\"col-2 col-sm-2 col-md-2 col-lg-2 col-xl-2 col-xxl-2\"><div class=\"box-image\"><img decoding=\"async\" class=\"image\" src=\"https:\/\/maccaferri-stage.softecspa.it\/es\/wp-content\/uploads\/sites\/28\/2022\/11\/img-banner-software.png\" alt=\"Image\"\/><\/div><\/div><div class=\"col-7 col-sm-7 col-md-7 col-lg-7 col-xl-7 col-xxl-7\"><div class=\"banner-box-txt\" style=\"text-align:default\"><h4 class=\"title\">USA NUESTRO SOFTWARE PARA DISE\u00d1AR EL FUTURO<\/h4><\/div><\/div><div class=\"col-3 col-sm-3 col-md-3 col-lg-3 col-xl-3 col-xxl-3\"><div class=\"button-box-txt\"><a href=\"https:\/\/maccaferri-stage.softecspa.it\/es\/maccaferri-paquete-de-programas\" target=\"_blank\" class=\"buttonurl\" rel=\"noopener\"><span class=\"buttontext\">Ir a la plataforma<\/span><\/a><\/div><\/div><\/div><\/div><\/div><div style=\"height:100px\" aria-hidden=\"true\" class=\"wp-block-spacer\"><\/div><div class=\"wp-block-mac-h2-title-block block-txt-container box-container\"><div class=\"row\"><div class=\"col title-box-txt\"><h2 style=\"color:#212429;text-align:none\">OBJETOS BIM MACCAFERRI<\/h2><\/div><\/div><\/div><div class=\"wp-block-mac-container-block box-container\"><div class=\"wp-block-columns is-layout-flex wp-container-core-columns-is-layout-9d6595d7 wp-block-columns-is-layout-flex\"><div class=\"wp-block-column is-layout-flow wp-block-column-is-layout-flow\"><div class=\"wp-block-columns is-layout-flex wp-container-core-columns-is-layout-9d6595d7 wp-block-columns-is-layout-flex\"><div class=\"wp-block-column is-layout-flow wp-block-column-is-layout-flow\"><figure class=\"wp-block-image size-large\"><img decoding=\"async\" src=\"https:\/\/maccaferri-stage.softecspa.it\/es\/wp-content\/uploads\/sites\/28\/2022\/12\/Maccaferri-BIM-Objects-1024x675.png\" alt=\"\" class=\"wp-image-3547\"\/><\/figure>\n\n<p><\/p><\/div>\n\n<div class=\"wp-block-column is-layout-flow wp-block-column-is-layout-flow\"><p class=\"has-medium-font-size\">Maccaferri se compromete a promover la colaboraci\u00f3n entre las partes interesadas de la industria a lo largo del ciclo de vida de un proyecto. Con este objetivo en mente, ponemos a disposici\u00f3n nuestras soluciones tambi\u00e9n como Building Information Model Objects, fomentando la adopci\u00f3n de la tecnolog\u00eda BIM para mejorar los procesos de dise\u00f1o y construcci\u00f3n, evitando imprecisiones en la operaci\u00f3n en el sitio.<\/p><\/div><\/div><\/div><\/div><\/div><div class=\"wp-block-columns is-layout-flex wp-container-core-columns-is-layout-9d6595d7 wp-block-columns-is-layout-flex\"><div class=\"wp-block-column is-layout-flow wp-block-column-is-layout-flow\"><div class=\"wp-block-mac-container-block box-container\"><div class=\"wp-block-columns is-layout-flex wp-container-core-columns-is-layout-9d6595d7 wp-block-columns-is-layout-flex\"><div class=\"wp-block-column is-layout-flow wp-block-column-is-layout-flow\"><div class=\"wp-block-mac-banner-title-cta  box-container block-cta\" style=\"background:#015E6F\"><div class=\"container box-container\"><div class=\"row\"><div class=\"col-2 col-sm-2 col-md-2 col-lg-2 col-xl-2 col-xxl-2\"><div class=\"box-image\"><img decoding=\"async\" class=\"image\" src=\"https:\/\/maccaferri-stage.softecspa.it\/es\/wp-content\/uploads\/sites\/28\/2022\/11\/img-banner-software.png\" alt=\"Image\"\/><\/div><\/div><div class=\"col-7 col-sm-7 col-md-7 col-lg-7 col-xl-7 col-xxl-7\"><div class=\"banner-box-txt\" style=\"text-align:default\"><h4 class=\"title\">USA NUESTROS OBJETOS BIM PARA DISE\u00d1AR EL FUTURO<\/h4><\/div><\/div><div class=\"col-3 col-sm-3 col-md-3 col-lg-3 col-xl-3 col-xxl-3\"><div class=\"button-box-txt\"><a href=\"https:\/\/maccaferri-stage.softecspa.it\/es\/biblioteca-de-objetos-bim\" target=\"_blank\" class=\"buttonurl\" rel=\"noopener\"><span class=\"buttontext\">Descarga nuestros paquetes BIM<\/span><\/a><\/div><\/div><\/div><\/div><\/div><\/div><\/div><\/div><\/div><\/div>","protected":false},"excerpt":{"rendered":"","protected":false},"author":1,"featured_media":0,"parent":0,"menu_order":0,"comment_status":"closed","ping_status":"closed","template":"","meta":{"_acf_changed":false,"_joinchat":[],"footnotes":""},"class_list":["post-1398","page","type-page","status-publish","hentry"],"acf":{"uuid_products":"","product-documents":""},"yoast_head":"<!-- This site is optimized with the Yoast SEO Premium plugin v27.0 (Yoast SEO v27.0) - https:\/\/yoast.com\/product\/yoast-seo-premium-wordpress\/ -->\n<title>Innovaci\u00f3n - Maccaferri Espa\u00f1a<\/title>\n<meta name=\"description\" content=\"La innovaci\u00f3n en t\u00e9rminos de soluciones y productos es una parte importante de la evoluci\u00f3n de las empresas exitosas. Desde nuestra fundaci\u00f3n, hace m\u00e1s de 140 a\u00f1os, trabajamos d\u00eda a d\u00eda para encontrar las mejores soluciones para nuestros clientes en todos los grados de latitud y longitud\" \/>\n<meta name=\"robots\" content=\"index, follow, max-snippet:-1, max-image-preview:large, max-video-preview:-1\" \/>\n<link rel=\"canonical\" href=\"https:\/\/maccaferri-stage.softecspa.it\/es\/innovacion\/\" \/>\n<meta property=\"og:locale\" content=\"es_ES\" \/>\n<meta property=\"og:type\" content=\"article\" \/>\n<meta property=\"og:title\" content=\"Innovaci\u00f3n - Maccaferri Espa\u00f1a\" \/>\n<meta property=\"og:description\" content=\"La innovaci\u00f3n en t\u00e9rminos de soluciones y productos es una parte importante de la evoluci\u00f3n de las empresas exitosas. Desde nuestra fundaci\u00f3n, hace m\u00e1s de 140 a\u00f1os, trabajamos d\u00eda a d\u00eda para encontrar las mejores soluciones para nuestros clientes en todos los grados de latitud y longitud\" \/>\n<meta property=\"og:url\" content=\"https:\/\/maccaferri-stage.softecspa.it\/es\/innovacion\/\" \/>\n<meta property=\"og:site_name\" content=\"Maccaferri Espa\u00f1a\" \/>\n<meta property=\"article:modified_time\" content=\"2023-04-20T09:11:18+00:00\" \/>\n<meta property=\"og:image\" content=\"https:\/\/maccaferri-stage.softecspa.it\/es\/wp-content\/uploads\/sites\/28\/2022\/12\/Adv-2-1.jpg\" \/>\n<meta name=\"twitter:card\" content=\"summary_large_image\" \/>\n<meta name=\"twitter:label1\" content=\"Est. reading time\" \/>\n\t<meta name=\"twitter:data1\" content=\"2 minutes\" \/>\n<script type=\"application\/ld+json\" class=\"yoast-schema-graph\">{\"@context\":\"https:\/\/schema.org\",\"@graph\":[{\"@type\":\"WebPage\",\"@id\":\"https:\/\/maccaferri-stage.softecspa.it\/es\/innovacion\/\",\"url\":\"https:\/\/maccaferri-stage.softecspa.it\/es\/innovacion\/\",\"name\":\"Innovaci\u00f3n - Maccaferri Espa\u00f1a\",\"isPartOf\":{\"@id\":\"https:\/\/maccaferri-stage.softecspa.it\/es\/#website\"},\"primaryImageOfPage\":{\"@id\":\"https:\/\/maccaferri-stage.softecspa.it\/es\/innovacion\/#primaryimage\"},\"image\":{\"@id\":\"https:\/\/maccaferri-stage.softecspa.it\/es\/innovacion\/#primaryimage\"},\"thumbnailUrl\":\"https:\/\/maccaferri-stage.softecspa.it\/es\/wp-content\/uploads\/sites\/28\/2022\/12\/Adv-2-1.jpg\",\"datePublished\":\"2022-07-29T09:40:29+00:00\",\"dateModified\":\"2023-04-20T09:11:18+00:00\",\"description\":\"La innovaci\u00f3n en t\u00e9rminos de soluciones y productos es una parte importante de la evoluci\u00f3n de las empresas exitosas. Desde nuestra fundaci\u00f3n, hace m\u00e1s de 140 a\u00f1os, trabajamos d\u00eda a d\u00eda para encontrar las mejores soluciones para nuestros clientes en todos los grados de latitud y longitud\",\"inLanguage\":\"es-ES\",\"potentialAction\":[{\"@type\":\"ReadAction\",\"target\":[\"https:\/\/maccaferri-stage.softecspa.it\/es\/innovacion\/\"]}]},{\"@type\":\"ImageObject\",\"inLanguage\":\"es-ES\",\"@id\":\"https:\/\/maccaferri-stage.softecspa.it\/es\/innovacion\/#primaryimage\",\"url\":\"https:\/\/maccaferri-stage.softecspa.it\/es\/wp-content\/uploads\/sites\/28\/2022\/12\/Adv-2-1.jpg\",\"contentUrl\":\"https:\/\/maccaferri-stage.softecspa.it\/es\/wp-content\/uploads\/sites\/28\/2022\/12\/Adv-2-1.jpg\"},{\"@type\":\"WebSite\",\"@id\":\"https:\/\/maccaferri-stage.softecspa.it\/es\/#website\",\"url\":\"https:\/\/maccaferri-stage.softecspa.it\/es\/\",\"name\":\"Maccaferri Espa\u00f1a\",\"description\":\"\",\"publisher\":{\"@id\":\"https:\/\/maccaferri-stage.softecspa.it\/es\/#organization\"},\"potentialAction\":[{\"@type\":\"SearchAction\",\"target\":{\"@type\":\"EntryPoint\",\"urlTemplate\":\"https:\/\/maccaferri-stage.softecspa.it\/es\/?s={search_term_string}\"},\"query-input\":{\"@type\":\"PropertyValueSpecification\",\"valueRequired\":true,\"valueName\":\"search_term_string\"}}],\"inLanguage\":\"es-ES\"},{\"@type\":\"Organization\",\"@id\":\"https:\/\/maccaferri-stage.softecspa.it\/es\/#organization\",\"name\":\"Maccaferri Espa\u00f1a\",\"url\":\"https:\/\/maccaferri-stage.softecspa.it\/es\/\",\"logo\":{\"@type\":\"ImageObject\",\"inLanguage\":\"es-ES\",\"@id\":\"https:\/\/maccaferri-stage.softecspa.it\/es\/#\/schema\/logo\/image\/\",\"url\":\"\",\"contentUrl\":\"\",\"caption\":\"Maccaferri Espa\u00f1a\"},\"image\":{\"@id\":\"https:\/\/maccaferri-stage.softecspa.it\/es\/#\/schema\/logo\/image\/\"}}]}<\/script>\n<!-- \/ Yoast SEO Premium plugin. -->","yoast_head_json":{"title":"Innovaci\u00f3n - Maccaferri Espa\u00f1a","description":"La innovaci\u00f3n en t\u00e9rminos de soluciones y productos es una parte importante de la evoluci\u00f3n de las empresas exitosas. Desde nuestra fundaci\u00f3n, hace m\u00e1s de 140 a\u00f1os, trabajamos d\u00eda a d\u00eda para encontrar las mejores soluciones para nuestros clientes en todos los grados de latitud y longitud","robots":{"index":"index","follow":"follow","max-snippet":"max-snippet:-1","max-image-preview":"max-image-preview:large","max-video-preview":"max-video-preview:-1"},"canonical":"https:\/\/maccaferri-stage.softecspa.it\/es\/innovacion\/","og_locale":"es_ES","og_type":"article","og_title":"Innovaci\u00f3n - Maccaferri Espa\u00f1a","og_description":"La innovaci\u00f3n en t\u00e9rminos de soluciones y productos es una parte importante de la evoluci\u00f3n de las empresas exitosas. Desde nuestra fundaci\u00f3n, hace m\u00e1s de 140 a\u00f1os, trabajamos d\u00eda a d\u00eda para encontrar las mejores soluciones para nuestros clientes en todos los grados de latitud y longitud","og_url":"https:\/\/maccaferri-stage.softecspa.it\/es\/innovacion\/","og_site_name":"Maccaferri Espa\u00f1a","article_modified_time":"2023-04-20T09:11:18+00:00","og_image":[{"url":"https:\/\/maccaferri-stage.softecspa.it\/es\/wp-content\/uploads\/sites\/28\/2022\/12\/Adv-2-1.jpg","type":"","width":"","height":""}],"twitter_card":"summary_large_image","twitter_misc":{"Est. reading time":"2 minutes"},"schema":{"@context":"https:\/\/schema.org","@graph":[{"@type":"WebPage","@id":"https:\/\/maccaferri-stage.softecspa.it\/es\/innovacion\/","url":"https:\/\/maccaferri-stage.softecspa.it\/es\/innovacion\/","name":"Innovaci\u00f3n - Maccaferri Espa\u00f1a","isPartOf":{"@id":"https:\/\/maccaferri-stage.softecspa.it\/es\/#website"},"primaryImageOfPage":{"@id":"https:\/\/maccaferri-stage.softecspa.it\/es\/innovacion\/#primaryimage"},"image":{"@id":"https:\/\/maccaferri-stage.softecspa.it\/es\/innovacion\/#primaryimage"},"thumbnailUrl":"https:\/\/maccaferri-stage.softecspa.it\/es\/wp-content\/uploads\/sites\/28\/2022\/12\/Adv-2-1.jpg","datePublished":"2022-07-29T09:40:29+00:00","dateModified":"2023-04-20T09:11:18+00:00","description":"La innovaci\u00f3n en t\u00e9rminos de soluciones y productos es una parte importante de la evoluci\u00f3n de las empresas exitosas. Desde nuestra fundaci\u00f3n, hace m\u00e1s de 140 a\u00f1os, trabajamos d\u00eda a d\u00eda para encontrar las mejores soluciones para nuestros clientes en todos los grados de latitud y longitud","inLanguage":"es-ES","potentialAction":[{"@type":"ReadAction","target":["https:\/\/maccaferri-stage.softecspa.it\/es\/innovacion\/"]}]},{"@type":"ImageObject","inLanguage":"es-ES","@id":"https:\/\/maccaferri-stage.softecspa.it\/es\/innovacion\/#primaryimage","url":"https:\/\/maccaferri-stage.softecspa.it\/es\/wp-content\/uploads\/sites\/28\/2022\/12\/Adv-2-1.jpg","contentUrl":"https:\/\/maccaferri-stage.softecspa.it\/es\/wp-content\/uploads\/sites\/28\/2022\/12\/Adv-2-1.jpg"},{"@type":"WebSite","@id":"https:\/\/maccaferri-stage.softecspa.it\/es\/#website","url":"https:\/\/maccaferri-stage.softecspa.it\/es\/","name":"Maccaferri Espa\u00f1a","description":"","publisher":{"@id":"https:\/\/maccaferri-stage.softecspa.it\/es\/#organization"},"potentialAction":[{"@type":"SearchAction","target":{"@type":"EntryPoint","urlTemplate":"https:\/\/maccaferri-stage.softecspa.it\/es\/?s={search_term_string}"},"query-input":{"@type":"PropertyValueSpecification","valueRequired":true,"valueName":"search_term_string"}}],"inLanguage":"es-ES"},{"@type":"Organization","@id":"https:\/\/maccaferri-stage.softecspa.it\/es\/#organization","name":"Maccaferri Espa\u00f1a","url":"https:\/\/maccaferri-stage.softecspa.it\/es\/","logo":{"@type":"ImageObject","inLanguage":"es-ES","@id":"https:\/\/maccaferri-stage.softecspa.it\/es\/#\/schema\/logo\/image\/","url":"","contentUrl":"","caption":"Maccaferri Espa\u00f1a"},"image":{"@id":"https:\/\/maccaferri-stage.softecspa.it\/es\/#\/schema\/logo\/image\/"}}]}},"_links":{"self":[{"href":"https:\/\/maccaferri-stage.softecspa.it\/es\/wp-json\/wp\/v2\/pages\/1398","targetHints":{"allow":["GET"]}}],"collection":[{"href":"https:\/\/maccaferri-stage.softecspa.it\/es\/wp-json\/wp\/v2\/pages"}],"about":[{"href":"https:\/\/maccaferri-stage.softecspa.it\/es\/wp-json\/wp\/v2\/types\/page"}],"author":[{"embeddable":true,"href":"https:\/\/maccaferri-stage.softecspa.it\/es\/wp-json\/wp\/v2\/users\/1"}],"replies":[{"embeddable":true,"href":"https:\/\/maccaferri-stage.softecspa.it\/es\/wp-json\/wp\/v2\/comments?post=1398"}],"version-history":[{"count":46,"href":"https:\/\/maccaferri-stage.softecspa.it\/es\/wp-json\/wp\/v2\/pages\/1398\/revisions"}],"predecessor-version":[{"id":12310,"href":"https:\/\/maccaferri-stage.softecspa.it\/es\/wp-json\/wp\/v2\/pages\/1398\/revisions\/12310"}],"wp:attachment":[{"href":"https:\/\/maccaferri-stage.softecspa.it\/es\/wp-json\/wp\/v2\/media?parent=1398"}],"curies":[{"name":"wp","href":"https:\/\/api.w.org\/{rel}","templated":true}]}}