{"id":3514,"date":"2022-12-14T12:27:40","date_gmt":"2022-12-14T11:27:40","guid":{"rendered":"https:\/\/maccaferri-stage.softecspa.it\/es\/?page_id=3514"},"modified":"2023-09-14T17:12:37","modified_gmt":"2023-09-14T15:12:37","slug":"maccaferri-paquete-de-programas","status":"publish","type":"page","link":"https:\/\/maccaferri-stage.softecspa.it\/es\/maccaferri-paquete-de-programas\/","title":{"rendered":"Maccaferri Paquete de programas"},"content":{"rendered":"<div class=\"wp-block-mac-h1-title-hero-block container-fluid block-txt-container\" style=\"background:linear-gradient(180deg,rgb(1,94,111) 0%,rgb(0,72,87) 100%)\"><div class=\"row\"><div class=\"col\"><div class=\"gts__picture\"><img decoding=\"async\" src=\"https:\/\/maccaferri-stage.softecspa.it\/es\/wp-content\/uploads\/2023\/07\/software-1.png\" style=\"display:none\"\/><div class=\"gts__picture__image\" style=\"background-image:url(https:\/\/maccaferri-stage.softecspa.it\/es\/wp-content\/uploads\/2023\/07\/software-1.png)\"><\/div><\/div><div class=\"container box-container\"><div class=\"row\"><div class=\"col title-box-txt\"><h1 class=\"wp-block-mac-h1-title-hero-block\" style=\"color:#ffffff;text-align:none\">Maccaferri Paquete de programas<\/h1><\/div><\/div><\/div><\/div><\/div><\/div><div style=\"height:100px\" aria-hidden=\"true\" class=\"wp-block-spacer\"><\/div><div class=\"wp-block-columns is-layout-flex wp-container-core-columns-is-layout-9d6595d7 wp-block-columns-is-layout-flex\"><div class=\"wp-block-column is-layout-flow wp-block-column-is-layout-flow\"><div class=\"wp-block-mac-container-block box-container\"><div class=\"wp-block-columns is-layout-flex wp-container-core-columns-is-layout-9d6595d7 wp-block-columns-is-layout-flex\"><div class=\"wp-block-column is-layout-flow wp-block-column-is-layout-flow\"><div class=\"wp-block-mac-h5-txt-paragraph-block block-txt-container box-container\"><div class=\"row\"><div class=\"col paragraph-box-txt\"><h5 class=\"wp-block-mac-h5-txt-paragraph-block\" style=\"color:#212429;text-align:left\">Desarrollado en colaboraci\u00f3n con los principales institutos y universidades, nuestro paquete de software de f\u00e1cil manejo y aceptaci\u00f3n mundial permite a los ingenieros dise\u00f1ar y ofrecer soluciones de ingenier\u00eda civil eficaces y fiables.<br>Basadas en datos experimentales recogidos en d\u00e9cadas de experiencia sobre el terreno y en rigurosas campa\u00f1as de pruebas, nuestras soluciones de software gratuitas se adaptan a los requisitos de ingenieros civiles y geot\u00e9cnicos de todo el mundo, al tiempo que ofrecen ventajas adicionales de rentabilidad y mejora de la edificabilidad.<br><br>P\u00f3ngase en contacto con nosotros para recibir formaci\u00f3n sobre nuestras soluciones de software y comience a dise\u00f1ar soluciones de ingenier\u00eda exigentes y de gama alta en las condiciones m\u00e1s diversas.<\/h5><\/div><\/div><\/div><\/div><\/div><\/div><\/div><\/div><div class=\"wp-block-mac-container-block box-container\"><div class=\"wp-block-columns is-layout-flex wp-container-core-columns-is-layout-9d6595d7 wp-block-columns-is-layout-flex\"><div class=\"wp-block-column is-layout-flow wp-block-column-is-layout-flow\"><figure class=\"wp-block-image size-full\"><img decoding=\"async\" src=\"https:\/\/maccaferri-stage.softecspa.it\/es\/wp-content\/uploads\/sites\/28\/2022\/12\/maccaferri-software.png\" alt=\"\" class=\"wp-image-3075\"\/><\/figure><\/div>\n\n<div class=\"wp-block-column is-layout-flow wp-block-column-is-layout-flow\"><div style=\"height:50px\" aria-hidden=\"true\" class=\"wp-block-spacer\"><\/div>\n\n<div class=\"wp-block-mac-h2-title-bold-block block-txt-container box-container\"><div class=\"row\"><div class=\"col title-box-txt\"><h2 style=\"color:#004857;text-align:center\">Programas en l\u00ednea<\/h2><\/div><\/div><\/div>\n\n<p class=\"has-text-align-left has-medium-font-size\">Visite la plataforma de software Maccaferri eDesign. Dise\u00f1e en l\u00ednea desde cualquier lugar. No es necesario descargar nada.<\/p>\n\n<ul class=\"wp-block-list\" style=\"font-size:19px\"><li><strong>Mac S-Design<\/strong>: haga que su pendiente sea m\u00e1s segura<\/li><li><strong>MacTube Design<\/strong>: proteja su costa<\/li><li><strong>MacBars Design<\/strong>: estabilice su terrapl\u00e9n<\/li><li><strong>MACRA Design<\/strong>: dise\u00f1o de obras hidr\u00e1ulicas fluviales<\/li><li><strong>REQUALIFE<\/strong>: dise\u00f1ar cursos de agua para un futuro sostenible<\/li><\/ul>\n\n<div class=\"wp-block-buttons is-content-justification-center is-layout-flex wp-container-core-buttons-is-layout-16018d1d wp-block-buttons-is-layout-flex\"><div class=\"wp-block-button\"><a class=\"wp-block-button__link\" href=\"https:\/\/edesign.maccaferri.com\/\">Acceder a la plataforma<\/a><\/div><\/div><\/div><\/div><\/div><div style=\"height:150px\" aria-hidden=\"true\" class=\"wp-block-spacer\"><\/div><div class=\"wp-block-mac-container-block box-container\"><div class=\"wp-block-columns is-layout-flex wp-container-core-columns-is-layout-9d6595d7 wp-block-columns-is-layout-flex\"><div class=\"wp-block-column is-layout-flow wp-block-column-is-layout-flow\"><div class=\"wp-block-mac-h2-title-bold-block block-txt-container box-container\"><div class=\"row\"><div class=\"col title-box-txt\"><h2 style=\"color:#004857;text-align:left\">Programas de dise\u00f1o descargables<\/h2><\/div><\/div><\/div>\n\n<p class=\"has-text-align-left has-medium-font-size\">Descubra nuestro programa de dise\u00f1o descargable:<\/p>\n\n<ul class=\"wp-block-list\" style=\"font-size:19px\"><li><strong>MACFLOW Studio<\/strong>: dise\u00f1o de soluciones eficaces de drenaje<\/li><li><strong>MACREAD AASHTO<\/strong>: dise\u00f1o de capas de firme flexible<\/li><li><strong>MACREAD Studio<\/strong>: dise\u00f1o de soluciones de estabilizaci\u00f3n de subrasantes de carreteras<\/li><li><strong>MACRO Studio<\/strong>: dise\u00f1o de soluciones de protecci\u00f3n con redes contra desprendimientos de rocas en taludes rocosos<\/li><li><strong>GAWAC 3.1<\/strong>: proyecto de muros de contenci\u00f3n en gaviones<\/li><\/ul>\n\n<div class=\"wp-block-buttons is-layout-flex wp-block-buttons-is-layout-flex\"><div class=\"wp-block-button aligncenter\"><a class=\"wp-block-button__link\" href=\"https:\/\/maccaferri-stage.softecspa.it\/es\/search?category-link=&amp;r=&amp;sectors-select=&amp;applications-select=&amp;solutions-select=&amp;products-select=&amp;location-select=&amp;full=on&amp;find_softwares=1\">OBTENGA EL PROGRAMA<\/a><\/div><\/div><\/div>\n\n<div class=\"wp-block-column is-layout-flow wp-block-column-is-layout-flow\"><div style=\"height:100px\" aria-hidden=\"true\" class=\"wp-block-spacer\"><\/div>\n\n<figure class=\"wp-block-image size-large\"><img decoding=\"async\" src=\"https:\/\/maccaferri-stage.softecspa.it\/es\/wp-content\/uploads\/sites\/28\/2022\/12\/maccaferri-software-downloadable-1024x686.png\" alt=\"\" class=\"wp-image-3728\"\/><\/figure><\/div><\/div><\/div><div style=\"height:100px\" aria-hidden=\"true\" class=\"wp-block-spacer\"><\/div>","protected":false},"excerpt":{"rendered":"","protected":false},"author":2,"featured_media":0,"parent":0,"menu_order":0,"comment_status":"closed","ping_status":"closed","template":"","meta":{"_acf_changed":false,"_joinchat":[],"footnotes":""},"class_list":["post-3514","page","type-page","status-publish","hentry"],"acf":{"uuid_products":"","product-documents":""},"yoast_head":"<!-- This site is optimized with the Yoast SEO Premium plugin v27.0 (Yoast SEO v27.0) - https:\/\/yoast.com\/product\/yoast-seo-premium-wordpress\/ -->\n<title>Maccaferri Paquete de programas - Maccaferri Espa\u00f1a<\/title>\n<meta name=\"robots\" content=\"index, follow, max-snippet:-1, max-image-preview:large, max-video-preview:-1\" \/>\n<link rel=\"canonical\" href=\"https:\/\/maccaferri-stage.softecspa.it\/es\/maccaferri-paquete-de-programas\/\" \/>\n<meta property=\"og:locale\" content=\"es_ES\" \/>\n<meta property=\"og:type\" content=\"article\" \/>\n<meta property=\"og:title\" content=\"Maccaferri Paquete de programas - Maccaferri Espa\u00f1a\" \/>\n<meta property=\"og:url\" content=\"https:\/\/maccaferri-stage.softecspa.it\/es\/maccaferri-paquete-de-programas\/\" \/>\n<meta property=\"og:site_name\" content=\"Maccaferri Espa\u00f1a\" \/>\n<meta property=\"article:modified_time\" content=\"2023-09-14T15:12:37+00:00\" \/>\n<meta property=\"og:image\" content=\"https:\/\/maccaferri-stage.softecspa.it\/es\/wp-content\/uploads\/2023\/07\/software-1.png\" \/>\n<meta name=\"twitter:card\" content=\"summary_large_image\" \/>\n<meta name=\"twitter:label1\" content=\"Est. reading time\" \/>\n\t<meta name=\"twitter:data1\" content=\"2 minutes\" \/>\n<script type=\"application\/ld+json\" class=\"yoast-schema-graph\">{\"@context\":\"https:\/\/schema.org\",\"@graph\":[{\"@type\":\"WebPage\",\"@id\":\"https:\/\/maccaferri-stage.softecspa.it\/es\/maccaferri-paquete-de-programas\/\",\"url\":\"https:\/\/maccaferri-stage.softecspa.it\/es\/maccaferri-paquete-de-programas\/\",\"name\":\"Maccaferri Paquete de programas - Maccaferri Espa\u00f1a\",\"isPartOf\":{\"@id\":\"https:\/\/maccaferri-stage.softecspa.it\/es\/#website\"},\"primaryImageOfPage\":{\"@id\":\"https:\/\/maccaferri-stage.softecspa.it\/es\/maccaferri-paquete-de-programas\/#primaryimage\"},\"image\":{\"@id\":\"https:\/\/maccaferri-stage.softecspa.it\/es\/maccaferri-paquete-de-programas\/#primaryimage\"},\"thumbnailUrl\":\"https:\/\/maccaferri-stage.softecspa.it\/es\/wp-content\/uploads\/2023\/07\/software-1.png\",\"datePublished\":\"2022-12-14T11:27:40+00:00\",\"dateModified\":\"2023-09-14T15:12:37+00:00\",\"inLanguage\":\"es-ES\",\"potentialAction\":[{\"@type\":\"ReadAction\",\"target\":[\"https:\/\/maccaferri-stage.softecspa.it\/es\/maccaferri-paquete-de-programas\/\"]}]},{\"@type\":\"ImageObject\",\"inLanguage\":\"es-ES\",\"@id\":\"https:\/\/maccaferri-stage.softecspa.it\/es\/maccaferri-paquete-de-programas\/#primaryimage\",\"url\":\"\",\"contentUrl\":\"\"},{\"@type\":\"WebSite\",\"@id\":\"https:\/\/maccaferri-stage.softecspa.it\/es\/#website\",\"url\":\"https:\/\/maccaferri-stage.softecspa.it\/es\/\",\"name\":\"Maccaferri Espa\u00f1a\",\"description\":\"\",\"publisher\":{\"@id\":\"https:\/\/maccaferri-stage.softecspa.it\/es\/#organization\"},\"potentialAction\":[{\"@type\":\"SearchAction\",\"target\":{\"@type\":\"EntryPoint\",\"urlTemplate\":\"https:\/\/maccaferri-stage.softecspa.it\/es\/?s={search_term_string}\"},\"query-input\":{\"@type\":\"PropertyValueSpecification\",\"valueRequired\":true,\"valueName\":\"search_term_string\"}}],\"inLanguage\":\"es-ES\"},{\"@type\":\"Organization\",\"@id\":\"https:\/\/maccaferri-stage.softecspa.it\/es\/#organization\",\"name\":\"Maccaferri Espa\u00f1a\",\"url\":\"https:\/\/maccaferri-stage.softecspa.it\/es\/\",\"logo\":{\"@type\":\"ImageObject\",\"inLanguage\":\"es-ES\",\"@id\":\"https:\/\/maccaferri-stage.softecspa.it\/es\/#\/schema\/logo\/image\/\",\"url\":\"\",\"contentUrl\":\"\",\"caption\":\"Maccaferri Espa\u00f1a\"},\"image\":{\"@id\":\"https:\/\/maccaferri-stage.softecspa.it\/es\/#\/schema\/logo\/image\/\"}}]}<\/script>\n<!-- \/ Yoast SEO Premium plugin. -->","yoast_head_json":{"title":"Maccaferri Paquete de programas - Maccaferri Espa\u00f1a","robots":{"index":"index","follow":"follow","max-snippet":"max-snippet:-1","max-image-preview":"max-image-preview:large","max-video-preview":"max-video-preview:-1"},"canonical":"https:\/\/maccaferri-stage.softecspa.it\/es\/maccaferri-paquete-de-programas\/","og_locale":"es_ES","og_type":"article","og_title":"Maccaferri Paquete de programas - Maccaferri Espa\u00f1a","og_url":"https:\/\/maccaferri-stage.softecspa.it\/es\/maccaferri-paquete-de-programas\/","og_site_name":"Maccaferri Espa\u00f1a","article_modified_time":"2023-09-14T15:12:37+00:00","og_image":[{"url":"https:\/\/maccaferri-stage.softecspa.it\/es\/wp-content\/uploads\/2023\/07\/software-1.png","type":"","width":"","height":""}],"twitter_card":"summary_large_image","twitter_misc":{"Est. reading time":"2 minutes"},"schema":{"@context":"https:\/\/schema.org","@graph":[{"@type":"WebPage","@id":"https:\/\/maccaferri-stage.softecspa.it\/es\/maccaferri-paquete-de-programas\/","url":"https:\/\/maccaferri-stage.softecspa.it\/es\/maccaferri-paquete-de-programas\/","name":"Maccaferri Paquete de programas - Maccaferri Espa\u00f1a","isPartOf":{"@id":"https:\/\/maccaferri-stage.softecspa.it\/es\/#website"},"primaryImageOfPage":{"@id":"https:\/\/maccaferri-stage.softecspa.it\/es\/maccaferri-paquete-de-programas\/#primaryimage"},"image":{"@id":"https:\/\/maccaferri-stage.softecspa.it\/es\/maccaferri-paquete-de-programas\/#primaryimage"},"thumbnailUrl":"https:\/\/maccaferri-stage.softecspa.it\/es\/wp-content\/uploads\/2023\/07\/software-1.png","datePublished":"2022-12-14T11:27:40+00:00","dateModified":"2023-09-14T15:12:37+00:00","inLanguage":"es-ES","potentialAction":[{"@type":"ReadAction","target":["https:\/\/maccaferri-stage.softecspa.it\/es\/maccaferri-paquete-de-programas\/"]}]},{"@type":"ImageObject","inLanguage":"es-ES","@id":"https:\/\/maccaferri-stage.softecspa.it\/es\/maccaferri-paquete-de-programas\/#primaryimage","url":"","contentUrl":""},{"@type":"WebSite","@id":"https:\/\/maccaferri-stage.softecspa.it\/es\/#website","url":"https:\/\/maccaferri-stage.softecspa.it\/es\/","name":"Maccaferri Espa\u00f1a","description":"","publisher":{"@id":"https:\/\/maccaferri-stage.softecspa.it\/es\/#organization"},"potentialAction":[{"@type":"SearchAction","target":{"@type":"EntryPoint","urlTemplate":"https:\/\/maccaferri-stage.softecspa.it\/es\/?s={search_term_string}"},"query-input":{"@type":"PropertyValueSpecification","valueRequired":true,"valueName":"search_term_string"}}],"inLanguage":"es-ES"},{"@type":"Organization","@id":"https:\/\/maccaferri-stage.softecspa.it\/es\/#organization","name":"Maccaferri Espa\u00f1a","url":"https:\/\/maccaferri-stage.softecspa.it\/es\/","logo":{"@type":"ImageObject","inLanguage":"es-ES","@id":"https:\/\/maccaferri-stage.softecspa.it\/es\/#\/schema\/logo\/image\/","url":"","contentUrl":"","caption":"Maccaferri Espa\u00f1a"},"image":{"@id":"https:\/\/maccaferri-stage.softecspa.it\/es\/#\/schema\/logo\/image\/"}}]}},"_links":{"self":[{"href":"https:\/\/maccaferri-stage.softecspa.it\/es\/wp-json\/wp\/v2\/pages\/3514","targetHints":{"allow":["GET"]}}],"collection":[{"href":"https:\/\/maccaferri-stage.softecspa.it\/es\/wp-json\/wp\/v2\/pages"}],"about":[{"href":"https:\/\/maccaferri-stage.softecspa.it\/es\/wp-json\/wp\/v2\/types\/page"}],"author":[{"embeddable":true,"href":"https:\/\/maccaferri-stage.softecspa.it\/es\/wp-json\/wp\/v2\/users\/2"}],"replies":[{"embeddable":true,"href":"https:\/\/maccaferri-stage.softecspa.it\/es\/wp-json\/wp\/v2\/comments?post=3514"}],"version-history":[{"count":35,"href":"https:\/\/maccaferri-stage.softecspa.it\/es\/wp-json\/wp\/v2\/pages\/3514\/revisions"}],"predecessor-version":[{"id":53266,"href":"https:\/\/maccaferri-stage.softecspa.it\/es\/wp-json\/wp\/v2\/pages\/3514\/revisions\/53266"}],"wp:attachment":[{"href":"https:\/\/maccaferri-stage.softecspa.it\/es\/wp-json\/wp\/v2\/media?parent=3514"}],"curies":[{"name":"wp","href":"https:\/\/api.w.org\/{rel}","templated":true}]}}