{"id":1375,"date":"2022-07-28T15:26:58","date_gmt":"2022-07-28T13:26:58","guid":{"rendered":"https:\/\/maccaferri-stage.softecspa.it\/fr\/?page_id=1375"},"modified":"2023-08-23T10:49:39","modified_gmt":"2023-08-23T08:49:39","slug":"developpement-durable","status":"publish","type":"page","link":"https:\/\/maccaferri-stage.softecspa.it\/fr\/developpement-durable\/","title":{"rendered":"D\u00e9veloppement durable"},"content":{"rendered":"<div class=\"wp-block-mac-h1-title-hero-block container-fluid block-txt-container\" style=\"background:linear-gradient(180deg,rgb(1,94,111) 0%,rgb(0,72,87) 100%)\"><div class=\"row\"><div class=\"col\"><div class=\"gts__picture\"><img decoding=\"async\" src=\"https:\/\/maccaferri-stage.softecspa.it\/fr\/wp-content\/uploads\/sites\/30\/2022\/12\/Sustainability_Gabion_3.jpg\" style=\"display:none\" \/><div class=\"gts__picture__image\" style=\"background-image:url(https:\/\/maccaferri-stage.softecspa.it\/fr\/wp-content\/uploads\/sites\/30\/2022\/12\/Sustainability_Gabion_3.jpg)\"><\/div><\/div><div class=\"container box-container\"><div class=\"row\"><div class=\"col title-box-txt\"><h1 class=\"wp-block-mac-h1-title-hero-block\" style=\"color:#ffffff;text-align:none\">D\u00e9veloppement durable<\/h1><\/div><\/div><\/div><\/div><\/div><\/div><div class=\"wp-block-mac-container-block box-container\"><div class=\"wp-block-columns is-layout-flex wp-container-core-columns-is-layout-9d6595d7 wp-block-columns-is-layout-flex\"><div class=\"wp-block-column is-layout-flow wp-block-column-is-layout-flow\"><div style=\"height:100px\" aria-hidden=\"true\" class=\"wp-block-spacer\"><\/div>\n\n<p class=\"has-medium-font-size\">Nous nous engageons fortement \u00e0 aborder les aspects <strong>environnementaux<\/strong>, <strong>\u00e9conomiques <\/strong>et <strong>sociaux <\/strong>avec une approche holistique. En effet, nous croyons fermement \u00e0 l&#8217;adoption d&#8217;approches et de solutions <strong>durables <\/strong>tout au long du cycle de vie d&#8217;un projet.<\/p>\n\n<p class=\"has-medium-font-size\">De la conception d&#8217;un syst\u00e8me d&#8217;ing\u00e9nierie en passant par les phases de fabrication et de construction jusqu&#8217;\u00e0 sa fin de vie : toutes nos solutions d&#8217;ing\u00e9nierie visent \u00e0 cr\u00e9er des <strong>b\u00e9n\u00e9fices \u00e0 long terme<\/strong> qui vont au-del\u00e0 du produit lui-m\u00eame.<\/p>\n\n<p class=\"has-medium-font-size\">Les solutions Maccaferri att\u00e9nuent les risques naturels et anthropiques, respectent l&#8217;environnement, renforcent la s\u00e9curit\u00e9 des personnes et am\u00e9liorent leur cadre leur vie.<\/p><\/div><\/div><\/div><figure class=\"wp-block-image aligncenter size-full\"><img decoding=\"async\" src=\"https:\/\/maccaferri-stage.softecspa.it\/fr\/wp-content\/uploads\/sites\/30\/2022\/09\/test-img-cta-right.png\" alt=\"\" class=\"wp-image-1986\" \/><\/figure><p><\/p><p><\/p><div class=\"wp-block-mac-h2-title-block block-txt-container box-container\"><div class=\"row\"><div class=\"col title-box-txt\"><h2 style=\"color:#212429;text-align:center\">Objectifs de d\u00e9veloppement durable<\/h2><\/div><\/div><\/div><div class=\"wp-block-mac-container-block box-container\"><div class=\"wp-block-columns is-layout-flex wp-container-core-columns-is-layout-9d6595d7 wp-block-columns-is-layout-flex\"><div class=\"wp-block-column is-layout-flow wp-block-column-is-layout-flow\"><div class=\"wp-block-mac-h5-txt-paragraph-block block-txt-container box-container\"><div class=\"row\"><div class=\"col paragraph-box-txt\"><h5 class=\"wp-block-mac-h5-txt-paragraph-block\" style=\"color:#212429;text-align:center\">L&#8217;ONU a d\u00e9fini les ODD comme un appel urgent \u00e0 l&#8217;action&nbsp;: nous avons relev\u00e9 le d\u00e9fi et nous nous sommes engag\u00e9s \u00e0 les atteindre un par un, \u00e9tape par \u00e9tape.<\/h5><\/div><\/div><\/div><\/div><\/div><\/div><div class=\"wp-block-mac-container-block box-container\"><div class=\"wp-block-columns is-layout-flex wp-container-core-columns-is-layout-9d6595d7 wp-block-columns-is-layout-flex\"><div class=\"wp-block-column is-layout-flow wp-block-column-is-layout-flow\"><p>Aux c\u00f4t\u00e9s des institutions et des autorit\u00e9s, les entreprises sont d\u00e9sormais appel\u00e9es \u00e0 d\u00e9velopper des solutions durables qui pr\u00e9servent le bien-\u00eatre et la s\u00e9curit\u00e9 des communaut\u00e9s et de l&#8217;environnement, conform\u00e9ment aux objectifs fix\u00e9s par l&#8217;ONU dans l&#8217;<strong>Agenda 2030<\/strong> pour le d\u00e9veloppement durable.<\/p>\n\n<p>L&#8217;Agenda 2030 est compos\u00e9 de <strong>17 objectifs de d\u00e9veloppement durable (ODD)<\/strong> encadr\u00e9s dans un plan plus large de 169 cibles environnementales, \u00e9conomiques, sociales et institutionnelles associ\u00e9es \u00e0 atteindre d&#8217;ici 2030.<\/p>\n\n<p>Sept ans apr\u00e8s la signature de l&#8217;Agenda 2030, la soci\u00e9t\u00e9 civile, le monde de l&#8217;entreprise et les gouvernements sont de plus en plus conscients de la n\u00e9cessit\u00e9 d&#8217;adopter une approche int\u00e9gr\u00e9e et de prendre des mesures concr\u00e8tes pour faire face \u00e0 un changement socio-\u00e9conomique majeur ainsi qu&#8217;\u00e0 de multiples et d\u00e9fis environnementaux et institutionnels complexes. De nombreuses entreprises ont abord\u00e9 le Programme 2030 en int\u00e9grant le principe de durabilit\u00e9 dans leur strat\u00e9gie et leur planification d&#8217;entreprise.<\/p>\n\n<p>L&#8217;ONU a d\u00e9fini les ODD comme un <strong>appel urgent \u00e0 l&#8217;action<\/strong>, tandis que Maccaferri, qui fait de la durabilit\u00e9 environnementale une priorit\u00e9 de sa vision, a rapidement r\u00e9pondu, concentrant ses \u00e9nergies sur les objectifs visant \u00e0 lutter contre le changement climatique et la sauvegarde de l&#8217;\u00e9cosyst\u00e8me environnemental.<\/p>\n\n<div style=\"height:100px\" aria-hidden=\"true\" class=\"wp-block-spacer\"><\/div><\/div><\/div><\/div><div class=\"wp-block-mac-container-block box-container\"><div class=\"wp-block-columns is-layout-flex wp-container-core-columns-is-layout-9d6595d7 wp-block-columns-is-layout-flex\"><div class=\"wp-block-column is-layout-flow wp-block-column-is-layout-flow\" style=\"flex-basis:33.33%\"><figure class=\"wp-block-image size-full\"><img decoding=\"async\" src=\"https:\/\/maccaferri-stage.softecspa.it\/fr\/wp-content\/uploads\/sites\/30\/2022\/12\/sdg-1.png\" alt=\"\" class=\"wp-image-3101\" \/><\/figure><\/div>\n\n<div class=\"wp-block-column is-layout-flow wp-block-column-is-layout-flow\" style=\"flex-basis:66.66%\"><figure class=\"wp-block-image size-full\"><img decoding=\"async\" src=\"https:\/\/maccaferri-stage.softecspa.it\/fr\/wp-content\/uploads\/sites\/30\/2022\/12\/sdg2.png\" alt=\"\" class=\"wp-image-3104\" \/><\/figure><\/div><\/div><\/div><div style=\"height:100px\" aria-hidden=\"true\" class=\"wp-block-spacer\"><\/div><div class=\"wp-block-mac-h2-title-bold-block block-txt-container box-container\"><div class=\"row\"><div class=\"col title-box-txt\"><h2 style=\"color:#004857;text-align:center\">NOTRE ENGAGEMENT<\/h2><\/div><\/div><\/div><div class=\"wp-block-mac-block-left-description-right-image container-media box-container\"><div class=\"row\"><div class=\"col-12 col-lg-6 col-xl-6 col-xxl-6 title-box-txt order-lg-first order-last\" style=\"text-align:default\"><p class=\"description\" style=\"color:#212429\"><strong>PROMOUVOIR L&#8217;ADOPTION D\u2019\u00c9NERGIES PROPRES<\/strong><br><br>Nous d\u00e9veloppons des solutions qui favorisent l&#8217;acc\u00e8s \u00e0 une \u00e9nergie abordable et propre. <br><br>Nous travaillons en partenariat avec les autorit\u00e9s pour maximiser la part des \u00e9nergies vertes dans le mix \u00e9nerg\u00e9tique mondial.<\/p><\/div><div class=\"col-12 col-lg-6 col-xl-6 col-xxl-6\"><div class=\"box-image\"><img decoding=\"async\" class=\"image\" src=\"https:\/\/maccaferri-stage.softecspa.it\/fr\/wp-content\/uploads\/2023\/06\/SDG-Foto-7-2-min-12.png\" alt=\"Image\" \/><\/div><\/div><\/div><\/div><div class=\"wp-block-mac-block-left-image-right-description container-media box-container\"><div class=\"row\"><div class=\"col-12 col-lg-6 col-xl-6 col-xxl-6\"><div class=\"box-image\"><img decoding=\"async\" class=\"image\" src=\"https:\/\/maccaferri-stage.softecspa.it\/fr\/wp-content\/uploads\/2023\/06\/SDG-Foto-8-1-12.png\" alt=\"Image\" \/><\/div><\/div><div class=\"col-12 col-lg-6 col-xl-6 col-xxl-6 title-box-txt\" style=\"text-align:default\"><p class=\"description\" style=\"color:#212429\"><strong>IMPLICATION DES COMMUNAUT\u00c9S LOCALES<br><br><\/strong>Nous promouvons une croissance inclusive, en d\u00e9veloppant des solutions qui peuvent \u00eatre facilement install\u00e9es par la <strong>main-d&#8217;\u0153uvre locale<\/strong> sans aucune formation particuli\u00e8re.<br><br>De nombreuses communaut\u00e9s souffrent d&#8217;un nombre croissant de catastrophes naturelles, c&#8217;est pourquoi nous travaillons sur des mesures rapides et efficaces pour intervenir et <strong>restaurer leurs \u00e9conomies<\/strong>.<\/p><\/div><\/div><\/div><div class=\"wp-block-mac-block-left-description-right-image container-media box-container\"><div class=\"row\"><div class=\"col-12 col-lg-6 col-xl-6 col-xxl-6 title-box-txt order-lg-first order-last\" style=\"text-align:default\"><p class=\"description\" style=\"color:#212429\"><strong>ENCOURAGER L&#8217;INNOVATION<\/strong><br><br>Nous encourageons <strong>l&#8217;am\u00e9lioration continue<\/strong> pour placer les impacts \u00e9conomiques et environnementaux \u00e0 long terme d&#8217;une structure au centre de l&#8217;activit\u00e9 de conception.<br><br>Notre processus de conception est ax\u00e9 sur des campagnes de tests et des investissements dans l&#8217;<strong>\u00e9valuation des performances<\/strong> de nos solutions.<\/p><\/div><div class=\"col-12 col-lg-6 col-xl-6 col-xxl-6\"><div class=\"box-image\"><img decoding=\"async\" class=\"image\" src=\"https:\/\/maccaferri-stage.softecspa.it\/fr\/wp-content\/uploads\/2023\/06\/SDG-Foto-9-1-min-12.png\" alt=\"Image\" \/><\/div><\/div><\/div><\/div><div class=\"wp-block-mac-block-left-image-right-description container-media box-container\"><div class=\"row\"><div class=\"col-12 col-lg-6 col-xl-6 col-xxl-6\"><div class=\"box-image\"><img decoding=\"async\" class=\"image\" src=\"https:\/\/maccaferri-stage.softecspa.it\/fr\/wp-content\/uploads\/2023\/06\/SDG-Foto-11-1-min-12.png\" alt=\"Image\" \/><\/div><\/div><div class=\"col-12 col-lg-6 col-xl-6 col-xxl-6 title-box-txt\" style=\"text-align:default\"><p class=\"description\" style=\"color:#212429\"><strong>S<strong>\u00c9<\/strong>CURIT<strong>\u00c9<\/strong> DES PERSONNES ET PROTECTION DES BIENS <br><br><\/strong>D\u00e9velopper des solutions personnalis\u00e9es pour chaque probl\u00e8me de s\u00e9curit\u00e9 auquel nous sommes confront\u00e9s nous permet de <strong>minimiser les risques<\/strong>.<br><br>Les personnes, le patrimoine historique et culturel et les infrastructures doivent \u00eatre prot\u00e9g\u00e9s.<\/p><\/div><\/div><\/div><div class=\"wp-block-mac-block-left-description-right-image container-media box-container\"><div class=\"row\"><div class=\"col-12 col-lg-6 col-xl-6 col-xxl-6 title-box-txt order-lg-first order-last\" style=\"text-align:default\"><p class=\"description\" style=\"color:#212429\"><strong>CONCEPTION ET  PRODUCTION RESPONSABLES<\/strong><br><br>Gr\u00e2ce \u00e0 l&#8217;optimisation de la conception, nous favorisons une gestion durable des mat\u00e9riaux pour \u00e9conomiser les ressources et \u00e9viter le gaspillage. Nos r\u00e9alisations impliquent la <strong>r\u00e9duction<\/strong>, la <strong>r\u00e9utilisation <\/strong>et le <strong>recyclage <\/strong>des mat\u00e9riaux.<br><br>De plus, nous nous engageons \u00e0 la <strong>transparence<\/strong>, en fournissant des informations objectives, fiables et comparables sur le cycle de vie et l&#8217;impact environnemental de nos produits.<br><a href=\"https:\/\/maccaferri-stage.softecspa.it\/fr\/environmental-product-declaration-fiche-de-declaration-environnementale-et-sanitaire\/\" target=\"_blank\" rel=\"noreferrer noopener\">En savoir plus &gt;&gt;&gt;<\/a><\/p><\/div><div class=\"col-12 col-lg-6 col-xl-6 col-xxl-6\"><div class=\"box-image\"><img decoding=\"async\" class=\"image\" src=\"https:\/\/maccaferri-stage.softecspa.it\/fr\/wp-content\/uploads\/2023\/06\/SDG-Foto-12-1-min-12.png\" alt=\"Image\" \/><\/div><\/div><\/div><\/div><div class=\"wp-block-mac-block-left-image-right-description container-media box-container\"><div class=\"row\"><div class=\"col-12 col-lg-6 col-xl-6 col-xxl-6\"><div class=\"box-image\"><img decoding=\"async\" class=\"image\" src=\"https:\/\/maccaferri-stage.softecspa.it\/fr\/wp-content\/uploads\/2023\/06\/SDG-Foto-13-11-1-12.png\" alt=\"Image\" \/><\/div><\/div><div class=\"col-12 col-lg-6 col-xl-6 col-xxl-6 title-box-txt\" style=\"text-align:default\"><p class=\"description\" style=\"color:#212429\"><strong>INT\u00c9GRATION DANS L&#8217;ENVIRONNEMENT NATUREL<br><br><\/strong>Nous nous soucions de la <strong>naturalisation de nos ouvrages d&#8217;art<\/strong>, et nous pensons que l&#8217;int\u00e9gration des techniques de v\u00e9g\u00e9talisation et de plantation d\u00e8s la conception est une valeur \u00e9cologique suppl\u00e9mentaire de nos solutions.<br><br>Nous travaillons \u00e0 am\u00e9liorer l&#8217;esth\u00e9tique globale de nos structures, pour mieux les int\u00e9grer dans nos environnements urbains.<\/p><\/div><\/div><\/div><h2 class=\"wp-block-heading\"> <\/h2><div class=\"wp-block-mac-block-left-description-right-image container-media box-container\"><div class=\"row\"><div class=\"col-12 col-lg-6 col-xl-6 col-xxl-6 title-box-txt order-lg-first order-last\" style=\"text-align:default\"><p class=\"description\" style=\"color:#212429\"><strong><strong>INT\u00c9GRATION DANS L&#8217;ENVIRONNEMENT NATUREL<\/strong><br><br><\/strong>Nous nous effor\u00e7ons de <strong>r\u00e9duire l&#8217;impact environnemental<\/strong> de nos solutions et d&#8217;atteindre un \u00e9quilibre entre performance technique et int\u00e9gration naturelle.<br><br>Un de nos engagements est de privil\u00e9gier les solutions qui<strong> valorisent la biodiversit\u00e9<\/strong>, offrent des habitats parfaits pour les diff\u00e9rentes esp\u00e8ces, mais aussi consid\u00e8rent la pr\u00e9sence de la faune et la respectent.<\/p><\/div><div class=\"col-12 col-lg-6 col-xl-6 col-xxl-6\"><div class=\"box-image\"><img decoding=\"async\" class=\"image\" src=\"https:\/\/maccaferri-stage.softecspa.it\/fr\/wp-content\/uploads\/2023\/06\/SDG-Foto-14-15-1-min-12.png\" alt=\"Image\" \/><\/div><\/div><\/div><\/div><div style=\"height:100px\" aria-hidden=\"true\" class=\"wp-block-spacer\"><\/div><div class=\"wp-block-buttons is-content-justification-center is-layout-flex wp-container-core-buttons-is-layout-16018d1d wp-block-buttons-is-layout-flex\"><div class=\"wp-block-button\"><a class=\"wp-block-button__link\" href=\"https:\/\/maccaferri-stage.softecspa.it\/fr\/download\/maccaferri-developpement-durable\">T\u00c9L\u00c9CHARGEZ LA PR\u00c9SENTATION COMPLTE<\/a><\/div><\/div><div style=\"height:100px\" aria-hidden=\"true\" class=\"wp-block-spacer\"><\/div><div class=\"wp-block-mac-container-block box-container\"><div class=\"wp-block-columns is-layout-flex wp-container-core-columns-is-layout-9d6595d7 wp-block-columns-is-layout-flex\"><div class=\"wp-block-column is-layout-flow wp-block-column-is-layout-flow\"><p class=\"has-text-align-center has-large-font-size\"><strong>Nous nous engageons ! <\/strong><\/p>\n\n<p><\/p>\n\n<p class=\"has-text-align-center has-medium-font-size\">D\u00e9couvrez nos <strong>certificats environnementaux<\/strong> (EPD ou FDES en fran\u00e7ais) qui vous donneront acc\u00e8s \u00e0 des informations fiables et comparables pour mesurer l&#8217;impact carbone de nos solutions.<\/p><\/div><\/div><\/div><div style=\"height:29px\" aria-hidden=\"true\" class=\"wp-block-spacer\"><\/div><div class=\"wp-block-buttons is-content-justification-center is-layout-flex wp-container-core-buttons-is-layout-16018d1d wp-block-buttons-is-layout-flex\"><div class=\"wp-block-button\"><a class=\"wp-block-button__link\" href=\"https:\/\/maccaferri-stage.softecspa.it\/fr\/environmental-product-declaration-fiche-de-declaration-environnementale-et-sanitaire\/\" target=\"_blank\" rel=\"noreferrer noopener\">Acc\u00e9dez aux epd<\/a><\/div><\/div><div style=\"height:100px\" aria-hidden=\"true\" class=\"wp-block-spacer\"><\/div>","protected":false},"excerpt":{"rendered":"","protected":false},"author":1,"featured_media":0,"parent":0,"menu_order":0,"comment_status":"closed","ping_status":"closed","template":"","meta":{"_acf_changed":false,"_joinchat":[],"footnotes":""},"class_list":["post-1375","page","type-page","status-publish","hentry"],"acf":{"uuid_products":"","product-documents":""},"yoast_head":"<!-- This site is optimized with the Yoast SEO Premium plugin v27.0 (Yoast SEO v27.0) - https:\/\/yoast.com\/product\/yoast-seo-premium-wordpress\/ -->\n<title>D\u00e9veloppement durable - Maccaferri France<\/title>\n<meta name=\"description\" content=\"Nous nous engageons fortement \u00e0 aborder les aspects environnementaux, \u00e9conomiques et sociaux avec une approche holistique. En effet, nous croyons fermement \u00e0 l&#039;adoption d&#039;approches et de solutions durables tout au long du cycle de vie d&#039;un projet.\" \/>\n<meta name=\"robots\" content=\"index, follow, max-snippet:-1, max-image-preview:large, max-video-preview:-1\" \/>\n<link rel=\"canonical\" href=\"https:\/\/maccaferri-stage.softecspa.it\/fr\/developpement-durable\/\" \/>\n<meta property=\"og:locale\" content=\"fr_FR\" \/>\n<meta property=\"og:type\" content=\"article\" \/>\n<meta property=\"og:title\" content=\"D\u00e9veloppement durable - Maccaferri France\" \/>\n<meta property=\"og:description\" content=\"Nous nous engageons fortement \u00e0 aborder les aspects environnementaux, \u00e9conomiques et sociaux avec une approche holistique. En effet, nous croyons fermement \u00e0 l&#039;adoption d&#039;approches et de solutions durables tout au long du cycle de vie d&#039;un projet.\" \/>\n<meta property=\"og:url\" content=\"https:\/\/maccaferri-stage.softecspa.it\/fr\/developpement-durable\/\" \/>\n<meta property=\"og:site_name\" content=\"Maccaferri France\" \/>\n<meta property=\"article:modified_time\" content=\"2023-08-23T08:49:39+00:00\" \/>\n<meta property=\"og:image\" content=\"https:\/\/maccaferri-stage.softecspa.it\/fr\/wp-content\/uploads\/sites\/30\/2022\/12\/Sustainability_Gabion_3.jpg\" \/>\n<meta name=\"twitter:card\" content=\"summary_large_image\" \/>\n<meta name=\"twitter:label1\" content=\"Est. reading time\" \/>\n\t<meta name=\"twitter:data1\" content=\"6 minutes\" \/>\n<script type=\"application\/ld+json\" class=\"yoast-schema-graph\">{\"@context\":\"https:\/\/schema.org\",\"@graph\":[{\"@type\":\"WebPage\",\"@id\":\"https:\/\/maccaferri-stage.softecspa.it\/fr\/developpement-durable\/\",\"url\":\"https:\/\/maccaferri-stage.softecspa.it\/fr\/developpement-durable\/\",\"name\":\"D\u00e9veloppement durable - Maccaferri France\",\"isPartOf\":{\"@id\":\"https:\/\/maccaferri-stage.softecspa.it\/fr\/#website\"},\"primaryImageOfPage\":{\"@id\":\"https:\/\/maccaferri-stage.softecspa.it\/fr\/developpement-durable\/#primaryimage\"},\"image\":{\"@id\":\"https:\/\/maccaferri-stage.softecspa.it\/fr\/developpement-durable\/#primaryimage\"},\"thumbnailUrl\":\"https:\/\/maccaferri-stage.softecspa.it\/fr\/wp-content\/uploads\/sites\/30\/2022\/12\/Sustainability_Gabion_3.jpg\",\"datePublished\":\"2022-07-28T13:26:58+00:00\",\"dateModified\":\"2023-08-23T08:49:39+00:00\",\"description\":\"Nous nous engageons fortement \u00e0 aborder les aspects environnementaux, \u00e9conomiques et sociaux avec une approche holistique. En effet, nous croyons fermement \u00e0 l'adoption d'approches et de solutions durables tout au long du cycle de vie d'un projet.\",\"inLanguage\":\"fr-FR\",\"potentialAction\":[{\"@type\":\"ReadAction\",\"target\":[\"https:\/\/maccaferri-stage.softecspa.it\/fr\/developpement-durable\/\"]}]},{\"@type\":\"ImageObject\",\"inLanguage\":\"fr-FR\",\"@id\":\"https:\/\/maccaferri-stage.softecspa.it\/fr\/developpement-durable\/#primaryimage\",\"url\":\"https:\/\/maccaferri-stage.softecspa.it\/fr\/wp-content\/uploads\/sites\/30\/2022\/12\/Sustainability_Gabion_3.jpg\",\"contentUrl\":\"https:\/\/maccaferri-stage.softecspa.it\/fr\/wp-content\/uploads\/sites\/30\/2022\/12\/Sustainability_Gabion_3.jpg\"},{\"@type\":\"WebSite\",\"@id\":\"https:\/\/maccaferri-stage.softecspa.it\/fr\/#website\",\"url\":\"https:\/\/maccaferri-stage.softecspa.it\/fr\/\",\"name\":\"Maccaferri France\",\"description\":\"\",\"publisher\":{\"@id\":\"https:\/\/maccaferri-stage.softecspa.it\/fr\/#organization\"},\"potentialAction\":[{\"@type\":\"SearchAction\",\"target\":{\"@type\":\"EntryPoint\",\"urlTemplate\":\"https:\/\/maccaferri-stage.softecspa.it\/fr\/?s={search_term_string}\"},\"query-input\":{\"@type\":\"PropertyValueSpecification\",\"valueRequired\":true,\"valueName\":\"search_term_string\"}}],\"inLanguage\":\"fr-FR\"},{\"@type\":\"Organization\",\"@id\":\"https:\/\/maccaferri-stage.softecspa.it\/fr\/#organization\",\"name\":\"Maccaferri France\",\"url\":\"https:\/\/maccaferri-stage.softecspa.it\/fr\/\",\"logo\":{\"@type\":\"ImageObject\",\"inLanguage\":\"fr-FR\",\"@id\":\"https:\/\/maccaferri-stage.softecspa.it\/fr\/#\/schema\/logo\/image\/\",\"url\":\"\",\"contentUrl\":\"\",\"caption\":\"Maccaferri France\"},\"image\":{\"@id\":\"https:\/\/maccaferri-stage.softecspa.it\/fr\/#\/schema\/logo\/image\/\"}}]}<\/script>\n<!-- \/ Yoast SEO Premium plugin. -->","yoast_head_json":{"title":"D\u00e9veloppement durable - Maccaferri France","description":"Nous nous engageons fortement \u00e0 aborder les aspects environnementaux, \u00e9conomiques et sociaux avec une approche holistique. En effet, nous croyons fermement \u00e0 l'adoption d'approches et de solutions durables tout au long du cycle de vie d'un projet.","robots":{"index":"index","follow":"follow","max-snippet":"max-snippet:-1","max-image-preview":"max-image-preview:large","max-video-preview":"max-video-preview:-1"},"canonical":"https:\/\/maccaferri-stage.softecspa.it\/fr\/developpement-durable\/","og_locale":"fr_FR","og_type":"article","og_title":"D\u00e9veloppement durable - Maccaferri France","og_description":"Nous nous engageons fortement \u00e0 aborder les aspects environnementaux, \u00e9conomiques et sociaux avec une approche holistique. En effet, nous croyons fermement \u00e0 l'adoption d'approches et de solutions durables tout au long du cycle de vie d'un projet.","og_url":"https:\/\/maccaferri-stage.softecspa.it\/fr\/developpement-durable\/","og_site_name":"Maccaferri France","article_modified_time":"2023-08-23T08:49:39+00:00","og_image":[{"url":"https:\/\/maccaferri-stage.softecspa.it\/fr\/wp-content\/uploads\/sites\/30\/2022\/12\/Sustainability_Gabion_3.jpg","type":"","width":"","height":""}],"twitter_card":"summary_large_image","twitter_misc":{"Est. reading time":"6 minutes"},"schema":{"@context":"https:\/\/schema.org","@graph":[{"@type":"WebPage","@id":"https:\/\/maccaferri-stage.softecspa.it\/fr\/developpement-durable\/","url":"https:\/\/maccaferri-stage.softecspa.it\/fr\/developpement-durable\/","name":"D\u00e9veloppement durable - Maccaferri France","isPartOf":{"@id":"https:\/\/maccaferri-stage.softecspa.it\/fr\/#website"},"primaryImageOfPage":{"@id":"https:\/\/maccaferri-stage.softecspa.it\/fr\/developpement-durable\/#primaryimage"},"image":{"@id":"https:\/\/maccaferri-stage.softecspa.it\/fr\/developpement-durable\/#primaryimage"},"thumbnailUrl":"https:\/\/maccaferri-stage.softecspa.it\/fr\/wp-content\/uploads\/sites\/30\/2022\/12\/Sustainability_Gabion_3.jpg","datePublished":"2022-07-28T13:26:58+00:00","dateModified":"2023-08-23T08:49:39+00:00","description":"Nous nous engageons fortement \u00e0 aborder les aspects environnementaux, \u00e9conomiques et sociaux avec une approche holistique. En effet, nous croyons fermement \u00e0 l'adoption d'approches et de solutions durables tout au long du cycle de vie d'un projet.","inLanguage":"fr-FR","potentialAction":[{"@type":"ReadAction","target":["https:\/\/maccaferri-stage.softecspa.it\/fr\/developpement-durable\/"]}]},{"@type":"ImageObject","inLanguage":"fr-FR","@id":"https:\/\/maccaferri-stage.softecspa.it\/fr\/developpement-durable\/#primaryimage","url":"https:\/\/maccaferri-stage.softecspa.it\/fr\/wp-content\/uploads\/sites\/30\/2022\/12\/Sustainability_Gabion_3.jpg","contentUrl":"https:\/\/maccaferri-stage.softecspa.it\/fr\/wp-content\/uploads\/sites\/30\/2022\/12\/Sustainability_Gabion_3.jpg"},{"@type":"WebSite","@id":"https:\/\/maccaferri-stage.softecspa.it\/fr\/#website","url":"https:\/\/maccaferri-stage.softecspa.it\/fr\/","name":"Maccaferri France","description":"","publisher":{"@id":"https:\/\/maccaferri-stage.softecspa.it\/fr\/#organization"},"potentialAction":[{"@type":"SearchAction","target":{"@type":"EntryPoint","urlTemplate":"https:\/\/maccaferri-stage.softecspa.it\/fr\/?s={search_term_string}"},"query-input":{"@type":"PropertyValueSpecification","valueRequired":true,"valueName":"search_term_string"}}],"inLanguage":"fr-FR"},{"@type":"Organization","@id":"https:\/\/maccaferri-stage.softecspa.it\/fr\/#organization","name":"Maccaferri France","url":"https:\/\/maccaferri-stage.softecspa.it\/fr\/","logo":{"@type":"ImageObject","inLanguage":"fr-FR","@id":"https:\/\/maccaferri-stage.softecspa.it\/fr\/#\/schema\/logo\/image\/","url":"","contentUrl":"","caption":"Maccaferri France"},"image":{"@id":"https:\/\/maccaferri-stage.softecspa.it\/fr\/#\/schema\/logo\/image\/"}}]}},"_links":{"self":[{"href":"https:\/\/maccaferri-stage.softecspa.it\/fr\/wp-json\/wp\/v2\/pages\/1375","targetHints":{"allow":["GET"]}}],"collection":[{"href":"https:\/\/maccaferri-stage.softecspa.it\/fr\/wp-json\/wp\/v2\/pages"}],"about":[{"href":"https:\/\/maccaferri-stage.softecspa.it\/fr\/wp-json\/wp\/v2\/types\/page"}],"author":[{"embeddable":true,"href":"https:\/\/maccaferri-stage.softecspa.it\/fr\/wp-json\/wp\/v2\/users\/1"}],"replies":[{"embeddable":true,"href":"https:\/\/maccaferri-stage.softecspa.it\/fr\/wp-json\/wp\/v2\/comments?post=1375"}],"version-history":[{"count":55,"href":"https:\/\/maccaferri-stage.softecspa.it\/fr\/wp-json\/wp\/v2\/pages\/1375\/revisions"}],"predecessor-version":[{"id":54487,"href":"https:\/\/maccaferri-stage.softecspa.it\/fr\/wp-json\/wp\/v2\/pages\/1375\/revisions\/54487"}],"wp:attachment":[{"href":"https:\/\/maccaferri-stage.softecspa.it\/fr\/wp-json\/wp\/v2\/media?parent=1375"}],"curies":[{"name":"wp","href":"https:\/\/api.w.org\/{rel}","templated":true}]}}