{"id":20923,"date":"2023-05-30T15:10:27","date_gmt":"2023-05-30T13:10:27","guid":{"rendered":"https:\/\/maccaferri-stage.softecspa.it\/fr\/?page_id=20923"},"modified":"2023-11-17T10:34:55","modified_gmt":"2023-11-17T09:34:55","slug":"episode-6-protections-pare-blocs-en-bord-de-mer","status":"publish","type":"page","link":"https:\/\/maccaferri-stage.softecspa.it\/fr\/episode-6-protections-pare-blocs-en-bord-de-mer\/","title":{"rendered":"\u00c9pisode 6 : Protections pare-blocs en bord de mer"},"content":{"rendered":"<div class=\"wp-block-columns is-layout-flex wp-container-core-columns-is-layout-9d6595d7 wp-block-columns-is-layout-flex\"><div class=\"wp-block-column is-layout-flow wp-block-column-is-layout-flow\"><div class=\"wp-block-columns is-layout-flex wp-container-core-columns-is-layout-9d6595d7 wp-block-columns-is-layout-flex\"><div class=\"wp-block-column is-layout-flow wp-block-column-is-layout-flow\"><div class=\"wp-block-mac-container-block box-container\"><div class=\"wp-block-columns is-layout-flex wp-container-core-columns-is-layout-9d6595d7 wp-block-columns-is-layout-flex\"><div class=\"wp-block-column is-layout-flow wp-block-column-is-layout-flow\"><div class=\"container content-paragraph box-container\"><div class=\"row\"><div class=\"col-12 col-lg-12 col-xl-12 col-xxl-12\"><h6>Le 6\u00e8me \u00e9pisode du podcast Immersion Chantier d\u00e9di\u00e9 aux protections contre les \u00e9boulements en milieu marin <\/h6><div class=\"content-txt\"><p>Depuis 2001, en Tunisie la route touristique reliant Ain Octor \u00e0 Korbous est ferm\u00e9e \u00e0 la circulation pour cause de glissement de terrain, de d\u00e9mant\u00e8lement, de rupture et d&#8217;effondrement progressif des contreforts des murs pi\u00e8ges \u00e0 cailloux.<\/p>\n<p>&nbsp;<\/p>\n<p>Lors de ce nouveau podcast Immersion chantier, nous reviendrons sur les solutions de protections contre les \u00e9boulements ainsi que sur les adaptations afin de r\u00e9pondre \u00e0 un contexte exigeant en milieu marin \u00e0 travers le t\u00e9moignage de Eric Kayser, charg\u00e9 d&#8217;affaires en risques naturels de la soci\u00e9t\u00e9 <a href=\"https:\/\/www.hydrokarst.fr\/\" target=\"_blank\" rel=\"noopener\">HYDROKARST. <\/a><\/p>\n<p>&nbsp;<\/p>\n<p>Pour d\u00e9couvrir notre gamme de protections contre les chutes de blocs, c&#8217;est <a href=\"https:\/\/maccaferri-stage.softecspa.it\/fr\/applications\/protection-contre-les-chutes-de-blocs-et-filets-pare-avalanches\/\" target=\"_blank\" rel=\"noopener\">ICI<\/a> !<\/p>\n<\/div><\/div><\/div><\/div><\/div><\/div><\/div><\/div><\/div>\n\n<div class=\"wp-block-mac-container-block box-container\"><div class=\"wp-block-columns is-layout-flex wp-container-core-columns-is-layout-9d6595d7 wp-block-columns-is-layout-flex\"><div class=\"wp-block-column is-layout-flow wp-block-column-is-layout-flow\"><div class=\"wp-block-buttons is-content-justification-center is-layout-flex wp-container-core-buttons-is-layout-16018d1d wp-block-buttons-is-layout-flex\"><div class=\"wp-block-button has-custom-width wp-block-button__width-50 has-custom-font-size has-medium-font-size\"><a class=\"wp-block-button__link\" href=\"https:\/\/audmns.com\/ePiJNHV\" style=\"border-radius:19px\" target=\"_blank\" rel=\"noreferrer noopener\">\u00c9COUTER \u00c9PISODE 6<\/a><\/div><\/div><\/div><\/div><\/div>\n\n<div class=\"wp-block-columns is-layout-flex wp-container-core-columns-is-layout-9d6595d7 wp-block-columns-is-layout-flex\"><div class=\"wp-block-column is-layout-flow wp-block-column-is-layout-flow\"><div class=\"wp-block-buttons is-layout-flex wp-block-buttons-is-layout-flex\"><div class=\"wp-block-button aligncenter\"><a class=\"wp-block-button__link\" href=\"https:\/\/maccaferri-stage.softecspa.it\/fr\/download\/retablissement-de-la-liaison-routiere-rr-128-ain-octor-korbous\/\" target=\"_blank\" rel=\"noreferrer noopener\">T\u00e9l\u00e9charger l&#8217;\u00e9tude de cas<\/a><\/div><\/div><\/div><\/div><\/div><\/div><div class=\"wp-block-columns is-layout-flex wp-container-core-columns-is-layout-9d6595d7 wp-block-columns-is-layout-flex\"><div class=\"wp-block-column is-layout-flow wp-block-column-is-layout-flow\"><\/div><\/div>","protected":false},"excerpt":{"rendered":"","protected":false},"author":7096,"featured_media":20926,"parent":0,"menu_order":0,"comment_status":"closed","ping_status":"closed","template":"","meta":{"_acf_changed":false,"_joinchat":[],"footnotes":""},"class_list":["post-20923","page","type-page","status-publish","has-post-thumbnail","hentry"],"acf":{"uuid_products":"","product-documents":""},"yoast_head":"<!-- This site is optimized with the Yoast SEO Premium plugin v27.0 (Yoast SEO v27.0) - https:\/\/yoast.com\/product\/yoast-seo-premium-wordpress\/ -->\n<title>\u00c9pisode 6 : Protections pare-blocs en bord de mer - Maccaferri France<\/title>\n<meta name=\"description\" content=\"D\u00e9couvrez le 6\u00e8me \u00e9pisode de notre Podcast Immersion Chantier, sur les \u00e9crans horizontaux pare-blocs en bord de mer en Tunisie.\" \/>\n<meta name=\"robots\" content=\"index, follow, max-snippet:-1, max-image-preview:large, max-video-preview:-1\" \/>\n<link rel=\"canonical\" href=\"https:\/\/maccaferri-stage.softecspa.it\/fr\/episode-6-protections-pare-blocs-en-bord-de-mer\/\" \/>\n<meta property=\"og:locale\" content=\"fr_FR\" \/>\n<meta property=\"og:type\" content=\"article\" \/>\n<meta property=\"og:title\" content=\"\u00c9pisode 6 : Protections pare-blocs en bord de mer - Maccaferri France\" \/>\n<meta property=\"og:description\" content=\"D\u00e9couvrez le 6\u00e8me \u00e9pisode de notre Podcast Immersion Chantier, sur les \u00e9crans horizontaux pare-blocs en bord de mer en Tunisie.\" \/>\n<meta property=\"og:url\" content=\"https:\/\/maccaferri-stage.softecspa.it\/fr\/episode-6-protections-pare-blocs-en-bord-de-mer\/\" \/>\n<meta property=\"og:site_name\" content=\"Maccaferri France\" \/>\n<meta property=\"article:modified_time\" content=\"2023-11-17T09:34:55+00:00\" \/>\n<meta property=\"og:image\" content=\"https:\/\/maccaferri-stage.softecspa.it\/fr\/wp-content\/uploads\/2023\/05\/Pdocast_6.png\" \/>\n\t<meta property=\"og:image:width\" content=\"1915\" \/>\n\t<meta property=\"og:image:height\" content=\"530\" \/>\n\t<meta property=\"og:image:type\" content=\"image\/png\" \/>\n<meta name=\"twitter:card\" content=\"summary_large_image\" \/>\n<meta name=\"twitter:label1\" content=\"Est. reading time\" \/>\n\t<meta name=\"twitter:data1\" content=\"1 minute\" \/>\n<script type=\"application\/ld+json\" class=\"yoast-schema-graph\">{\"@context\":\"https:\/\/schema.org\",\"@graph\":[{\"@type\":\"WebPage\",\"@id\":\"https:\/\/maccaferri-stage.softecspa.it\/fr\/episode-6-protections-pare-blocs-en-bord-de-mer\/\",\"url\":\"https:\/\/maccaferri-stage.softecspa.it\/fr\/episode-6-protections-pare-blocs-en-bord-de-mer\/\",\"name\":\"\u00c9pisode 6 : Protections pare-blocs en bord de mer - Maccaferri France\",\"isPartOf\":{\"@id\":\"https:\/\/maccaferri-stage.softecspa.it\/fr\/#website\"},\"primaryImageOfPage\":{\"@id\":\"https:\/\/maccaferri-stage.softecspa.it\/fr\/episode-6-protections-pare-blocs-en-bord-de-mer\/#primaryimage\"},\"image\":{\"@id\":\"https:\/\/maccaferri-stage.softecspa.it\/fr\/episode-6-protections-pare-blocs-en-bord-de-mer\/#primaryimage\"},\"thumbnailUrl\":\"\",\"datePublished\":\"2023-05-30T13:10:27+00:00\",\"dateModified\":\"2023-11-17T09:34:55+00:00\",\"description\":\"D\u00e9couvrez le 6\u00e8me \u00e9pisode de notre Podcast Immersion Chantier, sur les \u00e9crans horizontaux pare-blocs en bord de mer en Tunisie.\",\"inLanguage\":\"fr-FR\",\"potentialAction\":[{\"@type\":\"ReadAction\",\"target\":[\"https:\/\/maccaferri-stage.softecspa.it\/fr\/episode-6-protections-pare-blocs-en-bord-de-mer\/\"]}]},{\"@type\":\"ImageObject\",\"inLanguage\":\"fr-FR\",\"@id\":\"https:\/\/maccaferri-stage.softecspa.it\/fr\/episode-6-protections-pare-blocs-en-bord-de-mer\/#primaryimage\",\"url\":\"\",\"contentUrl\":\"\"},{\"@type\":\"WebSite\",\"@id\":\"https:\/\/maccaferri-stage.softecspa.it\/fr\/#website\",\"url\":\"https:\/\/maccaferri-stage.softecspa.it\/fr\/\",\"name\":\"Maccaferri France\",\"description\":\"\",\"publisher\":{\"@id\":\"https:\/\/maccaferri-stage.softecspa.it\/fr\/#organization\"},\"potentialAction\":[{\"@type\":\"SearchAction\",\"target\":{\"@type\":\"EntryPoint\",\"urlTemplate\":\"https:\/\/maccaferri-stage.softecspa.it\/fr\/?s={search_term_string}\"},\"query-input\":{\"@type\":\"PropertyValueSpecification\",\"valueRequired\":true,\"valueName\":\"search_term_string\"}}],\"inLanguage\":\"fr-FR\"},{\"@type\":\"Organization\",\"@id\":\"https:\/\/maccaferri-stage.softecspa.it\/fr\/#organization\",\"name\":\"Maccaferri France\",\"url\":\"https:\/\/maccaferri-stage.softecspa.it\/fr\/\",\"logo\":{\"@type\":\"ImageObject\",\"inLanguage\":\"fr-FR\",\"@id\":\"https:\/\/maccaferri-stage.softecspa.it\/fr\/#\/schema\/logo\/image\/\",\"url\":\"\",\"contentUrl\":\"\",\"caption\":\"Maccaferri France\"},\"image\":{\"@id\":\"https:\/\/maccaferri-stage.softecspa.it\/fr\/#\/schema\/logo\/image\/\"}}]}<\/script>\n<!-- \/ Yoast SEO Premium plugin. -->","yoast_head_json":{"title":"\u00c9pisode 6 : Protections pare-blocs en bord de mer - Maccaferri France","description":"D\u00e9couvrez le 6\u00e8me \u00e9pisode de notre Podcast Immersion Chantier, sur les \u00e9crans horizontaux pare-blocs en bord de mer en Tunisie.","robots":{"index":"index","follow":"follow","max-snippet":"max-snippet:-1","max-image-preview":"max-image-preview:large","max-video-preview":"max-video-preview:-1"},"canonical":"https:\/\/maccaferri-stage.softecspa.it\/fr\/episode-6-protections-pare-blocs-en-bord-de-mer\/","og_locale":"fr_FR","og_type":"article","og_title":"\u00c9pisode 6 : Protections pare-blocs en bord de mer - Maccaferri France","og_description":"D\u00e9couvrez le 6\u00e8me \u00e9pisode de notre Podcast Immersion Chantier, sur les \u00e9crans horizontaux pare-blocs en bord de mer en Tunisie.","og_url":"https:\/\/maccaferri-stage.softecspa.it\/fr\/episode-6-protections-pare-blocs-en-bord-de-mer\/","og_site_name":"Maccaferri France","article_modified_time":"2023-11-17T09:34:55+00:00","og_image":[{"width":1915,"height":530,"url":"https:\/\/maccaferri-stage.softecspa.it\/fr\/wp-content\/uploads\/2023\/05\/Pdocast_6.png","type":"image\/png"}],"twitter_card":"summary_large_image","twitter_misc":{"Est. reading time":"1 minute"},"schema":{"@context":"https:\/\/schema.org","@graph":[{"@type":"WebPage","@id":"https:\/\/maccaferri-stage.softecspa.it\/fr\/episode-6-protections-pare-blocs-en-bord-de-mer\/","url":"https:\/\/maccaferri-stage.softecspa.it\/fr\/episode-6-protections-pare-blocs-en-bord-de-mer\/","name":"\u00c9pisode 6 : Protections pare-blocs en bord de mer - Maccaferri France","isPartOf":{"@id":"https:\/\/maccaferri-stage.softecspa.it\/fr\/#website"},"primaryImageOfPage":{"@id":"https:\/\/maccaferri-stage.softecspa.it\/fr\/episode-6-protections-pare-blocs-en-bord-de-mer\/#primaryimage"},"image":{"@id":"https:\/\/maccaferri-stage.softecspa.it\/fr\/episode-6-protections-pare-blocs-en-bord-de-mer\/#primaryimage"},"thumbnailUrl":"","datePublished":"2023-05-30T13:10:27+00:00","dateModified":"2023-11-17T09:34:55+00:00","description":"D\u00e9couvrez le 6\u00e8me \u00e9pisode de notre Podcast Immersion Chantier, sur les \u00e9crans horizontaux pare-blocs en bord de mer en Tunisie.","inLanguage":"fr-FR","potentialAction":[{"@type":"ReadAction","target":["https:\/\/maccaferri-stage.softecspa.it\/fr\/episode-6-protections-pare-blocs-en-bord-de-mer\/"]}]},{"@type":"ImageObject","inLanguage":"fr-FR","@id":"https:\/\/maccaferri-stage.softecspa.it\/fr\/episode-6-protections-pare-blocs-en-bord-de-mer\/#primaryimage","url":"","contentUrl":""},{"@type":"WebSite","@id":"https:\/\/maccaferri-stage.softecspa.it\/fr\/#website","url":"https:\/\/maccaferri-stage.softecspa.it\/fr\/","name":"Maccaferri France","description":"","publisher":{"@id":"https:\/\/maccaferri-stage.softecspa.it\/fr\/#organization"},"potentialAction":[{"@type":"SearchAction","target":{"@type":"EntryPoint","urlTemplate":"https:\/\/maccaferri-stage.softecspa.it\/fr\/?s={search_term_string}"},"query-input":{"@type":"PropertyValueSpecification","valueRequired":true,"valueName":"search_term_string"}}],"inLanguage":"fr-FR"},{"@type":"Organization","@id":"https:\/\/maccaferri-stage.softecspa.it\/fr\/#organization","name":"Maccaferri France","url":"https:\/\/maccaferri-stage.softecspa.it\/fr\/","logo":{"@type":"ImageObject","inLanguage":"fr-FR","@id":"https:\/\/maccaferri-stage.softecspa.it\/fr\/#\/schema\/logo\/image\/","url":"","contentUrl":"","caption":"Maccaferri France"},"image":{"@id":"https:\/\/maccaferri-stage.softecspa.it\/fr\/#\/schema\/logo\/image\/"}}]}},"_links":{"self":[{"href":"https:\/\/maccaferri-stage.softecspa.it\/fr\/wp-json\/wp\/v2\/pages\/20923","targetHints":{"allow":["GET"]}}],"collection":[{"href":"https:\/\/maccaferri-stage.softecspa.it\/fr\/wp-json\/wp\/v2\/pages"}],"about":[{"href":"https:\/\/maccaferri-stage.softecspa.it\/fr\/wp-json\/wp\/v2\/types\/page"}],"author":[{"embeddable":true,"href":"https:\/\/maccaferri-stage.softecspa.it\/fr\/wp-json\/wp\/v2\/users\/7096"}],"replies":[{"embeddable":true,"href":"https:\/\/maccaferri-stage.softecspa.it\/fr\/wp-json\/wp\/v2\/comments?post=20923"}],"version-history":[{"count":22,"href":"https:\/\/maccaferri-stage.softecspa.it\/fr\/wp-json\/wp\/v2\/pages\/20923\/revisions"}],"predecessor-version":[{"id":59934,"href":"https:\/\/maccaferri-stage.softecspa.it\/fr\/wp-json\/wp\/v2\/pages\/20923\/revisions\/59934"}],"wp:featuredmedia":[{"embeddable":true,"href":"https:\/\/maccaferri-stage.softecspa.it\/fr\/wp-json\/"}],"wp:attachment":[{"href":"https:\/\/maccaferri-stage.softecspa.it\/fr\/wp-json\/wp\/v2\/media?parent=20923"}],"curies":[{"name":"wp","href":"https:\/\/api.w.org\/{rel}","templated":true}]}}