{"id":2906,"date":"2022-12-01T16:52:35","date_gmt":"2022-12-01T15:52:35","guid":{"rendered":"https:\/\/maccaferri-stage.softecspa.it\/fr\/?page_id=2906"},"modified":"2023-08-07T15:04:47","modified_gmt":"2023-08-07T13:04:47","slug":"vision-mission","status":"publish","type":"page","link":"https:\/\/maccaferri-stage.softecspa.it\/fr\/vision-mission\/","title":{"rendered":"Vision &amp; Mission"},"content":{"rendered":"<div class=\"wp-block-mac-h1-title-hero-block container-fluid block-txt-container\" style=\"background:linear-gradient(180deg,rgb(1,94,111) 0%,rgb(0,72,87) 100%)\"><div class=\"row\"><div class=\"col\"><div class=\"gts__picture\"><img decoding=\"async\" src=\"https:\/\/maccaferri-stage.softecspa.it\/fr\/wp-content\/uploads\/sites\/30\/2022\/12\/Sustainability_Gabion_3.jpg\" style=\"display:none\" \/><div class=\"gts__picture__image\" style=\"background-image:url(https:\/\/maccaferri-stage.softecspa.it\/fr\/wp-content\/uploads\/sites\/30\/2022\/12\/Sustainability_Gabion_3.jpg)\"><\/div><\/div><div class=\"container box-container\"><div class=\"row\"><div class=\"col title-box-txt\"><h1 class=\"wp-block-mac-h1-title-hero-block\" style=\"color:#ffffff;text-align:none\">Vision &amp; Mission<\/h1><\/div><\/div><\/div><\/div><\/div><\/div><div class=\"wp-block-mac-container-block box-container\"><div class=\"wp-block-columns is-layout-flex wp-container-core-columns-is-layout-9d6595d7 wp-block-columns-is-layout-flex\"><div class=\"wp-block-column is-layout-flow wp-block-column-is-layout-flow\"><div class=\"container content-paragraph box-container\"><div class=\"row\"><div class=\"col-12 col-lg-12 col-xl-12 col-xxl-12\"><div class=\"content-txt\"><h4>En pr\u00e9servant le monde de demain, en harmonisant la vie et la nature \u00e0 travers des solutions innovantes, Maccaferri poursuit l&#8217;excellence et l&#8217;am\u00e9lioration continue.<\/h4>\n<\/div><\/div><\/div><\/div><\/div>\n\n<div class=\"wp-block-column is-vertically-aligned-center is-layout-flow wp-block-column-is-layout-flow\"><figure class=\"wp-block-image aligncenter size-full\"><img decoding=\"async\" src=\"https:\/\/maccaferri-stage.softecspa.it\/fr\/wp-content\/uploads\/sites\/30\/2022\/12\/maccaferri-nurturing-2019-200x200-1.png\" alt=\"\" class=\"wp-image-3696\" \/><\/figure><\/div><\/div><\/div><div class=\"wp-block-mac-container-block box-container\"><div class=\"wp-block-columns is-layout-flex wp-container-core-columns-is-layout-9d6595d7 wp-block-columns-is-layout-flex\"><div class=\"wp-block-column is-layout-flow wp-block-column-is-layout-flow\"><div class=\"container content-paragraph box-container\"><div class=\"row\"><div class=\"col-12 col-lg-12 col-xl-12 col-xxl-12\"><h6>VISION<\/h6><div class=\"content-txt\"><h5>Partenaire mondial de confiance, pr\u00e9servant le monde de demain, harmonisant la vie et la nature gr\u00e2ce \u00e0 des solutions innovantes.<\/h5>\n<p><strong>Pr\u00e9servez <\/strong>pour Maccaferri signifie prendre soin, prot\u00e9ger, \u00eatre responsable. <span class=\"HwtZe\" lang=\"fr\"><span class=\"jCAhz ChMk0b\"><span class=\"ryNqvb\">Notre vision ne concerne pas seulement \u00ab ce \u00bb que nous voulons \u00eatre, mais plus important encore, \u00ab comment \u00bb nous voulons \u00eatre en tant qu&#8217;organisation.<\/span><\/span> <span class=\"jCAhz ChMk0b\"><span class=\"ryNqvb\">Responsable, respectueux, attentionn\u00e9 et sensible non seulement \u00e0 l&#8217;environnement mais aussi \u00e0 nos collaborateurs.<\/span><\/span><\/span><\/p>\n<\/div><\/div><\/div><\/div><\/div>\n\n<div class=\"wp-block-column is-vertically-aligned-bottom is-layout-flow wp-block-column-is-layout-flow\"><figure class=\"wp-block-embed is-type-video is-provider-youtube wp-block-embed-youtube wp-embed-aspect-16-9 wp-has-aspect-ratio\"><div class=\"wp-block-embed__wrapper\">\n<iframe title=\"Maccaferri Vision\" width=\"640\" height=\"360\" src=\"https:\/\/www.youtube.com\/embed\/-d-yujSQjw0?feature=oembed\" frameborder=\"0\" allow=\"accelerometer; autoplay; clipboard-write; encrypted-media; gyroscope; picture-in-picture; web-share\" referrerpolicy=\"strict-origin-when-cross-origin\" allowfullscreen><\/iframe>\n<\/div><\/figure><\/div><\/div><\/div><div style=\"height:100px\" aria-hidden=\"true\" class=\"wp-block-spacer\"><\/div><div class=\"wp-block-mac-container-block box-container\"><div class=\"wp-block-columns are-vertically-aligned-bottom is-layout-flex wp-container-core-columns-is-layout-9d6595d7 wp-block-columns-is-layout-flex\"><div class=\"wp-block-column is-vertically-aligned-bottom is-layout-flow wp-block-column-is-layout-flow\"><figure class=\"wp-block-embed is-type-video is-provider-youtube wp-block-embed-youtube wp-embed-aspect-16-9 wp-has-aspect-ratio\"><div class=\"wp-block-embed__wrapper\">\n<iframe title=\"Maccaferri Mission\" width=\"640\" height=\"360\" src=\"https:\/\/www.youtube.com\/embed\/wuKbKI5x2Hw?feature=oembed\" frameborder=\"0\" allow=\"accelerometer; autoplay; clipboard-write; encrypted-media; gyroscope; picture-in-picture; web-share\" referrerpolicy=\"strict-origin-when-cross-origin\" allowfullscreen><\/iframe>\n<\/div><\/figure><\/div>\n\n<div class=\"wp-block-column is-vertically-aligned-bottom is-layout-flow wp-block-column-is-layout-flow\"><div class=\"container content-paragraph box-container\"><div class=\"row\"><div class=\"col-12 col-lg-12 col-xl-12 col-xxl-12\"><h6>MISSION<\/h6><div class=\"content-txt\"><h5>Poursuivre l&#8217;excellence par l&#8217;am\u00e9lioration continue tout en offrant \u00e0 nos clients des solutions d&#8217;ing\u00e9nierie innovantes, avanc\u00e9es et respectueuses de l&#8217;environnement.<\/h5>\n<p><span class=\"HwtZe\" lang=\"fr\"><span class=\"jCAhz ChMk0b\"><span class=\"ryNqvb\">Nous nous engageons \u00e0 offrir une s\u00e9curit\u00e9, une qualit\u00e9 et une durabilit\u00e9 exceptionnelles, afin de cr\u00e9er de la valeur pour toutes les parties prenantes ainsi que pour nos communaut\u00e9s<\/span><\/span><\/span>.<\/p>\n<\/div><\/div><\/div><\/div><\/div><\/div><\/div>","protected":false},"excerpt":{"rendered":"","protected":false},"author":2,"featured_media":0,"parent":0,"menu_order":0,"comment_status":"closed","ping_status":"closed","template":"custom-products-page.php","meta":{"_acf_changed":false,"_joinchat":[],"footnotes":""},"class_list":["post-2906","page","type-page","status-publish","hentry"],"acf":{"uuid_products":"","product-documents":""},"yoast_head":"<!-- This site is optimized with the Yoast SEO Premium plugin v27.0 (Yoast SEO v27.0) - https:\/\/yoast.com\/product\/yoast-seo-premium-wordpress\/ -->\n<title>Vision &amp; Mission - Maccaferri France<\/title>\n<meta name=\"description\" content=\"Partenaire mondial de confiance, pr\u00e9servant le monde de demain, harmonisant la vie et la nature gr\u00e2ce \u00e0 des solutions innovantes.\" \/>\n<meta name=\"robots\" content=\"index, follow, max-snippet:-1, max-image-preview:large, max-video-preview:-1\" \/>\n<link rel=\"canonical\" href=\"https:\/\/maccaferri-stage.softecspa.it\/fr\/vision-mission\/\" \/>\n<meta property=\"og:locale\" content=\"fr_FR\" \/>\n<meta property=\"og:type\" content=\"article\" \/>\n<meta property=\"og:title\" content=\"Vision &amp; Mission - Maccaferri France\" \/>\n<meta property=\"og:description\" content=\"Partenaire mondial de confiance, pr\u00e9servant le monde de demain, harmonisant la vie et la nature gr\u00e2ce \u00e0 des solutions innovantes.\" \/>\n<meta property=\"og:url\" content=\"https:\/\/maccaferri-stage.softecspa.it\/fr\/vision-mission\/\" \/>\n<meta property=\"og:site_name\" content=\"Maccaferri France\" \/>\n<meta property=\"article:modified_time\" content=\"2023-08-07T13:04:47+00:00\" \/>\n<meta property=\"og:image\" content=\"https:\/\/maccaferri-stage.softecspa.it\/fr\/wp-content\/uploads\/sites\/30\/2022\/12\/Sustainability_Gabion_3.jpg\" \/>\n<meta name=\"twitter:card\" content=\"summary_large_image\" \/>\n<meta name=\"twitter:label1\" content=\"Est. reading time\" \/>\n\t<meta name=\"twitter:data1\" content=\"1 minute\" \/>\n<script type=\"application\/ld+json\" class=\"yoast-schema-graph\">{\"@context\":\"https:\/\/schema.org\",\"@graph\":[{\"@type\":\"WebPage\",\"@id\":\"https:\/\/maccaferri-stage.softecspa.it\/fr\/vision-mission\/\",\"url\":\"https:\/\/maccaferri-stage.softecspa.it\/fr\/vision-mission\/\",\"name\":\"Vision &amp; Mission - Maccaferri France\",\"isPartOf\":{\"@id\":\"https:\/\/maccaferri-stage.softecspa.it\/fr\/#website\"},\"primaryImageOfPage\":{\"@id\":\"https:\/\/maccaferri-stage.softecspa.it\/fr\/vision-mission\/#primaryimage\"},\"image\":{\"@id\":\"https:\/\/maccaferri-stage.softecspa.it\/fr\/vision-mission\/#primaryimage\"},\"thumbnailUrl\":\"https:\/\/maccaferri-stage.softecspa.it\/fr\/wp-content\/uploads\/sites\/30\/2022\/12\/Sustainability_Gabion_3.jpg\",\"datePublished\":\"2022-12-01T15:52:35+00:00\",\"dateModified\":\"2023-08-07T13:04:47+00:00\",\"description\":\"Partenaire mondial de confiance, pr\u00e9servant le monde de demain, harmonisant la vie et la nature gr\u00e2ce \u00e0 des solutions innovantes.\",\"inLanguage\":\"fr-FR\",\"potentialAction\":[{\"@type\":\"ReadAction\",\"target\":[\"https:\/\/maccaferri-stage.softecspa.it\/fr\/vision-mission\/\"]}]},{\"@type\":\"ImageObject\",\"inLanguage\":\"fr-FR\",\"@id\":\"https:\/\/maccaferri-stage.softecspa.it\/fr\/vision-mission\/#primaryimage\",\"url\":\"https:\/\/maccaferri-stage.softecspa.it\/fr\/wp-content\/uploads\/sites\/30\/2022\/12\/Sustainability_Gabion_3.jpg\",\"contentUrl\":\"https:\/\/maccaferri-stage.softecspa.it\/fr\/wp-content\/uploads\/sites\/30\/2022\/12\/Sustainability_Gabion_3.jpg\"},{\"@type\":\"WebSite\",\"@id\":\"https:\/\/maccaferri-stage.softecspa.it\/fr\/#website\",\"url\":\"https:\/\/maccaferri-stage.softecspa.it\/fr\/\",\"name\":\"Maccaferri France\",\"description\":\"\",\"publisher\":{\"@id\":\"https:\/\/maccaferri-stage.softecspa.it\/fr\/#organization\"},\"potentialAction\":[{\"@type\":\"SearchAction\",\"target\":{\"@type\":\"EntryPoint\",\"urlTemplate\":\"https:\/\/maccaferri-stage.softecspa.it\/fr\/?s={search_term_string}\"},\"query-input\":{\"@type\":\"PropertyValueSpecification\",\"valueRequired\":true,\"valueName\":\"search_term_string\"}}],\"inLanguage\":\"fr-FR\"},{\"@type\":\"Organization\",\"@id\":\"https:\/\/maccaferri-stage.softecspa.it\/fr\/#organization\",\"name\":\"Maccaferri France\",\"url\":\"https:\/\/maccaferri-stage.softecspa.it\/fr\/\",\"logo\":{\"@type\":\"ImageObject\",\"inLanguage\":\"fr-FR\",\"@id\":\"https:\/\/maccaferri-stage.softecspa.it\/fr\/#\/schema\/logo\/image\/\",\"url\":\"\",\"contentUrl\":\"\",\"caption\":\"Maccaferri France\"},\"image\":{\"@id\":\"https:\/\/maccaferri-stage.softecspa.it\/fr\/#\/schema\/logo\/image\/\"}}]}<\/script>\n<!-- \/ Yoast SEO Premium plugin. -->","yoast_head_json":{"title":"Vision &amp; Mission - Maccaferri France","description":"Partenaire mondial de confiance, pr\u00e9servant le monde de demain, harmonisant la vie et la nature gr\u00e2ce \u00e0 des solutions innovantes.","robots":{"index":"index","follow":"follow","max-snippet":"max-snippet:-1","max-image-preview":"max-image-preview:large","max-video-preview":"max-video-preview:-1"},"canonical":"https:\/\/maccaferri-stage.softecspa.it\/fr\/vision-mission\/","og_locale":"fr_FR","og_type":"article","og_title":"Vision &amp; Mission - Maccaferri France","og_description":"Partenaire mondial de confiance, pr\u00e9servant le monde de demain, harmonisant la vie et la nature gr\u00e2ce \u00e0 des solutions innovantes.","og_url":"https:\/\/maccaferri-stage.softecspa.it\/fr\/vision-mission\/","og_site_name":"Maccaferri France","article_modified_time":"2023-08-07T13:04:47+00:00","og_image":[{"url":"https:\/\/maccaferri-stage.softecspa.it\/fr\/wp-content\/uploads\/sites\/30\/2022\/12\/Sustainability_Gabion_3.jpg","type":"","width":"","height":""}],"twitter_card":"summary_large_image","twitter_misc":{"Est. reading time":"1 minute"},"schema":{"@context":"https:\/\/schema.org","@graph":[{"@type":"WebPage","@id":"https:\/\/maccaferri-stage.softecspa.it\/fr\/vision-mission\/","url":"https:\/\/maccaferri-stage.softecspa.it\/fr\/vision-mission\/","name":"Vision &amp; Mission - Maccaferri France","isPartOf":{"@id":"https:\/\/maccaferri-stage.softecspa.it\/fr\/#website"},"primaryImageOfPage":{"@id":"https:\/\/maccaferri-stage.softecspa.it\/fr\/vision-mission\/#primaryimage"},"image":{"@id":"https:\/\/maccaferri-stage.softecspa.it\/fr\/vision-mission\/#primaryimage"},"thumbnailUrl":"https:\/\/maccaferri-stage.softecspa.it\/fr\/wp-content\/uploads\/sites\/30\/2022\/12\/Sustainability_Gabion_3.jpg","datePublished":"2022-12-01T15:52:35+00:00","dateModified":"2023-08-07T13:04:47+00:00","description":"Partenaire mondial de confiance, pr\u00e9servant le monde de demain, harmonisant la vie et la nature gr\u00e2ce \u00e0 des solutions innovantes.","inLanguage":"fr-FR","potentialAction":[{"@type":"ReadAction","target":["https:\/\/maccaferri-stage.softecspa.it\/fr\/vision-mission\/"]}]},{"@type":"ImageObject","inLanguage":"fr-FR","@id":"https:\/\/maccaferri-stage.softecspa.it\/fr\/vision-mission\/#primaryimage","url":"https:\/\/maccaferri-stage.softecspa.it\/fr\/wp-content\/uploads\/sites\/30\/2022\/12\/Sustainability_Gabion_3.jpg","contentUrl":"https:\/\/maccaferri-stage.softecspa.it\/fr\/wp-content\/uploads\/sites\/30\/2022\/12\/Sustainability_Gabion_3.jpg"},{"@type":"WebSite","@id":"https:\/\/maccaferri-stage.softecspa.it\/fr\/#website","url":"https:\/\/maccaferri-stage.softecspa.it\/fr\/","name":"Maccaferri France","description":"","publisher":{"@id":"https:\/\/maccaferri-stage.softecspa.it\/fr\/#organization"},"potentialAction":[{"@type":"SearchAction","target":{"@type":"EntryPoint","urlTemplate":"https:\/\/maccaferri-stage.softecspa.it\/fr\/?s={search_term_string}"},"query-input":{"@type":"PropertyValueSpecification","valueRequired":true,"valueName":"search_term_string"}}],"inLanguage":"fr-FR"},{"@type":"Organization","@id":"https:\/\/maccaferri-stage.softecspa.it\/fr\/#organization","name":"Maccaferri France","url":"https:\/\/maccaferri-stage.softecspa.it\/fr\/","logo":{"@type":"ImageObject","inLanguage":"fr-FR","@id":"https:\/\/maccaferri-stage.softecspa.it\/fr\/#\/schema\/logo\/image\/","url":"","contentUrl":"","caption":"Maccaferri France"},"image":{"@id":"https:\/\/maccaferri-stage.softecspa.it\/fr\/#\/schema\/logo\/image\/"}}]}},"_links":{"self":[{"href":"https:\/\/maccaferri-stage.softecspa.it\/fr\/wp-json\/wp\/v2\/pages\/2906","targetHints":{"allow":["GET"]}}],"collection":[{"href":"https:\/\/maccaferri-stage.softecspa.it\/fr\/wp-json\/wp\/v2\/pages"}],"about":[{"href":"https:\/\/maccaferri-stage.softecspa.it\/fr\/wp-json\/wp\/v2\/types\/page"}],"author":[{"embeddable":true,"href":"https:\/\/maccaferri-stage.softecspa.it\/fr\/wp-json\/wp\/v2\/users\/2"}],"replies":[{"embeddable":true,"href":"https:\/\/maccaferri-stage.softecspa.it\/fr\/wp-json\/wp\/v2\/comments?post=2906"}],"version-history":[{"count":24,"href":"https:\/\/maccaferri-stage.softecspa.it\/fr\/wp-json\/wp\/v2\/pages\/2906\/revisions"}],"predecessor-version":[{"id":5330,"href":"https:\/\/maccaferri-stage.softecspa.it\/fr\/wp-json\/wp\/v2\/pages\/2906\/revisions\/5330"}],"wp:attachment":[{"href":"https:\/\/maccaferri-stage.softecspa.it\/fr\/wp-json\/wp\/v2\/media?parent=2906"}],"curies":[{"name":"wp","href":"https:\/\/api.w.org\/{rel}","templated":true}]}}