{"id":58618,"date":"2023-10-20T08:49:21","date_gmt":"2023-10-20T06:49:21","guid":{"rendered":"https:\/\/maccaferri-stage.softecspa.it\/fr\/?page_id=58618"},"modified":"2023-10-20T08:49:22","modified_gmt":"2023-10-20T06:49:22","slug":"webinaire-attenuation-des-avalanches-linnovation-au-service-de-la-securite","status":"publish","type":"page","link":"https:\/\/maccaferri-stage.softecspa.it\/fr\/webinaire-attenuation-des-avalanches-linnovation-au-service-de-la-securite\/","title":{"rendered":"WEBINAIRE &#8211; Att\u00e9nuation des avalanches : l&#8217;innovation au service de la s\u00e9curit\u00e9"},"content":{"rendered":"<div class=\"wp-block-mac-h2-title-block block-txt-container box-container\"><div class=\"row\"><div class=\"col title-box-txt\"><h2 style=\"color:#212429;text-align:none\">Att\u00e9nuation des avalanches : l&#8217;innovation au service de la s\u00e9curit\u00e9<\/h2><\/div><\/div><\/div><div class=\"wp-block-mac-container-block box-container\"><div class=\"wp-block-columns is-layout-flex wp-container-core-columns-is-layout-9d6595d7 wp-block-columns-is-layout-flex\"><div class=\"wp-block-column is-layout-flow wp-block-column-is-layout-flow\"><figure class=\"wp-block-video\"><video controls controlslist=\"nodownload\" src=\"https:\/\/maccaferri-stage.softecspa.it\/fr\/wp-content\/uploads\/2023\/10\/Snow-avalanche-mitigation_-Innovation-for-safety-Live-2-1.mp4\"><\/video><\/figure><\/div><\/div><\/div><div class=\"wp-block-mac-container-block box-container\"><div class=\"wp-block-columns is-layout-flex wp-container-core-columns-is-layout-9d6595d7 wp-block-columns-is-layout-flex\"><div class=\"wp-block-column is-layout-flow wp-block-column-is-layout-flow\"><p class=\"has-text-align-center\">Pour plus d&#8217;information contactez nous ! <\/p><\/div><\/div><\/div><div class=\"wp-block-buttons is-content-justification-center is-layout-flex wp-container-core-buttons-is-layout-16018d1d wp-block-buttons-is-layout-flex\"><div class=\"wp-block-button\"><a class=\"wp-block-button__link\" href=\"https:\/\/maccaferri-stage.softecspa.it\/fr\/contactez-nous\/\" target=\"_blank\" rel=\"noreferrer noopener\">Contactez nous !<\/a><\/div><\/div><div class=\"content-document-dowload\">\n    <div class=\"container-fluid box-container\">\n        <div class=\"row\">\n            <div class=\"col-12\">\n            <h2>T\u00e9l\u00e9charger les documents<\/h2>\n            <\/div>\n        <\/div>\n    <\/div>\n    <div class=\"content-fluid has-white-background-color has-background\"><div class=\"content-document-dowload box-container\"><ul><li><a href=\"https:\/\/maccaferri-stage.softecspa.it\/fr\/download\/webinar-attenuation-des-avalanches-presentation\/\" target=\"_blank\" title=\"WEBINAR ATTENUATION DES AVALANCHES - PR\u00c9SENTATION\">WEBINAR ATTENUATION DES AVALANCHES &#8211; PR\u00c9SENTATION<\/a><a href=\"#\" target=\"_blank\" class=\"btn-dowload btn-file-download\" data-id-file=\"58626\" data-cat-file=\"default\" data-bs-toggle=\"tooltip\" data-bs-placement=\"top\" title=\"WEBINAR ATTENUATION DES AVALANCHES - PR\u00c9SENTATION\"><span class=\"material-symbols-outlined download\">sim_card_download<\/span><\/a><\/li><\/ul><\/div><\/div><\/div>\n\n<script type=\"text\/javascript\">\n    jQuery('.btn-file-download').click(function(e) {\n        e.preventDefault();\n        let idFile = jQuery(this).data('id-file');\n        window.open('https:\/\/maccaferri-stage.softecspa.it\/fr\/?wpdmdl=' + idFile);\n        return false;\n    });\n    \/\/tooltip\n    var tooltipTriggerList = [].slice.call(document.querySelectorAll('[data-bs-toggle=\"tooltip\"]'))\n    var tooltipList = tooltipTriggerList.map(function(tooltipTriggerEl) {\n        return new bootstrap.Tooltip(tooltipTriggerEl)\n    })\n<\/script>","protected":false},"excerpt":{"rendered":"","protected":false},"author":7096,"featured_media":58414,"parent":0,"menu_order":0,"comment_status":"closed","ping_status":"closed","template":"","meta":{"_acf_changed":false,"_joinchat":[],"footnotes":""},"class_list":["post-58618","page","type-page","status-publish","has-post-thumbnail","hentry"],"acf":{"uuid_products":"","product-documents":[58626]},"yoast_head":"<!-- This site is optimized with the Yoast SEO Premium plugin v27.0 (Yoast SEO v27.0) - https:\/\/yoast.com\/product\/yoast-seo-premium-wordpress\/ -->\n<title>WEBINAIRE - Att\u00e9nuation des avalanches : l&#039;innovation au service de la s\u00e9curit\u00e9 - Maccaferri France<\/title>\n<meta name=\"description\" content=\"Visionnez notre webinaire sur nos solution pour l&#039;att\u00e9nuation des avalanches\" \/>\n<meta name=\"robots\" content=\"index, follow, max-snippet:-1, max-image-preview:large, max-video-preview:-1\" \/>\n<link rel=\"canonical\" href=\"https:\/\/maccaferri-stage.softecspa.it\/fr\/webinaire-attenuation-des-avalanches-linnovation-au-service-de-la-securite\/\" \/>\n<meta property=\"og:locale\" content=\"fr_FR\" \/>\n<meta property=\"og:type\" content=\"article\" \/>\n<meta property=\"og:title\" content=\"WEBINAIRE - Att\u00e9nuation des avalanches : l&#039;innovation au service de la s\u00e9curit\u00e9 - Maccaferri France\" \/>\n<meta property=\"og:description\" content=\"Visionnez notre webinaire sur nos solution pour l&#039;att\u00e9nuation des avalanches\" \/>\n<meta property=\"og:url\" content=\"https:\/\/maccaferri-stage.softecspa.it\/fr\/webinaire-attenuation-des-avalanches-linnovation-au-service-de-la-securite\/\" \/>\n<meta property=\"og:site_name\" content=\"Maccaferri France\" \/>\n<meta property=\"article:modified_time\" content=\"2023-10-20T06:49:22+00:00\" \/>\n<meta property=\"og:image\" content=\"https:\/\/maccaferri-stage.softecspa.it\/fr\/wp-content\/uploads\/2023\/10\/avalanche-1.jpg\" \/>\n\t<meta property=\"og:image:width\" content=\"1600\" \/>\n\t<meta property=\"og:image:height\" content=\"839\" \/>\n\t<meta property=\"og:image:type\" content=\"image\/jpeg\" \/>\n<meta name=\"twitter:card\" content=\"summary_large_image\" \/>\n<meta name=\"twitter:label1\" content=\"Est. reading time\" \/>\n\t<meta name=\"twitter:data1\" content=\"1 minute\" \/>\n<script type=\"application\/ld+json\" class=\"yoast-schema-graph\">{\"@context\":\"https:\/\/schema.org\",\"@graph\":[{\"@type\":\"WebPage\",\"@id\":\"https:\/\/maccaferri-stage.softecspa.it\/fr\/webinaire-attenuation-des-avalanches-linnovation-au-service-de-la-securite\/\",\"url\":\"https:\/\/maccaferri-stage.softecspa.it\/fr\/webinaire-attenuation-des-avalanches-linnovation-au-service-de-la-securite\/\",\"name\":\"WEBINAIRE - Att\u00e9nuation des avalanches : l'innovation au service de la s\u00e9curit\u00e9 - Maccaferri France\",\"isPartOf\":{\"@id\":\"https:\/\/maccaferri-stage.softecspa.it\/fr\/#website\"},\"primaryImageOfPage\":{\"@id\":\"https:\/\/maccaferri-stage.softecspa.it\/fr\/webinaire-attenuation-des-avalanches-linnovation-au-service-de-la-securite\/#primaryimage\"},\"image\":{\"@id\":\"https:\/\/maccaferri-stage.softecspa.it\/fr\/webinaire-attenuation-des-avalanches-linnovation-au-service-de-la-securite\/#primaryimage\"},\"thumbnailUrl\":\"\",\"datePublished\":\"2023-10-20T06:49:21+00:00\",\"dateModified\":\"2023-10-20T06:49:22+00:00\",\"description\":\"Visionnez notre webinaire sur nos solution pour l'att\u00e9nuation des avalanches\",\"inLanguage\":\"fr-FR\",\"potentialAction\":[{\"@type\":\"ReadAction\",\"target\":[\"https:\/\/maccaferri-stage.softecspa.it\/fr\/webinaire-attenuation-des-avalanches-linnovation-au-service-de-la-securite\/\"]}]},{\"@type\":\"ImageObject\",\"inLanguage\":\"fr-FR\",\"@id\":\"https:\/\/maccaferri-stage.softecspa.it\/fr\/webinaire-attenuation-des-avalanches-linnovation-au-service-de-la-securite\/#primaryimage\",\"url\":\"\",\"contentUrl\":\"\"},{\"@type\":\"WebSite\",\"@id\":\"https:\/\/maccaferri-stage.softecspa.it\/fr\/#website\",\"url\":\"https:\/\/maccaferri-stage.softecspa.it\/fr\/\",\"name\":\"Maccaferri France\",\"description\":\"\",\"publisher\":{\"@id\":\"https:\/\/maccaferri-stage.softecspa.it\/fr\/#organization\"},\"potentialAction\":[{\"@type\":\"SearchAction\",\"target\":{\"@type\":\"EntryPoint\",\"urlTemplate\":\"https:\/\/maccaferri-stage.softecspa.it\/fr\/?s={search_term_string}\"},\"query-input\":{\"@type\":\"PropertyValueSpecification\",\"valueRequired\":true,\"valueName\":\"search_term_string\"}}],\"inLanguage\":\"fr-FR\"},{\"@type\":\"Organization\",\"@id\":\"https:\/\/maccaferri-stage.softecspa.it\/fr\/#organization\",\"name\":\"Maccaferri France\",\"url\":\"https:\/\/maccaferri-stage.softecspa.it\/fr\/\",\"logo\":{\"@type\":\"ImageObject\",\"inLanguage\":\"fr-FR\",\"@id\":\"https:\/\/maccaferri-stage.softecspa.it\/fr\/#\/schema\/logo\/image\/\",\"url\":\"\",\"contentUrl\":\"\",\"caption\":\"Maccaferri France\"},\"image\":{\"@id\":\"https:\/\/maccaferri-stage.softecspa.it\/fr\/#\/schema\/logo\/image\/\"}}]}<\/script>\n<!-- \/ Yoast SEO Premium plugin. -->","yoast_head_json":{"title":"WEBINAIRE - Att\u00e9nuation des avalanches : l'innovation au service de la s\u00e9curit\u00e9 - Maccaferri France","description":"Visionnez notre webinaire sur nos solution pour l'att\u00e9nuation des avalanches","robots":{"index":"index","follow":"follow","max-snippet":"max-snippet:-1","max-image-preview":"max-image-preview:large","max-video-preview":"max-video-preview:-1"},"canonical":"https:\/\/maccaferri-stage.softecspa.it\/fr\/webinaire-attenuation-des-avalanches-linnovation-au-service-de-la-securite\/","og_locale":"fr_FR","og_type":"article","og_title":"WEBINAIRE - Att\u00e9nuation des avalanches : l'innovation au service de la s\u00e9curit\u00e9 - Maccaferri France","og_description":"Visionnez notre webinaire sur nos solution pour l'att\u00e9nuation des avalanches","og_url":"https:\/\/maccaferri-stage.softecspa.it\/fr\/webinaire-attenuation-des-avalanches-linnovation-au-service-de-la-securite\/","og_site_name":"Maccaferri France","article_modified_time":"2023-10-20T06:49:22+00:00","og_image":[{"width":1600,"height":839,"url":"https:\/\/maccaferri-stage.softecspa.it\/fr\/wp-content\/uploads\/2023\/10\/avalanche-1.jpg","type":"image\/jpeg"}],"twitter_card":"summary_large_image","twitter_misc":{"Est. reading time":"1 minute"},"schema":{"@context":"https:\/\/schema.org","@graph":[{"@type":"WebPage","@id":"https:\/\/maccaferri-stage.softecspa.it\/fr\/webinaire-attenuation-des-avalanches-linnovation-au-service-de-la-securite\/","url":"https:\/\/maccaferri-stage.softecspa.it\/fr\/webinaire-attenuation-des-avalanches-linnovation-au-service-de-la-securite\/","name":"WEBINAIRE - Att\u00e9nuation des avalanches : l'innovation au service de la s\u00e9curit\u00e9 - Maccaferri France","isPartOf":{"@id":"https:\/\/maccaferri-stage.softecspa.it\/fr\/#website"},"primaryImageOfPage":{"@id":"https:\/\/maccaferri-stage.softecspa.it\/fr\/webinaire-attenuation-des-avalanches-linnovation-au-service-de-la-securite\/#primaryimage"},"image":{"@id":"https:\/\/maccaferri-stage.softecspa.it\/fr\/webinaire-attenuation-des-avalanches-linnovation-au-service-de-la-securite\/#primaryimage"},"thumbnailUrl":"","datePublished":"2023-10-20T06:49:21+00:00","dateModified":"2023-10-20T06:49:22+00:00","description":"Visionnez notre webinaire sur nos solution pour l'att\u00e9nuation des avalanches","inLanguage":"fr-FR","potentialAction":[{"@type":"ReadAction","target":["https:\/\/maccaferri-stage.softecspa.it\/fr\/webinaire-attenuation-des-avalanches-linnovation-au-service-de-la-securite\/"]}]},{"@type":"ImageObject","inLanguage":"fr-FR","@id":"https:\/\/maccaferri-stage.softecspa.it\/fr\/webinaire-attenuation-des-avalanches-linnovation-au-service-de-la-securite\/#primaryimage","url":"","contentUrl":""},{"@type":"WebSite","@id":"https:\/\/maccaferri-stage.softecspa.it\/fr\/#website","url":"https:\/\/maccaferri-stage.softecspa.it\/fr\/","name":"Maccaferri France","description":"","publisher":{"@id":"https:\/\/maccaferri-stage.softecspa.it\/fr\/#organization"},"potentialAction":[{"@type":"SearchAction","target":{"@type":"EntryPoint","urlTemplate":"https:\/\/maccaferri-stage.softecspa.it\/fr\/?s={search_term_string}"},"query-input":{"@type":"PropertyValueSpecification","valueRequired":true,"valueName":"search_term_string"}}],"inLanguage":"fr-FR"},{"@type":"Organization","@id":"https:\/\/maccaferri-stage.softecspa.it\/fr\/#organization","name":"Maccaferri France","url":"https:\/\/maccaferri-stage.softecspa.it\/fr\/","logo":{"@type":"ImageObject","inLanguage":"fr-FR","@id":"https:\/\/maccaferri-stage.softecspa.it\/fr\/#\/schema\/logo\/image\/","url":"","contentUrl":"","caption":"Maccaferri France"},"image":{"@id":"https:\/\/maccaferri-stage.softecspa.it\/fr\/#\/schema\/logo\/image\/"}}]}},"_links":{"self":[{"href":"https:\/\/maccaferri-stage.softecspa.it\/fr\/wp-json\/wp\/v2\/pages\/58618","targetHints":{"allow":["GET"]}}],"collection":[{"href":"https:\/\/maccaferri-stage.softecspa.it\/fr\/wp-json\/wp\/v2\/pages"}],"about":[{"href":"https:\/\/maccaferri-stage.softecspa.it\/fr\/wp-json\/wp\/v2\/types\/page"}],"author":[{"embeddable":true,"href":"https:\/\/maccaferri-stage.softecspa.it\/fr\/wp-json\/wp\/v2\/users\/7096"}],"replies":[{"embeddable":true,"href":"https:\/\/maccaferri-stage.softecspa.it\/fr\/wp-json\/wp\/v2\/comments?post=58618"}],"version-history":[{"count":3,"href":"https:\/\/maccaferri-stage.softecspa.it\/fr\/wp-json\/wp\/v2\/pages\/58618\/revisions"}],"predecessor-version":[{"id":58632,"href":"https:\/\/maccaferri-stage.softecspa.it\/fr\/wp-json\/wp\/v2\/pages\/58618\/revisions\/58632"}],"acf:post":[{"embeddable":true,"href":"https:\/\/maccaferri-stage.softecspa.it\/fr\/wp-json\/wp\/v2\/wpdmpro\/58626"}],"wp:featuredmedia":[{"embeddable":true,"href":"https:\/\/maccaferri-stage.softecspa.it\/fr\/wp-json\/"}],"wp:attachment":[{"href":"https:\/\/maccaferri-stage.softecspa.it\/fr\/wp-json\/wp\/v2\/media?parent=58618"}],"curies":[{"name":"wp","href":"https:\/\/api.w.org\/{rel}","templated":true}]}}