{"id":58641,"date":"2023-10-20T13:48:52","date_gmt":"2023-10-20T11:48:52","guid":{"rendered":"https:\/\/maccaferri-stage.softecspa.it\/fr\/?page_id=58641"},"modified":"2023-10-20T13:48:53","modified_gmt":"2023-10-20T11:48:53","slug":"webinaire-securite-reinventee-hellomac-la-solution-innovante-pour-les-risques-naturels","status":"publish","type":"page","link":"https:\/\/maccaferri-stage.softecspa.it\/fr\/webinaire-securite-reinventee-hellomac-la-solution-innovante-pour-les-risques-naturels\/","title":{"rendered":"WEBINAIRE &#8211; S\u00e9curit\u00e9 r\u00e9invent\u00e9e : HELLOMAC, la solution innovante pour les Risques Naturels"},"content":{"rendered":"<div class=\"wp-block-mac-h2-title-block block-txt-container box-container\"><div class=\"row\"><div class=\"col title-box-txt\"><h2 style=\"color:#212429;text-align:none\">S\u00e9curit\u00e9 r\u00e9invent\u00e9e : HELLOMAC, la solution innovante pour les Risques Naturels<\/h2><\/div><\/div><\/div><div class=\"wp-block-mac-container-block box-container\"><div class=\"wp-block-columns is-layout-flex wp-container-core-columns-is-layout-9d6595d7 wp-block-columns-is-layout-flex\"><div class=\"wp-block-column is-layout-flow wp-block-column-is-layout-flow\"><figure class=\"wp-block-video\"><video controls controlslist=\"nodownload\" src=\"https:\/\/maccaferri-stage.softecspa.it\/fr\/wp-content\/uploads\/2023\/10\/Securite-reinventee-_-HELLOMAC-la-solution-innovante-pour-les-Risques-Naturels-1-1.mp4\"><\/video><\/figure><\/div><\/div><\/div><div class=\"wp-block-mac-container-block box-container\"><div class=\"wp-block-columns is-layout-flex wp-container-core-columns-is-layout-9d6595d7 wp-block-columns-is-layout-flex\"><div class=\"wp-block-column is-layout-flow wp-block-column-is-layout-flow\"><p class=\"has-text-align-center\">Pour plus d&#8217;information contactez nous ! <\/p><\/div><\/div><\/div><div class=\"wp-block-buttons is-content-justification-center is-layout-flex wp-container-core-buttons-is-layout-16018d1d wp-block-buttons-is-layout-flex\"><div class=\"wp-block-button\"><a class=\"wp-block-button__link\" href=\"https:\/\/maccaferri-stage.softecspa.it\/fr\/contactez-nous\/\" target=\"_blank\" rel=\"noreferrer noopener\">Contactez nous !<\/a><\/div><\/div><div class=\"content-document-dowload\">\n    <div class=\"container-fluid box-container\">\n        <div class=\"row\">\n            <div class=\"col-12\">\n            <h2>T\u00e9l\u00e9charger les documents<\/h2>\n            <\/div>\n        <\/div>\n    <\/div>\n    <div class=\"content-fluid has-white-background-color has-background\"><div class=\"content-document-dowload box-container\"><ul><li><a href=\"https:\/\/maccaferri-stage.softecspa.it\/fr\/download\/hellomac-flyer\/\" target=\"_blank\" title=\"HELLOMAC - FLYER (brochure)\">HELLOMAC &#8211; FLYER (brochure)<\/a><a href=\"https:\/\/maccaferri-stage.softecspa.it\/fr\/dashboard\" class=\"btn-dowload\" data-bs-toggle=\"tooltip\" data-bs-placement=\"top\" title=\"HELLOMAC - FLYER (brochure)\"><span class=\"material-symbols-outlined download\">sim_card_download<\/span><\/a><\/li><li><a href=\"https:\/\/maccaferri-stage.softecspa.it\/fr\/download\/webinaire-securitee-reinventee-hellomac-presentation\/\" target=\"_blank\" title=\"WEBINAIRE S\u00c9CURIT\u00c9E R\u00c9INVENT\u00c9E : HELLOMAC- PR\u00c9SENTATION\">WEBINAIRE S\u00c9CURIT\u00c9E R\u00c9INVENT\u00c9E : HELLOMAC- PR\u00c9SENTATION<\/a><a href=\"#\" target=\"_blank\" class=\"btn-dowload btn-file-download\" data-id-file=\"58645\" data-cat-file=\"default\" data-bs-toggle=\"tooltip\" data-bs-placement=\"top\" title=\"WEBINAIRE S\u00c9CURIT\u00c9E R\u00c9INVENT\u00c9E : HELLOMAC- PR\u00c9SENTATION\"><span class=\"material-symbols-outlined download\">sim_card_download<\/span><\/a><\/li><\/ul><\/div><\/div><\/div>\n\n<script type=\"text\/javascript\">\n    jQuery('.btn-file-download').click(function(e) {\n        e.preventDefault();\n        let idFile = jQuery(this).data('id-file');\n        window.open('https:\/\/maccaferri-stage.softecspa.it\/fr\/?wpdmdl=' + idFile);\n        return false;\n    });\n    \/\/tooltip\n    var tooltipTriggerList = [].slice.call(document.querySelectorAll('[data-bs-toggle=\"tooltip\"]'))\n    var tooltipList = tooltipTriggerList.map(function(tooltipTriggerEl) {\n        return new bootstrap.Tooltip(tooltipTriggerEl)\n    })\n<\/script>","protected":false},"excerpt":{"rendered":"","protected":false},"author":7096,"featured_media":56377,"parent":0,"menu_order":0,"comment_status":"closed","ping_status":"closed","template":"","meta":{"_acf_changed":false,"_joinchat":[],"footnotes":""},"class_list":["post-58641","page","type-page","status-publish","has-post-thumbnail","hentry"],"acf":{"uuid_products":"","product-documents":[4656,58645]},"yoast_head":"<!-- This site is optimized with the Yoast SEO Premium plugin v27.0 (Yoast SEO v27.0) - https:\/\/yoast.com\/product\/yoast-seo-premium-wordpress\/ -->\n<title>WEBINAIRE - S\u00e9curit\u00e9 r\u00e9invent\u00e9e : HELLOMAC, la solution innovante pour les Risques Naturels - Maccaferri France<\/title>\n<meta name=\"description\" content=\"Visionnez notre webinaire sur HELLOMAC, le syst\u00e8me d&#039;alerte innovant\" \/>\n<meta name=\"robots\" content=\"index, follow, max-snippet:-1, max-image-preview:large, max-video-preview:-1\" \/>\n<link rel=\"canonical\" href=\"https:\/\/maccaferri-stage.softecspa.it\/fr\/webinaire-securite-reinventee-hellomac-la-solution-innovante-pour-les-risques-naturels\/\" \/>\n<meta property=\"og:locale\" content=\"fr_FR\" \/>\n<meta property=\"og:type\" content=\"article\" \/>\n<meta property=\"og:title\" content=\"WEBINAIRE - S\u00e9curit\u00e9 r\u00e9invent\u00e9e : HELLOMAC, la solution innovante pour les Risques Naturels - Maccaferri France\" \/>\n<meta property=\"og:description\" content=\"Visionnez notre webinaire sur HELLOMAC, le syst\u00e8me d&#039;alerte innovant\" \/>\n<meta property=\"og:url\" content=\"https:\/\/maccaferri-stage.softecspa.it\/fr\/webinaire-securite-reinventee-hellomac-la-solution-innovante-pour-les-risques-naturels\/\" \/>\n<meta property=\"og:site_name\" content=\"Maccaferri France\" \/>\n<meta property=\"article:modified_time\" content=\"2023-10-20T11:48:53+00:00\" \/>\n<meta property=\"og:image\" content=\"https:\/\/maccaferri-stage.softecspa.it\/fr\/wp-content\/uploads\/2023\/09\/Banniere-compressed.png\" \/>\n\t<meta property=\"og:image:width\" content=\"1915\" \/>\n\t<meta property=\"og:image:height\" content=\"530\" \/>\n\t<meta property=\"og:image:type\" content=\"image\/png\" \/>\n<meta name=\"twitter:card\" content=\"summary_large_image\" \/>\n<meta name=\"twitter:label1\" content=\"Est. reading time\" \/>\n\t<meta name=\"twitter:data1\" content=\"1 minute\" \/>\n<script type=\"application\/ld+json\" class=\"yoast-schema-graph\">{\"@context\":\"https:\/\/schema.org\",\"@graph\":[{\"@type\":\"WebPage\",\"@id\":\"https:\/\/maccaferri-stage.softecspa.it\/fr\/webinaire-securite-reinventee-hellomac-la-solution-innovante-pour-les-risques-naturels\/\",\"url\":\"https:\/\/maccaferri-stage.softecspa.it\/fr\/webinaire-securite-reinventee-hellomac-la-solution-innovante-pour-les-risques-naturels\/\",\"name\":\"WEBINAIRE - S\u00e9curit\u00e9 r\u00e9invent\u00e9e : HELLOMAC, la solution innovante pour les Risques Naturels - Maccaferri France\",\"isPartOf\":{\"@id\":\"https:\/\/maccaferri-stage.softecspa.it\/fr\/#website\"},\"primaryImageOfPage\":{\"@id\":\"https:\/\/maccaferri-stage.softecspa.it\/fr\/webinaire-securite-reinventee-hellomac-la-solution-innovante-pour-les-risques-naturels\/#primaryimage\"},\"image\":{\"@id\":\"https:\/\/maccaferri-stage.softecspa.it\/fr\/webinaire-securite-reinventee-hellomac-la-solution-innovante-pour-les-risques-naturels\/#primaryimage\"},\"thumbnailUrl\":\"\",\"datePublished\":\"2023-10-20T11:48:52+00:00\",\"dateModified\":\"2023-10-20T11:48:53+00:00\",\"description\":\"Visionnez notre webinaire sur HELLOMAC, le syst\u00e8me d'alerte innovant\",\"inLanguage\":\"fr-FR\",\"potentialAction\":[{\"@type\":\"ReadAction\",\"target\":[\"https:\/\/maccaferri-stage.softecspa.it\/fr\/webinaire-securite-reinventee-hellomac-la-solution-innovante-pour-les-risques-naturels\/\"]}]},{\"@type\":\"ImageObject\",\"inLanguage\":\"fr-FR\",\"@id\":\"https:\/\/maccaferri-stage.softecspa.it\/fr\/webinaire-securite-reinventee-hellomac-la-solution-innovante-pour-les-risques-naturels\/#primaryimage\",\"url\":\"\",\"contentUrl\":\"\"},{\"@type\":\"WebSite\",\"@id\":\"https:\/\/maccaferri-stage.softecspa.it\/fr\/#website\",\"url\":\"https:\/\/maccaferri-stage.softecspa.it\/fr\/\",\"name\":\"Maccaferri France\",\"description\":\"\",\"publisher\":{\"@id\":\"https:\/\/maccaferri-stage.softecspa.it\/fr\/#organization\"},\"potentialAction\":[{\"@type\":\"SearchAction\",\"target\":{\"@type\":\"EntryPoint\",\"urlTemplate\":\"https:\/\/maccaferri-stage.softecspa.it\/fr\/?s={search_term_string}\"},\"query-input\":{\"@type\":\"PropertyValueSpecification\",\"valueRequired\":true,\"valueName\":\"search_term_string\"}}],\"inLanguage\":\"fr-FR\"},{\"@type\":\"Organization\",\"@id\":\"https:\/\/maccaferri-stage.softecspa.it\/fr\/#organization\",\"name\":\"Maccaferri France\",\"url\":\"https:\/\/maccaferri-stage.softecspa.it\/fr\/\",\"logo\":{\"@type\":\"ImageObject\",\"inLanguage\":\"fr-FR\",\"@id\":\"https:\/\/maccaferri-stage.softecspa.it\/fr\/#\/schema\/logo\/image\/\",\"url\":\"\",\"contentUrl\":\"\",\"caption\":\"Maccaferri France\"},\"image\":{\"@id\":\"https:\/\/maccaferri-stage.softecspa.it\/fr\/#\/schema\/logo\/image\/\"}}]}<\/script>\n<!-- \/ Yoast SEO Premium plugin. -->","yoast_head_json":{"title":"WEBINAIRE - S\u00e9curit\u00e9 r\u00e9invent\u00e9e : HELLOMAC, la solution innovante pour les Risques Naturels - Maccaferri France","description":"Visionnez notre webinaire sur HELLOMAC, le syst\u00e8me d'alerte innovant","robots":{"index":"index","follow":"follow","max-snippet":"max-snippet:-1","max-image-preview":"max-image-preview:large","max-video-preview":"max-video-preview:-1"},"canonical":"https:\/\/maccaferri-stage.softecspa.it\/fr\/webinaire-securite-reinventee-hellomac-la-solution-innovante-pour-les-risques-naturels\/","og_locale":"fr_FR","og_type":"article","og_title":"WEBINAIRE - S\u00e9curit\u00e9 r\u00e9invent\u00e9e : HELLOMAC, la solution innovante pour les Risques Naturels - Maccaferri France","og_description":"Visionnez notre webinaire sur HELLOMAC, le syst\u00e8me d'alerte innovant","og_url":"https:\/\/maccaferri-stage.softecspa.it\/fr\/webinaire-securite-reinventee-hellomac-la-solution-innovante-pour-les-risques-naturels\/","og_site_name":"Maccaferri France","article_modified_time":"2023-10-20T11:48:53+00:00","og_image":[{"width":1915,"height":530,"url":"https:\/\/maccaferri-stage.softecspa.it\/fr\/wp-content\/uploads\/2023\/09\/Banniere-compressed.png","type":"image\/png"}],"twitter_card":"summary_large_image","twitter_misc":{"Est. reading time":"1 minute"},"schema":{"@context":"https:\/\/schema.org","@graph":[{"@type":"WebPage","@id":"https:\/\/maccaferri-stage.softecspa.it\/fr\/webinaire-securite-reinventee-hellomac-la-solution-innovante-pour-les-risques-naturels\/","url":"https:\/\/maccaferri-stage.softecspa.it\/fr\/webinaire-securite-reinventee-hellomac-la-solution-innovante-pour-les-risques-naturels\/","name":"WEBINAIRE - S\u00e9curit\u00e9 r\u00e9invent\u00e9e : HELLOMAC, la solution innovante pour les Risques Naturels - Maccaferri France","isPartOf":{"@id":"https:\/\/maccaferri-stage.softecspa.it\/fr\/#website"},"primaryImageOfPage":{"@id":"https:\/\/maccaferri-stage.softecspa.it\/fr\/webinaire-securite-reinventee-hellomac-la-solution-innovante-pour-les-risques-naturels\/#primaryimage"},"image":{"@id":"https:\/\/maccaferri-stage.softecspa.it\/fr\/webinaire-securite-reinventee-hellomac-la-solution-innovante-pour-les-risques-naturels\/#primaryimage"},"thumbnailUrl":"","datePublished":"2023-10-20T11:48:52+00:00","dateModified":"2023-10-20T11:48:53+00:00","description":"Visionnez notre webinaire sur HELLOMAC, le syst\u00e8me d'alerte innovant","inLanguage":"fr-FR","potentialAction":[{"@type":"ReadAction","target":["https:\/\/maccaferri-stage.softecspa.it\/fr\/webinaire-securite-reinventee-hellomac-la-solution-innovante-pour-les-risques-naturels\/"]}]},{"@type":"ImageObject","inLanguage":"fr-FR","@id":"https:\/\/maccaferri-stage.softecspa.it\/fr\/webinaire-securite-reinventee-hellomac-la-solution-innovante-pour-les-risques-naturels\/#primaryimage","url":"","contentUrl":""},{"@type":"WebSite","@id":"https:\/\/maccaferri-stage.softecspa.it\/fr\/#website","url":"https:\/\/maccaferri-stage.softecspa.it\/fr\/","name":"Maccaferri France","description":"","publisher":{"@id":"https:\/\/maccaferri-stage.softecspa.it\/fr\/#organization"},"potentialAction":[{"@type":"SearchAction","target":{"@type":"EntryPoint","urlTemplate":"https:\/\/maccaferri-stage.softecspa.it\/fr\/?s={search_term_string}"},"query-input":{"@type":"PropertyValueSpecification","valueRequired":true,"valueName":"search_term_string"}}],"inLanguage":"fr-FR"},{"@type":"Organization","@id":"https:\/\/maccaferri-stage.softecspa.it\/fr\/#organization","name":"Maccaferri France","url":"https:\/\/maccaferri-stage.softecspa.it\/fr\/","logo":{"@type":"ImageObject","inLanguage":"fr-FR","@id":"https:\/\/maccaferri-stage.softecspa.it\/fr\/#\/schema\/logo\/image\/","url":"","contentUrl":"","caption":"Maccaferri France"},"image":{"@id":"https:\/\/maccaferri-stage.softecspa.it\/fr\/#\/schema\/logo\/image\/"}}]}},"_links":{"self":[{"href":"https:\/\/maccaferri-stage.softecspa.it\/fr\/wp-json\/wp\/v2\/pages\/58641","targetHints":{"allow":["GET"]}}],"collection":[{"href":"https:\/\/maccaferri-stage.softecspa.it\/fr\/wp-json\/wp\/v2\/pages"}],"about":[{"href":"https:\/\/maccaferri-stage.softecspa.it\/fr\/wp-json\/wp\/v2\/types\/page"}],"author":[{"embeddable":true,"href":"https:\/\/maccaferri-stage.softecspa.it\/fr\/wp-json\/wp\/v2\/users\/7096"}],"replies":[{"embeddable":true,"href":"https:\/\/maccaferri-stage.softecspa.it\/fr\/wp-json\/wp\/v2\/comments?post=58641"}],"version-history":[{"count":9,"href":"https:\/\/maccaferri-stage.softecspa.it\/fr\/wp-json\/wp\/v2\/pages\/58641\/revisions"}],"predecessor-version":[{"id":58668,"href":"https:\/\/maccaferri-stage.softecspa.it\/fr\/wp-json\/wp\/v2\/pages\/58641\/revisions\/58668"}],"acf:post":[{"embeddable":true,"href":"https:\/\/maccaferri-stage.softecspa.it\/fr\/wp-json\/wp\/v2\/wpdmpro\/58645"},{"embeddable":true,"href":"https:\/\/maccaferri-stage.softecspa.it\/fr\/wp-json\/wp\/v2\/wpdmpro\/4656"}],"wp:featuredmedia":[{"embeddable":true,"href":"https:\/\/maccaferri-stage.softecspa.it\/fr\/wp-json\/"}],"wp:attachment":[{"href":"https:\/\/maccaferri-stage.softecspa.it\/fr\/wp-json\/wp\/v2\/media?parent=58641"}],"curies":[{"name":"wp","href":"https:\/\/api.w.org\/{rel}","templated":true}]}}