{"id":1375,"date":"2022-07-28T15:26:58","date_gmt":"2022-07-28T13:26:58","guid":{"rendered":"https:\/\/maccaferri-stage.softecspa.it\/it\/?page_id=1375"},"modified":"2023-07-20T14:34:52","modified_gmt":"2023-07-20T12:34:52","slug":"sostenibilita","status":"publish","type":"page","link":"https:\/\/maccaferri-stage.softecspa.it\/it\/sostenibilita\/","title":{"rendered":"Sostenibilit\u00e0"},"content":{"rendered":"<div class=\"wp-block-mac-h1-title-hero-block container-fluid block-txt-container\" style=\"background:linear-gradient(180deg,rgb(1,94,111) 0%,rgb(0,72,87) 100%)\"><div class=\"row\"><div class=\"col\"><div class=\"gts__picture\"><img decoding=\"async\" src=\"https:\/\/maccaferri-stage.softecspa.it\/it\/wp-content\/uploads\/sites\/17\/2022\/12\/Sustainability_Gabion_3.jpg\" style=\"display:none\" \/><div class=\"gts__picture__image\" style=\"background-image:url(https:\/\/maccaferri-stage.softecspa.it\/it\/wp-content\/uploads\/sites\/17\/2022\/12\/Sustainability_Gabion_3.jpg)\"><\/div><\/div><div class=\"container box-container\"><div class=\"row\"><div class=\"col title-box-txt\"><h1 class=\"wp-block-mac-h1-title-hero-block\" style=\"color:#ffffff;text-align:none\">Sostenibilit\u00e0<\/h1><\/div><\/div><\/div><\/div><\/div><\/div><div class=\"wp-block-mac-container-block box-container\"><div class=\"wp-block-columns is-layout-flex wp-container-core-columns-is-layout-9d6595d7 wp-block-columns-is-layout-flex\"><div class=\"wp-block-column is-layout-flow wp-block-column-is-layout-flow\"><div style=\"height:100px\" aria-hidden=\"true\" class=\"wp-block-spacer\"><\/div>\n\n<p class=\"has-medium-font-size\">Siamo fortemente impegnati nell&#8217;affrontare aspetti <strong>ambientali<\/strong>, <strong>economici<\/strong> e <strong>sociali<\/strong> con un approccio olistico. Infatti crediamo fermamente nell&#8217;adozione di approcci e <strong>soluzioni sostenibili<\/strong> durante l&#8217;intero ciclo di vita di un progetto.<\/p>\n\n<p class=\"has-medium-font-size\">Dalla fase di progettazione di un sistema di ingegneria che attraversa le fasi di produzione e costruzione fino alla dismissione: tutte le nostre soluzioni di ingegneria mirano a creare <strong>benefici a lungo termine<\/strong> che vanno oltre il prodotto stesso.<\/p>\n\n<p class=\"has-medium-font-size\">Le soluzioni Maccaferri <strong>mitigano i rischi naturali e antropogenici<\/strong>, rispettando l&#8217;ambiente, aumentando la sicurezza delle persone e migliorando la loro vita.<\/p><\/div><\/div><\/div><figure class=\"wp-block-image aligncenter size-full\"><img decoding=\"async\" src=\"https:\/\/maccaferri-stage.softecspa.it\/it\/wp-content\/uploads\/sites\/17\/2022\/09\/test-img-cta-right.png\" alt=\"\" class=\"wp-image-1986\" \/><\/figure><p><\/p><p><\/p><div class=\"wp-block-mac-h2-title-block block-txt-container box-container\"><div class=\"row\"><div class=\"col title-box-txt\"><h2 style=\"color:#212429;text-align:center\">Obiettivi di sviluppo sostenibile<\/h2><\/div><\/div><\/div><div class=\"wp-block-mac-container-block box-container\"><div class=\"wp-block-columns is-layout-flex wp-container-core-columns-is-layout-9d6595d7 wp-block-columns-is-layout-flex\"><div class=\"wp-block-column is-layout-flow wp-block-column-is-layout-flow\"><div class=\"wp-block-mac-h5-txt-paragraph-block block-txt-container box-container\"><div class=\"row\"><div class=\"col paragraph-box-txt\"><h5 class=\"wp-block-mac-h5-txt-paragraph-block\" style=\"color:#212429;text-align:none\">Le Nazioni Unite hanno impostato gli SDG come una richiesta urgente all&#8217;azione: abbiamo affrontato la sfida e ci siamo impegnati a raggiungerli uno per uno, passo dopo passo.<\/h5><\/div><\/div><\/div><\/div><\/div><\/div><div class=\"wp-block-mac-container-block box-container\"><div class=\"wp-block-columns is-layout-flex wp-container-core-columns-is-layout-9d6595d7 wp-block-columns-is-layout-flex\"><div class=\"wp-block-column is-layout-flow wp-block-column-is-layout-flow\"><p>Insieme alle istituzioni e alle autorit\u00e0, le aziende sono ora chiamate a sviluppare soluzioni sostenibili che salvaguardano il benessere e la sicurezza della comunit\u00e0 e dell&#8217;ambiente, in linea con gli obiettivi stabiliti dalle Nazioni Unite nell&#8217;<strong>Agenda 2030<\/strong> per lo sviluppo sostenibile.<\/p>\n\n<p>L&#8217;agenda 2030 \u00e8 composta da <strong>17 obiettivi di sviluppo sostenibile (SDG)<\/strong> incorniciati in un piano pi\u00f9 ampio di 169 obiettivi ambientali, economici, sociali e istituzionali associati, da raggiungere entro il 2030.<\/p>\n\n<p>Sette anni dopo la firma dell&#8217;agenda del 2030, c&#8217;\u00e8 una crescente consapevolezza nella societ\u00e0 civile, nel mondo aziendale e tra i governi della necessit\u00e0 di abbracciare un approccio integrato e adottare <strong>misure tangibili<\/strong> per affrontare un grande cambiamento socioeconomico, nonch\u00e9 multiple e complesse sfide ambientali e istituzionali. Molte aziende hanno affrontato l&#8217;agenda 2030 integrando il principio di sostenibilit\u00e0 nella loro strategia e pianificazione aziendale.<\/p>\n\n<p>Le Nazioni Unite hanno definito gli SDG come un <strong>urgente invito all&#8217;azione<\/strong>, mentre Maccaferri, che rende la sostenibilit\u00e0 ambientale la spina dorsale della sua visione, ha prontamente risposto, focalizzando le sue energie sugli obiettivi volti a combattere i cambiamenti climatici e salvaguardare l&#8217;ecosistema ambientale.<\/p>\n\n<div style=\"height:100px\" aria-hidden=\"true\" class=\"wp-block-spacer\"><\/div><\/div><\/div><\/div><div class=\"wp-block-mac-container-block box-container\"><div class=\"wp-block-columns is-layout-flex wp-container-core-columns-is-layout-9d6595d7 wp-block-columns-is-layout-flex\"><div class=\"wp-block-column is-layout-flow wp-block-column-is-layout-flow\" style=\"flex-basis:33.33%\"><figure class=\"wp-block-image size-full\"><img decoding=\"async\" src=\"https:\/\/maccaferri-stage.softecspa.it\/it\/wp-content\/uploads\/sites\/17\/2022\/12\/sdg-1.png\" alt=\"\" class=\"wp-image-3101\" \/><\/figure><\/div>\n\n<div class=\"wp-block-column is-layout-flow wp-block-column-is-layout-flow\" style=\"flex-basis:66.66%\"><figure class=\"wp-block-image size-full\"><img decoding=\"async\" src=\"https:\/\/maccaferri-stage.softecspa.it\/it\/wp-content\/uploads\/sites\/17\/2022\/12\/sdg2.png\" alt=\"\" class=\"wp-image-3104\" \/><\/figure><\/div><\/div><\/div><div style=\"height:100px\" aria-hidden=\"true\" class=\"wp-block-spacer\"><\/div><div class=\"wp-block-mac-h2-title-bold-block block-txt-container box-container\"><div class=\"row\"><div class=\"col title-box-txt\"><h2 style=\"color:#004857;text-align:center\">IL NOSTRO IMPEGNO<\/h2><\/div><\/div><\/div><div class=\"wp-block-mac-block-left-description-right-image container-media box-container\"><div class=\"row\"><div class=\"col-12 col-lg-6 col-xl-6 col-xxl-6 title-box-txt order-lg-first order-last\" style=\"text-align:default\"><p class=\"description\" style=\"color:#212429\"><strong>PROMUOVERE L&#8217;ADOZIONE DI ENERGIA PULITA<\/strong><br><br>Sviluppiamo soluzioni che favoriscono l&#8217;accesso a un&#8217;energia pulita e conveniente.<br>Lavoriamo in collaborazione con le autorit\u00e0 per <strong>massimizzare la quota di energia verde<\/strong> nel mix energetico globale.<\/p><\/div><div class=\"col-12 col-lg-6 col-xl-6 col-xxl-6\"><div class=\"box-image\"><img decoding=\"async\" class=\"image\" src=\"https:\/\/maccaferri-stage.softecspa.it\/it\/wp-content\/uploads\/2023\/06\/SDG-Foto-7-2-min-2.png\" alt=\"Image\" \/><\/div><\/div><\/div><\/div><div class=\"wp-block-mac-block-left-image-right-description container-media box-container\"><div class=\"row\"><div class=\"col-12 col-lg-6 col-xl-6 col-xxl-6\"><div class=\"box-image\"><img decoding=\"async\" class=\"image\" src=\"https:\/\/maccaferri-stage.softecspa.it\/it\/wp-content\/uploads\/2023\/07\/SDG-Foto-8-1.png\" alt=\"Image\" \/><\/div><\/div><div class=\"col-12 col-lg-6 col-xl-6 col-xxl-6 title-box-txt\" style=\"text-align:default\"><p class=\"description\" style=\"color:#212429\"><strong>COINVOLGIMENTO DELLE COMUNIT\u00c0 LOCALI<br><br><\/strong>Promuoviamo una crescita inclusiva, sviluppando soluzioni che possono essere facilmente installate dalla <strong>manodopera locale<\/strong> senza alcuna formazione specifica.<br>Molte comunit\u00e0 sono colpite da un numero crescente di calamit\u00e0 naturali, pertanto lavoriamo su misure rapide ed efficaci per intervenire e <strong>ripristinare le loro economie<\/strong>.<\/p><\/div><\/div><\/div><div class=\"wp-block-mac-block-left-description-right-image container-media box-container\"><div class=\"row\"><div class=\"col-12 col-lg-6 col-xl-6 col-xxl-6 title-box-txt order-lg-first order-last\" style=\"text-align:default\"><p class=\"description\" style=\"color:#212429\"><strong>PROMUOVERE L&#8217;INNOVAZIONE<\/strong><br><br>Incoraggiamo il <strong>miglioramento continuo<\/strong> per mettere al centro dell&#8217;attivit\u00e0 di progettazione l&#8217;impatto economico e ambientale a lungo termine di una struttura.<br>Il nostro processo di progettazione \u00e8 incentrato su campagne di test e investimenti nella <strong>valutazione delle prestazioni<\/strong> delle nostre soluzioni.<\/p><\/div><div class=\"col-12 col-lg-6 col-xl-6 col-xxl-6\"><div class=\"box-image\"><img decoding=\"async\" class=\"image\" src=\"https:\/\/maccaferri-stage.softecspa.it\/it\/wp-content\/uploads\/2023\/06\/SDG-Foto-9-1-min-2.png\" alt=\"Image\" \/><\/div><\/div><\/div><\/div><div class=\"wp-block-mac-block-left-image-right-description container-media box-container\"><div class=\"row\"><div class=\"col-12 col-lg-6 col-xl-6 col-xxl-6\"><div class=\"box-image\"><img decoding=\"async\" class=\"image\" src=\"https:\/\/maccaferri-stage.softecspa.it\/it\/wp-content\/uploads\/2023\/06\/SDG-Foto-11-1-min-2.png\" alt=\"Image\" \/><\/div><\/div><div class=\"col-12 col-lg-6 col-xl-6 col-xxl-6 title-box-txt\" style=\"text-align:default\"><p class=\"description\" style=\"color:#212429\"><strong>SICUREZZA DELLE PERSONE E PROTEZIONE DEI BENI<br><br><\/strong>Lo sviluppo di soluzioni personalizzate per ogni problema di sicurezza che dobbiamo affrontare ci permette di <strong>ridurre al minimo i rischi<\/strong>.<br><br>\u00c8 necessario proteggere le persone, il patrimonio storico e culturale e le infrastrutture.<\/p><\/div><\/div><\/div><div class=\"wp-block-mac-block-left-description-right-image container-media box-container\"><div class=\"row\"><div class=\"col-12 col-lg-6 col-xl-6 col-xxl-6 title-box-txt order-lg-first order-last\" style=\"text-align:default\"><p class=\"description\" style=\"color:#212429\"><strong>PROGETTAZIONE E PRODUZIONE RESPONSABILE<\/strong><br><br>Attraverso l&#8217;ottimizzazione del design, promuoviamo una gestione sostenibile dei materiali per risparmiare risorse ed evitare gli sprechi. I nostri risultati riguardano la <strong>riduzione<\/strong>, il <strong>riutilizzo<\/strong> e il <strong>riciclo<\/strong> dei materiali.<br><br>Inoltre, ci impegniamo a garantire la <strong>trasparenza<\/strong>, fornendo informazioni obiettive, affidabili e comparabili sull&#8217;impatto del ciclo di vita dei nostri prodotti.<br><a href=\"https:\/\/maccaferri-stage.softecspa.it\/epd-certification\" target=\"_blank\" rel=\"noreferrer noopener\">Scopri di pi\u00f9 sulla certificazione EPD (Environmental Product Declarations)<\/a><\/p><\/div><div class=\"col-12 col-lg-6 col-xl-6 col-xxl-6\"><div class=\"box-image\"><img decoding=\"async\" class=\"image\" src=\"https:\/\/maccaferri-stage.softecspa.it\/it\/wp-content\/uploads\/2023\/07\/SDG-Foto-12-1.png\" alt=\"Image\" \/><\/div><\/div><\/div><\/div><div class=\"wp-block-mac-block-left-image-right-description container-media box-container\"><div class=\"row\"><div class=\"col-12 col-lg-6 col-xl-6 col-xxl-6\"><div class=\"box-image\"><img decoding=\"async\" class=\"image\" src=\"https:\/\/maccaferri-stage.softecspa.it\/it\/wp-content\/uploads\/2023\/07\/SDG-Foto-11-13-2.png\" alt=\"Image\" \/><\/div><\/div><div class=\"col-12 col-lg-6 col-xl-6 col-xxl-6 title-box-txt\" style=\"text-align:default\"><p class=\"description\" style=\"color:#212429\"><strong>INTEGRAZIONE NELL&#8217;AMBIENTE NATURALE<br><br><\/strong>Abbiamo a cuore la n<strong>aturalizzazione delle nostre strutture ingegneristiche<\/strong> e riteniamo che l&#8217;integrazione di tecniche di vegetazione e piantumazione in fase di progettazione sia un ulteriore valore ecologico delle nostre soluzioni.<br><br>Lavoriamo per migliorare l&#8217;estetica complessiva delle nostre strutture, per integrarle meglio negli ambienti urbani.<\/p><\/div><\/div><\/div><p><a href=\"https:\/\/maccaferri-stage.softecspa.it\/it\/wp-admin\/edit.php?post_type=page\"><\/a><\/p><h2 class=\"wp-block-heading\"> <\/h2><div class=\"wp-block-mac-block-left-description-right-image container-media box-container\"><div class=\"row\"><div class=\"col-12 col-lg-6 col-xl-6 col-xxl-6 title-box-txt order-lg-first order-last\" style=\"text-align:default\"><p class=\"description\" style=\"color:#212429\"><strong>INTEGRAZIONE NELL&#8217;AMBIENTE NATURALE<br><\/strong><br>Ci sforziamo di <strong>ridurre l&#8217;impatto ambientale<\/strong> delle nostre soluzioni e di raggiungere un equilibrio tra prestazioni tecniche e integrazione naturale.<br><br>Uno dei nostri impegni \u00e8 quello di favorire le s<strong>oluzioni che valorizzano la biodiversit\u00e0<\/strong>, forniscono habitat perfetti per le diverse specie e tengono conto della presenza della fauna selvatica, rispettandola.<\/p><\/div><div class=\"col-12 col-lg-6 col-xl-6 col-xxl-6\"><div class=\"box-image\"><img decoding=\"async\" class=\"image\" src=\"https:\/\/maccaferri-stage.softecspa.it\/it\/wp-content\/uploads\/2023\/07\/SDG-Foto-14-15-1.png\" alt=\"Image\" \/><\/div><\/div><\/div><\/div><div style=\"height:100px\" aria-hidden=\"true\" class=\"wp-block-spacer\"><\/div><div class=\"wp-block-buttons is-content-justification-center is-layout-flex wp-container-core-buttons-is-layout-16018d1d wp-block-buttons-is-layout-flex\"><div class=\"wp-block-button\"><a class=\"wp-block-button__link\" href=\"https:\/\/maccaferri-stage.softecspa.it\/it\/download\/maccaferri-sustainability-2022-2\" target=\"_blank\" rel=\"noreferrer noopener\">SCARICA LA PRESENTAZIONE COMPLETA<\/a><\/div><\/div><div style=\"height:100px\" aria-hidden=\"true\" class=\"wp-block-spacer\"><\/div>","protected":false},"excerpt":{"rendered":"","protected":false},"author":1,"featured_media":0,"parent":0,"menu_order":0,"comment_status":"closed","ping_status":"closed","template":"","meta":{"_acf_changed":false,"_joinchat":[],"footnotes":""},"class_list":["post-1375","page","type-page","status-publish","hentry"],"acf":{"uuid_products":"","product-documents":""},"yoast_head":"<!-- This site is optimized with the Yoast SEO Premium plugin v27.0 (Yoast SEO v27.0) - https:\/\/yoast.com\/product\/yoast-seo-premium-wordpress\/ -->\n<title>Sostenibilit\u00e0 - Maccaferri Italia<\/title>\n<meta name=\"robots\" content=\"index, follow, max-snippet:-1, max-image-preview:large, max-video-preview:-1\" \/>\n<link rel=\"canonical\" href=\"https:\/\/maccaferri-stage.softecspa.it\/it\/sostenibilita\/\" \/>\n<meta property=\"og:locale\" content=\"it_IT\" \/>\n<meta property=\"og:type\" content=\"article\" \/>\n<meta property=\"og:title\" content=\"Sostenibilit\u00e0 - Maccaferri Italia\" \/>\n<meta property=\"og:url\" content=\"https:\/\/maccaferri-stage.softecspa.it\/it\/sostenibilita\/\" \/>\n<meta property=\"og:site_name\" content=\"Maccaferri Italia\" \/>\n<meta property=\"article:modified_time\" content=\"2023-07-20T12:34:52+00:00\" \/>\n<meta property=\"og:image\" content=\"https:\/\/maccaferri-stage.softecspa.it\/it\/wp-content\/uploads\/sites\/17\/2022\/12\/Sustainability_Gabion_3.jpg\" \/>\n<meta name=\"twitter:card\" content=\"summary_large_image\" \/>\n<meta name=\"twitter:label1\" content=\"Tempo di lettura stimato\" \/>\n\t<meta name=\"twitter:data1\" content=\"6 minuti\" \/>\n<script type=\"application\/ld+json\" class=\"yoast-schema-graph\">{\"@context\":\"https:\/\/schema.org\",\"@graph\":[{\"@type\":\"WebPage\",\"@id\":\"https:\/\/maccaferri-stage.softecspa.it\/it\/sostenibilita\/\",\"url\":\"https:\/\/maccaferri-stage.softecspa.it\/it\/sostenibilita\/\",\"name\":\"Sostenibilit\u00e0 - Maccaferri Italia\",\"isPartOf\":{\"@id\":\"https:\/\/maccaferri-stage.softecspa.it\/it\/#website\"},\"primaryImageOfPage\":{\"@id\":\"https:\/\/maccaferri-stage.softecspa.it\/it\/sostenibilita\/#primaryimage\"},\"image\":{\"@id\":\"https:\/\/maccaferri-stage.softecspa.it\/it\/sostenibilita\/#primaryimage\"},\"thumbnailUrl\":\"https:\/\/maccaferri-stage.softecspa.it\/it\/wp-content\/uploads\/sites\/17\/2022\/12\/Sustainability_Gabion_3.jpg\",\"datePublished\":\"2022-07-28T13:26:58+00:00\",\"dateModified\":\"2023-07-20T12:34:52+00:00\",\"inLanguage\":\"it-IT\",\"potentialAction\":[{\"@type\":\"ReadAction\",\"target\":[\"https:\/\/maccaferri-stage.softecspa.it\/it\/sostenibilita\/\"]}]},{\"@type\":\"ImageObject\",\"inLanguage\":\"it-IT\",\"@id\":\"https:\/\/maccaferri-stage.softecspa.it\/it\/sostenibilita\/#primaryimage\",\"url\":\"https:\/\/maccaferri-stage.softecspa.it\/it\/wp-content\/uploads\/sites\/17\/2022\/12\/Sustainability_Gabion_3.jpg\",\"contentUrl\":\"https:\/\/maccaferri-stage.softecspa.it\/it\/wp-content\/uploads\/sites\/17\/2022\/12\/Sustainability_Gabion_3.jpg\"},{\"@type\":\"WebSite\",\"@id\":\"https:\/\/maccaferri-stage.softecspa.it\/it\/#website\",\"url\":\"https:\/\/maccaferri-stage.softecspa.it\/it\/\",\"name\":\"Maccaferri Italia\",\"description\":\"\",\"publisher\":{\"@id\":\"https:\/\/maccaferri-stage.softecspa.it\/it\/#organization\"},\"potentialAction\":[{\"@type\":\"SearchAction\",\"target\":{\"@type\":\"EntryPoint\",\"urlTemplate\":\"https:\/\/maccaferri-stage.softecspa.it\/it\/?s={search_term_string}\"},\"query-input\":{\"@type\":\"PropertyValueSpecification\",\"valueRequired\":true,\"valueName\":\"search_term_string\"}}],\"inLanguage\":\"it-IT\"},{\"@type\":\"Organization\",\"@id\":\"https:\/\/maccaferri-stage.softecspa.it\/it\/#organization\",\"name\":\"Maccaferri Italia\",\"url\":\"https:\/\/maccaferri-stage.softecspa.it\/it\/\",\"logo\":{\"@type\":\"ImageObject\",\"inLanguage\":\"it-IT\",\"@id\":\"https:\/\/maccaferri-stage.softecspa.it\/it\/#\/schema\/logo\/image\/\",\"url\":\"\",\"contentUrl\":\"\",\"caption\":\"Maccaferri Italia\"},\"image\":{\"@id\":\"https:\/\/maccaferri-stage.softecspa.it\/it\/#\/schema\/logo\/image\/\"}}]}<\/script>\n<!-- \/ Yoast SEO Premium plugin. -->","yoast_head_json":{"title":"Sostenibilit\u00e0 - Maccaferri Italia","robots":{"index":"index","follow":"follow","max-snippet":"max-snippet:-1","max-image-preview":"max-image-preview:large","max-video-preview":"max-video-preview:-1"},"canonical":"https:\/\/maccaferri-stage.softecspa.it\/it\/sostenibilita\/","og_locale":"it_IT","og_type":"article","og_title":"Sostenibilit\u00e0 - Maccaferri Italia","og_url":"https:\/\/maccaferri-stage.softecspa.it\/it\/sostenibilita\/","og_site_name":"Maccaferri Italia","article_modified_time":"2023-07-20T12:34:52+00:00","og_image":[{"url":"https:\/\/maccaferri-stage.softecspa.it\/it\/wp-content\/uploads\/sites\/17\/2022\/12\/Sustainability_Gabion_3.jpg","type":"","width":"","height":""}],"twitter_card":"summary_large_image","twitter_misc":{"Tempo di lettura stimato":"6 minuti"},"schema":{"@context":"https:\/\/schema.org","@graph":[{"@type":"WebPage","@id":"https:\/\/maccaferri-stage.softecspa.it\/it\/sostenibilita\/","url":"https:\/\/maccaferri-stage.softecspa.it\/it\/sostenibilita\/","name":"Sostenibilit\u00e0 - Maccaferri Italia","isPartOf":{"@id":"https:\/\/maccaferri-stage.softecspa.it\/it\/#website"},"primaryImageOfPage":{"@id":"https:\/\/maccaferri-stage.softecspa.it\/it\/sostenibilita\/#primaryimage"},"image":{"@id":"https:\/\/maccaferri-stage.softecspa.it\/it\/sostenibilita\/#primaryimage"},"thumbnailUrl":"https:\/\/maccaferri-stage.softecspa.it\/it\/wp-content\/uploads\/sites\/17\/2022\/12\/Sustainability_Gabion_3.jpg","datePublished":"2022-07-28T13:26:58+00:00","dateModified":"2023-07-20T12:34:52+00:00","inLanguage":"it-IT","potentialAction":[{"@type":"ReadAction","target":["https:\/\/maccaferri-stage.softecspa.it\/it\/sostenibilita\/"]}]},{"@type":"ImageObject","inLanguage":"it-IT","@id":"https:\/\/maccaferri-stage.softecspa.it\/it\/sostenibilita\/#primaryimage","url":"https:\/\/maccaferri-stage.softecspa.it\/it\/wp-content\/uploads\/sites\/17\/2022\/12\/Sustainability_Gabion_3.jpg","contentUrl":"https:\/\/maccaferri-stage.softecspa.it\/it\/wp-content\/uploads\/sites\/17\/2022\/12\/Sustainability_Gabion_3.jpg"},{"@type":"WebSite","@id":"https:\/\/maccaferri-stage.softecspa.it\/it\/#website","url":"https:\/\/maccaferri-stage.softecspa.it\/it\/","name":"Maccaferri Italia","description":"","publisher":{"@id":"https:\/\/maccaferri-stage.softecspa.it\/it\/#organization"},"potentialAction":[{"@type":"SearchAction","target":{"@type":"EntryPoint","urlTemplate":"https:\/\/maccaferri-stage.softecspa.it\/it\/?s={search_term_string}"},"query-input":{"@type":"PropertyValueSpecification","valueRequired":true,"valueName":"search_term_string"}}],"inLanguage":"it-IT"},{"@type":"Organization","@id":"https:\/\/maccaferri-stage.softecspa.it\/it\/#organization","name":"Maccaferri Italia","url":"https:\/\/maccaferri-stage.softecspa.it\/it\/","logo":{"@type":"ImageObject","inLanguage":"it-IT","@id":"https:\/\/maccaferri-stage.softecspa.it\/it\/#\/schema\/logo\/image\/","url":"","contentUrl":"","caption":"Maccaferri Italia"},"image":{"@id":"https:\/\/maccaferri-stage.softecspa.it\/it\/#\/schema\/logo\/image\/"}}]}},"_links":{"self":[{"href":"https:\/\/maccaferri-stage.softecspa.it\/it\/wp-json\/wp\/v2\/pages\/1375","targetHints":{"allow":["GET"]}}],"collection":[{"href":"https:\/\/maccaferri-stage.softecspa.it\/it\/wp-json\/wp\/v2\/pages"}],"about":[{"href":"https:\/\/maccaferri-stage.softecspa.it\/it\/wp-json\/wp\/v2\/types\/page"}],"author":[{"embeddable":true,"href":"https:\/\/maccaferri-stage.softecspa.it\/it\/wp-json\/wp\/v2\/users\/1"}],"replies":[{"embeddable":true,"href":"https:\/\/maccaferri-stage.softecspa.it\/it\/wp-json\/wp\/v2\/comments?post=1375"}],"version-history":[{"count":56,"href":"https:\/\/maccaferri-stage.softecspa.it\/it\/wp-json\/wp\/v2\/pages\/1375\/revisions"}],"predecessor-version":[{"id":46732,"href":"https:\/\/maccaferri-stage.softecspa.it\/it\/wp-json\/wp\/v2\/pages\/1375\/revisions\/46732"}],"wp:attachment":[{"href":"https:\/\/maccaferri-stage.softecspa.it\/it\/wp-json\/wp\/v2\/media?parent=1375"}],"curies":[{"name":"wp","href":"https:\/\/api.w.org\/{rel}","templated":true}]}}