{"id":51829,"date":"2023-07-28T20:06:24","date_gmt":"2023-07-28T18:06:24","guid":{"rendered":"https:\/\/maccaferri-stage.softecspa.it\/latam\/?page_id=51829"},"modified":"2023-08-04T17:55:48","modified_gmt":"2023-08-04T15:55:48","slug":"soluciones-macro-gt","status":"publish","type":"page","link":"https:\/\/maccaferri-stage.softecspa.it\/latam\/soluciones-macro-gt\/","title":{"rendered":"SOLUCIONES MACRO &#8211; GT"},"content":{"rendered":"<div class=\"wp-block-mac-h1-title-hero-block container-fluid block-txt-container\" style=\"background:linear-gradient(180deg,rgb(1,94,111) 0%,rgb(0,72,87) 100%)\"><div class=\"row\"><div class=\"col\"><div class=\"gts__picture\"><img decoding=\"async\" src=\"https:\/\/maccaferri-stage.softecspa.it\/br\/wp-content\/uploads\/2022\/12\/Rockfall-Protection-and-Snow-Barriers.jpg\" style=\"display:none\"\/><div class=\"gts__picture__image\" style=\"background-image:url(https:\/\/maccaferri-stage.softecspa.it\/br\/wp-content\/uploads\/2022\/12\/Rockfall-Protection-and-Snow-Barriers.jpg)\"><\/div><\/div><div class=\"container box-container\"><div class=\"row\"><div class=\"col title-box-txt\"><h1 class=\"wp-block-mac-h1-title-hero-block\" style=\"color:#ffffff;text-align:none\">SOLUCIONES PARA CONTROL DE CA\u00cdDA DE ROCAS<\/h1><\/div><\/div><\/div><\/div><\/div><\/div><div class=\"wp-block-mac-container-block box-container\"><div class=\"wp-block-columns is-layout-flex wp-container-core-columns-is-layout-9d6595d7 wp-block-columns-is-layout-flex\"><div class=\"wp-block-column is-layout-flow wp-block-column-is-layout-flow\"><div class=\"wp-block-mac-h2-title-block block-txt-container box-container\"><div class=\"row\"><div class=\"col title-box-txt\"><h2 style=\"color:#212429;text-align:none\">Soluciones para la estabilizaci\u00f3n de taludes en roca y suelo<\/h2><\/div><\/div><\/div>\n\n<div class=\"container content-paragraph box-container\"><div class=\"row\"><div class=\"col-12 col-lg-12 col-xl-12 col-xxl-12\"><div class=\"content-txt\"><p><span data-contrast=\"none\">Maccaferri, una empresa l\u00edder en soluciones de ingenier\u00eda civil y geot\u00e9cnica, ofrece una amplia gama de sistemas de protecci\u00f3n de taludes en Guatemala, centr\u00e1ndose en la seguridad y sostenibilidad de las obras. Estas soluciones forman parte de su l\u00ednea Mac.RO\u00ae, dise\u00f1adas para proteger y estabilizar diferentes tipos de taludes, ya sean en roca, suelo o material mixto.<\/span><span data-ccp-props=\"{&quot;201341983&quot;:2,&quot;335551550&quot;:6,&quot;335551620&quot;:6,&quot;335559739&quot;:0,&quot;335559740&quot;:420}\">\u00a0<\/span><\/p>\n<p><span data-ccp-props=\"{&quot;201341983&quot;:2,&quot;335551550&quot;:6,&quot;335551620&quot;:6,&quot;335559739&quot;:0,&quot;335559740&quot;:420}\">\u00a0<\/span><\/p>\n<p><span data-contrast=\"none\">Dentro del Segmento Mac.RO\u00ae, se encuentran diversas soluciones que se adaptan a las caracter\u00edsticas espec\u00edficas de cada problema, como el tipo de material, inestabilidad, geolog\u00eda y topograf\u00eda de la zona. Estas soluciones ofrecen una relaci\u00f3n costo-beneficio \u00f3ptima y se destacan por su r\u00e1pida ejecuci\u00f3n en comparaci\u00f3n con las estructuras convencionales. Adem\u00e1s, se enfocan en ser sustentables, ambientalmente responsables y visualmente\u202faceptables.<\/span><span data-ccp-props=\"{&quot;201341983&quot;:2,&quot;335551550&quot;:6,&quot;335551620&quot;:6,&quot;335559739&quot;:0,&quot;335559740&quot;:420}\">\u00a0<\/span><\/p>\n<\/div><\/div><\/div><\/div><\/div><\/div><\/div><div class=\"wp-block-mac-container-block box-container\"><div class=\"wp-block-columns is-layout-flex wp-container-core-columns-is-layout-9d6595d7 wp-block-columns-is-layout-flex\"><div class=\"wp-block-column is-layout-flow wp-block-column-is-layout-flow\"><div class=\"wp-block-mac-h4-title-block block-txt-container box-container\"><div class=\"row\"><div class=\"col title-box-txt\"><h4 style=\"color:#212429;text-align:center\">\u00bfTe interesa saber m\u00e1s? Obt\u00e9n m\u00e1s informaci\u00f3n sobre las soluciones contra ca\u00edda de rocas de Maccaferri<\/h4><br><\/div><\/div><\/div><\/div><\/div><\/div><div class=\"wp-block-mac-container-block box-container\"><div class=\"wp-block-columns is-layout-flex wp-container-core-columns-is-layout-9d6595d7 wp-block-columns-is-layout-flex\"><div class=\"wp-block-column is-layout-flow wp-block-column-is-layout-flow\"><figure class=\"wp-block-gallery has-nested-images columns-default is-cropped wp-block-gallery-1 is-layout-flex wp-block-gallery-is-layout-flex\"><figure class=\"wp-block-image size-full\"><a href=\"https:\/\/maccaferri-stage.softecspa.it\/latam\/soluciones\/barreras-dinamicas\/\"><img decoding=\"async\" data-id=\"51841\" src=\"https:\/\/maccaferri-stage.softecspa.it\/latam\/wp-content\/uploads\/2023\/07\/MicrosoftTeams-image-6.jpg\" alt=\"\" class=\"wp-image-51841\"\/><\/a><figcaption>Barreras Dinamica<\/figcaption><\/figure>\n\n<figure class=\"wp-block-image size-full\"><a href=\"https:\/\/maccaferri-stage.softecspa.it\/latam\/soluciones\/suelo-grapado\/\"><img decoding=\"async\" data-id=\"51846\" src=\"https:\/\/maccaferri-stage.softecspa.it\/latam\/wp-content\/uploads\/2023\/07\/MicrosoftTeams-image-3-1.jpg\" alt=\"\" class=\"wp-image-51846\"\/><\/a><figcaption>Suelo Grapado Verde<\/figcaption><\/figure><\/figure><\/div>\n\n<div class=\"wp-block-column is-layout-flow wp-block-column-is-layout-flow\"><figure class=\"wp-block-gallery has-nested-images columns-default is-cropped wp-block-gallery-2 is-layout-flex wp-block-gallery-is-layout-flex\"><figure class=\"wp-block-image size-full\"><a href=\"https:\/\/maccaferri-stage.softecspa.it\/latam\/soluciones\/barreras-contra-flujos-de-escombros-y-deslizamientos-de-tierra-superficiales\/\"><img decoding=\"async\" data-id=\"51850\" src=\"https:\/\/maccaferri-stage.softecspa.it\/latam\/wp-content\/uploads\/2023\/07\/MicrosoftTeams-image-7.jpg\" alt=\"\" class=\"wp-image-51850\"\/><\/a><figcaption>Barreras de Flujo de detritos<\/figcaption><\/figure>\n\n<figure class=\"wp-block-image size-full\"><a href=\"https:\/\/maccaferri-stage.softecspa.it\/latam\/soluciones\/refuerzo-y-soporte-de-la-superficie\/\"><img decoding=\"async\" data-id=\"51856\" src=\"https:\/\/maccaferri-stage.softecspa.it\/latam\/wp-content\/uploads\/2023\/07\/MicrosoftTeams-image-1-1.jpg\" alt=\"\" class=\"wp-image-51856\"\/><\/a><figcaption>Estabilizaci\u00f3n y Protecci\u00f3n Superficiales de Taludes<\/figcaption><\/figure><\/figure><\/div><\/div><\/div><div class=\"wp-block-mac-container-block box-container\"><div class=\"wp-block-columns is-layout-flex wp-container-core-columns-is-layout-9d6595d7 wp-block-columns-is-layout-flex\"><div class=\"wp-block-column is-layout-flow wp-block-column-is-layout-flow\"><figure class=\"wp-block-gallery has-nested-images columns-default is-cropped wp-block-gallery-3 is-layout-flex wp-block-gallery-is-layout-flex\"><figure class=\"wp-block-image size-full\"><a href=\"https:\/\/maccaferri-stage.softecspa.it\/latam\/soluciones\/rvestimiento-simple\/\"><img decoding=\"async\" data-id=\"51862\" src=\"https:\/\/maccaferri-stage.softecspa.it\/latam\/wp-content\/uploads\/2023\/07\/MicrosoftTeams-image-5.jpg\" alt=\"\" class=\"wp-image-51862\"\/><\/a><figcaption>Revestimiento Simples<\/figcaption><\/figure>\n\n<figure class=\"wp-block-image size-full\"><a href=\"https:\/\/maccaferri-stage.softecspa.it\/latam\/soluciones\/refuerzo-y-soporte-de-la-superficie\/\"><img decoding=\"async\" data-id=\"51867\" src=\"https:\/\/maccaferri-stage.softecspa.it\/latam\/wp-content\/uploads\/2023\/07\/MicrosoftTeams-image-4.jpg\" alt=\"\" class=\"wp-image-51867\"\/><\/a><figcaption>Revestimiento Superficial<\/figcaption><\/figure><\/figure><\/div>\n\n<div class=\"wp-block-column is-layout-flow wp-block-column-is-layout-flow\"><figure class=\"wp-block-gallery has-nested-images columns-default is-cropped wp-block-gallery-4 is-layout-flex wp-block-gallery-is-layout-flex\"><figure class=\"wp-block-image size-full\"><a href=\"https:\/\/maccaferri-stage.softecspa.it\/latam\/soluciones\/mitigar-los-obstaculos\/\"><img decoding=\"async\" data-id=\"51873\" src=\"https:\/\/maccaferri-stage.softecspa.it\/latam\/wp-content\/uploads\/2023\/07\/MicrosoftTeams-image-2.jpg\" alt=\"\" class=\"wp-image-51873\"\/><\/a><figcaption>Barreras Atenuadoras<\/figcaption><\/figure>\n\n<figure class=\"wp-block-image size-full\"><a href=\"https:\/\/maccaferri-stage.softecspa.it\/latam\/soluciones\/proteccion-de-taludes\/\"><img decoding=\"async\" data-id=\"51877\" src=\"https:\/\/maccaferri-stage.softecspa.it\/latam\/wp-content\/uploads\/2023\/07\/MicrosoftTeams-image-8.jpg\" alt=\"\" class=\"wp-image-51877\"\/><\/a><figcaption>Revestimiento Cortical<\/figcaption><\/figure><\/figure><\/div><\/div><\/div><div class=\"wp-block-mac-container-block box-container\"><div class=\"wp-block-columns is-layout-flex wp-container-core-columns-is-layout-9d6595d7 wp-block-columns-is-layout-flex\"><div class=\"wp-block-column is-layout-flow wp-block-column-is-layout-flow\"><div class=\"wp-block-mac-container-block box-container\"><div class=\"wp-block-columns is-layout-flex wp-container-core-columns-is-layout-9d6595d7 wp-block-columns-is-layout-flex\"><div class=\"wp-block-column is-layout-flow wp-block-column-is-layout-flow\"><div class=\"wp-block-mac-h4-title-block block-txt-container box-container\"><div class=\"row\"><div class=\"col title-box-txt\"><h5 style=\"color:#212429;text-align:center\">P\u00f3ngase en contacto con nuestros especialistas en Guatemala para recibir asesoramiento personalizado. <\/h5><br><\/div><\/div><\/div><\/div><\/div><\/div><\/div><\/div><\/div><div class=\"wp-block-mac-container-block box-container\"><div class=\"wp-block-columns is-layout-flex wp-container-core-columns-is-layout-9d6595d7 wp-block-columns-is-layout-flex\"><div class=\"wp-block-column is-layout-flow wp-block-column-is-layout-flow\"><div class=\"container content-paragraph box-container\"><div class=\"row\"><div class=\"col-12 col-lg-12 col-xl-12 col-xxl-12\"><h6>Rellene el formulario para solicitar su Presupuesto \/ Asistencia t\u00e9cnica<\/h6><div class=\"content-txt\"><p><iframe style=\"border: 0;\" src=\"https:\/\/www2.maccaferri.com\/l\/965143\/2023-02-13\/5q2lqv\" width=\"100%\" height=\"500\" frameborder=\"0\"><\/iframe><\/p>\n<\/div><\/div><\/div><\/div><\/div>\n\n<div class=\"wp-block-column is-layout-flow wp-block-column-is-layout-flow\"><div class=\"container content-paragraph box-container\"><div class=\"row\"><div class=\"col-12 col-lg-12 col-xl-12 col-xxl-12\"><h6>Cont\u00e1ctenos<\/h6><\/div><\/div><\/div>\n\n<div class=\"wp-block-buttons is-layout-flex wp-block-buttons-is-layout-flex\"><div class=\"wp-block-button aligncenter is-style-fill\"><a class=\"wp-block-button__link has-luminous-vivid-orange-background-color has-background\" href=\"https:\/\/wa.me\/50235728601\"><img decoding=\"async\" class=\"wp-image-6568\" style=\"width: 20px\" src=\"https:\/\/maccaferri-stage.softecspa.it\/latam\/wp-content\/uploads\/2023\/02\/whatsapp-logo-1-1-1019x1024-1.png\" alt=\"\"> WHATSAPP: <strong>+502 3572 8601<\/strong><\/a><\/div><\/div>\n\n<div class=\"wp-block-buttons is-content-justification-center is-layout-flex wp-container-core-buttons-is-layout-16018d1d wp-block-buttons-is-layout-flex\"><div class=\"wp-block-button\"><a class=\"wp-block-button__link\" href=\"tel:50222083535\">Tel\u00e9fonO: <strong>+502 2208 3535<\/strong><\/a><\/div><\/div>\n\n<div class=\"wp-block-buttons is-content-justification-center is-layout-flex wp-container-core-buttons-is-layout-16018d1d wp-block-buttons-is-layout-flex\"><div class=\"wp-block-button\"><a class=\"wp-block-button__link\" href=\"mailto:info.gt@maccaferri.com\">EMAIL: <strong>info.GT@MACCAFERRI.COM<\/strong><\/a><\/div><\/div><\/div><\/div><\/div><div class=\"wp-block-mac-container-block box-container\"><div class=\"wp-block-columns is-layout-flex wp-container-core-columns-is-layout-9d6595d7 wp-block-columns-is-layout-flex\"><div class=\"wp-block-column is-layout-flow wp-block-column-is-layout-flow\"><div class=\"wp-block-mac-container-block box-container\"><div class=\"wp-block-columns is-layout-flex wp-container-core-columns-is-layout-9d6595d7 wp-block-columns-is-layout-flex\"><div class=\"wp-block-column is-layout-flow wp-block-column-is-layout-flow\"><div class=\"wp-block-mac-h4-title-block block-txt-container box-container\"><div class=\"row\"><div class=\"col title-box-txt\"><h4 style=\"color:#212429;text-align:center\">Encuentre nuestra unidad m\u00e1s cercana<\/h4><br><\/div><\/div><\/div>\n\n<div class=\"container content-paragraph box-container\"><div class=\"row\"><div class=\"col-12 col-lg-12 col-xl-12 col-xxl-12\"><div class=\"content-txt\"><p><iframe style=\"border: 0;\" src=\"https:\/\/www.google.com\/maps\/embed?pb=!1m18!1m12!1m3!1d3860.347557906965!2d-90.60160872584967!3d14.636201776205986!2m3!1f0!2f0!3f0!3m2!1i1024!2i768!4f13.1!3m3!1m2!1s0x85899f9215b7f8f5%3A0xb8f1fc03abeb8800!2sMaccaferri%20de%20Guatemala%20S.A.!5e0!3m2!1spt-BR!2sbr!4v1689764856314!5m2!1spt-BR!2sbr\" width=\"600\" height=\"450\" allowfullscreen=\"allowfullscreen\"><\/iframe><\/p>\n<\/div><\/div><\/div><\/div><\/div><\/div><\/div><\/div><\/div><\/div>","protected":false},"excerpt":{"rendered":"","protected":false},"author":20,"featured_media":0,"parent":0,"menu_order":0,"comment_status":"closed","ping_status":"closed","template":"","meta":{"_acf_changed":false,"_joinchat":[],"footnotes":""},"class_list":["post-51829","page","type-page","status-publish","hentry"],"acf":{"uuid_products":"","product-documents":""},"yoast_head":"<!-- This site is optimized with the Yoast SEO Premium plugin v27.0 (Yoast SEO v27.0) - https:\/\/yoast.com\/product\/yoast-seo-premium-wordpress\/ -->\n<title>SOLUCIONES MACRO - GT - Maccaferri Latam<\/title>\n<meta name=\"robots\" content=\"index, follow, max-snippet:-1, max-image-preview:large, max-video-preview:-1\" \/>\n<link rel=\"canonical\" href=\"https:\/\/maccaferri-stage.softecspa.it\/latam\/soluciones-macro-gt\/\" \/>\n<meta property=\"og:locale\" content=\"es_ES\" \/>\n<meta property=\"og:type\" content=\"article\" \/>\n<meta property=\"og:title\" content=\"SOLUCIONES MACRO - GT - Maccaferri Latam\" \/>\n<meta property=\"og:url\" content=\"https:\/\/maccaferri-stage.softecspa.it\/latam\/soluciones-macro-gt\/\" \/>\n<meta property=\"og:site_name\" content=\"Maccaferri Latam\" \/>\n<meta property=\"article:modified_time\" content=\"2023-08-04T15:55:48+00:00\" \/>\n<meta property=\"og:image\" content=\"https:\/\/maccaferri-stage.softecspa.it\/br\/wp-content\/uploads\/2022\/12\/Rockfall-Protection-and-Snow-Barriers.jpg\" \/>\n<meta name=\"twitter:card\" content=\"summary_large_image\" \/>\n<meta name=\"twitter:label1\" content=\"Est. reading time\" \/>\n\t<meta name=\"twitter:data1\" content=\"3 minutes\" \/>\n<script type=\"application\/ld+json\" class=\"yoast-schema-graph\">{\"@context\":\"https:\/\/schema.org\",\"@graph\":[{\"@type\":\"WebPage\",\"@id\":\"https:\/\/maccaferri-stage.softecspa.it\/latam\/soluciones-macro-gt\/\",\"url\":\"https:\/\/maccaferri-stage.softecspa.it\/latam\/soluciones-macro-gt\/\",\"name\":\"SOLUCIONES MACRO - GT - Maccaferri Latam\",\"isPartOf\":{\"@id\":\"https:\/\/maccaferri-stage.softecspa.it\/latam\/#website\"},\"primaryImageOfPage\":{\"@id\":\"https:\/\/maccaferri-stage.softecspa.it\/latam\/soluciones-macro-gt\/#primaryimage\"},\"image\":{\"@id\":\"https:\/\/maccaferri-stage.softecspa.it\/latam\/soluciones-macro-gt\/#primaryimage\"},\"thumbnailUrl\":\"https:\/\/maccaferri-stage.softecspa.it\/br\/wp-content\/uploads\/2022\/12\/Rockfall-Protection-and-Snow-Barriers.jpg\",\"datePublished\":\"2023-07-28T18:06:24+00:00\",\"dateModified\":\"2023-08-04T15:55:48+00:00\",\"inLanguage\":\"es-ES\",\"potentialAction\":[{\"@type\":\"ReadAction\",\"target\":[\"https:\/\/maccaferri-stage.softecspa.it\/latam\/soluciones-macro-gt\/\"]}]},{\"@type\":\"ImageObject\",\"inLanguage\":\"es-ES\",\"@id\":\"https:\/\/maccaferri-stage.softecspa.it\/latam\/soluciones-macro-gt\/#primaryimage\",\"url\":\"https:\/\/maccaferri-stage.softecspa.it\/br\/wp-content\/uploads\/2022\/12\/Rockfall-Protection-and-Snow-Barriers.jpg\",\"contentUrl\":\"https:\/\/maccaferri-stage.softecspa.it\/br\/wp-content\/uploads\/2022\/12\/Rockfall-Protection-and-Snow-Barriers.jpg\"},{\"@type\":\"WebSite\",\"@id\":\"https:\/\/maccaferri-stage.softecspa.it\/latam\/#website\",\"url\":\"https:\/\/maccaferri-stage.softecspa.it\/latam\/\",\"name\":\"Maccaferri Latam\",\"description\":\"\",\"publisher\":{\"@id\":\"https:\/\/maccaferri-stage.softecspa.it\/latam\/#organization\"},\"potentialAction\":[{\"@type\":\"SearchAction\",\"target\":{\"@type\":\"EntryPoint\",\"urlTemplate\":\"https:\/\/maccaferri-stage.softecspa.it\/latam\/?s={search_term_string}\"},\"query-input\":{\"@type\":\"PropertyValueSpecification\",\"valueRequired\":true,\"valueName\":\"search_term_string\"}}],\"inLanguage\":\"es-ES\"},{\"@type\":\"Organization\",\"@id\":\"https:\/\/maccaferri-stage.softecspa.it\/latam\/#organization\",\"name\":\"Maccaferri Latam\",\"url\":\"https:\/\/maccaferri-stage.softecspa.it\/latam\/\",\"logo\":{\"@type\":\"ImageObject\",\"inLanguage\":\"es-ES\",\"@id\":\"https:\/\/maccaferri-stage.softecspa.it\/latam\/#\/schema\/logo\/image\/\",\"url\":\"\",\"contentUrl\":\"\",\"caption\":\"Maccaferri Latam\"},\"image\":{\"@id\":\"https:\/\/maccaferri-stage.softecspa.it\/latam\/#\/schema\/logo\/image\/\"}}]}<\/script>\n<!-- \/ Yoast SEO Premium plugin. -->","yoast_head_json":{"title":"SOLUCIONES MACRO - GT - Maccaferri Latam","robots":{"index":"index","follow":"follow","max-snippet":"max-snippet:-1","max-image-preview":"max-image-preview:large","max-video-preview":"max-video-preview:-1"},"canonical":"https:\/\/maccaferri-stage.softecspa.it\/latam\/soluciones-macro-gt\/","og_locale":"es_ES","og_type":"article","og_title":"SOLUCIONES MACRO - GT - Maccaferri Latam","og_url":"https:\/\/maccaferri-stage.softecspa.it\/latam\/soluciones-macro-gt\/","og_site_name":"Maccaferri Latam","article_modified_time":"2023-08-04T15:55:48+00:00","og_image":[{"url":"https:\/\/maccaferri-stage.softecspa.it\/br\/wp-content\/uploads\/2022\/12\/Rockfall-Protection-and-Snow-Barriers.jpg","type":"","width":"","height":""}],"twitter_card":"summary_large_image","twitter_misc":{"Est. reading time":"3 minutes"},"schema":{"@context":"https:\/\/schema.org","@graph":[{"@type":"WebPage","@id":"https:\/\/maccaferri-stage.softecspa.it\/latam\/soluciones-macro-gt\/","url":"https:\/\/maccaferri-stage.softecspa.it\/latam\/soluciones-macro-gt\/","name":"SOLUCIONES MACRO - GT - Maccaferri Latam","isPartOf":{"@id":"https:\/\/maccaferri-stage.softecspa.it\/latam\/#website"},"primaryImageOfPage":{"@id":"https:\/\/maccaferri-stage.softecspa.it\/latam\/soluciones-macro-gt\/#primaryimage"},"image":{"@id":"https:\/\/maccaferri-stage.softecspa.it\/latam\/soluciones-macro-gt\/#primaryimage"},"thumbnailUrl":"https:\/\/maccaferri-stage.softecspa.it\/br\/wp-content\/uploads\/2022\/12\/Rockfall-Protection-and-Snow-Barriers.jpg","datePublished":"2023-07-28T18:06:24+00:00","dateModified":"2023-08-04T15:55:48+00:00","inLanguage":"es-ES","potentialAction":[{"@type":"ReadAction","target":["https:\/\/maccaferri-stage.softecspa.it\/latam\/soluciones-macro-gt\/"]}]},{"@type":"ImageObject","inLanguage":"es-ES","@id":"https:\/\/maccaferri-stage.softecspa.it\/latam\/soluciones-macro-gt\/#primaryimage","url":"https:\/\/maccaferri-stage.softecspa.it\/br\/wp-content\/uploads\/2022\/12\/Rockfall-Protection-and-Snow-Barriers.jpg","contentUrl":"https:\/\/maccaferri-stage.softecspa.it\/br\/wp-content\/uploads\/2022\/12\/Rockfall-Protection-and-Snow-Barriers.jpg"},{"@type":"WebSite","@id":"https:\/\/maccaferri-stage.softecspa.it\/latam\/#website","url":"https:\/\/maccaferri-stage.softecspa.it\/latam\/","name":"Maccaferri Latam","description":"","publisher":{"@id":"https:\/\/maccaferri-stage.softecspa.it\/latam\/#organization"},"potentialAction":[{"@type":"SearchAction","target":{"@type":"EntryPoint","urlTemplate":"https:\/\/maccaferri-stage.softecspa.it\/latam\/?s={search_term_string}"},"query-input":{"@type":"PropertyValueSpecification","valueRequired":true,"valueName":"search_term_string"}}],"inLanguage":"es-ES"},{"@type":"Organization","@id":"https:\/\/maccaferri-stage.softecspa.it\/latam\/#organization","name":"Maccaferri Latam","url":"https:\/\/maccaferri-stage.softecspa.it\/latam\/","logo":{"@type":"ImageObject","inLanguage":"es-ES","@id":"https:\/\/maccaferri-stage.softecspa.it\/latam\/#\/schema\/logo\/image\/","url":"","contentUrl":"","caption":"Maccaferri Latam"},"image":{"@id":"https:\/\/maccaferri-stage.softecspa.it\/latam\/#\/schema\/logo\/image\/"}}]}},"_links":{"self":[{"href":"https:\/\/maccaferri-stage.softecspa.it\/latam\/wp-json\/wp\/v2\/pages\/51829","targetHints":{"allow":["GET"]}}],"collection":[{"href":"https:\/\/maccaferri-stage.softecspa.it\/latam\/wp-json\/wp\/v2\/pages"}],"about":[{"href":"https:\/\/maccaferri-stage.softecspa.it\/latam\/wp-json\/wp\/v2\/types\/page"}],"author":[{"embeddable":true,"href":"https:\/\/maccaferri-stage.softecspa.it\/latam\/wp-json\/wp\/v2\/users\/20"}],"replies":[{"embeddable":true,"href":"https:\/\/maccaferri-stage.softecspa.it\/latam\/wp-json\/wp\/v2\/comments?post=51829"}],"version-history":[{"count":11,"href":"https:\/\/maccaferri-stage.softecspa.it\/latam\/wp-json\/wp\/v2\/pages\/51829\/revisions"}],"predecessor-version":[{"id":52257,"href":"https:\/\/maccaferri-stage.softecspa.it\/latam\/wp-json\/wp\/v2\/pages\/51829\/revisions\/52257"}],"wp:attachment":[{"href":"https:\/\/maccaferri-stage.softecspa.it\/latam\/wp-json\/wp\/v2\/media?parent=51829"}],"curies":[{"name":"wp","href":"https:\/\/api.w.org\/{rel}","templated":true}]}}