{"id":6588,"date":"2023-02-14T20:45:53","date_gmt":"2023-02-14T19:45:53","guid":{"rendered":"https:\/\/maccaferri-stage.softecspa.it\/latam\/?page_id=6588"},"modified":"2023-09-07T14:25:10","modified_gmt":"2023-09-07T12:25:10","slug":"soluciones-dt-pa","status":"publish","type":"page","link":"https:\/\/maccaferri-stage.softecspa.it\/latam\/soluciones-dt-pa\/","title":{"rendered":"SOLUCIONES DT &#8211; PA"},"content":{"rendered":"<div class=\"wp-block-mac-h1-title-hero-block container-fluid block-txt-container\" style=\"background:linear-gradient(180deg,rgb(1,94,111) 0%,rgb(0,72,87) 100%)\"><div class=\"row\"><div class=\"col\"><div class=\"gts__picture\"><img decoding=\"async\" src=\"https:\/\/maccaferri-stage.softecspa.it\/br\/wp-content\/uploads\/2022\/12\/Sustainability_Gabion_3.jpg\" style=\"display:none\"\/><div class=\"gts__picture__image\" style=\"background-image:url(https:\/\/maccaferri-stage.softecspa.it\/br\/wp-content\/uploads\/2022\/12\/Sustainability_Gabion_3.jpg)\"><\/div><\/div><div class=\"container box-container\"><div class=\"row\"><div class=\"col title-box-txt\"><h1 class=\"wp-block-mac-h1-title-hero-block\" style=\"color:#ffffff;text-align:none\">SOLUCIONES DT <\/h1><\/div><\/div><\/div><\/div><\/div><\/div><div class=\"wp-block-mac-container-block box-container\"><div class=\"wp-block-columns is-layout-flex wp-container-core-columns-is-layout-9d6595d7 wp-block-columns-is-layout-flex\"><div class=\"wp-block-column is-layout-flow wp-block-column-is-layout-flow\"><\/div><\/div><\/div><div class=\"wp-block-mac-container-block box-container\"><div class=\"wp-block-columns is-layout-flex wp-container-core-columns-is-layout-9d6595d7 wp-block-columns-is-layout-flex\"><div class=\"wp-block-column is-layout-flow wp-block-column-is-layout-flow\"><div class=\"container content-paragraph box-container\"><div class=\"row\"><div class=\"col-12 col-lg-12 col-xl-12 col-xxl-12\"><h6>Maccaferri es conocida como el l\u00edder mundial en el mercado de gaviones y colchones. Nuestra oficina local de Panam\u00e1 posee a\u00f1os de experiencia y credibilidad. Cont\u00e1ctenos para obtener todo el soporte t\u00e9cnico en su pr\u00f3ximo dise\u00f1o de muro de gaviones. <\/h6><div class=\"content-txt\"><p><span class=\"TextRun SCXW170709262 BCX0\" lang=\"ES-PE\" xml:lang=\"ES-PE\" data-contrast=\"none\"><span class=\"NormalTextRun SpellingErrorV2Themed SCXW170709262 BCX0\" data-ccp-parastyle=\"Normal (Web)\">Nuestras<\/span><span class=\"NormalTextRun SCXW170709262 BCX0\" data-ccp-parastyle=\"Normal (Web)\"> soluciones de Doble <\/span><span class=\"NormalTextRun SpellingErrorV2Themed SCXW170709262 BCX0\" data-ccp-parastyle=\"Normal (Web)\">Torsi\u00f3n<\/span> <span class=\"NormalTextRun SpellingErrorV2Themed SCXW170709262 BCX0\" data-ccp-parastyle=\"Normal (Web)\">son<\/span> <span class=\"NormalTextRun SpellingErrorV2Themed SCXW170709262 BCX0\" data-ccp-parastyle=\"Normal (Web)\">producidas<\/span> <span class=\"NormalTextRun SpellingErrorV2Themed SCXW170709262 BCX0\" data-ccp-parastyle=\"Normal (Web)\">con<\/span><span class=\"NormalTextRun SCXW170709262 BCX0\" data-ccp-parastyle=\"Normal (Web)\"> una <\/span><span class=\"NormalTextRun SpellingErrorV2Themed SCXW170709262 BCX0\" data-ccp-parastyle=\"Normal (Web)\">malla<\/span><span class=\"NormalTextRun SCXW170709262 BCX0\" data-ccp-parastyle=\"Normal (Web)\"> de acero hexagonal de doble <\/span><span class=\"NormalTextRun SpellingErrorV2Themed SCXW170709262 BCX0\" data-ccp-parastyle=\"Normal (Web)\">torsi\u00f3n<\/span><span class=\"NormalTextRun SCXW170709262 BCX0\" data-ccp-parastyle=\"Normal (Web)\"> de alta <\/span><span class=\"NormalTextRun SpellingErrorV2Themed SCXW170709262 BCX0\" data-ccp-parastyle=\"Normal (Web)\">calidad<\/span> <span class=\"NormalTextRun SpellingErrorV2Themed SCXW170709262 BCX0\" data-ccp-parastyle=\"Normal (Web)\">recubierta<\/span> <span class=\"NormalTextRun SpellingErrorV2Themed SCXW170709262 BCX0\" data-ccp-parastyle=\"Normal (Web)\">con<\/span> <span class=\"NormalTextRun SpellingErrorV2Themed SCXW170709262 BCX0\" data-ccp-parastyle=\"Normal (Web)\">las<\/span><span class=\"NormalTextRun SCXW170709262 BCX0\" data-ccp-parastyle=\"Normal (Web)\"> exclusivas <\/span><span class=\"NormalTextRun SpellingErrorV2Themed SCXW170709262 BCX0\" data-ccp-parastyle=\"Normal (Web)\">aleaciones<\/span><span class=\"NormalTextRun SCXW170709262 BCX0\" data-ccp-parastyle=\"Normal (Web)\"> de ZINC, PVC y <\/span><span class=\"NormalTextRun SpellingErrorV2Themed SCXW170709262 BCX0\" data-ccp-parastyle=\"Normal (Web)\">el<\/span> <span class=\"NormalTextRun SpellingErrorV2Themed SCXW170709262 BCX0\" data-ccp-parastyle=\"Normal (Web)\">nuevo<\/span> <span class=\"NormalTextRun SpellingErrorV2Themed SCXW170709262 BCX0\" data-ccp-parastyle=\"Normal (Web)\">revestimiento<\/span><span class=\"NormalTextRun SCXW170709262 BCX0\" data-ccp-parastyle=\"Normal (Web)\"> polim\u00e9rico de alto <\/span><span class=\"NormalTextRun SpellingErrorV2Themed SCXW170709262 BCX0\" data-ccp-parastyle=\"Normal (Web)\">desempe\u00f1o<\/span> <span class=\"NormalTextRun SpellingErrorV2Themed SCXW170709262 BCX0\" data-ccp-parastyle=\"Normal (Web)\">PoliMac<\/span><span class=\"NormalTextRun SCXW170709262 BCX0\" data-ccp-parastyle=\"Normal (Web)\">\u2122 que <\/span><span class=\"NormalTextRun SpellingErrorV2Themed SCXW170709262 BCX0\" data-ccp-parastyle=\"Normal (Web)\">otorga<\/span><span class=\"NormalTextRun SCXW170709262 BCX0\" data-ccp-parastyle=\"Normal (Web)\"> a <\/span><span class=\"NormalTextRun SCXW170709262 BCX0\" data-ccp-parastyle=\"Normal (Web)\">la<\/span> <span class=\"NormalTextRun SpellingErrorV2Themed SCXW170709262 BCX0\" data-ccp-parastyle=\"Normal (Web)\">malla<\/span><span class=\"NormalTextRun SCXW170709262 BCX0\" data-ccp-parastyle=\"Normal (Web)\"> una <\/span><span class=\"NormalTextRun SpellingErrorV2Themed SCXW170709262 BCX0\" data-ccp-parastyle=\"Normal (Web)\">mayor<\/span> <span class=\"NormalTextRun SpellingErrorV2Themed SCXW170709262 BCX0\" data-ccp-parastyle=\"Normal (Web)\">resistencia<\/span><span class=\"NormalTextRun SCXW170709262 BCX0\" data-ccp-parastyle=\"Normal (Web)\"> a <\/span><span class=\"NormalTextRun SCXW170709262 BCX0\" data-ccp-parastyle=\"Normal (Web)\">la<\/span> <span class=\"NormalTextRun SpellingErrorV2Themed SCXW170709262 BCX0\" data-ccp-parastyle=\"Normal (Web)\">abrasi\u00f3n<\/span><span class=\"NormalTextRun SCXW170709262 BCX0\" data-ccp-parastyle=\"Normal (Web)\">, capaz de <\/span><span class=\"NormalTextRun SpellingErrorV2Themed SCXW170709262 BCX0\" data-ccp-parastyle=\"Normal (Web)\">soportar<\/span> <span class=\"NormalTextRun SpellingErrorV2Themed SCXW170709262 BCX0\" data-ccp-parastyle=\"Normal (Web)\">las<\/span><span class=\"NormalTextRun SCXW170709262 BCX0\" data-ccp-parastyle=\"Normal (Web)\"> condiciones m\u00e1s severas de <\/span><span class=\"NormalTextRun SpellingErrorV2Themed SCXW170709262 BCX0\" data-ccp-parastyle=\"Normal (Web)\">aplicaci\u00f3n<\/span> <span class=\"NormalTextRun SpellingErrorV2Themed SCXW170709262 BCX0\" data-ccp-parastyle=\"Normal (Web)\">en<\/span><span class=\"NormalTextRun SCXW170709262 BCX0\" data-ccp-parastyle=\"Normal (Web)\"> ambientes extremadamente <\/span><span class=\"NormalTextRun SpellingErrorV2Themed SCXW170709262 BCX0\" data-ccp-parastyle=\"Normal (Web)\">agresivos<\/span><span class=\"NormalTextRun SCXW170709262 BCX0\" data-ccp-parastyle=\"Normal (Web)\">, <\/span><span class=\"NormalTextRun SpellingErrorV2Themed SCXW170709262 BCX0\" data-ccp-parastyle=\"Normal (Web)\">qu\u00edmicamente<\/span><span class=\"NormalTextRun SCXW170709262 BCX0\" data-ccp-parastyle=\"Normal (Web)\"> contaminados y <\/span><span class=\"NormalTextRun SpellingErrorV2Themed SCXW170709262 BCX0\" data-ccp-parastyle=\"Normal (Web)\">con<\/span><span class=\"NormalTextRun SCXW170709262 BCX0\" data-ccp-parastyle=\"Normal (Web)\"> elevada <\/span><span class=\"NormalTextRun SpellingErrorV2Themed SCXW170709262 BCX0\" data-ccp-parastyle=\"Normal (Web)\">exposici\u00f3n<\/span><span class=\"NormalTextRun SCXW170709262 BCX0\" data-ccp-parastyle=\"Normal (Web)\"> a <\/span><span class=\"NormalTextRun SpellingErrorV2Themed SCXW170709262 BCX0\" data-ccp-parastyle=\"Normal (Web)\">los<\/span> <span class=\"NormalTextRun SpellingErrorV2Themed SCXW170709262 BCX0\" data-ccp-parastyle=\"Normal (Web)\">rayos<\/span><span class=\"NormalTextRun SCXW170709262 BCX0\" data-ccp-parastyle=\"Normal (Web)\"> UV, <\/span><span class=\"NormalTextRun SpellingErrorV2Themed SCXW170709262 BCX0\" data-ccp-parastyle=\"Normal (Web)\">asegurando<\/span> <span class=\"NormalTextRun SpellingErrorV2Themed SCXW170709262 BCX0\" data-ccp-parastyle=\"Normal (Web)\">un<\/span> <span class=\"NormalTextRun SpellingErrorV2Themed SCXW170709262 BCX0\" data-ccp-parastyle=\"Normal (Web)\">mayor<\/span> <span class=\"NormalTextRun SpellingErrorV2Themed SCXW170709262 BCX0\" data-ccp-parastyle=\"Normal (Web)\">rendimiento<\/span><span class=\"NormalTextRun SCXW170709262 BCX0\" data-ccp-parastyle=\"Normal (Web)\"> y <\/span><span class=\"NormalTextRun SpellingErrorV2Themed SCXW170709262 BCX0\" data-ccp-parastyle=\"Normal (Web)\">seguridad<\/span> <span class=\"NormalTextRun SpellingErrorV2Themed SCXW170709262 BCX0\" data-ccp-parastyle=\"Normal (Web)\">en<\/span><span class=\"NormalTextRun SCXW170709262 BCX0\" data-ccp-parastyle=\"Normal (Web)\"> obras de <\/span><span class=\"NormalTextRun SpellingErrorV2Themed SCXW170709262 BCX0\" data-ccp-parastyle=\"Normal (Web)\">ingenier\u00eda<\/span><span class=\"NormalTextRun SCXW170709262 BCX0\" data-ccp-parastyle=\"Normal (Web)\">.<\/span><\/span><span class=\"EOP SCXW170709262 BCX0\" data-ccp-props=\"{&quot;134233117&quot;:false,&quot;134233118&quot;:false,&quot;201341983&quot;:2,&quot;335551550&quot;:6,&quot;335551620&quot;:6,&quot;335559738&quot;:0,&quot;335559739&quot;:0,&quot;335559740&quot;:420}\">\u00a0<\/span><\/p>\n<\/div><\/div><\/div><\/div><\/div><\/div><\/div><div class=\"wp-block-mac-container-block box-container\"><div class=\"wp-block-columns is-layout-flex wp-container-core-columns-is-layout-9d6595d7 wp-block-columns-is-layout-flex\"><div class=\"wp-block-column is-layout-flow wp-block-column-is-layout-flow\"><div class=\"wp-block-mac-h4-title-block block-txt-container box-container\"><div class=\"row\"><div class=\"col title-box-txt\"><h5 style=\"color:#212429;text-align:center\">Conozca la linea de Maccaferri de gaviones, colchones y otras soluciones en malla doble torsi\u00f3n<\/h5><br><\/div><\/div><\/div><\/div><\/div><\/div><div class=\"wp-block-mac-container-block box-container\"><div class=\"wp-block-columns is-layout-flex wp-container-core-columns-is-layout-9d6595d7 wp-block-columns-is-layout-flex\"><div class=\"wp-block-column is-layout-flow wp-block-column-is-layout-flow\"><\/div><\/div><\/div><div class=\"wp-block-mac-container-block box-container\"><div class=\"wp-block-columns is-layout-flex wp-container-core-columns-is-layout-9d6595d7 wp-block-columns-is-layout-flex\"><div class=\"wp-block-column is-layout-flow wp-block-column-is-layout-flow\"><figure class=\"wp-block-gallery has-nested-images columns-default is-cropped wp-block-gallery-1 is-layout-flex wp-block-gallery-is-layout-flex\"><figure class=\"wp-block-image size-full\"><a href=\"https:\/\/maccaferri-stage.softecspa.it\/latam\/productos\/gaviones\/\"><img decoding=\"async\" data-id=\"10155\" src=\"https:\/\/maccaferri-stage.softecspa.it\/br\/wp-content\/uploads\/2023\/02\/Gabiao.png\" alt=\"\" class=\"wp-image-10155\"\/><\/a><figcaption>Gavi\u00f3n<\/figcaption><\/figure>\n\n<figure class=\"wp-block-image size-full\"><a href=\"https:\/\/maccaferri-stage.softecspa.it\/latam\/productos\/colchon-reno-plus\/\"><img decoding=\"async\" data-id=\"52393\" src=\"https:\/\/maccaferri-stage.softecspa.it\/latam\/wp-content\/uploads\/2023\/08\/MicrosoftTeams-image-19.jpg\" alt=\"\" class=\"wp-image-52393\"\/><\/a><figcaption>Colch\u00f3n Reno<\/figcaption><\/figure><\/figure><\/div>\n\n<div class=\"wp-block-column is-layout-flow wp-block-column-is-layout-flow\"><figure class=\"wp-block-gallery has-nested-images columns-default is-cropped wp-block-gallery-2 is-layout-flex wp-block-gallery-is-layout-flex\"><figure class=\"wp-block-image size-full\"><a href=\"https:\/\/maccaferri-stage.softecspa.it\/latam\/productos\/terramesh-3\/\"><img decoding=\"async\" data-id=\"52399\" src=\"https:\/\/maccaferri-stage.softecspa.it\/latam\/wp-content\/uploads\/2023\/08\/MicrosoftTeams-image-5.jpg\" alt=\"\" class=\"wp-image-52399\"\/><\/a><figcaption>Terramesh\u00ae System<\/figcaption><\/figure>\n\n<figure class=\"wp-block-image size-full\"><a href=\"https:\/\/maccaferri-stage.softecspa.it\/latam\/productos\/terramesh-3\/\"><img decoding=\"async\" data-id=\"52405\" src=\"https:\/\/maccaferri-stage.softecspa.it\/latam\/wp-content\/uploads\/2023\/08\/MicrosoftTeams-image-7.jpg\" alt=\"\" class=\"wp-image-52405\"\/><\/a><figcaption>Terramesh\u00ae Verde<\/figcaption><\/figure><\/figure><\/div><\/div><\/div><div class=\"wp-block-mac-container-block box-container\"><div class=\"wp-block-columns is-layout-flex wp-container-core-columns-is-layout-9d6595d7 wp-block-columns-is-layout-flex\"><div class=\"wp-block-column is-layout-flow wp-block-column-is-layout-flow\"><div class=\"wp-block-mac-container-block box-container\"><div class=\"wp-block-columns is-layout-flex wp-container-core-columns-is-layout-9d6595d7 wp-block-columns-is-layout-flex\"><div class=\"wp-block-column is-layout-flow wp-block-column-is-layout-flow\"><div class=\"wp-block-mac-h4-title-block block-txt-container box-container\"><div class=\"row\"><div class=\"col title-box-txt\"><h5 style=\"color:#212429;text-align:center\">\u00bfInteresado en aprender m\u00e1s? <br><br>Haga clic en el bot\u00f3n para descarga nuestro cat\u00e1logo sobre los gaviones y otras soluciones en malla hexagonal de doble torsi\u00f3n<\/h5><br><\/div><\/div><\/div><\/div><\/div><\/div><\/div><\/div><\/div><div class=\"wp-block-mac-container-block box-container\"><div class=\"wp-block-columns is-layout-flex wp-container-core-columns-is-layout-9d6595d7 wp-block-columns-is-layout-flex\"><div class=\"wp-block-column is-layout-flow wp-block-column-is-layout-flow\"><div class=\"wp-block-mac-banner-title-cta  box-container block-cta\" style=\"background:#015E6F\"><div class=\"container box-container\"><div class=\"row\"><div class=\"col-2 col-sm-2 col-md-2 col-lg-2 col-xl-2 col-xxl-2\"><div class=\"box-image\"><img decoding=\"async\" class=\"image\" src=\"https:\/\/maccaferri-stage.softecspa.it\/br\/wp-content\/uploads\/2022\/11\/img-banner-software.png\" alt=\"Image\"\/><\/div><\/div><div class=\"col-7 col-sm-7 col-md-7 col-lg-7 col-xl-7 col-xxl-7\"><div class=\"banner-box-txt\" style=\"text-align:default\"><h4 class=\"title\">Catalogo Gaviones PoliMac\u2122<\/h4><\/div><\/div><div class=\"col-3 col-sm-3 col-md-3 col-lg-3 col-xl-3 col-xxl-3\"><div class=\"button-box-txt\"><a href=\"https:\/\/maccaferri-stage.softecspa.it\/latam\/download\/flyer-br-volante-polimac-sp-mar21-pdf\/\" target=\"_blank\" class=\"buttonurl\" rel=\"noopener\"><span class=\"buttontext\">Descargar<\/span><\/a><\/div><\/div><\/div><\/div><\/div><\/div><\/div><\/div><div class=\"wp-block-mac-container-block box-container\"><div class=\"wp-block-columns is-layout-flex wp-container-core-columns-is-layout-9d6595d7 wp-block-columns-is-layout-flex\"><div class=\"wp-block-column is-layout-flow wp-block-column-is-layout-flow\"><div class=\"container content-paragraph box-container\"><div class=\"row\"><div class=\"col-12 col-lg-12 col-xl-12 col-xxl-12\"><h6>Rellene el formulario para solicitar su Presupuesto \/ Asistencia t\u00e9cnica<\/h6><div class=\"content-txt\"><p><iframe style=\"border: 0;\" src=\"https:\/\/www2.maccaferri.com\/l\/965143\/2023-02-13\/5q2lqv\" width=\"100%\" height=\"500\" frameborder=\"0\"><\/iframe><\/p>\n<\/div><\/div><\/div><\/div><\/div>\n\n<div class=\"wp-block-column is-layout-flow wp-block-column-is-layout-flow\"><div class=\"container content-paragraph box-container\"><div class=\"row\"><div class=\"col-12 col-lg-12 col-xl-12 col-xxl-12\"><h6>Cont\u00e1ctenos<\/h6><\/div><\/div><\/div>\n\n<div class=\"wp-block-buttons is-layout-flex wp-block-buttons-is-layout-flex\"><div class=\"wp-block-button aligncenter has-custom-font-size has-small-font-size\"><a class=\"wp-block-button__link has-luminous-vivid-orange-background-color has-background\" href=\"https:\/\/wa.me\/50768266607\"><img decoding=\"async\" class=\"wp-image-6568\" style=\"width: 20px\" src=\"https:\/\/maccaferri-stage.softecspa.it\/latam\/wp-content\/uploads\/2023\/02\/whatsapp-logo-1-1-1019x1024-1.png\" alt=\"\"> WHATSAPP: <strong>+507 6826 6607<\/strong><\/a><\/div><\/div>\n\n<div class=\"wp-block-buttons is-content-justification-center is-layout-flex wp-container-core-buttons-is-layout-16018d1d wp-block-buttons-is-layout-flex\"><div class=\"wp-block-button\"><a class=\"wp-block-button__link\" href=\"tel:5072928608\">TelefonO: <strong>+<\/strong>&nbsp;<strong>507 292 8608<\/strong><\/a><\/div><\/div>\n\n<div class=\"wp-block-buttons is-content-justification-center is-layout-flex wp-container-core-buttons-is-layout-16018d1d wp-block-buttons-is-layout-flex\"><div class=\"wp-block-button\"><a class=\"wp-block-button__link\" href=\"mailto:info.pa@maccaferri.com\">CORREO: <strong>info.PA@MACCAFERRI.COM<\/strong><\/a><\/div><\/div><\/div><\/div><\/div><div class=\"wp-block-mac-container-block box-container\"><div class=\"wp-block-columns is-layout-flex wp-container-core-columns-is-layout-9d6595d7 wp-block-columns-is-layout-flex\"><div class=\"wp-block-column is-layout-flow wp-block-column-is-layout-flow\"><div class=\"wp-block-mac-container-block box-container\"><div class=\"wp-block-columns is-layout-flex wp-container-core-columns-is-layout-9d6595d7 wp-block-columns-is-layout-flex\"><div class=\"wp-block-column is-layout-flow wp-block-column-is-layout-flow\"><div class=\"wp-block-mac-h4-title-block block-txt-container box-container\"><div class=\"row\"><div class=\"col title-box-txt\"><h5 style=\"color:#212429;text-align:center\">Encuentre nuestra unidad m\u00e1s cercana<\/h5><br><\/div><\/div><\/div>\n\n<div class=\"container content-paragraph box-container\"><div class=\"row\"><div class=\"col-12 col-lg-12 col-xl-12 col-xxl-12\"><div class=\"content-txt\"><p style=\"text-align: center;\"><iframe style=\"border: 0;\" src=\"https:\/\/www.google.com\/maps\/embed?pb=!1m14!1m8!1m3!1d15762.334357743566!2d-79.5018816!3d9.0104083!3m2!1i1024!2i768!4f13.1!3m3!1m2!1s0x8faca9ba720ff7d9%3A0xf700754a7eedcdaf!2sMaccaferri%20de%20Panama%20S.A.!5e0!3m2!1spt-BR!2sbr!4v1691157342174!5m2!1spt-BR!2sbr\" width=\"600\" height=\"450\" allowfullscreen=\"allowfullscreen\"><\/iframe><\/p>\n<\/div><\/div><\/div><\/div><\/div><\/div><\/div><\/div><\/div><\/div>","protected":false},"excerpt":{"rendered":"","protected":false},"author":20,"featured_media":0,"parent":0,"menu_order":0,"comment_status":"closed","ping_status":"closed","template":"","meta":{"_acf_changed":false,"_joinchat":[],"footnotes":""},"class_list":["post-6588","page","type-page","status-publish","hentry"],"acf":{"uuid_products":"","product-documents":""},"yoast_head":"<!-- This site is optimized with the Yoast SEO Premium plugin v27.0 (Yoast SEO v27.0) - https:\/\/yoast.com\/product\/yoast-seo-premium-wordpress\/ -->\n<title>SOLUCIONES DT - PA - Maccaferri Latam<\/title>\n<meta name=\"robots\" content=\"index, follow, max-snippet:-1, max-image-preview:large, max-video-preview:-1\" \/>\n<link rel=\"canonical\" href=\"https:\/\/maccaferri-stage.softecspa.it\/latam\/soluciones-dt-pa\/\" \/>\n<meta property=\"og:locale\" content=\"es_ES\" \/>\n<meta property=\"og:type\" content=\"article\" \/>\n<meta property=\"og:title\" content=\"SOLUCIONES DT - PA - Maccaferri Latam\" \/>\n<meta property=\"og:url\" content=\"https:\/\/maccaferri-stage.softecspa.it\/latam\/soluciones-dt-pa\/\" \/>\n<meta property=\"og:site_name\" content=\"Maccaferri Latam\" \/>\n<meta property=\"article:modified_time\" content=\"2023-09-07T12:25:10+00:00\" \/>\n<meta property=\"og:image\" content=\"https:\/\/maccaferri-stage.softecspa.it\/br\/wp-content\/uploads\/2022\/12\/Sustainability_Gabion_3.jpg\" \/>\n<meta name=\"twitter:card\" content=\"summary_large_image\" \/>\n<meta name=\"twitter:label1\" content=\"Est. reading time\" \/>\n\t<meta name=\"twitter:data1\" content=\"2 minutes\" \/>\n<script type=\"application\/ld+json\" class=\"yoast-schema-graph\">{\"@context\":\"https:\/\/schema.org\",\"@graph\":[{\"@type\":\"WebPage\",\"@id\":\"https:\/\/maccaferri-stage.softecspa.it\/latam\/soluciones-dt-pa\/\",\"url\":\"https:\/\/maccaferri-stage.softecspa.it\/latam\/soluciones-dt-pa\/\",\"name\":\"SOLUCIONES DT - PA - Maccaferri Latam\",\"isPartOf\":{\"@id\":\"https:\/\/maccaferri-stage.softecspa.it\/latam\/#website\"},\"primaryImageOfPage\":{\"@id\":\"https:\/\/maccaferri-stage.softecspa.it\/latam\/soluciones-dt-pa\/#primaryimage\"},\"image\":{\"@id\":\"https:\/\/maccaferri-stage.softecspa.it\/latam\/soluciones-dt-pa\/#primaryimage\"},\"thumbnailUrl\":\"https:\/\/maccaferri-stage.softecspa.it\/br\/wp-content\/uploads\/2022\/12\/Sustainability_Gabion_3.jpg\",\"datePublished\":\"2023-02-14T19:45:53+00:00\",\"dateModified\":\"2023-09-07T12:25:10+00:00\",\"inLanguage\":\"es-ES\",\"potentialAction\":[{\"@type\":\"ReadAction\",\"target\":[\"https:\/\/maccaferri-stage.softecspa.it\/latam\/soluciones-dt-pa\/\"]}]},{\"@type\":\"ImageObject\",\"inLanguage\":\"es-ES\",\"@id\":\"https:\/\/maccaferri-stage.softecspa.it\/latam\/soluciones-dt-pa\/#primaryimage\",\"url\":\"https:\/\/maccaferri-stage.softecspa.it\/br\/wp-content\/uploads\/2022\/12\/Sustainability_Gabion_3.jpg\",\"contentUrl\":\"https:\/\/maccaferri-stage.softecspa.it\/br\/wp-content\/uploads\/2022\/12\/Sustainability_Gabion_3.jpg\"},{\"@type\":\"WebSite\",\"@id\":\"https:\/\/maccaferri-stage.softecspa.it\/latam\/#website\",\"url\":\"https:\/\/maccaferri-stage.softecspa.it\/latam\/\",\"name\":\"Maccaferri Latam\",\"description\":\"\",\"publisher\":{\"@id\":\"https:\/\/maccaferri-stage.softecspa.it\/latam\/#organization\"},\"potentialAction\":[{\"@type\":\"SearchAction\",\"target\":{\"@type\":\"EntryPoint\",\"urlTemplate\":\"https:\/\/maccaferri-stage.softecspa.it\/latam\/?s={search_term_string}\"},\"query-input\":{\"@type\":\"PropertyValueSpecification\",\"valueRequired\":true,\"valueName\":\"search_term_string\"}}],\"inLanguage\":\"es-ES\"},{\"@type\":\"Organization\",\"@id\":\"https:\/\/maccaferri-stage.softecspa.it\/latam\/#organization\",\"name\":\"Maccaferri Latam\",\"url\":\"https:\/\/maccaferri-stage.softecspa.it\/latam\/\",\"logo\":{\"@type\":\"ImageObject\",\"inLanguage\":\"es-ES\",\"@id\":\"https:\/\/maccaferri-stage.softecspa.it\/latam\/#\/schema\/logo\/image\/\",\"url\":\"\",\"contentUrl\":\"\",\"caption\":\"Maccaferri Latam\"},\"image\":{\"@id\":\"https:\/\/maccaferri-stage.softecspa.it\/latam\/#\/schema\/logo\/image\/\"}}]}<\/script>\n<!-- \/ Yoast SEO Premium plugin. -->","yoast_head_json":{"title":"SOLUCIONES DT - PA - Maccaferri Latam","robots":{"index":"index","follow":"follow","max-snippet":"max-snippet:-1","max-image-preview":"max-image-preview:large","max-video-preview":"max-video-preview:-1"},"canonical":"https:\/\/maccaferri-stage.softecspa.it\/latam\/soluciones-dt-pa\/","og_locale":"es_ES","og_type":"article","og_title":"SOLUCIONES DT - PA - Maccaferri Latam","og_url":"https:\/\/maccaferri-stage.softecspa.it\/latam\/soluciones-dt-pa\/","og_site_name":"Maccaferri Latam","article_modified_time":"2023-09-07T12:25:10+00:00","og_image":[{"url":"https:\/\/maccaferri-stage.softecspa.it\/br\/wp-content\/uploads\/2022\/12\/Sustainability_Gabion_3.jpg","type":"","width":"","height":""}],"twitter_card":"summary_large_image","twitter_misc":{"Est. reading time":"2 minutes"},"schema":{"@context":"https:\/\/schema.org","@graph":[{"@type":"WebPage","@id":"https:\/\/maccaferri-stage.softecspa.it\/latam\/soluciones-dt-pa\/","url":"https:\/\/maccaferri-stage.softecspa.it\/latam\/soluciones-dt-pa\/","name":"SOLUCIONES DT - PA - Maccaferri Latam","isPartOf":{"@id":"https:\/\/maccaferri-stage.softecspa.it\/latam\/#website"},"primaryImageOfPage":{"@id":"https:\/\/maccaferri-stage.softecspa.it\/latam\/soluciones-dt-pa\/#primaryimage"},"image":{"@id":"https:\/\/maccaferri-stage.softecspa.it\/latam\/soluciones-dt-pa\/#primaryimage"},"thumbnailUrl":"https:\/\/maccaferri-stage.softecspa.it\/br\/wp-content\/uploads\/2022\/12\/Sustainability_Gabion_3.jpg","datePublished":"2023-02-14T19:45:53+00:00","dateModified":"2023-09-07T12:25:10+00:00","inLanguage":"es-ES","potentialAction":[{"@type":"ReadAction","target":["https:\/\/maccaferri-stage.softecspa.it\/latam\/soluciones-dt-pa\/"]}]},{"@type":"ImageObject","inLanguage":"es-ES","@id":"https:\/\/maccaferri-stage.softecspa.it\/latam\/soluciones-dt-pa\/#primaryimage","url":"https:\/\/maccaferri-stage.softecspa.it\/br\/wp-content\/uploads\/2022\/12\/Sustainability_Gabion_3.jpg","contentUrl":"https:\/\/maccaferri-stage.softecspa.it\/br\/wp-content\/uploads\/2022\/12\/Sustainability_Gabion_3.jpg"},{"@type":"WebSite","@id":"https:\/\/maccaferri-stage.softecspa.it\/latam\/#website","url":"https:\/\/maccaferri-stage.softecspa.it\/latam\/","name":"Maccaferri Latam","description":"","publisher":{"@id":"https:\/\/maccaferri-stage.softecspa.it\/latam\/#organization"},"potentialAction":[{"@type":"SearchAction","target":{"@type":"EntryPoint","urlTemplate":"https:\/\/maccaferri-stage.softecspa.it\/latam\/?s={search_term_string}"},"query-input":{"@type":"PropertyValueSpecification","valueRequired":true,"valueName":"search_term_string"}}],"inLanguage":"es-ES"},{"@type":"Organization","@id":"https:\/\/maccaferri-stage.softecspa.it\/latam\/#organization","name":"Maccaferri Latam","url":"https:\/\/maccaferri-stage.softecspa.it\/latam\/","logo":{"@type":"ImageObject","inLanguage":"es-ES","@id":"https:\/\/maccaferri-stage.softecspa.it\/latam\/#\/schema\/logo\/image\/","url":"","contentUrl":"","caption":"Maccaferri Latam"},"image":{"@id":"https:\/\/maccaferri-stage.softecspa.it\/latam\/#\/schema\/logo\/image\/"}}]}},"_links":{"self":[{"href":"https:\/\/maccaferri-stage.softecspa.it\/latam\/wp-json\/wp\/v2\/pages\/6588","targetHints":{"allow":["GET"]}}],"collection":[{"href":"https:\/\/maccaferri-stage.softecspa.it\/latam\/wp-json\/wp\/v2\/pages"}],"about":[{"href":"https:\/\/maccaferri-stage.softecspa.it\/latam\/wp-json\/wp\/v2\/types\/page"}],"author":[{"embeddable":true,"href":"https:\/\/maccaferri-stage.softecspa.it\/latam\/wp-json\/wp\/v2\/users\/20"}],"replies":[{"embeddable":true,"href":"https:\/\/maccaferri-stage.softecspa.it\/latam\/wp-json\/wp\/v2\/comments?post=6588"}],"version-history":[{"count":13,"href":"https:\/\/maccaferri-stage.softecspa.it\/latam\/wp-json\/wp\/v2\/pages\/6588\/revisions"}],"predecessor-version":[{"id":52674,"href":"https:\/\/maccaferri-stage.softecspa.it\/latam\/wp-json\/wp\/v2\/pages\/6588\/revisions\/52674"}],"wp:attachment":[{"href":"https:\/\/maccaferri-stage.softecspa.it\/latam\/wp-json\/wp\/v2\/media?parent=6588"}],"curies":[{"name":"wp","href":"https:\/\/api.w.org\/{rel}","templated":true}]}}