{"id":6592,"date":"2023-02-14T20:48:54","date_gmt":"2023-02-14T19:48:54","guid":{"rendered":"https:\/\/maccaferri-stage.softecspa.it\/latam\/?page_id=6592"},"modified":"2023-08-04T17:27:12","modified_gmt":"2023-08-04T15:27:12","slug":"soluciones-dt-gt","status":"publish","type":"page","link":"https:\/\/maccaferri-stage.softecspa.it\/latam\/soluciones-dt-gt\/","title":{"rendered":"SOLUCIONES DT &#8211; GT"},"content":{"rendered":"<div class=\"wp-block-mac-h1-title-hero-block container-fluid block-txt-container\" style=\"background:linear-gradient(180deg,rgb(1,94,111) 0%,rgb(0,72,87) 100%)\"><div class=\"row\"><div class=\"col\"><div class=\"gts__picture\"><img decoding=\"async\" src=\"https:\/\/maccaferri-stage.softecspa.it\/br\/wp-content\/uploads\/2022\/12\/Sustainability_Gabion_3.jpg\" style=\"display:none\"\/><div class=\"gts__picture__image\" style=\"background-image:url(https:\/\/maccaferri-stage.softecspa.it\/br\/wp-content\/uploads\/2022\/12\/Sustainability_Gabion_3.jpg)\"><\/div><\/div><div class=\"container box-container\"><div class=\"row\"><div class=\"col title-box-txt\"><h1 class=\"wp-block-mac-h1-title-hero-block\" style=\"color:#ffffff;text-align:none\">SOLUCIONES DT <\/h1><\/div><\/div><\/div><\/div><\/div><\/div><div class=\"wp-block-mac-container-block box-container\"><div class=\"wp-block-columns is-layout-flex wp-container-core-columns-is-layout-9d6595d7 wp-block-columns-is-layout-flex\"><div class=\"wp-block-column is-layout-flow wp-block-column-is-layout-flow\"><\/div><\/div><\/div><div class=\"wp-block-mac-container-block box-container\"><div class=\"wp-block-columns is-layout-flex wp-container-core-columns-is-layout-9d6595d7 wp-block-columns-is-layout-flex\"><div class=\"wp-block-column is-layout-flow wp-block-column-is-layout-flow\"><div class=\"container content-paragraph box-container\"><div class=\"row\"><div class=\"col-12 col-lg-12 col-xl-12 col-xxl-12\"><h6>Maccaferri es conocida como el l\u00edder mundial en el mercado de gaviones y colchones. Nuestra oficina local de Guatemala posee a\u00f1os de experiencia y credibilidad <\/h6><div class=\"content-txt\"><p><span data-contrast=\"none\">Nuestras soluciones de Doble Torsi\u00f3n son producidas con malla de acero hexagonal de doble torsi\u00f3n de alta calidad recubierta con las exclusivas aleaciones de ZINC, GalMac\u00ae 4R, PVC y el nuevo revestimiento polim\u00e9rico de alto desempe\u00f1o PoliMac\u2122 que otorga a la malla mayor resistencia a la abrasi\u00f3n, capaz de soportar las condiciones m\u00e1s severas de aplicaci\u00f3n en ambientes extremadamente agresivos, qu\u00edmicamente contaminados y con elevada exposici\u00f3n a los rayos UV, asegurando un mayor rendimiento y seguridad en obras de ingenier\u00eda.<\/span><span data-ccp-props=\"{&quot;201341983&quot;:0,&quot;335551550&quot;:6,&quot;335551620&quot;:6,&quot;335559739&quot;:0,&quot;335559740&quot;:259}\">\u00a0<\/span><\/p>\n<p><span data-ccp-props=\"{&quot;201341983&quot;:0,&quot;335551550&quot;:6,&quot;335551620&quot;:6,&quot;335559739&quot;:0,&quot;335559740&quot;:259}\">\u00a0<\/span><\/p>\n<p><span data-contrast=\"none\">Cont\u00e1ctenos para obtener asesor\u00eda t\u00e9cnica en su pr\u00f3ximo proyecto<\/span><span data-ccp-props=\"{&quot;201341983&quot;:0,&quot;335551550&quot;:6,&quot;335551620&quot;:6,&quot;335559739&quot;:0,&quot;335559740&quot;:259}\">\u00a0<\/span><\/p>\n<p><span data-ccp-props=\"{&quot;201341983&quot;:0,&quot;335551550&quot;:6,&quot;335551620&quot;:6,&quot;335559739&quot;:0,&quot;335559740&quot;:259}\">\u00a0<\/span><\/p>\n<\/div><\/div><\/div><\/div><\/div><\/div><\/div><div class=\"wp-block-mac-container-block box-container\"><div class=\"wp-block-columns is-layout-flex wp-container-core-columns-is-layout-9d6595d7 wp-block-columns-is-layout-flex\"><div class=\"wp-block-column is-layout-flow wp-block-column-is-layout-flow\"><div class=\"wp-block-mac-h4-title-block block-txt-container box-container\"><div class=\"row\"><div class=\"col title-box-txt\"><h5 style=\"color:#212429;text-align:center\">Conozca la linea de Maccaferri de gaviones, colchones y otras soluciones en malla doble torsi\u00f3n<\/h5><br><\/div><\/div><\/div><\/div><\/div><\/div><div class=\"wp-block-mac-container-block box-container\"><div class=\"wp-block-columns is-layout-flex wp-container-core-columns-is-layout-9d6595d7 wp-block-columns-is-layout-flex\"><div class=\"wp-block-column is-layout-flow wp-block-column-is-layout-flow\"><\/div><\/div><\/div><div class=\"wp-block-mac-container-block box-container\"><div class=\"wp-block-columns is-layout-flex wp-container-core-columns-is-layout-9d6595d7 wp-block-columns-is-layout-flex\"><div class=\"wp-block-column is-layout-flow wp-block-column-is-layout-flow\"><figure class=\"wp-block-gallery has-nested-images columns-default is-cropped wp-block-gallery-1 is-layout-flex wp-block-gallery-is-layout-flex\"><figure class=\"wp-block-image size-full\"><a href=\"https:\/\/maccaferri-stage.softecspa.it\/latam\/productos\/gaviones\/\"><img decoding=\"async\" data-id=\"52087\" src=\"https:\/\/maccaferri-stage.softecspa.it\/latam\/wp-content\/uploads\/2023\/07\/MicrosoftTeams-image-12-1.jpg\" alt=\"\" class=\"wp-image-52087\"\/><\/a><figcaption>Gavi\u00f3n<\/figcaption><\/figure>\n\n<figure class=\"wp-block-image size-full\"><a href=\"https:\/\/maccaferri-stage.softecspa.it\/latam\/productos\/colchon-reno-plus\/\"><img decoding=\"async\" data-id=\"52147\" src=\"https:\/\/maccaferri-stage.softecspa.it\/latam\/wp-content\/uploads\/2023\/08\/MicrosoftTeams-image-30.jpg\" alt=\"\" class=\"wp-image-52147\"\/><\/a><figcaption>Colch\u00f3n Reno<\/figcaption><\/figure><\/figure><\/div>\n\n<div class=\"wp-block-column is-layout-flow wp-block-column-is-layout-flow\"><figure class=\"wp-block-gallery has-nested-images columns-default is-cropped wp-block-gallery-2 is-layout-flex wp-block-gallery-is-layout-flex\"><figure class=\"wp-block-image size-full\"><a href=\"https:\/\/maccaferri-stage.softecspa.it\/latam\/productos\/terramesh-3\/\"><img decoding=\"async\" data-id=\"52098\" src=\"https:\/\/maccaferri-stage.softecspa.it\/latam\/wp-content\/uploads\/2023\/07\/MicrosoftTeams-image-15.jpg\" alt=\"\" class=\"wp-image-52098\"\/><\/a><figcaption>Terramesh\u00ae System<\/figcaption><\/figure>\n\n<figure class=\"wp-block-image size-full\"><a href=\"https:\/\/maccaferri-stage.softecspa.it\/latam\/productos\/terramesh-3\/\"><img decoding=\"async\" data-id=\"52102\" src=\"https:\/\/maccaferri-stage.softecspa.it\/latam\/wp-content\/uploads\/2023\/07\/MicrosoftTeams-image-20.jpg\" alt=\"\" class=\"wp-image-52102\"\/><\/a><figcaption>Terramesh\u00ae Verde<\/figcaption><\/figure><\/figure><\/div><\/div><\/div><div class=\"wp-block-mac-container-block box-container\"><div class=\"wp-block-columns is-layout-flex wp-container-core-columns-is-layout-9d6595d7 wp-block-columns-is-layout-flex\"><div class=\"wp-block-column is-layout-flow wp-block-column-is-layout-flow\"><div class=\"wp-block-mac-container-block box-container\"><div class=\"wp-block-columns is-layout-flex wp-container-core-columns-is-layout-9d6595d7 wp-block-columns-is-layout-flex\"><div class=\"wp-block-column is-layout-flow wp-block-column-is-layout-flow\"><div class=\"wp-block-mac-h4-title-block block-txt-container box-container\"><div class=\"row\"><div class=\"col title-box-txt\"><h5 style=\"color:#212429;text-align:center\">\u00bfInteresado en aprender m\u00e1s? <br><br>Haga clic en el bot\u00f3n para descarga nuestro cat\u00e1logo sobre los gaviones y otras soluciones en malla hexagonal de doble torsi\u00f3n<\/h5><br><\/div><\/div><\/div><\/div><\/div><\/div><\/div><\/div><\/div><div class=\"wp-block-mac-container-block box-container\"><div class=\"wp-block-columns is-layout-flex wp-container-core-columns-is-layout-9d6595d7 wp-block-columns-is-layout-flex\"><div class=\"wp-block-column is-layout-flow wp-block-column-is-layout-flow\"><div class=\"wp-block-mac-banner-title-cta  box-container block-cta\" style=\"background:#015E6F\"><div class=\"container box-container\"><div class=\"row\"><div class=\"col-2 col-sm-2 col-md-2 col-lg-2 col-xl-2 col-xxl-2\"><div class=\"box-image\"><img decoding=\"async\" class=\"image\" src=\"https:\/\/maccaferri-stage.softecspa.it\/br\/wp-content\/uploads\/2022\/11\/img-banner-software.png\" alt=\"Image\"\/><\/div><\/div><div class=\"col-7 col-sm-7 col-md-7 col-lg-7 col-xl-7 col-xxl-7\"><div class=\"banner-box-txt\" style=\"text-align:default\"><h4 class=\"title\">Catalogo Gaviones PoliMac\u2122<\/h4><\/div><\/div><div class=\"col-3 col-sm-3 col-md-3 col-lg-3 col-xl-3 col-xxl-3\"><div class=\"button-box-txt\"><a href=\"https:\/\/maccaferri-stage.softecspa.it\/latam\/productos\/gaviones\/#\" target=\"_blank\" class=\"buttonurl\" rel=\"noopener\"><span class=\"buttontext\">Descarga<\/span><\/a><\/div><\/div><\/div><\/div><\/div><\/div><\/div><\/div><div class=\"wp-block-mac-container-block box-container\"><div class=\"wp-block-columns is-layout-flex wp-container-core-columns-is-layout-9d6595d7 wp-block-columns-is-layout-flex\"><div class=\"wp-block-column is-layout-flow wp-block-column-is-layout-flow\"><div class=\"container content-paragraph box-container\"><div class=\"row\"><div class=\"col-12 col-lg-12 col-xl-12 col-xxl-12\"><h6>Rellene el formulario para solicitar su Presupuesto \/ Asistencia t\u00e9cnica<\/h6><div class=\"content-txt\"><p><iframe style=\"border: 0;\" src=\"https:\/\/www2.maccaferri.com\/l\/965143\/2023-02-13\/5q2lqv\" width=\"100%\" height=\"500\" frameborder=\"0\"><\/iframe><\/p>\n<\/div><\/div><\/div><\/div><\/div>\n\n<div class=\"wp-block-column is-layout-flow wp-block-column-is-layout-flow\"><div class=\"container content-paragraph box-container\"><div class=\"row\"><div class=\"col-12 col-lg-12 col-xl-12 col-xxl-12\"><h6>Cont\u00e1ctenos<\/h6><\/div><\/div><\/div>\n\n<div class=\"wp-block-buttons is-layout-flex wp-block-buttons-is-layout-flex\"><div class=\"wp-block-button aligncenter\"><a class=\"wp-block-button__link has-luminous-vivid-orange-background-color has-background\" href=\"https:\/\/wa.me\/50235728601\"><img decoding=\"async\" class=\"wp-image-6568\" style=\"width: 20px\" src=\"https:\/\/maccaferri-stage.softecspa.it\/latam\/wp-content\/uploads\/2023\/02\/whatsapp-logo-1-1-1019x1024-1.png\" alt=\"\"> WHATSAPP: <strong>+502 3572 8601<\/strong><\/a><\/div><\/div>\n\n<div class=\"wp-block-buttons is-content-justification-center is-layout-flex wp-container-core-buttons-is-layout-16018d1d wp-block-buttons-is-layout-flex\"><div class=\"wp-block-button\"><a class=\"wp-block-button__link\" href=\"tel:50222083535\">TelefonO: <strong>+<\/strong>&nbsp;<strong>502 2208 3535<\/strong><\/a><\/div><\/div>\n\n<div class=\"wp-block-buttons is-content-justification-center is-layout-flex wp-container-core-buttons-is-layout-16018d1d wp-block-buttons-is-layout-flex\"><div class=\"wp-block-button\"><a class=\"wp-block-button__link\" href=\"mailto:info.gt@maccaferri.com\">CORREO: <strong>info.GT@MACCAFERRI.COM<\/strong><\/a><\/div><\/div><\/div><\/div><\/div><div class=\"wp-block-mac-container-block box-container\"><div class=\"wp-block-columns is-layout-flex wp-container-core-columns-is-layout-9d6595d7 wp-block-columns-is-layout-flex\"><div class=\"wp-block-column is-layout-flow wp-block-column-is-layout-flow\"><div class=\"wp-block-mac-container-block box-container\"><div class=\"wp-block-columns is-layout-flex wp-container-core-columns-is-layout-9d6595d7 wp-block-columns-is-layout-flex\"><div class=\"wp-block-column is-layout-flow wp-block-column-is-layout-flow\"><div class=\"wp-block-mac-h4-title-block block-txt-container box-container\"><div class=\"row\"><div class=\"col title-box-txt\"><h5 style=\"color:#212429;text-align:center\">Encuentre nuestra unidad m\u00e1s cercana<\/h5><br><\/div><\/div><\/div>\n\n<div class=\"container content-paragraph box-container\"><div class=\"row\"><div class=\"col-12 col-lg-12 col-xl-12 col-xxl-12\"><div class=\"content-txt\"><p><iframe style=\"border: 0;\" src=\"https:\/\/www.google.com\/maps\/embed?pb=!1m18!1m12!1m3!1d3860.347557906965!2d-90.60160872584967!3d14.636201776205986!2m3!1f0!2f0!3f0!3m2!1i1024!2i768!4f13.1!3m3!1m2!1s0x85899f9215b7f8f5%3A0xb8f1fc03abeb8800!2sMaccaferri%20de%20Guatemala%20S.A.!5e0!3m2!1spt-BR!2sbr!4v1689764856314!5m2!1spt-BR!2sbr\" width=\"600\" height=\"450\" allowfullscreen=\"allowfullscreen\"><\/iframe><\/p>\n<\/div><\/div><\/div><\/div><\/div><\/div><\/div><\/div><\/div><\/div>","protected":false},"excerpt":{"rendered":"","protected":false},"author":20,"featured_media":0,"parent":0,"menu_order":0,"comment_status":"closed","ping_status":"closed","template":"","meta":{"_acf_changed":false,"_joinchat":[],"footnotes":""},"class_list":["post-6592","page","type-page","status-publish","hentry"],"acf":{"uuid_products":"","product-documents":""},"yoast_head":"<!-- This site is optimized with the Yoast SEO Premium plugin v27.0 (Yoast SEO v27.0) - https:\/\/yoast.com\/product\/yoast-seo-premium-wordpress\/ -->\n<title>SOLUCIONES DT - GT - Maccaferri Latam<\/title>\n<meta name=\"robots\" content=\"index, follow, max-snippet:-1, max-image-preview:large, max-video-preview:-1\" \/>\n<link rel=\"canonical\" href=\"https:\/\/maccaferri-stage.softecspa.it\/latam\/soluciones-dt-gt\/\" \/>\n<meta property=\"og:locale\" content=\"es_ES\" \/>\n<meta property=\"og:type\" content=\"article\" \/>\n<meta property=\"og:title\" content=\"SOLUCIONES DT - GT - Maccaferri Latam\" \/>\n<meta property=\"og:url\" content=\"https:\/\/maccaferri-stage.softecspa.it\/latam\/soluciones-dt-gt\/\" \/>\n<meta property=\"og:site_name\" content=\"Maccaferri Latam\" \/>\n<meta property=\"article:modified_time\" content=\"2023-08-04T15:27:12+00:00\" \/>\n<meta property=\"og:image\" content=\"https:\/\/maccaferri-stage.softecspa.it\/br\/wp-content\/uploads\/2022\/12\/Sustainability_Gabion_3.jpg\" \/>\n<meta name=\"twitter:card\" content=\"summary_large_image\" \/>\n<meta name=\"twitter:label1\" content=\"Est. reading time\" \/>\n\t<meta name=\"twitter:data1\" content=\"2 minutes\" \/>\n<script type=\"application\/ld+json\" class=\"yoast-schema-graph\">{\"@context\":\"https:\/\/schema.org\",\"@graph\":[{\"@type\":\"WebPage\",\"@id\":\"https:\/\/maccaferri-stage.softecspa.it\/latam\/soluciones-dt-gt\/\",\"url\":\"https:\/\/maccaferri-stage.softecspa.it\/latam\/soluciones-dt-gt\/\",\"name\":\"SOLUCIONES DT - GT - Maccaferri Latam\",\"isPartOf\":{\"@id\":\"https:\/\/maccaferri-stage.softecspa.it\/latam\/#website\"},\"primaryImageOfPage\":{\"@id\":\"https:\/\/maccaferri-stage.softecspa.it\/latam\/soluciones-dt-gt\/#primaryimage\"},\"image\":{\"@id\":\"https:\/\/maccaferri-stage.softecspa.it\/latam\/soluciones-dt-gt\/#primaryimage\"},\"thumbnailUrl\":\"https:\/\/maccaferri-stage.softecspa.it\/br\/wp-content\/uploads\/2022\/12\/Sustainability_Gabion_3.jpg\",\"datePublished\":\"2023-02-14T19:48:54+00:00\",\"dateModified\":\"2023-08-04T15:27:12+00:00\",\"inLanguage\":\"es-ES\",\"potentialAction\":[{\"@type\":\"ReadAction\",\"target\":[\"https:\/\/maccaferri-stage.softecspa.it\/latam\/soluciones-dt-gt\/\"]}]},{\"@type\":\"ImageObject\",\"inLanguage\":\"es-ES\",\"@id\":\"https:\/\/maccaferri-stage.softecspa.it\/latam\/soluciones-dt-gt\/#primaryimage\",\"url\":\"https:\/\/maccaferri-stage.softecspa.it\/br\/wp-content\/uploads\/2022\/12\/Sustainability_Gabion_3.jpg\",\"contentUrl\":\"https:\/\/maccaferri-stage.softecspa.it\/br\/wp-content\/uploads\/2022\/12\/Sustainability_Gabion_3.jpg\"},{\"@type\":\"WebSite\",\"@id\":\"https:\/\/maccaferri-stage.softecspa.it\/latam\/#website\",\"url\":\"https:\/\/maccaferri-stage.softecspa.it\/latam\/\",\"name\":\"Maccaferri Latam\",\"description\":\"\",\"publisher\":{\"@id\":\"https:\/\/maccaferri-stage.softecspa.it\/latam\/#organization\"},\"potentialAction\":[{\"@type\":\"SearchAction\",\"target\":{\"@type\":\"EntryPoint\",\"urlTemplate\":\"https:\/\/maccaferri-stage.softecspa.it\/latam\/?s={search_term_string}\"},\"query-input\":{\"@type\":\"PropertyValueSpecification\",\"valueRequired\":true,\"valueName\":\"search_term_string\"}}],\"inLanguage\":\"es-ES\"},{\"@type\":\"Organization\",\"@id\":\"https:\/\/maccaferri-stage.softecspa.it\/latam\/#organization\",\"name\":\"Maccaferri Latam\",\"url\":\"https:\/\/maccaferri-stage.softecspa.it\/latam\/\",\"logo\":{\"@type\":\"ImageObject\",\"inLanguage\":\"es-ES\",\"@id\":\"https:\/\/maccaferri-stage.softecspa.it\/latam\/#\/schema\/logo\/image\/\",\"url\":\"\",\"contentUrl\":\"\",\"caption\":\"Maccaferri Latam\"},\"image\":{\"@id\":\"https:\/\/maccaferri-stage.softecspa.it\/latam\/#\/schema\/logo\/image\/\"}}]}<\/script>\n<!-- \/ Yoast SEO Premium plugin. -->","yoast_head_json":{"title":"SOLUCIONES DT - GT - Maccaferri Latam","robots":{"index":"index","follow":"follow","max-snippet":"max-snippet:-1","max-image-preview":"max-image-preview:large","max-video-preview":"max-video-preview:-1"},"canonical":"https:\/\/maccaferri-stage.softecspa.it\/latam\/soluciones-dt-gt\/","og_locale":"es_ES","og_type":"article","og_title":"SOLUCIONES DT - GT - Maccaferri Latam","og_url":"https:\/\/maccaferri-stage.softecspa.it\/latam\/soluciones-dt-gt\/","og_site_name":"Maccaferri Latam","article_modified_time":"2023-08-04T15:27:12+00:00","og_image":[{"url":"https:\/\/maccaferri-stage.softecspa.it\/br\/wp-content\/uploads\/2022\/12\/Sustainability_Gabion_3.jpg","type":"","width":"","height":""}],"twitter_card":"summary_large_image","twitter_misc":{"Est. reading time":"2 minutes"},"schema":{"@context":"https:\/\/schema.org","@graph":[{"@type":"WebPage","@id":"https:\/\/maccaferri-stage.softecspa.it\/latam\/soluciones-dt-gt\/","url":"https:\/\/maccaferri-stage.softecspa.it\/latam\/soluciones-dt-gt\/","name":"SOLUCIONES DT - GT - Maccaferri Latam","isPartOf":{"@id":"https:\/\/maccaferri-stage.softecspa.it\/latam\/#website"},"primaryImageOfPage":{"@id":"https:\/\/maccaferri-stage.softecspa.it\/latam\/soluciones-dt-gt\/#primaryimage"},"image":{"@id":"https:\/\/maccaferri-stage.softecspa.it\/latam\/soluciones-dt-gt\/#primaryimage"},"thumbnailUrl":"https:\/\/maccaferri-stage.softecspa.it\/br\/wp-content\/uploads\/2022\/12\/Sustainability_Gabion_3.jpg","datePublished":"2023-02-14T19:48:54+00:00","dateModified":"2023-08-04T15:27:12+00:00","inLanguage":"es-ES","potentialAction":[{"@type":"ReadAction","target":["https:\/\/maccaferri-stage.softecspa.it\/latam\/soluciones-dt-gt\/"]}]},{"@type":"ImageObject","inLanguage":"es-ES","@id":"https:\/\/maccaferri-stage.softecspa.it\/latam\/soluciones-dt-gt\/#primaryimage","url":"https:\/\/maccaferri-stage.softecspa.it\/br\/wp-content\/uploads\/2022\/12\/Sustainability_Gabion_3.jpg","contentUrl":"https:\/\/maccaferri-stage.softecspa.it\/br\/wp-content\/uploads\/2022\/12\/Sustainability_Gabion_3.jpg"},{"@type":"WebSite","@id":"https:\/\/maccaferri-stage.softecspa.it\/latam\/#website","url":"https:\/\/maccaferri-stage.softecspa.it\/latam\/","name":"Maccaferri Latam","description":"","publisher":{"@id":"https:\/\/maccaferri-stage.softecspa.it\/latam\/#organization"},"potentialAction":[{"@type":"SearchAction","target":{"@type":"EntryPoint","urlTemplate":"https:\/\/maccaferri-stage.softecspa.it\/latam\/?s={search_term_string}"},"query-input":{"@type":"PropertyValueSpecification","valueRequired":true,"valueName":"search_term_string"}}],"inLanguage":"es-ES"},{"@type":"Organization","@id":"https:\/\/maccaferri-stage.softecspa.it\/latam\/#organization","name":"Maccaferri Latam","url":"https:\/\/maccaferri-stage.softecspa.it\/latam\/","logo":{"@type":"ImageObject","inLanguage":"es-ES","@id":"https:\/\/maccaferri-stage.softecspa.it\/latam\/#\/schema\/logo\/image\/","url":"","contentUrl":"","caption":"Maccaferri Latam"},"image":{"@id":"https:\/\/maccaferri-stage.softecspa.it\/latam\/#\/schema\/logo\/image\/"}}]}},"_links":{"self":[{"href":"https:\/\/maccaferri-stage.softecspa.it\/latam\/wp-json\/wp\/v2\/pages\/6592","targetHints":{"allow":["GET"]}}],"collection":[{"href":"https:\/\/maccaferri-stage.softecspa.it\/latam\/wp-json\/wp\/v2\/pages"}],"about":[{"href":"https:\/\/maccaferri-stage.softecspa.it\/latam\/wp-json\/wp\/v2\/types\/page"}],"author":[{"embeddable":true,"href":"https:\/\/maccaferri-stage.softecspa.it\/latam\/wp-json\/wp\/v2\/users\/20"}],"replies":[{"embeddable":true,"href":"https:\/\/maccaferri-stage.softecspa.it\/latam\/wp-json\/wp\/v2\/comments?post=6592"}],"version-history":[{"count":14,"href":"https:\/\/maccaferri-stage.softecspa.it\/latam\/wp-json\/wp\/v2\/pages\/6592\/revisions"}],"predecessor-version":[{"id":52219,"href":"https:\/\/maccaferri-stage.softecspa.it\/latam\/wp-json\/wp\/v2\/pages\/6592\/revisions\/52219"}],"wp:attachment":[{"href":"https:\/\/maccaferri-stage.softecspa.it\/latam\/wp-json\/wp\/v2\/media?parent=6592"}],"curies":[{"name":"wp","href":"https:\/\/api.w.org\/{rel}","templated":true}]}}