{"id":8548,"date":"2023-03-21T14:52:06","date_gmt":"2023-03-21T13:52:06","guid":{"rendered":"https:\/\/maccaferri-stage.softecspa.it\/latam\/?page_id=8548"},"modified":"2023-03-27T16:07:15","modified_gmt":"2023-03-27T14:07:15","slug":"soluciones-macro-ec","status":"publish","type":"page","link":"https:\/\/maccaferri-stage.softecspa.it\/latam\/soluciones-macro-ec\/","title":{"rendered":"SOLUCIONES &#8211; MACRO &#8211; EC"},"content":{"rendered":"<div class=\"wp-block-mac-h1-title-hero-block container-fluid block-txt-container\" style=\"background:linear-gradient(180deg,rgb(1,94,111) 0%,rgb(0,72,87) 100%)\"><div class=\"row\"><div class=\"col\"><div class=\"gts__picture\"><img decoding=\"async\" src=\"https:\/\/maccaferri-stage.softecspa.it\/latam\/wp-content\/uploads\/2022\/12\/Rockfall-Protection-and-Snow-Barriers.jpg\" style=\"display:none\"\/><div class=\"gts__picture__image\" style=\"background-image:url(https:\/\/maccaferri-stage.softecspa.it\/latam\/wp-content\/uploads\/2022\/12\/Rockfall-Protection-and-Snow-Barriers.jpg)\"><\/div><\/div><div class=\"container box-container\"><div class=\"row\"><div class=\"col title-box-txt\"><h1 class=\"wp-block-mac-h1-title-hero-block\" style=\"color:#ffffff;text-align:none\">SOLUCIONES PARA CONTROL DE CA\u00cdDA DE ROCAS<\/h1><\/div><\/div><\/div><\/div><\/div><\/div><div class=\"wp-block-mac-container-block box-container\"><div class=\"wp-block-columns is-layout-flex wp-container-core-columns-is-layout-9d6595d7 wp-block-columns-is-layout-flex\"><div class=\"wp-block-column is-layout-flow wp-block-column-is-layout-flow\"><\/div><\/div><\/div><div class=\"wp-block-mac-container-block box-container\"><div class=\"wp-block-columns is-layout-flex wp-container-core-columns-is-layout-9d6595d7 wp-block-columns-is-layout-flex\"><div class=\"wp-block-column is-layout-flow wp-block-column-is-layout-flow\"><div class=\"container content-paragraph box-container\"><div class=\"row\"><div class=\"col-12 col-lg-12 col-xl-12 col-xxl-12\"><h6>Con m\u00e1s de 60 a\u00f1os de experiencia en sistemas de protecci\u00f3n contra la ca\u00edda de rocas y la mitigaci\u00f3n de los riesgos naturales, Maccaferri ofrece una amplia gama de soluciones con sistemas Mac.RO, que permiten estabilizar las superficies rocosas, taludes erosionados y hasta desprendimientos de nieve, con el fin de reducir futuros riesgos no deseados.<\/h6><div class=\"content-txt\"><p>La protecci\u00f3n y mitigaci\u00f3n contra la ca\u00edda de rocas es un elemento importante en la protecci\u00f3n y seguridad de obras de infraestructuras, obras de miner\u00eda y de construcci\u00f3n civil.<\/p>\n<\/div><\/div><\/div><\/div><\/div><\/div><\/div><div class=\"wp-block-mac-container-block box-container\"><div class=\"wp-block-columns is-layout-flex wp-container-core-columns-is-layout-9d6595d7 wp-block-columns-is-layout-flex\"><div class=\"wp-block-column is-layout-flow wp-block-column-is-layout-flow\"><div class=\"wp-block-mac-h4-title-block block-txt-container box-container\"><div class=\"row\"><div class=\"col title-box-txt\"><h5 style=\"color:#212429;text-align:center\">Conozca m\u00e1s sobre las Soluciones Maccaferri contra Ca\u00edda de Rocas<\/h5><br><\/div><\/div><\/div><\/div><\/div><\/div><div class=\"wp-block-mac-container-block box-container\"><div class=\"wp-block-columns is-layout-flex wp-container-core-columns-is-layout-9d6595d7 wp-block-columns-is-layout-flex\"><div class=\"wp-block-column is-layout-flow wp-block-column-is-layout-flow\"><\/div><\/div><\/div><div class=\"wp-block-mac-container-block box-container\"><div class=\"wp-block-columns is-layout-flex wp-container-core-columns-is-layout-9d6595d7 wp-block-columns-is-layout-flex\"><div class=\"wp-block-column is-layout-flow wp-block-column-is-layout-flow\"><figure class=\"wp-block-gallery has-nested-images columns-default is-cropped wp-block-gallery-1 is-layout-flex wp-block-gallery-is-layout-flex\"><figure class=\"wp-block-image size-full\"><a href=\"https:\/\/maccaferri-stage.softecspa.it\/latam\/soluciones\/barreras-dinamicas\/\"><img decoding=\"async\" data-id=\"8551\" src=\"https:\/\/maccaferri-stage.softecspa.it\/latam\/wp-content\/uploads\/2023\/03\/Barrera-Dinamica.jpg\" alt=\"\" class=\"wp-image-8551\"\/><\/a><figcaption>Barrera Din\u00e1mica<\/figcaption><\/figure>\n\n<figure class=\"wp-block-image size-full\"><a href=\"https:\/\/maccaferri-stage.softecspa.it\/latam\/soluciones\/barreras-contra-flujos-de-escombros-y-deslizamientos-de-tierra-superficiales\/\"><img decoding=\"async\" data-id=\"8557\" src=\"https:\/\/maccaferri-stage.softecspa.it\/latam\/wp-content\/uploads\/2023\/03\/Flujo-de-Detritos.jpg\" alt=\"\" class=\"wp-image-8557\"\/><\/a><figcaption>Barrera de flujo<br>de detritos<\/figcaption><\/figure><\/figure><\/div>\n\n<div class=\"wp-block-column is-layout-flow wp-block-column-is-layout-flow\"><figure class=\"wp-block-gallery has-nested-images columns-default is-cropped wp-block-gallery-2 is-layout-flex wp-block-gallery-is-layout-flex\"><figure class=\"wp-block-image size-full\"><a href=\"https:\/\/maccaferri-stage.softecspa.it\/latam\/soluciones\/suelo-grapado\/\"><img decoding=\"async\" data-id=\"8563\" src=\"https:\/\/maccaferri-stage.softecspa.it\/latam\/wp-content\/uploads\/2023\/03\/Solo-Grampeado.jpg\" alt=\"\" class=\"wp-image-8563\"\/><\/a><figcaption>Soil nailing verde<\/figcaption><\/figure>\n\n<figure class=\"wp-block-image size-full\"><a href=\"https:\/\/maccaferri-stage.softecspa.it\/latam\/soluciones\/proteccion-de-taludes\/\"><img decoding=\"async\" data-id=\"8568\" src=\"https:\/\/maccaferri-stage.softecspa.it\/latam\/wp-content\/uploads\/2023\/03\/Proteccion-de-Taludes-contra-la-erosion.jpg\" alt=\"\" class=\"wp-image-8568\"\/><\/a><figcaption>Protecci\u00f3n de taludes contra la erosi\u00f3n<\/figcaption><\/figure><\/figure><\/div><\/div><\/div><div class=\"wp-block-mac-container-block box-container\"><div class=\"wp-block-columns is-layout-flex wp-container-core-columns-is-layout-9d6595d7 wp-block-columns-is-layout-flex\"><div class=\"wp-block-column is-layout-flow wp-block-column-is-layout-flow\"><figure class=\"wp-block-gallery has-nested-images columns-default is-cropped wp-block-gallery-3 is-layout-flex wp-block-gallery-is-layout-flex\"><figure class=\"wp-block-image size-full\"><a href=\"https:\/\/maccaferri-stage.softecspa.it\/latam\/soluciones\/presas-de-desprendimiento-de-rocas\/\"><img decoding=\"async\" data-id=\"8572\" src=\"https:\/\/maccaferri-stage.softecspa.it\/latam\/wp-content\/uploads\/2023\/03\/Barrera_Estatica.png\" alt=\"\" class=\"wp-image-8572\"\/><\/a><figcaption>Barreras Est\u00e1ticas<\/figcaption><\/figure>\n\n<figure class=\"wp-block-image size-full\"><a href=\"https:\/\/maccaferri-stage.softecspa.it\/latam\/soluciones\/rvestimiento-simple\/\"><img decoding=\"async\" data-id=\"8577\" src=\"https:\/\/maccaferri-stage.softecspa.it\/latam\/wp-content\/uploads\/2023\/03\/Revestimiento-Simple.jpg\" alt=\"\" class=\"wp-image-8577\"\/><\/a><figcaption>Revestimiento Simple<\/figcaption><\/figure><\/figure><\/div>\n\n<div class=\"wp-block-column is-layout-flow wp-block-column-is-layout-flow\"><figure class=\"wp-block-gallery has-nested-images columns-default is-cropped wp-block-gallery-4 is-layout-flex wp-block-gallery-is-layout-flex\"><figure class=\"wp-block-image size-large\"><a href=\"https:\/\/maccaferri-stage.softecspa.it\/latam\/soluciones\/mitigar-los-obstaculos\/\"><img decoding=\"async\" data-id=\"8595\" src=\"https:\/\/maccaferri-stage.softecspa.it\/latam\/wp-content\/uploads\/2023\/03\/Atenuadora-1.jpg\" alt=\"\" class=\"wp-image-8595\"\/><\/a><figcaption>Barreras atenuadoras<\/figcaption><\/figure>\n\n<figure class=\"wp-block-image size-full\"><a href=\"https:\/\/maccaferri-stage.softecspa.it\/latam\/soluciones\/refuerzo-y-soporte-de-la-superficie\/\"><img decoding=\"async\" data-id=\"6916\" src=\"https:\/\/maccaferri-stage.softecspa.it\/latam\/wp-content\/uploads\/2023\/02\/cortical-e1679405223240.jpg\" alt=\"\" class=\"wp-image-6916\"\/><\/a><figcaption>Revestimiento Cortical<\/figcaption><\/figure><\/figure><\/div><\/div><\/div><div class=\"wp-block-mac-container-block box-container\"><div class=\"wp-block-columns is-layout-flex wp-container-core-columns-is-layout-9d6595d7 wp-block-columns-is-layout-flex\"><div class=\"wp-block-column is-layout-flow wp-block-column-is-layout-flow\"><div class=\"wp-block-mac-container-block box-container\"><div class=\"wp-block-columns is-layout-flex wp-container-core-columns-is-layout-9d6595d7 wp-block-columns-is-layout-flex\"><div class=\"wp-block-column is-layout-flow wp-block-column-is-layout-flow\"><div class=\"wp-block-mac-h4-title-block block-txt-container box-container\"><div class=\"row\"><div class=\"col title-box-txt\"><h5 style=\"color:#212429;text-align:center\">Para el dimensionamento de soluciones, actualmente contamos  con un software utilizado en todo el mundo, desarrollado en alianza con universidades de renombre mundial y laboratorios independientes, siguiendo regulaciones y manuales internacionales.<\/h5><br><\/div><\/div><\/div><\/div><\/div><\/div><\/div><\/div><\/div><div class=\"wp-block-mac-banner-title-cta  box-container block-cta\" style=\"background:#015E6F\"><div class=\"container box-container\"><div class=\"row\"><div class=\"col-2 col-sm-2 col-md-2 col-lg-2 col-xl-2 col-xxl-2\"><div class=\"box-image\"><img decoding=\"async\" class=\"image\" src=\"https:\/\/maccaferri-stage.softecspa.it\/latam\/wp-content\/uploads\/2022\/11\/img-banner-software.png\" alt=\"Image\"\/><\/div><\/div><div class=\"col-7 col-sm-7 col-md-7 col-lg-7 col-xl-7 col-xxl-7\"><div class=\"banner-box-txt\" style=\"text-align:default\"><h4 class=\"title\">Descarga ahora el software Mac.Ro\u00ae Studio<\/h4><\/div><\/div><div class=\"col-3 col-sm-3 col-md-3 col-lg-3 col-xl-3 col-xxl-3\"><div class=\"button-box-txt\"><a href=\"https:\/\/maccaferri-stage.softecspa.it\/latam\/download\/macro\/\" target=\"_blank\" class=\"buttonurl\" rel=\"noopener\"><span class=\"buttontext\">Descarga <\/span><\/a><\/div><\/div><\/div><\/div><\/div><div class=\"wp-block-mac-banner-title-cta  box-container block-cta\" style=\"background:#015E6F\"><div class=\"container box-container\"><div class=\"row\"><div class=\"col-2 col-sm-2 col-md-2 col-lg-2 col-xl-2 col-xxl-2\"><div class=\"box-image\"><img decoding=\"async\" class=\"image\" src=\"https:\/\/maccaferri-stage.softecspa.it\/latam\/wp-content\/uploads\/2022\/10\/test-banner.png\" alt=\"Image\"\/><\/div><\/div><div class=\"col-7 col-sm-7 col-md-7 col-lg-7 col-xl-7 col-xxl-7\"><div class=\"banner-box-txt\" style=\"text-align:default\"><h4 class=\"title\">Acceda al Mac-S Design<\/h4><\/div><\/div><div class=\"col-3 col-sm-3 col-md-3 col-lg-3 col-xl-3 col-xxl-3\"><div class=\"button-box-txt\"><a href=\"https:\/\/edesign.maccaferri.com\/Gestione\" target=\"_blank\" class=\"buttonurl\" rel=\"noopener\"><span class=\"buttontext\">Acceda<\/span><\/a><\/div><\/div><\/div><\/div><\/div><div class=\"wp-block-mac-container-block box-container\"><div class=\"wp-block-columns is-layout-flex wp-container-core-columns-is-layout-9d6595d7 wp-block-columns-is-layout-flex\"><div class=\"wp-block-column is-layout-flow wp-block-column-is-layout-flow\"><div class=\"wp-block-mac-h4-title-block block-txt-container box-container\"><div class=\"row\"><div class=\"col title-box-txt\"><h5 style=\"color:#212429;text-align:center\">Descarga ahora nuestro e-book con casos de obra en todo el mundo.<\/h5><br><\/div><\/div><\/div><\/div><\/div><\/div><div class=\"wp-block-mac-container-block box-container\"><div class=\"wp-block-columns is-layout-flex wp-container-core-columns-is-layout-9d6595d7 wp-block-columns-is-layout-flex\"><div class=\"wp-block-column is-layout-flow wp-block-column-is-layout-flow\"><figure class=\"wp-block-image size-large\"><a href=\"https:\/\/www2.maccaferri.com\/l\/965143\/2022-10-20\/4dxwd2\"><img decoding=\"async\" src=\"https:\/\/maccaferri-stage.softecspa.it\/latam\/wp-content\/uploads\/2023\/02\/ebook_sp-1024x125.jpg\" alt=\"\" class=\"wp-image-6933\"\/><\/a><\/figure><\/div><\/div><\/div><div class=\"wp-block-mac-container-block box-container\"><div class=\"wp-block-columns is-layout-flex wp-container-core-columns-is-layout-9d6595d7 wp-block-columns-is-layout-flex\"><div class=\"wp-block-column is-layout-flow wp-block-column-is-layout-flow\"><div class=\"wp-block-mac-h4-title-block block-txt-container box-container\"><div class=\"row\"><div class=\"col title-box-txt\"><h5 style=\"color:#212429;text-align:center\">P\u00f3ngase en contacto con nuestros especialistas en Ecuador para recibir asesoramiento personalizado.<\/h5><br><\/div><\/div><\/div><\/div><\/div><\/div><div class=\"wp-block-mac-container-block box-container\"><div class=\"wp-block-columns is-layout-flex wp-container-core-columns-is-layout-9d6595d7 wp-block-columns-is-layout-flex\"><div class=\"wp-block-column is-layout-flow wp-block-column-is-layout-flow\"><div class=\"container content-paragraph box-container\"><div class=\"row\"><div class=\"col-12 col-lg-12 col-xl-12 col-xxl-12\"><h6>Rellene el formulario para solicitar su Presupuesto \/ Asistencia t\u00e9cnica<\/h6><div class=\"content-txt\"><p><iframe style=\"border: 0;\" src=\"https:\/\/www2.maccaferri.com\/l\/965143\/2023-02-13\/5q2lqv\" width=\"100%\" height=\"500\" frameborder=\"0\"><\/iframe><\/p>\n<\/div><\/div><\/div><\/div><\/div>\n\n<div class=\"wp-block-column is-layout-flow wp-block-column-is-layout-flow\"><div class=\"container content-paragraph box-container\"><div class=\"row\"><div class=\"col-12 col-lg-12 col-xl-12 col-xxl-12\"><h6>Cont\u00e1ctenos<\/h6><\/div><\/div><\/div>\n\n<div class=\"wp-block-buttons is-content-justification-center is-layout-flex wp-container-core-buttons-is-layout-16018d1d wp-block-buttons-is-layout-flex\"><div class=\"wp-block-button is-style-fill\"><a class=\"wp-block-button__link has-luminous-vivid-orange-background-color has-background\" href=\"https:\/\/wa.me\/593989555211\"><img decoding=\"async\" class=\"wp-image-6568\" style=\"width: 15px\" src=\"https:\/\/maccaferri-stage.softecspa.it\/latam\/wp-content\/uploads\/2023\/02\/whatsapp-logo-1-1-1019x1024-1.png\" alt=\"\"> Whatsapp: <strong>+593 98 955 5211<\/strong><\/a><\/div><\/div>\n\n<div class=\"wp-block-buttons is-content-justification-center is-layout-flex wp-container-core-buttons-is-layout-16018d1d wp-block-buttons-is-layout-flex\"><div class=\"wp-block-button\"><a class=\"wp-block-button__link\" href=\"tel:59323820971\">Tel\u00e9fonO: <strong>+593 2 3820971<\/strong><\/a><\/div><\/div>\n\n<div class=\"wp-block-buttons is-content-justification-center is-layout-flex wp-container-core-buttons-is-layout-16018d1d wp-block-buttons-is-layout-flex\"><div class=\"wp-block-button\"><a class=\"wp-block-button__link\" href=\"mailto:info.ec@maccaferri.com\">CORREO: <strong>info.EC@MACCAFERRI.COM<\/strong><\/a><\/div><\/div><\/div><\/div><\/div><div class=\"wp-block-mac-container-block box-container\"><div class=\"wp-block-columns is-layout-flex wp-container-core-columns-is-layout-9d6595d7 wp-block-columns-is-layout-flex\"><div class=\"wp-block-column is-layout-flow wp-block-column-is-layout-flow\"><div class=\"wp-block-mac-container-block box-container\"><div class=\"wp-block-columns is-layout-flex wp-container-core-columns-is-layout-9d6595d7 wp-block-columns-is-layout-flex\"><div class=\"wp-block-column is-layout-flow wp-block-column-is-layout-flow\"><div class=\"wp-block-mac-h4-title-block block-txt-container box-container\"><div class=\"row\"><div class=\"col title-box-txt\"><h5 style=\"color:#212429;text-align:center\">Encuentre nuestra unidad m\u00e1s cercana<\/h5><br><\/div><\/div><\/div>\n\n<div class=\"container content-paragraph box-container\"><div class=\"row\"><div class=\"col-12 col-lg-12 col-xl-12 col-xxl-12\"><div class=\"content-txt\"><p style=\"text-align: center;\"><iframe style=\"border: 0;\" src=\"https:\/\/www.google.com\/maps\/embed?pb=!1m14!1m8!1m3!1d15959.190436468662!2d-78.4872862!3d-0.1846138!3m2!1i1024!2i768!4f13.1!3m3!1m2!1s0x0%3A0x157c2e871e733745!2sMaccaferri%20de%20Ecuador!5e0!3m2!1spt-BR!2sbr!4v1676404362700!5m2!1spt-BR!2sbr\" width=\"600\" height=\"450\" allowfullscreen=\"allowfullscreen\"><\/iframe><\/p>\n<\/div><\/div><\/div><\/div><\/div><\/div><\/div><\/div><\/div><\/div>","protected":false},"excerpt":{"rendered":"","protected":false},"author":20,"featured_media":0,"parent":0,"menu_order":0,"comment_status":"closed","ping_status":"closed","template":"","meta":{"_acf_changed":false,"_joinchat":[],"footnotes":""},"class_list":["post-8548","page","type-page","status-publish","hentry"],"acf":{"uuid_products":"","product-documents":""},"yoast_head":"<!-- This site is optimized with the Yoast SEO Premium plugin v27.0 (Yoast SEO v27.0) - https:\/\/yoast.com\/product\/yoast-seo-premium-wordpress\/ -->\n<title>SOLUCIONES - MACRO - EC - Maccaferri Latam<\/title>\n<meta name=\"robots\" content=\"index, follow, max-snippet:-1, max-image-preview:large, max-video-preview:-1\" \/>\n<link rel=\"canonical\" href=\"https:\/\/maccaferri-stage.softecspa.it\/latam\/soluciones-macro-ec\/\" \/>\n<meta property=\"og:locale\" content=\"es_ES\" \/>\n<meta property=\"og:type\" content=\"article\" \/>\n<meta property=\"og:title\" content=\"SOLUCIONES - MACRO - EC - Maccaferri Latam\" \/>\n<meta property=\"og:url\" content=\"https:\/\/maccaferri-stage.softecspa.it\/latam\/soluciones-macro-ec\/\" \/>\n<meta property=\"og:site_name\" content=\"Maccaferri Latam\" \/>\n<meta property=\"article:modified_time\" content=\"2023-03-27T14:07:15+00:00\" \/>\n<meta property=\"og:image\" content=\"https:\/\/maccaferri-stage.softecspa.it\/latam\/wp-content\/uploads\/2022\/12\/Rockfall-Protection-and-Snow-Barriers.jpg\" \/>\n<meta name=\"twitter:card\" content=\"summary_large_image\" \/>\n<meta name=\"twitter:label1\" content=\"Est. reading time\" \/>\n\t<meta name=\"twitter:data1\" content=\"4 minutes\" \/>\n<script type=\"application\/ld+json\" class=\"yoast-schema-graph\">{\"@context\":\"https:\/\/schema.org\",\"@graph\":[{\"@type\":\"WebPage\",\"@id\":\"https:\/\/maccaferri-stage.softecspa.it\/latam\/soluciones-macro-ec\/\",\"url\":\"https:\/\/maccaferri-stage.softecspa.it\/latam\/soluciones-macro-ec\/\",\"name\":\"SOLUCIONES - MACRO - EC - Maccaferri Latam\",\"isPartOf\":{\"@id\":\"https:\/\/maccaferri-stage.softecspa.it\/latam\/#website\"},\"primaryImageOfPage\":{\"@id\":\"https:\/\/maccaferri-stage.softecspa.it\/latam\/soluciones-macro-ec\/#primaryimage\"},\"image\":{\"@id\":\"https:\/\/maccaferri-stage.softecspa.it\/latam\/soluciones-macro-ec\/#primaryimage\"},\"thumbnailUrl\":\"https:\/\/maccaferri-stage.softecspa.it\/latam\/wp-content\/uploads\/2022\/12\/Rockfall-Protection-and-Snow-Barriers.jpg\",\"datePublished\":\"2023-03-21T13:52:06+00:00\",\"dateModified\":\"2023-03-27T14:07:15+00:00\",\"inLanguage\":\"es-ES\",\"potentialAction\":[{\"@type\":\"ReadAction\",\"target\":[\"https:\/\/maccaferri-stage.softecspa.it\/latam\/soluciones-macro-ec\/\"]}]},{\"@type\":\"ImageObject\",\"inLanguage\":\"es-ES\",\"@id\":\"https:\/\/maccaferri-stage.softecspa.it\/latam\/soluciones-macro-ec\/#primaryimage\",\"url\":\"\",\"contentUrl\":\"\"},{\"@type\":\"WebSite\",\"@id\":\"https:\/\/maccaferri-stage.softecspa.it\/latam\/#website\",\"url\":\"https:\/\/maccaferri-stage.softecspa.it\/latam\/\",\"name\":\"Maccaferri Latam\",\"description\":\"\",\"publisher\":{\"@id\":\"https:\/\/maccaferri-stage.softecspa.it\/latam\/#organization\"},\"potentialAction\":[{\"@type\":\"SearchAction\",\"target\":{\"@type\":\"EntryPoint\",\"urlTemplate\":\"https:\/\/maccaferri-stage.softecspa.it\/latam\/?s={search_term_string}\"},\"query-input\":{\"@type\":\"PropertyValueSpecification\",\"valueRequired\":true,\"valueName\":\"search_term_string\"}}],\"inLanguage\":\"es-ES\"},{\"@type\":\"Organization\",\"@id\":\"https:\/\/maccaferri-stage.softecspa.it\/latam\/#organization\",\"name\":\"Maccaferri Latam\",\"url\":\"https:\/\/maccaferri-stage.softecspa.it\/latam\/\",\"logo\":{\"@type\":\"ImageObject\",\"inLanguage\":\"es-ES\",\"@id\":\"https:\/\/maccaferri-stage.softecspa.it\/latam\/#\/schema\/logo\/image\/\",\"url\":\"\",\"contentUrl\":\"\",\"caption\":\"Maccaferri Latam\"},\"image\":{\"@id\":\"https:\/\/maccaferri-stage.softecspa.it\/latam\/#\/schema\/logo\/image\/\"}}]}<\/script>\n<!-- \/ Yoast SEO Premium plugin. -->","yoast_head_json":{"title":"SOLUCIONES - MACRO - EC - Maccaferri Latam","robots":{"index":"index","follow":"follow","max-snippet":"max-snippet:-1","max-image-preview":"max-image-preview:large","max-video-preview":"max-video-preview:-1"},"canonical":"https:\/\/maccaferri-stage.softecspa.it\/latam\/soluciones-macro-ec\/","og_locale":"es_ES","og_type":"article","og_title":"SOLUCIONES - MACRO - EC - Maccaferri Latam","og_url":"https:\/\/maccaferri-stage.softecspa.it\/latam\/soluciones-macro-ec\/","og_site_name":"Maccaferri Latam","article_modified_time":"2023-03-27T14:07:15+00:00","og_image":[{"url":"https:\/\/maccaferri-stage.softecspa.it\/latam\/wp-content\/uploads\/2022\/12\/Rockfall-Protection-and-Snow-Barriers.jpg","type":"","width":"","height":""}],"twitter_card":"summary_large_image","twitter_misc":{"Est. reading time":"4 minutes"},"schema":{"@context":"https:\/\/schema.org","@graph":[{"@type":"WebPage","@id":"https:\/\/maccaferri-stage.softecspa.it\/latam\/soluciones-macro-ec\/","url":"https:\/\/maccaferri-stage.softecspa.it\/latam\/soluciones-macro-ec\/","name":"SOLUCIONES - MACRO - EC - Maccaferri Latam","isPartOf":{"@id":"https:\/\/maccaferri-stage.softecspa.it\/latam\/#website"},"primaryImageOfPage":{"@id":"https:\/\/maccaferri-stage.softecspa.it\/latam\/soluciones-macro-ec\/#primaryimage"},"image":{"@id":"https:\/\/maccaferri-stage.softecspa.it\/latam\/soluciones-macro-ec\/#primaryimage"},"thumbnailUrl":"https:\/\/maccaferri-stage.softecspa.it\/latam\/wp-content\/uploads\/2022\/12\/Rockfall-Protection-and-Snow-Barriers.jpg","datePublished":"2023-03-21T13:52:06+00:00","dateModified":"2023-03-27T14:07:15+00:00","inLanguage":"es-ES","potentialAction":[{"@type":"ReadAction","target":["https:\/\/maccaferri-stage.softecspa.it\/latam\/soluciones-macro-ec\/"]}]},{"@type":"ImageObject","inLanguage":"es-ES","@id":"https:\/\/maccaferri-stage.softecspa.it\/latam\/soluciones-macro-ec\/#primaryimage","url":"","contentUrl":""},{"@type":"WebSite","@id":"https:\/\/maccaferri-stage.softecspa.it\/latam\/#website","url":"https:\/\/maccaferri-stage.softecspa.it\/latam\/","name":"Maccaferri Latam","description":"","publisher":{"@id":"https:\/\/maccaferri-stage.softecspa.it\/latam\/#organization"},"potentialAction":[{"@type":"SearchAction","target":{"@type":"EntryPoint","urlTemplate":"https:\/\/maccaferri-stage.softecspa.it\/latam\/?s={search_term_string}"},"query-input":{"@type":"PropertyValueSpecification","valueRequired":true,"valueName":"search_term_string"}}],"inLanguage":"es-ES"},{"@type":"Organization","@id":"https:\/\/maccaferri-stage.softecspa.it\/latam\/#organization","name":"Maccaferri Latam","url":"https:\/\/maccaferri-stage.softecspa.it\/latam\/","logo":{"@type":"ImageObject","inLanguage":"es-ES","@id":"https:\/\/maccaferri-stage.softecspa.it\/latam\/#\/schema\/logo\/image\/","url":"","contentUrl":"","caption":"Maccaferri Latam"},"image":{"@id":"https:\/\/maccaferri-stage.softecspa.it\/latam\/#\/schema\/logo\/image\/"}}]}},"_links":{"self":[{"href":"https:\/\/maccaferri-stage.softecspa.it\/latam\/wp-json\/wp\/v2\/pages\/8548","targetHints":{"allow":["GET"]}}],"collection":[{"href":"https:\/\/maccaferri-stage.softecspa.it\/latam\/wp-json\/wp\/v2\/pages"}],"about":[{"href":"https:\/\/maccaferri-stage.softecspa.it\/latam\/wp-json\/wp\/v2\/types\/page"}],"author":[{"embeddable":true,"href":"https:\/\/maccaferri-stage.softecspa.it\/latam\/wp-json\/wp\/v2\/users\/20"}],"replies":[{"embeddable":true,"href":"https:\/\/maccaferri-stage.softecspa.it\/latam\/wp-json\/wp\/v2\/comments?post=8548"}],"version-history":[{"count":24,"href":"https:\/\/maccaferri-stage.softecspa.it\/latam\/wp-json\/wp\/v2\/pages\/8548\/revisions"}],"predecessor-version":[{"id":8775,"href":"https:\/\/maccaferri-stage.softecspa.it\/latam\/wp-json\/wp\/v2\/pages\/8548\/revisions\/8775"}],"wp:attachment":[{"href":"https:\/\/maccaferri-stage.softecspa.it\/latam\/wp-json\/wp\/v2\/media?parent=8548"}],"curies":[{"name":"wp","href":"https:\/\/api.w.org\/{rel}","templated":true}]}}