{"id":1375,"date":"2022-07-28T15:26:58","date_gmt":"2022-07-28T13:26:58","guid":{"rendered":"https:\/\/maccaferri-stage.softecspa.it\/mex\/?page_id=1375"},"modified":"2023-06-01T17:00:47","modified_gmt":"2023-06-01T15:00:47","slug":"sostenibilidad","status":"publish","type":"page","link":"https:\/\/maccaferri-stage.softecspa.it\/mx\/sostenibilidad\/","title":{"rendered":"Sostenibilidad"},"content":{"rendered":"<div class=\"wp-block-mac-h1-title-hero-block container-fluid block-txt-container\" style=\"background:linear-gradient(180deg,rgb(1,94,111) 0%,rgb(0,72,87) 100%)\"><div class=\"row\"><div class=\"col\"><div class=\"gts__picture\"><img decoding=\"async\" src=\"https:\/\/maccaferri-stage.softecspa.it\/mex\/wp-content\/uploads\/sites\/21\/2022\/12\/Sustainability_Gabion_3.jpg\" style=\"display:none\"\/><div class=\"gts__picture__image\" style=\"background-image:url(https:\/\/maccaferri-stage.softecspa.it\/mex\/wp-content\/uploads\/sites\/21\/2022\/12\/Sustainability_Gabion_3.jpg)\"><\/div><\/div><div class=\"container box-container\"><div class=\"row\"><div class=\"col title-box-txt\"><h1 class=\"wp-block-mac-h1-title-hero-block\" style=\"color:#ffffff;text-align:none\">Sostenibilidad<\/h1><\/div><\/div><\/div><\/div><\/div><\/div><div class=\"wp-block-mac-container-block box-container\"><div class=\"wp-block-columns is-layout-flex wp-container-core-columns-is-layout-9d6595d7 wp-block-columns-is-layout-flex\"><div class=\"wp-block-column is-layout-flow wp-block-column-is-layout-flow\"><div style=\"height:100px\" aria-hidden=\"true\" class=\"wp-block-spacer\"><\/div>\n\n<p class=\"has-medium-font-size\">Estamos firmemente comprometidos a abordar los aspectos&nbsp;<strong>ambientales, econ\u00f3micos y sociales<\/strong>&nbsp;con un enfoque hol\u00edstico. De hecho, creemos firmemente en la adopci\u00f3n de&nbsp;<strong>enfoques y soluciones sostenibles<\/strong>&nbsp;a lo largo de todo el ciclo de vida de un proyecto.<\/p>\n\n<p class=\"has-medium-font-size\">Desde la fase de dise\u00f1o de un sistema de ingenier\u00eda a trav\u00e9s de las fases de fabricaci\u00f3n y construcci\u00f3n hasta el desmantelamiento: todas nuestras soluciones de ingenier\u00eda tienen como objetivo crear&nbsp;<strong>beneficios a largo plazo<\/strong>&nbsp;que van m\u00e1s all\u00e1 del producto en s\u00ed.<\/p>\n\n<p class=\"has-medium-font-size\">Las soluciones de Maccaferri mitigan los&nbsp;<strong>riesgos naturales y antropog\u00e9nicos<\/strong>, respetando el medio ambiente, aumentando la seguridad de las personas y mejorando sus vidas.<\/p><\/div><\/div><\/div><figure class=\"wp-block-image aligncenter size-full\"><img decoding=\"async\" src=\"https:\/\/maccaferri-stage.softecspa.it\/mex\/wp-content\/uploads\/sites\/21\/2022\/09\/test-img-cta-right.png\" alt=\"\" class=\"wp-image-1986\"\/><\/figure><p><\/p><p><\/p><div class=\"wp-block-mac-h2-title-block block-txt-container box-container\"><div class=\"row\"><div class=\"col title-box-txt\"><h2 style=\"color:#212429;text-align:center\">Objetivos de Desarrollo Sostenible<\/h2><\/div><\/div><\/div><div class=\"wp-block-mac-container-block box-container\"><div class=\"wp-block-columns is-layout-flex wp-container-core-columns-is-layout-9d6595d7 wp-block-columns-is-layout-flex\"><div class=\"wp-block-column is-layout-flow wp-block-column-is-layout-flow\"><div class=\"wp-block-mac-h5-txt-paragraph-block block-txt-container box-container\"><div class=\"row\"><div class=\"col paragraph-box-txt\"><h5 class=\"wp-block-mac-h5-txt-paragraph-block\" style=\"color:#212429;text-align:none\">La ONU estableci\u00f3 los GDS como un llamado urgente a la acci\u00f3n: asumimos el desaf\u00edo y nos comprometemos a lograrlos uno a uno, paso a paso.<\/h5><\/div><\/div><\/div><\/div><\/div><\/div><div class=\"wp-block-mac-container-block box-container\"><div class=\"wp-block-columns is-layout-flex wp-container-core-columns-is-layout-9d6595d7 wp-block-columns-is-layout-flex\"><div class=\"wp-block-column is-layout-flow wp-block-column-is-layout-flow\"><p>Junto a instituciones y autoridades, las empresas est\u00e1n ahora llamadas a desarrollar soluciones sostenibles que salvaguarden el bienestar y la seguridad de la comunidad y el medio ambiente, de acuerdo con las metas establecidas por la ONU en la&nbsp;<strong>Agenda 2030&nbsp;<\/strong>para el Desarrollo Sostenible.<\/p>\n\n<p>La Agenda 2030 est\u00e1 compuesta por&nbsp;<strong>17 Objetivos de Desarrollo Sostenible (ODS)<\/strong>&nbsp;enmarcados en un plan m\u00e1s amplio de 169 metas ambientales, econ\u00f3micas, sociales e institucionales asociadas a alcanzar en 2030.<\/p>\n\n<p>Siete a\u00f1os despu\u00e9s de la firma de la Agenda 2030, existe una creciente conciencia en la sociedad civil, el mundo empresarial y entre los gobiernos de la necesidad de adoptar un enfoque integrado y tomar&nbsp;<strong>medidas tangibles<\/strong>&nbsp;para enfrentar un gran cambio socioecon\u00f3mico, as\u00ed como m\u00faltiples y complejos desaf\u00edos ambientales e institucionales. Muchas empresas se han acercado a la Agenda 2030 integrando el principio de sostenibilidad en su estrategia y planificaci\u00f3n corporativa.<\/p>\n\n<p>La ONU defini\u00f3 los ODS como un&nbsp;<strong>llamado urgente a la acci\u00f3n<\/strong>, mientras que Maccaferri, que hace de la sustentabilidad ambiental la columna vertebral de su visi\u00f3n, respondi\u00f3 con prontitud, enfocando sus energ\u00edas en objetivos destinados a combatir el cambio clim\u00e1tico y salvaguardar el ecosistema ambiental.<\/p>\n\n<div style=\"height:100px\" aria-hidden=\"true\" class=\"wp-block-spacer\"><\/div><\/div><\/div><\/div><div class=\"wp-block-mac-container-block box-container\"><div class=\"wp-block-columns is-layout-flex wp-container-core-columns-is-layout-9d6595d7 wp-block-columns-is-layout-flex\"><div class=\"wp-block-column is-layout-flow wp-block-column-is-layout-flow\" style=\"flex-basis:33.33%\"><figure class=\"wp-block-image size-full\"><img decoding=\"async\" src=\"https:\/\/maccaferri-stage.softecspa.it\/mex\/wp-content\/uploads\/sites\/21\/2022\/12\/sdg-1.png\" alt=\"\" class=\"wp-image-3101\"\/><\/figure><\/div>\n\n<div class=\"wp-block-column is-layout-flow wp-block-column-is-layout-flow\" style=\"flex-basis:66.66%\"><figure class=\"wp-block-image size-full\"><img decoding=\"async\" src=\"https:\/\/maccaferri-stage.softecspa.it\/mex\/wp-content\/uploads\/sites\/21\/2022\/12\/sdg2.png\" alt=\"\" class=\"wp-image-3104\"\/><\/figure><\/div><\/div><\/div><div style=\"height:100px\" aria-hidden=\"true\" class=\"wp-block-spacer\"><\/div><div class=\"wp-block-mac-h2-title-bold-block block-txt-container box-container\"><div class=\"row\"><div class=\"col title-box-txt\"><h2 style=\"color:#004857;text-align:center\">NUESTRO COMPROMISO<\/h2><\/div><\/div><\/div><div class=\"wp-block-mac-block-left-description-right-image container-media box-container\"><div class=\"row\"><div class=\"col-12 col-lg-6 col-xl-6 col-xxl-6 title-box-txt order-lg-first order-last\" style=\"text-align:default\"><p class=\"description\" style=\"color:#212429\"><strong>PROMOVER LA ADOPCI\u00d3N DE ENERG\u00cdAS LIMPIAS<\/strong><br><br>Desarrollamos soluciones que fomentan el acceso a una energ\u00eda asequible y limpia.<br><br>Trabajamos en colaboraci\u00f3n con las autoridades para&nbsp;<strong>maximizar la cuota de energ\u00eda verde<\/strong>&nbsp;en el mix energ\u00e9tico mundial.<\/p><\/div><div class=\"col-12 col-lg-6 col-xl-6 col-xxl-6\"><div class=\"box-image\"><img decoding=\"async\" class=\"image\" src=\"https:\/\/maccaferri-stage.softecspa.it\/mx\/wp-content\/uploads\/2023\/06\/SDG-Foto-7-2-min-4.png\" alt=\"Image\"\/><\/div><\/div><\/div><\/div><div class=\"wp-block-mac-block-left-image-right-description container-media box-container\"><div class=\"row\"><div class=\"col-12 col-lg-6 col-xl-6 col-xxl-6\"><div class=\"box-image\"><img decoding=\"async\" class=\"image\" src=\"https:\/\/maccaferri-stage.softecspa.it\/mx\/wp-content\/uploads\/2023\/06\/SDG-Foto-8-1-4.png\" alt=\"Image\"\/><\/div><\/div><div class=\"col-12 col-lg-6 col-xl-6 col-xxl-6 title-box-txt\" style=\"text-align:default\"><p class=\"description\" style=\"color:#212429\"><strong><strong>PARTICIPACI\u00d3N DE LAS COMUNIDADES LOCALES<\/strong><br><br><\/strong>Promovemos el crecimiento integrador, desarrollando soluciones que puedan ser instaladas f\u00e1cilmente por la&nbsp;<strong>mano de obra local&nbsp;<\/strong>sin necesidad de formaci\u00f3n especial.<br><br>Muchas comunidades sufren cada vez m\u00e1s cat\u00e1strofes naturales, por lo que trabajamos en medidas r\u00e1pidas y eficaces para intervenir y&nbsp;<strong>restablecer sus econom\u00edas<\/strong>.<\/p><\/div><\/div><\/div><div class=\"wp-block-mac-block-left-description-right-image container-media box-container\"><div class=\"row\"><div class=\"col-12 col-lg-6 col-xl-6 col-xxl-6 title-box-txt order-lg-first order-last\" style=\"text-align:default\"><p class=\"description\" style=\"color:#212429\"><strong>FOMENTAR LA INNOVACI\u00d3N<\/strong><br><br>Fomentamos la&nbsp;<strong>mejora continua<\/strong>&nbsp;para situar el impacto econ\u00f3mico y medioambiental a largo plazo de una estructura en el centro de la actividad de dise\u00f1o.<br><br>Nuestro proceso de dise\u00f1o se centra en campa\u00f1as de pruebas e inversiones en la&nbsp;<strong>evaluaci\u00f3n del desempe\u00f1o<\/strong>&nbsp;de nuestras soluciones.<\/p><\/div><div class=\"col-12 col-lg-6 col-xl-6 col-xxl-6\"><div class=\"box-image\"><img decoding=\"async\" class=\"image\" src=\"https:\/\/maccaferri-stage.softecspa.it\/mx\/wp-content\/uploads\/2023\/06\/SDG-Foto-9-1-min-4.png\" alt=\"Image\"\/><\/div><\/div><\/div><\/div><div class=\"wp-block-mac-block-left-image-right-description container-media box-container\"><div class=\"row\"><div class=\"col-12 col-lg-6 col-xl-6 col-xxl-6\"><div class=\"box-image\"><img decoding=\"async\" class=\"image\" src=\"https:\/\/maccaferri-stage.softecspa.it\/mx\/wp-content\/uploads\/2023\/06\/SDG-Foto-11-1-min-4.png\" alt=\"Image\"\/><\/div><\/div><div class=\"col-12 col-lg-6 col-xl-6 col-xxl-6 title-box-txt\" style=\"text-align:default\"><p class=\"description\" style=\"color:#212429\"><strong><strong>SEGURIDAD DE LAS PERSONAS Y PROTECCI\u00d3N DE LOS ACTIVOS<\/strong><br><br><\/strong>Desarrollar soluciones personalizadas para cada problema de seguridad al que nos enfrentamos nos permite&nbsp;<strong>minimizar los riesgos.<\/strong><br><br>Hay que proteger a las personas, el patrimonio hist\u00f3rico y cultural y las infraestructuras.<\/p><\/div><\/div><\/div><div class=\"wp-block-mac-block-left-description-right-image container-media box-container\"><div class=\"row\"><div class=\"col-12 col-lg-6 col-xl-6 col-xxl-6 title-box-txt order-lg-first order-last\" style=\"text-align:default\"><p class=\"description\" style=\"color:#212429\"><strong>PROYECTO Y PRODUCCI\u00d3N RESPONSABLES<\/strong><br><br>Mediante la optimizaci\u00f3n del diseo, promovemos una gesti\u00f3n sostenible de los materiales para ahorrar recursos y evitar residuos. Nuestros logros implican la&nbsp;<strong>reducci\u00f3n, reutilizaci\u00f3n&nbsp;<\/strong>y<strong>&nbsp;reciclaje de materiales<\/strong>.<br><br>Adem\u00e1s, nos comprometemos con la transparencia, proporcionando informaci\u00f3n objetiva, fiable y comparable sobre el ciclo de vida de los productos.<br><a href=\"https:\/\/maccaferri-stage.softecspa.it\/epd-certification\" target=\"_blank\" rel=\"noreferrer noopener\">Aprenda m\u00e1s &gt;&gt;&gt;<\/a><\/p><\/div><div class=\"col-12 col-lg-6 col-xl-6 col-xxl-6\"><div class=\"box-image\"><img decoding=\"async\" class=\"image\" src=\"https:\/\/maccaferri-stage.softecspa.it\/mx\/wp-content\/uploads\/2023\/06\/SDG-Foto-12-1-min-4.png\" alt=\"Image\"\/><\/div><\/div><\/div><\/div><div class=\"wp-block-mac-block-left-image-right-description container-media box-container\"><div class=\"row\"><div class=\"col-12 col-lg-6 col-xl-6 col-xxl-6\"><div class=\"box-image\"><img decoding=\"async\" class=\"image\" src=\"https:\/\/maccaferri-stage.softecspa.it\/mx\/wp-content\/uploads\/2023\/06\/SDG-Foto-13-11-1-4.png\" alt=\"Image\"\/><\/div><\/div><div class=\"col-12 col-lg-6 col-xl-6 col-xxl-6 title-box-txt\" style=\"text-align:default\"><p class=\"description\" style=\"color:#212429\"><strong>INTEGRACI\u00d3N EN EL ENTORNO NATURAL<br><br><\/strong>Nos preocupamos por la <strong>naturalizaci\u00f3n de nuestras estructuras de ingenier\u00eda<\/strong>, y creemos que integrar t\u00e9cnicas de vegetaci\u00f3n y plantaci\u00f3n en la fase de dise\u00f1o es un valor ecol\u00f3gico adicional de nuestras soluciones.<br><br>Trabajamos para mejorar la est\u00e9tica general de nuestras estructuras, para integrarlas mejor en nuestros entornos urbanos.<\/p><\/div><\/div><\/div><h2 class=\"wp-block-heading\"> <\/h2><div class=\"wp-block-mac-block-left-description-right-image container-media box-container\"><div class=\"row\"><div class=\"col-12 col-lg-6 col-xl-6 col-xxl-6 title-box-txt order-lg-first order-last\" style=\"text-align:default\"><p class=\"description\" style=\"color:#212429\"><strong>INTEGRACI\u00d3N EN EL ENTORNO NATURAL<br><br><\/strong>Nos esforzamos por reducir el&nbsp;<strong>impacto medioambiental<\/strong>&nbsp;de nuestras soluciones y lograr un equilibrio entre rendimiento t\u00e9cnico e integraci\u00f3n natural.<br><br>Uno de nuestros compromisos es favorecer&nbsp;<strong>soluciones que potencien la biodiversidad<\/strong>, proporcionen h\u00e1bitats perfectos para distintas especies y tambi\u00e9n tengan en cuenta la presencia de fauna salvaje y la respeten.<\/p><\/div><div class=\"col-12 col-lg-6 col-xl-6 col-xxl-6\"><div class=\"box-image\"><img decoding=\"async\" class=\"image\" src=\"https:\/\/maccaferri-stage.softecspa.it\/mx\/wp-content\/uploads\/2023\/06\/SDG-Foto-14-15-1-min-4.png\" alt=\"Image\"\/><\/div><\/div><\/div><\/div><div style=\"height:100px\" aria-hidden=\"true\" class=\"wp-block-spacer\"><\/div><div class=\"wp-block-buttons is-content-justification-center is-layout-flex wp-container-core-buttons-is-layout-16018d1d wp-block-buttons-is-layout-flex\"><div class=\"wp-block-button\"><a class=\"wp-block-button__link\" href=\"https:\/\/maccaferri-stage.softecspa.it\/mx\/download\/maccaferri-sustainability-2022-2\" target=\"_blank\" rel=\"noreferrer noopener\">descargar la p resentaci\u00f3n completa<\/a><\/div><\/div><div style=\"height:100px\" aria-hidden=\"true\" class=\"wp-block-spacer\"><\/div>","protected":false},"excerpt":{"rendered":"","protected":false},"author":1,"featured_media":0,"parent":0,"menu_order":0,"comment_status":"closed","ping_status":"closed","template":"","meta":{"_acf_changed":false,"_joinchat":[],"footnotes":""},"class_list":["post-1375","page","type-page","status-publish","hentry"],"acf":{"uuid_products":"","product-documents":""},"yoast_head":"<!-- This site is optimized with the Yoast SEO Premium plugin v27.0 (Yoast SEO v27.0) - https:\/\/yoast.com\/product\/yoast-seo-premium-wordpress\/ -->\n<title>Sostenibilidad - Maccaferri Mexico<\/title>\n<meta name=\"robots\" content=\"index, follow, max-snippet:-1, max-image-preview:large, max-video-preview:-1\" \/>\n<link rel=\"canonical\" href=\"https:\/\/maccaferri-stage.softecspa.it\/mx\/sostenibilidad\/\" \/>\n<meta property=\"og:locale\" content=\"es_ES\" \/>\n<meta property=\"og:type\" content=\"article\" \/>\n<meta property=\"og:title\" content=\"Sostenibilidad - Maccaferri Mexico\" \/>\n<meta property=\"og:url\" content=\"https:\/\/maccaferri-stage.softecspa.it\/mx\/sostenibilidad\/\" \/>\n<meta property=\"og:site_name\" content=\"Maccaferri Mexico\" \/>\n<meta property=\"article:modified_time\" content=\"2023-06-01T15:00:47+00:00\" \/>\n<meta property=\"og:image\" content=\"https:\/\/maccaferri-stage.softecspa.it\/mex\/wp-content\/uploads\/sites\/21\/2022\/12\/Sustainability_Gabion_3.jpg\" \/>\n<meta name=\"twitter:card\" content=\"summary_large_image\" \/>\n<meta name=\"twitter:label1\" content=\"Est. reading time\" \/>\n\t<meta name=\"twitter:data1\" content=\"6 minutes\" \/>\n<script type=\"application\/ld+json\" class=\"yoast-schema-graph\">{\"@context\":\"https:\/\/schema.org\",\"@graph\":[{\"@type\":\"WebPage\",\"@id\":\"https:\/\/maccaferri-stage.softecspa.it\/mx\/sostenibilidad\/\",\"url\":\"https:\/\/maccaferri-stage.softecspa.it\/mx\/sostenibilidad\/\",\"name\":\"Sostenibilidad - Maccaferri Mexico\",\"isPartOf\":{\"@id\":\"https:\/\/maccaferri-stage.softecspa.it\/mx\/#website\"},\"primaryImageOfPage\":{\"@id\":\"https:\/\/maccaferri-stage.softecspa.it\/mx\/sostenibilidad\/#primaryimage\"},\"image\":{\"@id\":\"https:\/\/maccaferri-stage.softecspa.it\/mx\/sostenibilidad\/#primaryimage\"},\"thumbnailUrl\":\"https:\/\/maccaferri-stage.softecspa.it\/mex\/wp-content\/uploads\/sites\/21\/2022\/12\/Sustainability_Gabion_3.jpg\",\"datePublished\":\"2022-07-28T13:26:58+00:00\",\"dateModified\":\"2023-06-01T15:00:47+00:00\",\"inLanguage\":\"es-ES\",\"potentialAction\":[{\"@type\":\"ReadAction\",\"target\":[\"https:\/\/maccaferri-stage.softecspa.it\/mx\/sostenibilidad\/\"]}]},{\"@type\":\"ImageObject\",\"inLanguage\":\"es-ES\",\"@id\":\"https:\/\/maccaferri-stage.softecspa.it\/mx\/sostenibilidad\/#primaryimage\",\"url\":\"https:\/\/maccaferri-stage.softecspa.it\/mex\/wp-content\/uploads\/sites\/21\/2022\/12\/Sustainability_Gabion_3.jpg\",\"contentUrl\":\"https:\/\/maccaferri-stage.softecspa.it\/mex\/wp-content\/uploads\/sites\/21\/2022\/12\/Sustainability_Gabion_3.jpg\"},{\"@type\":\"WebSite\",\"@id\":\"https:\/\/maccaferri-stage.softecspa.it\/mx\/#website\",\"url\":\"https:\/\/maccaferri-stage.softecspa.it\/mx\/\",\"name\":\"Maccaferri Mexico\",\"description\":\"\",\"publisher\":{\"@id\":\"https:\/\/maccaferri-stage.softecspa.it\/mx\/#organization\"},\"potentialAction\":[{\"@type\":\"SearchAction\",\"target\":{\"@type\":\"EntryPoint\",\"urlTemplate\":\"https:\/\/maccaferri-stage.softecspa.it\/mx\/?s={search_term_string}\"},\"query-input\":{\"@type\":\"PropertyValueSpecification\",\"valueRequired\":true,\"valueName\":\"search_term_string\"}}],\"inLanguage\":\"es-ES\"},{\"@type\":\"Organization\",\"@id\":\"https:\/\/maccaferri-stage.softecspa.it\/mx\/#organization\",\"name\":\"Maccaferri Mexico\",\"url\":\"https:\/\/maccaferri-stage.softecspa.it\/mx\/\",\"logo\":{\"@type\":\"ImageObject\",\"inLanguage\":\"es-ES\",\"@id\":\"https:\/\/maccaferri-stage.softecspa.it\/mx\/#\/schema\/logo\/image\/\",\"url\":\"\",\"contentUrl\":\"\",\"caption\":\"Maccaferri Mexico\"},\"image\":{\"@id\":\"https:\/\/maccaferri-stage.softecspa.it\/mx\/#\/schema\/logo\/image\/\"}}]}<\/script>\n<!-- \/ Yoast SEO Premium plugin. -->","yoast_head_json":{"title":"Sostenibilidad - Maccaferri Mexico","robots":{"index":"index","follow":"follow","max-snippet":"max-snippet:-1","max-image-preview":"max-image-preview:large","max-video-preview":"max-video-preview:-1"},"canonical":"https:\/\/maccaferri-stage.softecspa.it\/mx\/sostenibilidad\/","og_locale":"es_ES","og_type":"article","og_title":"Sostenibilidad - Maccaferri Mexico","og_url":"https:\/\/maccaferri-stage.softecspa.it\/mx\/sostenibilidad\/","og_site_name":"Maccaferri Mexico","article_modified_time":"2023-06-01T15:00:47+00:00","og_image":[{"url":"https:\/\/maccaferri-stage.softecspa.it\/mex\/wp-content\/uploads\/sites\/21\/2022\/12\/Sustainability_Gabion_3.jpg","type":"","width":"","height":""}],"twitter_card":"summary_large_image","twitter_misc":{"Est. reading time":"6 minutes"},"schema":{"@context":"https:\/\/schema.org","@graph":[{"@type":"WebPage","@id":"https:\/\/maccaferri-stage.softecspa.it\/mx\/sostenibilidad\/","url":"https:\/\/maccaferri-stage.softecspa.it\/mx\/sostenibilidad\/","name":"Sostenibilidad - Maccaferri Mexico","isPartOf":{"@id":"https:\/\/maccaferri-stage.softecspa.it\/mx\/#website"},"primaryImageOfPage":{"@id":"https:\/\/maccaferri-stage.softecspa.it\/mx\/sostenibilidad\/#primaryimage"},"image":{"@id":"https:\/\/maccaferri-stage.softecspa.it\/mx\/sostenibilidad\/#primaryimage"},"thumbnailUrl":"https:\/\/maccaferri-stage.softecspa.it\/mex\/wp-content\/uploads\/sites\/21\/2022\/12\/Sustainability_Gabion_3.jpg","datePublished":"2022-07-28T13:26:58+00:00","dateModified":"2023-06-01T15:00:47+00:00","inLanguage":"es-ES","potentialAction":[{"@type":"ReadAction","target":["https:\/\/maccaferri-stage.softecspa.it\/mx\/sostenibilidad\/"]}]},{"@type":"ImageObject","inLanguage":"es-ES","@id":"https:\/\/maccaferri-stage.softecspa.it\/mx\/sostenibilidad\/#primaryimage","url":"https:\/\/maccaferri-stage.softecspa.it\/mex\/wp-content\/uploads\/sites\/21\/2022\/12\/Sustainability_Gabion_3.jpg","contentUrl":"https:\/\/maccaferri-stage.softecspa.it\/mex\/wp-content\/uploads\/sites\/21\/2022\/12\/Sustainability_Gabion_3.jpg"},{"@type":"WebSite","@id":"https:\/\/maccaferri-stage.softecspa.it\/mx\/#website","url":"https:\/\/maccaferri-stage.softecspa.it\/mx\/","name":"Maccaferri Mexico","description":"","publisher":{"@id":"https:\/\/maccaferri-stage.softecspa.it\/mx\/#organization"},"potentialAction":[{"@type":"SearchAction","target":{"@type":"EntryPoint","urlTemplate":"https:\/\/maccaferri-stage.softecspa.it\/mx\/?s={search_term_string}"},"query-input":{"@type":"PropertyValueSpecification","valueRequired":true,"valueName":"search_term_string"}}],"inLanguage":"es-ES"},{"@type":"Organization","@id":"https:\/\/maccaferri-stage.softecspa.it\/mx\/#organization","name":"Maccaferri Mexico","url":"https:\/\/maccaferri-stage.softecspa.it\/mx\/","logo":{"@type":"ImageObject","inLanguage":"es-ES","@id":"https:\/\/maccaferri-stage.softecspa.it\/mx\/#\/schema\/logo\/image\/","url":"","contentUrl":"","caption":"Maccaferri Mexico"},"image":{"@id":"https:\/\/maccaferri-stage.softecspa.it\/mx\/#\/schema\/logo\/image\/"}}]}},"_links":{"self":[{"href":"https:\/\/maccaferri-stage.softecspa.it\/mx\/wp-json\/wp\/v2\/pages\/1375","targetHints":{"allow":["GET"]}}],"collection":[{"href":"https:\/\/maccaferri-stage.softecspa.it\/mx\/wp-json\/wp\/v2\/pages"}],"about":[{"href":"https:\/\/maccaferri-stage.softecspa.it\/mx\/wp-json\/wp\/v2\/types\/page"}],"author":[{"embeddable":true,"href":"https:\/\/maccaferri-stage.softecspa.it\/mx\/wp-json\/wp\/v2\/users\/1"}],"replies":[{"embeddable":true,"href":"https:\/\/maccaferri-stage.softecspa.it\/mx\/wp-json\/wp\/v2\/comments?post=1375"}],"version-history":[{"count":45,"href":"https:\/\/maccaferri-stage.softecspa.it\/mx\/wp-json\/wp\/v2\/pages\/1375\/revisions"}],"predecessor-version":[{"id":22249,"href":"https:\/\/maccaferri-stage.softecspa.it\/mx\/wp-json\/wp\/v2\/pages\/1375\/revisions\/22249"}],"wp:attachment":[{"href":"https:\/\/maccaferri-stage.softecspa.it\/mx\/wp-json\/wp\/v2\/media?parent=1375"}],"curies":[{"name":"wp","href":"https:\/\/api.w.org\/{rel}","templated":true}]}}