{"id":1398,"date":"2022-07-29T11:40:29","date_gmt":"2022-07-29T09:40:29","guid":{"rendered":"https:\/\/maccaferri-stage.softecspa.it\/pe\/?page_id=1398"},"modified":"2023-04-20T11:14:15","modified_gmt":"2023-04-20T09:14:15","slug":"innovacion","status":"publish","type":"page","link":"https:\/\/maccaferri-stage.softecspa.it\/pe\/innovacion\/","title":{"rendered":"Innovaci\u00f3n"},"content":{"rendered":"<div class=\"wp-block-mac-h1-title-hero-block container-fluid block-txt-container\" style=\"background:linear-gradient(180deg,rgb(1,94,111) 0%,rgb(0,72,87) 100%)\"><div class=\"row\"><div class=\"col\"><div class=\"gts__picture\"><img decoding=\"async\" src=\"https:\/\/maccaferri-stage.softecspa.it\/pe\/wp-content\/uploads\/sites\/37\/2022\/12\/Adv-2-1.jpg\" style=\"display:none\"\/><div class=\"gts__picture__image\" style=\"background-image:url(https:\/\/maccaferri-stage.softecspa.it\/pe\/wp-content\/uploads\/sites\/37\/2022\/12\/Adv-2-1.jpg)\"><\/div><\/div><div class=\"container box-container\"><div class=\"row\"><div class=\"col title-box-txt\"><h1 class=\"wp-block-mac-h1-title-hero-block\" style=\"color:#ffffff;text-align:none\">Innovaci\u00f3n<\/h1><\/div><\/div><\/div><\/div><\/div><\/div><div class=\"wp-block-mac-h2-title-block block-txt-container box-container\"><div class=\"row\"><div class=\"col title-box-txt\"><h2 style=\"color:#212429;text-align:none\">SOFTWARES PERSONALIZADOS MACCAFERRI<\/h2><\/div><\/div><\/div><div class=\"wp-block-columns is-layout-flex wp-container-core-columns-is-layout-9d6595d7 wp-block-columns-is-layout-flex\"><div class=\"wp-block-column is-layout-flow wp-block-column-is-layout-flow\"><div class=\"wp-block-mac-container-block box-container\"><div class=\"wp-block-columns is-layout-flex wp-container-core-columns-is-layout-9d6595d7 wp-block-columns-is-layout-flex\"><div class=\"wp-block-column is-layout-flow wp-block-column-is-layout-flow\"><div class=\"wp-block-columns is-layout-flex wp-container-core-columns-is-layout-9d6595d7 wp-block-columns-is-layout-flex\"><div class=\"wp-block-column is-layout-flow wp-block-column-is-layout-flow\"><p class=\"has-medium-font-size\"><strong>Desarrollado en asociaci\u00f3n<\/strong> con los principales institutos y universidades, nuestro portafolio de software se utiliza en todo el mundo para <strong>permitir que los ingenieros<\/strong> dise\u00f1en y entreguen soluciones de ingenier\u00eda civil efectivas y confiables.<\/p>\n\n<p class=\"has-medium-font-size\"><strong>Con base en datos experimentales<\/strong> recopilados en d\u00e9cadas de experiencia de campo y rigurosas campa\u00f1as de prueba, nuestras soluciones de <strong>Software gratuitos<\/strong> cumplen con los requisitos de los ingenieros civiles y geot\u00e9cnicos de todo el mundo, al tiempo que brindan beneficios rentables adicionales y una mejor capacidad de construcci\u00f3n.<\/p>\n\n<p class=\"has-medium-font-size\"><strong>Cont\u00e1ctenos para recibir capacitaci\u00f3n<\/strong> sobre nuestras soluciones de software para comenzar a dise\u00f1ar soluciones de ingenier\u00eda desafiantes y de alta calidad en las condiciones m\u00e1s diversas.<\/p>\n\n<p><\/p><\/div>\n\n<div class=\"wp-block-column is-layout-flow wp-block-column-is-layout-flow\"><figure class=\"wp-block-image aligncenter size-full\"><img decoding=\"async\" src=\"https:\/\/maccaferri-stage.softecspa.it\/pe\/wp-content\/uploads\/sites\/37\/2022\/12\/catterre.png\" alt=\"\" class=\"wp-image-3138\"\/><\/figure><\/div><\/div><\/div><\/div><\/div><\/div><\/div><div class=\"wp-block-mac-banner-title-cta  box-container block-cta\" style=\"background:#015E6F\"><div class=\"container box-container\"><div class=\"row\"><div class=\"col-2 col-sm-2 col-md-2 col-lg-2 col-xl-2 col-xxl-2\"><div class=\"box-image\"><img decoding=\"async\" class=\"image\" src=\"https:\/\/maccaferri-stage.softecspa.it\/pe\/wp-content\/uploads\/sites\/37\/2022\/11\/img-banner-software.png\" alt=\"Image\"\/><\/div><\/div><div class=\"col-7 col-sm-7 col-md-7 col-lg-7 col-xl-7 col-xxl-7\"><div class=\"banner-box-txt\" style=\"text-align:default\"><h4 class=\"title\">USE NUESTROS SOFTWARES<br>PARA PROYECTAR EL FUTURO<\/h4><\/div><\/div><div class=\"col-3 col-sm-3 col-md-3 col-lg-3 col-xl-3 col-xxl-3\"><div class=\"button-box-txt\"><a href=\"https:\/\/maccaferri-stage.softecspa.it\/pe\/paquete-de-softwares-maccaferri\" target=\"_blank\" class=\"buttonurl\" rel=\"noopener\"><span class=\"buttontext\">ir a la plataforma<\/span><\/a><\/div><\/div><\/div><\/div><\/div><div style=\"height:100px\" aria-hidden=\"true\" class=\"wp-block-spacer\"><\/div><div class=\"wp-block-mac-h2-title-block block-txt-container box-container\"><div class=\"row\"><div class=\"col title-box-txt\"><h2 style=\"color:#212429;text-align:none\">OBJECTOS MACCAFERRI BIM<\/h2><\/div><\/div><\/div><div class=\"wp-block-mac-container-block box-container\"><div class=\"wp-block-columns is-layout-flex wp-container-core-columns-is-layout-9d6595d7 wp-block-columns-is-layout-flex\"><div class=\"wp-block-column is-layout-flow wp-block-column-is-layout-flow\"><div class=\"wp-block-columns is-layout-flex wp-container-core-columns-is-layout-9d6595d7 wp-block-columns-is-layout-flex\"><div class=\"wp-block-column is-layout-flow wp-block-column-is-layout-flow\"><figure class=\"wp-block-image size-large\"><img decoding=\"async\" src=\"https:\/\/maccaferri-stage.softecspa.it\/pe\/wp-content\/uploads\/sites\/37\/2022\/12\/Maccaferri-BIM-Objects-1024x675.png\" alt=\"\" class=\"wp-image-3547\"\/><\/figure>\n\n<p><\/p><\/div>\n\n<div class=\"wp-block-column is-layout-flow wp-block-column-is-layout-flow\"><p class=\"has-medium-font-size\">Maccaferri se compromete a promover la <strong>colaboraci\u00f3n entre los participantes de la industria <\/strong>a lo largo del ciclo de vida de un proyecto. <\/p>\n\n<p class=\"has-medium-font-size\">Con este objetivo en mente, <strong>proporcionamos los bloques de familias de productos en BIM <\/strong>permitiendo a los ingenieros y dise\u00f1adores desarrollar proyectos de alta complejidad con la seguridad y fiabilidad de las soluciones de Maccaferri. <\/p>\n\n<p class=\"has-medium-font-size\">La elaboraci\u00f3n de proyectos BIM permite una optimizaci\u00f3n del tiempo de dise\u00f1o permitiendo y asegurando <strong>las cantidades y vol\u00famenes de materiales adecuados<\/strong> para cada caso, adem\u00e1s de asegurar las <strong>propiedades t\u00e9cnicas y de rendimiento<\/strong> del material designado para la soluci\u00f3n de ingenier\u00eda propuesta en el proyecto.<\/p>\n\n<p class=\"has-medium-font-size\"><\/p><\/div><\/div><\/div><\/div><\/div><div class=\"wp-block-columns is-layout-flex wp-container-core-columns-is-layout-9d6595d7 wp-block-columns-is-layout-flex\"><div class=\"wp-block-column is-layout-flow wp-block-column-is-layout-flow\"><div class=\"wp-block-mac-container-block box-container\"><div class=\"wp-block-columns is-layout-flex wp-container-core-columns-is-layout-9d6595d7 wp-block-columns-is-layout-flex\"><div class=\"wp-block-column is-layout-flow wp-block-column-is-layout-flow\"><div class=\"wp-block-mac-banner-title-cta  box-container block-cta\" style=\"background:#015E6F\"><div class=\"container box-container\"><div class=\"row\"><div class=\"col-2 col-sm-2 col-md-2 col-lg-2 col-xl-2 col-xxl-2\"><div class=\"box-image\"><img decoding=\"async\" class=\"image\" src=\"https:\/\/maccaferri-stage.softecspa.it\/pe\/wp-content\/uploads\/sites\/37\/2022\/11\/img-banner-software.png\" alt=\"Image\"\/><\/div><\/div><div class=\"col-7 col-sm-7 col-md-7 col-lg-7 col-xl-7 col-xxl-7\"><div class=\"banner-box-txt\" style=\"text-align:default\"><h4 class=\"title\">USE NUESTROS OBJECTOS BIM PARA PROYECTAR EL FUTURO<\/h4><\/div><\/div><div class=\"col-3 col-sm-3 col-md-3 col-lg-3 col-xl-3 col-xxl-3\"><div class=\"button-box-txt\"><a href=\"https:\/\/maccaferri-stage.softecspa.it\/pe\/biblioteca-de-objetos-bim\" target=\"_blank\" class=\"buttonurl\" rel=\"noopener\"><span class=\"buttontext\">ir a la biblioteca<\/span><\/a><\/div><\/div><\/div><\/div><\/div><\/div><\/div><\/div><\/div><\/div>","protected":false},"excerpt":{"rendered":"","protected":false},"author":1,"featured_media":0,"parent":0,"menu_order":0,"comment_status":"closed","ping_status":"closed","template":"","meta":{"_acf_changed":false,"_joinchat":[],"footnotes":""},"class_list":["post-1398","page","type-page","status-publish","hentry"],"acf":{"uuid_products":"","product-documents":""},"yoast_head":"<!-- This site is optimized with the Yoast SEO Premium plugin v27.0 (Yoast SEO v27.0) - https:\/\/yoast.com\/product\/yoast-seo-premium-wordpress\/ -->\n<title>Innovaci\u00f3n - Maccaferri Per\u00f9<\/title>\n<meta name=\"robots\" content=\"index, follow, max-snippet:-1, max-image-preview:large, max-video-preview:-1\" \/>\n<link rel=\"canonical\" href=\"https:\/\/maccaferri-stage.softecspa.it\/pe\/innovacion\/\" \/>\n<meta property=\"og:locale\" content=\"es_ES\" \/>\n<meta property=\"og:type\" content=\"article\" \/>\n<meta property=\"og:title\" content=\"Innovaci\u00f3n - Maccaferri Per\u00f9\" \/>\n<meta property=\"og:url\" content=\"https:\/\/maccaferri-stage.softecspa.it\/pe\/innovacion\/\" \/>\n<meta property=\"og:site_name\" content=\"Maccaferri Per\u00f9\" \/>\n<meta property=\"article:modified_time\" content=\"2023-04-20T09:14:15+00:00\" \/>\n<meta property=\"og:image\" content=\"https:\/\/maccaferri-stage.softecspa.it\/pe\/wp-content\/uploads\/sites\/37\/2022\/12\/Adv-2-1.jpg\" \/>\n<meta name=\"twitter:card\" content=\"summary_large_image\" \/>\n<meta name=\"twitter:label1\" content=\"Est. reading time\" \/>\n\t<meta name=\"twitter:data1\" content=\"3 minutes\" \/>\n<script type=\"application\/ld+json\" class=\"yoast-schema-graph\">{\"@context\":\"https:\/\/schema.org\",\"@graph\":[{\"@type\":\"WebPage\",\"@id\":\"https:\/\/maccaferri-stage.softecspa.it\/pe\/innovacion\/\",\"url\":\"https:\/\/maccaferri-stage.softecspa.it\/pe\/innovacion\/\",\"name\":\"Innovaci\u00f3n - Maccaferri Per\u00f9\",\"isPartOf\":{\"@id\":\"https:\/\/maccaferri-stage.softecspa.it\/pe\/#website\"},\"primaryImageOfPage\":{\"@id\":\"https:\/\/maccaferri-stage.softecspa.it\/pe\/innovacion\/#primaryimage\"},\"image\":{\"@id\":\"https:\/\/maccaferri-stage.softecspa.it\/pe\/innovacion\/#primaryimage\"},\"thumbnailUrl\":\"https:\/\/maccaferri-stage.softecspa.it\/pe\/wp-content\/uploads\/sites\/37\/2022\/12\/Adv-2-1.jpg\",\"datePublished\":\"2022-07-29T09:40:29+00:00\",\"dateModified\":\"2023-04-20T09:14:15+00:00\",\"inLanguage\":\"es-ES\",\"potentialAction\":[{\"@type\":\"ReadAction\",\"target\":[\"https:\/\/maccaferri-stage.softecspa.it\/pe\/innovacion\/\"]}]},{\"@type\":\"ImageObject\",\"inLanguage\":\"es-ES\",\"@id\":\"https:\/\/maccaferri-stage.softecspa.it\/pe\/innovacion\/#primaryimage\",\"url\":\"https:\/\/maccaferri-stage.softecspa.it\/pe\/wp-content\/uploads\/sites\/37\/2022\/12\/Adv-2-1.jpg\",\"contentUrl\":\"https:\/\/maccaferri-stage.softecspa.it\/pe\/wp-content\/uploads\/sites\/37\/2022\/12\/Adv-2-1.jpg\"},{\"@type\":\"WebSite\",\"@id\":\"https:\/\/maccaferri-stage.softecspa.it\/pe\/#website\",\"url\":\"https:\/\/maccaferri-stage.softecspa.it\/pe\/\",\"name\":\"Maccaferri Per\u00f9\",\"description\":\"\",\"publisher\":{\"@id\":\"https:\/\/maccaferri-stage.softecspa.it\/pe\/#organization\"},\"potentialAction\":[{\"@type\":\"SearchAction\",\"target\":{\"@type\":\"EntryPoint\",\"urlTemplate\":\"https:\/\/maccaferri-stage.softecspa.it\/pe\/?s={search_term_string}\"},\"query-input\":{\"@type\":\"PropertyValueSpecification\",\"valueRequired\":true,\"valueName\":\"search_term_string\"}}],\"inLanguage\":\"es-ES\"},{\"@type\":\"Organization\",\"@id\":\"https:\/\/maccaferri-stage.softecspa.it\/pe\/#organization\",\"name\":\"Maccaferri Per\u00f9\",\"url\":\"https:\/\/maccaferri-stage.softecspa.it\/pe\/\",\"logo\":{\"@type\":\"ImageObject\",\"inLanguage\":\"es-ES\",\"@id\":\"https:\/\/maccaferri-stage.softecspa.it\/pe\/#\/schema\/logo\/image\/\",\"url\":\"\",\"contentUrl\":\"\",\"caption\":\"Maccaferri Per\u00f9\"},\"image\":{\"@id\":\"https:\/\/maccaferri-stage.softecspa.it\/pe\/#\/schema\/logo\/image\/\"}}]}<\/script>\n<!-- \/ Yoast SEO Premium plugin. -->","yoast_head_json":{"title":"Innovaci\u00f3n - Maccaferri Per\u00f9","robots":{"index":"index","follow":"follow","max-snippet":"max-snippet:-1","max-image-preview":"max-image-preview:large","max-video-preview":"max-video-preview:-1"},"canonical":"https:\/\/maccaferri-stage.softecspa.it\/pe\/innovacion\/","og_locale":"es_ES","og_type":"article","og_title":"Innovaci\u00f3n - Maccaferri Per\u00f9","og_url":"https:\/\/maccaferri-stage.softecspa.it\/pe\/innovacion\/","og_site_name":"Maccaferri Per\u00f9","article_modified_time":"2023-04-20T09:14:15+00:00","og_image":[{"url":"https:\/\/maccaferri-stage.softecspa.it\/pe\/wp-content\/uploads\/sites\/37\/2022\/12\/Adv-2-1.jpg","type":"","width":"","height":""}],"twitter_card":"summary_large_image","twitter_misc":{"Est. reading time":"3 minutes"},"schema":{"@context":"https:\/\/schema.org","@graph":[{"@type":"WebPage","@id":"https:\/\/maccaferri-stage.softecspa.it\/pe\/innovacion\/","url":"https:\/\/maccaferri-stage.softecspa.it\/pe\/innovacion\/","name":"Innovaci\u00f3n - Maccaferri Per\u00f9","isPartOf":{"@id":"https:\/\/maccaferri-stage.softecspa.it\/pe\/#website"},"primaryImageOfPage":{"@id":"https:\/\/maccaferri-stage.softecspa.it\/pe\/innovacion\/#primaryimage"},"image":{"@id":"https:\/\/maccaferri-stage.softecspa.it\/pe\/innovacion\/#primaryimage"},"thumbnailUrl":"https:\/\/maccaferri-stage.softecspa.it\/pe\/wp-content\/uploads\/sites\/37\/2022\/12\/Adv-2-1.jpg","datePublished":"2022-07-29T09:40:29+00:00","dateModified":"2023-04-20T09:14:15+00:00","inLanguage":"es-ES","potentialAction":[{"@type":"ReadAction","target":["https:\/\/maccaferri-stage.softecspa.it\/pe\/innovacion\/"]}]},{"@type":"ImageObject","inLanguage":"es-ES","@id":"https:\/\/maccaferri-stage.softecspa.it\/pe\/innovacion\/#primaryimage","url":"https:\/\/maccaferri-stage.softecspa.it\/pe\/wp-content\/uploads\/sites\/37\/2022\/12\/Adv-2-1.jpg","contentUrl":"https:\/\/maccaferri-stage.softecspa.it\/pe\/wp-content\/uploads\/sites\/37\/2022\/12\/Adv-2-1.jpg"},{"@type":"WebSite","@id":"https:\/\/maccaferri-stage.softecspa.it\/pe\/#website","url":"https:\/\/maccaferri-stage.softecspa.it\/pe\/","name":"Maccaferri Per\u00f9","description":"","publisher":{"@id":"https:\/\/maccaferri-stage.softecspa.it\/pe\/#organization"},"potentialAction":[{"@type":"SearchAction","target":{"@type":"EntryPoint","urlTemplate":"https:\/\/maccaferri-stage.softecspa.it\/pe\/?s={search_term_string}"},"query-input":{"@type":"PropertyValueSpecification","valueRequired":true,"valueName":"search_term_string"}}],"inLanguage":"es-ES"},{"@type":"Organization","@id":"https:\/\/maccaferri-stage.softecspa.it\/pe\/#organization","name":"Maccaferri Per\u00f9","url":"https:\/\/maccaferri-stage.softecspa.it\/pe\/","logo":{"@type":"ImageObject","inLanguage":"es-ES","@id":"https:\/\/maccaferri-stage.softecspa.it\/pe\/#\/schema\/logo\/image\/","url":"","contentUrl":"","caption":"Maccaferri Per\u00f9"},"image":{"@id":"https:\/\/maccaferri-stage.softecspa.it\/pe\/#\/schema\/logo\/image\/"}}]}},"_links":{"self":[{"href":"https:\/\/maccaferri-stage.softecspa.it\/pe\/wp-json\/wp\/v2\/pages\/1398","targetHints":{"allow":["GET"]}}],"collection":[{"href":"https:\/\/maccaferri-stage.softecspa.it\/pe\/wp-json\/wp\/v2\/pages"}],"about":[{"href":"https:\/\/maccaferri-stage.softecspa.it\/pe\/wp-json\/wp\/v2\/types\/page"}],"author":[{"embeddable":true,"href":"https:\/\/maccaferri-stage.softecspa.it\/pe\/wp-json\/wp\/v2\/users\/1"}],"replies":[{"embeddable":true,"href":"https:\/\/maccaferri-stage.softecspa.it\/pe\/wp-json\/wp\/v2\/comments?post=1398"}],"version-history":[{"count":48,"href":"https:\/\/maccaferri-stage.softecspa.it\/pe\/wp-json\/wp\/v2\/pages\/1398\/revisions"}],"predecessor-version":[{"id":12133,"href":"https:\/\/maccaferri-stage.softecspa.it\/pe\/wp-json\/wp\/v2\/pages\/1398\/revisions\/12133"}],"wp:attachment":[{"href":"https:\/\/maccaferri-stage.softecspa.it\/pe\/wp-json\/wp\/v2\/media?parent=1398"}],"curies":[{"name":"wp","href":"https:\/\/api.w.org\/{rel}","templated":true}]}}