{"id":1375,"date":"2022-07-28T15:26:58","date_gmt":"2022-07-28T13:26:58","guid":{"rendered":"https:\/\/maccaferri-stage.softecspa.it\/pl\/?page_id=1375"},"modified":"2024-02-12T14:08:27","modified_gmt":"2024-02-12T13:08:27","slug":"zrownowazony-rozwoj","status":"publish","type":"page","link":"https:\/\/maccaferri-stage.softecspa.it\/pl\/zrownowazony-rozwoj\/","title":{"rendered":"Zr\u00f3wnowa\u017cony Rozw\u00f3j"},"content":{"rendered":"<div class=\"wp-block-mac-h1-title-hero-block container-fluid block-txt-container\" style=\"background:linear-gradient(180deg,rgb(1,94,111) 0%,rgb(0,72,87) 100%)\"><div class=\"row\"><div class=\"col\"><div class=\"gts__picture\"><img decoding=\"async\" src=\"https:\/\/maccaferri-stage.softecspa.it\/pl\/wp-content\/uploads\/sites\/23\/2022\/12\/Sustainability_Gabion_3.jpg\" style=\"display:none\" \/><div class=\"gts__picture__image\" style=\"background-image:url(https:\/\/maccaferri-stage.softecspa.it\/pl\/wp-content\/uploads\/sites\/23\/2022\/12\/Sustainability_Gabion_3.jpg)\"><\/div><\/div><div class=\"container box-container\"><div class=\"row\"><div class=\"col title-box-txt\"><h1 class=\"wp-block-mac-h1-title-hero-block\" style=\"color:#ffffff;text-align:none\">Zr\u00f3wnowa\u017cony Rozw\u00f3j<\/h1><\/div><\/div><\/div><\/div><\/div><\/div><div class=\"wp-block-mac-container-block box-container\"><div class=\"wp-block-columns is-layout-flex wp-container-core-columns-is-layout-9d6595d7 wp-block-columns-is-layout-flex\"><div class=\"wp-block-column is-layout-flow wp-block-column-is-layout-flow\"><div style=\"height:100px\" aria-hidden=\"true\" class=\"wp-block-spacer\"><\/div>\n\n<p class=\"has-medium-font-size\">Jeste\u015bmy mocno zaanga\u017cowani w holistyczne podej\u015bcie do aspekt\u00f3w \u015brodowiskowych, ekonomicznych i spo\u0142ecznych. Rzeczywi\u015bcie, mocno wierzymy w przyj\u0119cie zr\u00f3wnowa\u017conych rozwi\u0105za\u0144 trwaj\u0105cych przez ca\u0142y cykl \u017cycia projektu.<\/p>\n\n<p class=\"has-medium-font-size\">Od etapu projektowania systemu in\u017cynieryjnego, przez faz\u0119 produkcji i konstrukcji, a\u017c do zwolnienia: wszystkie nasze rozwi\u0105zania in\u017cynieryjne maj\u0105 na celu tworzenie d\u0142ugoterminowych korzy\u015bci.<\/p><\/div><\/div><\/div><figure class=\"wp-block-image aligncenter size-full\"><img decoding=\"async\" src=\"https:\/\/maccaferri-stage.softecspa.it\/pl\/wp-content\/uploads\/sites\/23\/2022\/09\/test-img-cta-right.png\" alt=\"\" class=\"wp-image-1986\" \/><\/figure><p><\/p><p><\/p><div class=\"wp-block-mac-h2-title-block block-txt-container box-container\"><div class=\"row\"><div class=\"col title-box-txt\"><h2 style=\"color:#212429;text-align:center\">Cele Zr\u00f3wnowa\u017conego Rozwoju<\/h2><\/div><\/div><\/div><div class=\"wp-block-mac-container-block box-container\"><div class=\"wp-block-columns is-layout-flex wp-container-core-columns-is-layout-9d6595d7 wp-block-columns-is-layout-flex\"><div class=\"wp-block-column is-layout-flow wp-block-column-is-layout-flow\"><div class=\"wp-block-mac-h5-txt-paragraph-block block-txt-container box-container\"><div class=\"row\"><div class=\"col paragraph-box-txt\"><h5 class=\"wp-block-mac-h5-txt-paragraph-block\" style=\"color:#212429;text-align:none\">ONZ okre\u015bli\u0142a cele zr\u00f3wnowa\u017conego rozwoju jako pilne wezwanie do dzia\u0142ania: podj\u0119li\u015bmy to wyzwanie i zobowi\u0105zali\u015bmy si\u0119 do ich osi\u0105gni\u0119cia, krok po kroku.<\/h5><\/div><\/div><\/div><\/div><\/div><\/div><div class=\"wp-block-mac-container-block box-container\"><div class=\"wp-block-columns is-layout-flex wp-container-core-columns-is-layout-9d6595d7 wp-block-columns-is-layout-flex\"><div class=\"wp-block-column is-layout-flow wp-block-column-is-layout-flow\"><p>Obecnie przedsi\u0119biorstwa, zgodnie z celami okre\u015blonymi przez ONZ w Agendzie na rzecz zr\u00f3wnowa\u017conego rozwoju 2030, zobowi\u0105zane s\u0105 przez odpowiednie w\u0142adze i instytucje do opracowywania  rozwi\u0105za\u0144 zapewniaj\u0105cych dobrobyt i bezpiecze\u0144stwo ludzi oraz \u015brodowiska.<\/p>\n\n<p>Agenda 2030 sk\u0142ada si\u0119 z 17 Cel\u00f3w Zr\u00f3wnowa\u017conego Rozwoju (SDGs) w ramach szerszego planu obejmuj\u0105cego 169 powi\u0105zanych cel\u00f3w \u015brodowiskowych, gospodarczych, spo\u0142ecznych i instytucjonalnych, kt\u00f3re maj\u0105 zosta\u0107 osi\u0105gni\u0119te do 2030 r.<\/p>\n\n<p>Siedem lat po podpisaniu Agendy 2030 w spo\u0142ecze\u0144stwie obywatelskim, w \u015bwiecie korporacji i w\u015br\u00f3d rz\u0105d\u00f3w ro\u015bnie \u015bwiadomo\u015b\u0107 potrzeby przyj\u0119cia zintegrowanego podej\u015bcia i podj\u0119cia konkretnych dzia\u0142a\u0144 daj\u0105cych odpowied\u017a na zmiany spo\u0142eczno-gospodarcze, a tak\u017ce wiele z\u0142o\u017conych wyzwa\u0144 \u015brodowiskowych i instytucjonalnych. Wiele firm uwzgl\u0119dni\u0142o Agend\u0119 2030, w\u0142\u0105czaj\u0105c zasad\u0119 zr\u00f3wnowa\u017conego rozwoju do swojej strategii i planowania biznesowego.<\/p>\n\n<p>ONZ zdefiniowa\u0142a cele zr\u00f3wnowa\u017conego rozwoju jako pilne wezwanie do dzia\u0142ania,  firma Maccaferri, dla kt\u00f3rej zr\u00f3wnowa\u017cony rozw\u00f3j jest podstaw\u0105 wizji, szybko odpowiedzia\u0142a, koncentruj\u0105c swoj\u0105 energi\u0119 na strategii maj\u0105cej na celu walk\u0119 ze zmianami klimatycznymi i ochron\u0119 ekosystemu.<\/p>\n\n<div style=\"height:100px\" aria-hidden=\"true\" class=\"wp-block-spacer\"><\/div><\/div><\/div><\/div><div class=\"wp-block-mac-container-block box-container\"><div class=\"wp-block-columns is-layout-flex wp-container-core-columns-is-layout-9d6595d7 wp-block-columns-is-layout-flex\"><div class=\"wp-block-column is-layout-flow wp-block-column-is-layout-flow\" style=\"flex-basis:33.33%\"><figure class=\"wp-block-image size-full\"><img decoding=\"async\" src=\"https:\/\/maccaferri-stage.softecspa.it\/pl\/wp-content\/uploads\/sites\/23\/2022\/12\/sdg-1.png\" alt=\"\" class=\"wp-image-3101\" \/><\/figure><\/div>\n\n<div class=\"wp-block-column is-layout-flow wp-block-column-is-layout-flow\" style=\"flex-basis:66.66%\"><figure class=\"wp-block-image size-full\"><img decoding=\"async\" src=\"https:\/\/maccaferri-stage.softecspa.it\/pl\/wp-content\/uploads\/sites\/23\/2022\/12\/sdg2.png\" alt=\"\" class=\"wp-image-3104\" \/><\/figure><\/div><\/div><\/div><div style=\"height:100px\" aria-hidden=\"true\" class=\"wp-block-spacer\"><\/div><div class=\"wp-block-mac-h2-title-bold-block block-txt-container box-container\"><div class=\"row\"><div class=\"col title-box-txt\"><h2 style=\"color:#004857;text-align:center\">NASZE ZOBOWI\u0104ZANIE<\/h2><\/div><\/div><\/div><div class=\"wp-block-mac-block-left-description-right-image container-media box-container\"><div class=\"row\"><div class=\"col-12 col-lg-6 col-xl-6 col-xxl-6 title-box-txt order-lg-first order-last\" style=\"text-align:default\"><p class=\"description\" style=\"color:#212429\"><strong>PROMUJEMY PRZYJ\u0118CIE CZYSTEJ ENERGII<\/strong><br><br>Opracowujemy rozwi\u0105zania, kt\u00f3re u\u0142atwiaj\u0105 dost\u0119p do niedrogiej i czystej energii.<br><br>Wsp\u00f3\u0142pracujemy z w\u0142adzami, aby <strong>zmaksymalizowa\u0107 udzia\u0142 zielonej energii<\/strong> w globalnym miksie energetycznym.<\/p><\/div><div class=\"col-12 col-lg-6 col-xl-6 col-xxl-6\"><div class=\"box-image\"><img decoding=\"async\" class=\"image\" src=\"https:\/\/maccaferri-stage.softecspa.it\/pl\/wp-content\/uploads\/2023\/06\/SDG-Foto-7-2-min-6.png\" alt=\"Image\" \/><\/div><\/div><\/div><\/div><div class=\"wp-block-mac-block-left-image-right-description container-media box-container\"><div class=\"row\"><div class=\"col-12 col-lg-6 col-xl-6 col-xxl-6\"><div class=\"box-image\"><img decoding=\"async\" class=\"image\" src=\"https:\/\/maccaferri-stage.softecspa.it\/pl\/wp-content\/uploads\/2023\/06\/SDG-Foto-8-1-6.png\" alt=\"Image\" \/><\/div><\/div><div class=\"col-12 col-lg-6 col-xl-6 col-xxl-6 title-box-txt\" style=\"text-align:default\"><p class=\"description\" style=\"color:#212429\"><strong>ANGA\u017bUJEMY LOKALNE SPO\u0141ECZNO\u015aCI<\/strong><br><strong><br><\/strong>Promujemy rozw\u00f3j sprzyjaj\u0105cy zaanga\u017cowaniu spo\u0142ecznemu, oferuj\u0105c rozwi\u0105zania, kt\u00f3re s\u0105  \u0142atwo do wdro\u017cenia przez<strong> lokalnych pracownik\u00f3w<\/strong> bez potrzeby specjalnego przygotowania.<br><br>Wiele spo\u0142eczno\u015bci cierpi z powodu coraz wi\u0119kszej liczby kl\u0119sk \u017cywio\u0142owych, dlatego pracujemy nad skutecznymi rozwi\u0105zaniami maj\u0105cymi na celu szybkie <strong>przywr\u00f3cenie r\u00f3wnowagi gospodarczej.<\/strong><\/p><\/div><\/div><\/div><div class=\"wp-block-mac-block-left-description-right-image container-media box-container\"><div class=\"row\"><div class=\"col-12 col-lg-6 col-xl-6 col-xxl-6 title-box-txt order-lg-first order-last\" style=\"text-align:default\"><p class=\"description\" style=\"color:#212429\"><strong>SPRZYJAMY INNOWACJOM<\/strong><br><br>Zach\u0119camy do <strong>ci\u0105g\u0142ego doskonalenia<\/strong>, aby w centrum bada\u0144 projektowych powstawa\u0142y konstrukcje z d\u0142ugoterminowym wp\u0142ywem na  ekonomi\u0119 i \u015brodowisko.<br><br>Nasz proces projektowania skupia si\u0119 na  testowaniu i inwestycjach w <strong>ocen\u0119 wydajno\u015bci<\/strong> naszych rozwi\u0105za\u0144.<\/p><\/div><div class=\"col-12 col-lg-6 col-xl-6 col-xxl-6\"><div class=\"box-image\"><img decoding=\"async\" class=\"image\" src=\"https:\/\/maccaferri-stage.softecspa.it\/pl\/wp-content\/uploads\/2023\/06\/SDG-Foto-9-1-min-6.png\" alt=\"Image\" \/><\/div><\/div><\/div><\/div><div class=\"wp-block-mac-block-left-image-right-description container-media box-container\"><div class=\"row\"><div class=\"col-12 col-lg-6 col-xl-6 col-xxl-6\"><div class=\"box-image\"><img decoding=\"async\" class=\"image\" src=\"https:\/\/maccaferri-stage.softecspa.it\/pl\/wp-content\/uploads\/2023\/06\/SDG-Foto-11-1-min-6.png\" alt=\"Image\" \/><\/div><\/div><div class=\"col-12 col-lg-6 col-xl-6 col-xxl-6 title-box-txt\" style=\"text-align:default\"><p class=\"description\" style=\"color:#212429\"><strong>ZAPEWNIAMY<\/strong> <strong>BEZPIECZE\u0143STWO LUDZI I OCHRON\u0118 MAJ\u0104TKU<br><br><\/strong>Opracowanie niestandardowych rozwi\u0105za\u0144 dla ka\u017cdego problemu zwi\u0105zanego z bezpiecze\u0144stwem, pozwala <strong>zminimalizowa\u0107 ryzyko<\/strong>.<br><br>Ludzie, dziedzictwo historyczne i kulturowe oraz infrastruktura musz\u0105 by\u0107 chronione.<\/p><\/div><\/div><\/div><div class=\"wp-block-mac-block-left-description-right-image container-media box-container\"><div class=\"row\"><div class=\"col-12 col-lg-6 col-xl-6 col-xxl-6 title-box-txt order-lg-first order-last\" style=\"text-align:default\"><p class=\"description\" style=\"color:#212429\"><strong> PROJEKTUJEMY I PRODUKUJEMY<\/strong> <strong>ODPOWIEDZIALNIE<\/strong><br><br>Optymalizuj\u0105c projekt promujemy zr\u00f3wnowa\u017con\u0105 gospodark\u0119 materia\u0142ow\u0105, oszcz\u0119dzaj\u0105c zasoby i redukuj\u0105c odpady.\u00a0 <strong>Ograniczamy zu\u017cycie, u\u017cywamy ponownie i prowadzimy recykling materia\u0142\u00f3w.<\/strong><br><br>Zobowi\u0105zujemy si\u0119 r\u00f3wnie\u017c do <strong>przejrzysto\u015bci<\/strong>, dostarczaj\u0105c wiarygodnych <br>i \u0142atwych do por\u00f3wnania informacji na temat cyklu \u017cycia produktu oraz  wp\u0142ywu naszych produkt\u00f3w na \u015brodowisko.<br><a href=\"https:\/\/maccaferri-stage.softecspa.it\/epd-certification\">Dowiedz si\u0119 wi\u0119cej &gt;&gt;&gt;<\/a><\/p><\/div><div class=\"col-12 col-lg-6 col-xl-6 col-xxl-6\"><div class=\"box-image\"><img decoding=\"async\" class=\"image\" src=\"https:\/\/maccaferri-stage.softecspa.it\/pl\/wp-content\/uploads\/2023\/06\/SDG-Foto-12-1-min-6.png\" alt=\"Image\" \/><\/div><\/div><\/div><\/div><div class=\"wp-block-mac-block-left-image-right-description container-media box-container\"><div class=\"row\"><div class=\"col-12 col-lg-6 col-xl-6 col-xxl-6\"><div class=\"box-image\"><img decoding=\"async\" class=\"image\" src=\"https:\/\/maccaferri-stage.softecspa.it\/pl\/wp-content\/uploads\/2023\/06\/SDG-Foto-13-11-1-6.png\" alt=\"Image\" \/><\/div><\/div><div class=\"col-12 col-lg-6 col-xl-6 col-xxl-6 title-box-txt\" style=\"text-align:default\"><p class=\"description\" style=\"color:#212429\"><strong>INTEGRACJA ZE \u015aRODOWISKIEM NATURALNYM<br><br><\/strong>Dbamy o <strong>naturalizacj\u0119 naszych konstrukcji in\u017cynierskich<\/strong> i wierzymy, \u017ce \u0142\u0105czenie technik wegetacji i sadzenia na etapie projektowania jest dodatkowym walorem ekologicznym naszych rozwi\u0105za\u0144.<br><br>Pracujemy nad popraw\u0105 og\u00f3lnej estetyki naszych konstrukcji, aby lepiej zintegrowa\u0107 je z naszymi \u015brodowiskami miejskimi.<\/p><\/div><\/div><\/div><h2 class=\"wp-block-heading\"> <\/h2><div class=\"wp-block-mac-block-left-description-right-image container-media box-container\"><div class=\"row\"><div class=\"col-12 col-lg-6 col-xl-6 col-xxl-6 title-box-txt order-lg-first order-last\" style=\"text-align:default\"><p class=\"description\" style=\"color:#212429\"><strong>POSZANOWANIE I ZWI\u0118KSZENIE R\u00d3\u017bNORODNO\u015aCI BIOLOGICZNEJ<\/strong><br><strong><br><\/strong>Staramy si\u0119 ograniczy\u0107 <strong>wp\u0142yw naszych rozwi\u0105za\u0144<\/strong> <strong>na \u015brodowisko<\/strong> oraz osi\u0105gn\u0105\u0107 r\u00f3wnowag\u0119 pomi\u0119dzy wydajno\u015bci\u0105 techniczn\u0105, a integracj\u0105 z natur\u0105.<br><br>Jednym z naszych pomys\u0142\u00f3w jest preferowanie <strong>rozwi\u0105za\u0144, kt\u00f3re zwi\u0119kszaj\u0105 bior\u00f3\u017cnorodno\u015b\u0107<\/strong>, zapewniaj\u0105 doskona\u0142e siedliska dla r\u00f3\u017cnych gatunk\u00f3w dzikich zwierz\u0105t i respektuj\u0105 ich obecno\u015b\u0107.<\/p><\/div><div class=\"col-12 col-lg-6 col-xl-6 col-xxl-6\"><div class=\"box-image\"><img decoding=\"async\" class=\"image\" src=\"https:\/\/maccaferri-stage.softecspa.it\/pl\/wp-content\/uploads\/2023\/06\/SDG-Foto-14-15-1-min-6.png\" alt=\"Image\" \/><\/div><\/div><\/div><\/div><div style=\"height:100px\" aria-hidden=\"true\" class=\"wp-block-spacer\"><\/div><div class=\"wp-block-buttons is-content-justification-center is-layout-flex wp-container-core-buttons-is-layout-16018d1d wp-block-buttons-is-layout-flex\"><div class=\"wp-block-button\"><a class=\"wp-block-button__link wp-element-button\" href=\"https:\/\/maccaferri-stage.softecspa.it\/pl\/download\/maccaferri-sustainability-2022-2\" target=\"_blank\" rel=\"noreferrer noopener\">POBIERZ PE\u0141N\u0104 PREZENTACJ\u0118<\/a><\/div><\/div><div style=\"height:100px\" aria-hidden=\"true\" class=\"wp-block-spacer\"><\/div>","protected":false},"excerpt":{"rendered":"","protected":false},"author":1,"featured_media":0,"parent":0,"menu_order":0,"comment_status":"closed","ping_status":"closed","template":"","meta":{"_acf_changed":false,"_joinchat":[],"footnotes":""},"class_list":["post-1375","page","type-page","status-publish","hentry"],"acf":{"uuid_products":"","product-documents":""},"yoast_head":"<!-- This site is optimized with the Yoast SEO Premium plugin v27.0 (Yoast SEO v27.0) - https:\/\/yoast.com\/product\/yoast-seo-premium-wordpress\/ -->\n<title>Zr\u00f3wnowa\u017cony Rozw\u00f3j - Maccaferri Polska<\/title>\n<meta name=\"robots\" content=\"index, follow, max-snippet:-1, max-image-preview:large, max-video-preview:-1\" \/>\n<link rel=\"canonical\" href=\"https:\/\/maccaferri-stage.softecspa.it\/pl\/zrownowazony-rozwoj\/\" \/>\n<meta property=\"og:locale\" content=\"pl_PL\" \/>\n<meta property=\"og:type\" content=\"article\" \/>\n<meta property=\"og:title\" content=\"Zr\u00f3wnowa\u017cony Rozw\u00f3j\" \/>\n<meta property=\"og:url\" content=\"https:\/\/maccaferri-stage.softecspa.it\/pl\/zrownowazony-rozwoj\/\" \/>\n<meta property=\"og:site_name\" content=\"Maccaferri Polska\" \/>\n<meta property=\"article:modified_time\" content=\"2024-02-12T13:08:27+00:00\" \/>\n<meta property=\"og:image\" content=\"https:\/\/maccaferri-stage.softecspa.it\/pl\/wp-content\/uploads\/sites\/23\/2022\/12\/Sustainability_Gabion_3.jpg\" \/>\n<meta name=\"twitter:card\" content=\"summary_large_image\" \/>\n<meta name=\"twitter:label1\" content=\"Est. reading time\" \/>\n\t<meta name=\"twitter:data1\" content=\"6 minutes\" \/>\n<script type=\"application\/ld+json\" class=\"yoast-schema-graph\">{\"@context\":\"https:\/\/schema.org\",\"@graph\":[{\"@type\":\"WebPage\",\"@id\":\"https:\/\/maccaferri-stage.softecspa.it\/pl\/zrownowazony-rozwoj\/\",\"url\":\"https:\/\/maccaferri-stage.softecspa.it\/pl\/zrownowazony-rozwoj\/\",\"name\":\"Zr\u00f3wnowa\u017cony Rozw\u00f3j - Maccaferri Polska\",\"isPartOf\":{\"@id\":\"https:\/\/maccaferri-stage.softecspa.it\/pl\/#website\"},\"primaryImageOfPage\":{\"@id\":\"https:\/\/maccaferri-stage.softecspa.it\/pl\/zrownowazony-rozwoj\/#primaryimage\"},\"image\":{\"@id\":\"https:\/\/maccaferri-stage.softecspa.it\/pl\/zrownowazony-rozwoj\/#primaryimage\"},\"thumbnailUrl\":\"https:\/\/maccaferri-stage.softecspa.it\/pl\/wp-content\/uploads\/sites\/23\/2022\/12\/Sustainability_Gabion_3.jpg\",\"datePublished\":\"2022-07-28T13:26:58+00:00\",\"dateModified\":\"2024-02-12T13:08:27+00:00\",\"breadcrumb\":{\"@id\":\"https:\/\/maccaferri-stage.softecspa.it\/pl\/zrownowazony-rozwoj\/#breadcrumb\"},\"inLanguage\":\"pl-PL\",\"potentialAction\":[{\"@type\":\"ReadAction\",\"target\":[\"https:\/\/maccaferri-stage.softecspa.it\/pl\/zrownowazony-rozwoj\/\"]}]},{\"@type\":\"ImageObject\",\"inLanguage\":\"pl-PL\",\"@id\":\"https:\/\/maccaferri-stage.softecspa.it\/pl\/zrownowazony-rozwoj\/#primaryimage\",\"url\":\"https:\/\/maccaferri-stage.softecspa.it\/pl\/wp-content\/uploads\/sites\/23\/2022\/12\/Sustainability_Gabion_3.jpg\",\"contentUrl\":\"https:\/\/maccaferri-stage.softecspa.it\/pl\/wp-content\/uploads\/sites\/23\/2022\/12\/Sustainability_Gabion_3.jpg\"},{\"@type\":\"BreadcrumbList\",\"@id\":\"https:\/\/maccaferri-stage.softecspa.it\/pl\/zrownowazony-rozwoj\/#breadcrumb\",\"itemListElement\":[{\"@type\":\"ListItem\",\"position\":1,\"name\":\"Home\",\"item\":\"https:\/\/maccaferri-stage.softecspa.it\/pl\/\"},{\"@type\":\"ListItem\",\"position\":2,\"name\":\"Zr\u00f3wnowa\u017cony Rozw\u00f3j\"}]},{\"@type\":\"WebSite\",\"@id\":\"https:\/\/maccaferri-stage.softecspa.it\/pl\/#website\",\"url\":\"https:\/\/maccaferri-stage.softecspa.it\/pl\/\",\"name\":\"Maccaferri Polska\",\"description\":\"\",\"publisher\":{\"@id\":\"https:\/\/maccaferri-stage.softecspa.it\/pl\/#organization\"},\"potentialAction\":[{\"@type\":\"SearchAction\",\"target\":{\"@type\":\"EntryPoint\",\"urlTemplate\":\"https:\/\/maccaferri-stage.softecspa.it\/pl\/?s={search_term_string}\"},\"query-input\":{\"@type\":\"PropertyValueSpecification\",\"valueRequired\":true,\"valueName\":\"search_term_string\"}}],\"inLanguage\":\"pl-PL\"},{\"@type\":\"Organization\",\"@id\":\"https:\/\/maccaferri-stage.softecspa.it\/pl\/#organization\",\"name\":\"Maccaferri Polska\",\"url\":\"https:\/\/maccaferri-stage.softecspa.it\/pl\/\",\"logo\":{\"@type\":\"ImageObject\",\"inLanguage\":\"pl-PL\",\"@id\":\"https:\/\/maccaferri-stage.softecspa.it\/pl\/#\/schema\/logo\/image\/\",\"url\":\"\",\"contentUrl\":\"\",\"caption\":\"Maccaferri Polska\"},\"image\":{\"@id\":\"https:\/\/maccaferri-stage.softecspa.it\/pl\/#\/schema\/logo\/image\/\"}}]}<\/script>\n<!-- \/ Yoast SEO Premium plugin. -->","yoast_head_json":{"title":"Zr\u00f3wnowa\u017cony Rozw\u00f3j - Maccaferri Polska","robots":{"index":"index","follow":"follow","max-snippet":"max-snippet:-1","max-image-preview":"max-image-preview:large","max-video-preview":"max-video-preview:-1"},"canonical":"https:\/\/maccaferri-stage.softecspa.it\/pl\/zrownowazony-rozwoj\/","og_locale":"pl_PL","og_type":"article","og_title":"Zr\u00f3wnowa\u017cony Rozw\u00f3j","og_url":"https:\/\/maccaferri-stage.softecspa.it\/pl\/zrownowazony-rozwoj\/","og_site_name":"Maccaferri Polska","article_modified_time":"2024-02-12T13:08:27+00:00","og_image":[{"url":"https:\/\/maccaferri-stage.softecspa.it\/pl\/wp-content\/uploads\/sites\/23\/2022\/12\/Sustainability_Gabion_3.jpg","type":"","width":"","height":""}],"twitter_card":"summary_large_image","twitter_misc":{"Est. reading time":"6 minutes"},"schema":{"@context":"https:\/\/schema.org","@graph":[{"@type":"WebPage","@id":"https:\/\/maccaferri-stage.softecspa.it\/pl\/zrownowazony-rozwoj\/","url":"https:\/\/maccaferri-stage.softecspa.it\/pl\/zrownowazony-rozwoj\/","name":"Zr\u00f3wnowa\u017cony Rozw\u00f3j - Maccaferri Polska","isPartOf":{"@id":"https:\/\/maccaferri-stage.softecspa.it\/pl\/#website"},"primaryImageOfPage":{"@id":"https:\/\/maccaferri-stage.softecspa.it\/pl\/zrownowazony-rozwoj\/#primaryimage"},"image":{"@id":"https:\/\/maccaferri-stage.softecspa.it\/pl\/zrownowazony-rozwoj\/#primaryimage"},"thumbnailUrl":"https:\/\/maccaferri-stage.softecspa.it\/pl\/wp-content\/uploads\/sites\/23\/2022\/12\/Sustainability_Gabion_3.jpg","datePublished":"2022-07-28T13:26:58+00:00","dateModified":"2024-02-12T13:08:27+00:00","breadcrumb":{"@id":"https:\/\/maccaferri-stage.softecspa.it\/pl\/zrownowazony-rozwoj\/#breadcrumb"},"inLanguage":"pl-PL","potentialAction":[{"@type":"ReadAction","target":["https:\/\/maccaferri-stage.softecspa.it\/pl\/zrownowazony-rozwoj\/"]}]},{"@type":"ImageObject","inLanguage":"pl-PL","@id":"https:\/\/maccaferri-stage.softecspa.it\/pl\/zrownowazony-rozwoj\/#primaryimage","url":"https:\/\/maccaferri-stage.softecspa.it\/pl\/wp-content\/uploads\/sites\/23\/2022\/12\/Sustainability_Gabion_3.jpg","contentUrl":"https:\/\/maccaferri-stage.softecspa.it\/pl\/wp-content\/uploads\/sites\/23\/2022\/12\/Sustainability_Gabion_3.jpg"},{"@type":"BreadcrumbList","@id":"https:\/\/maccaferri-stage.softecspa.it\/pl\/zrownowazony-rozwoj\/#breadcrumb","itemListElement":[{"@type":"ListItem","position":1,"name":"Home","item":"https:\/\/maccaferri-stage.softecspa.it\/pl\/"},{"@type":"ListItem","position":2,"name":"Zr\u00f3wnowa\u017cony Rozw\u00f3j"}]},{"@type":"WebSite","@id":"https:\/\/maccaferri-stage.softecspa.it\/pl\/#website","url":"https:\/\/maccaferri-stage.softecspa.it\/pl\/","name":"Maccaferri Polska","description":"","publisher":{"@id":"https:\/\/maccaferri-stage.softecspa.it\/pl\/#organization"},"potentialAction":[{"@type":"SearchAction","target":{"@type":"EntryPoint","urlTemplate":"https:\/\/maccaferri-stage.softecspa.it\/pl\/?s={search_term_string}"},"query-input":{"@type":"PropertyValueSpecification","valueRequired":true,"valueName":"search_term_string"}}],"inLanguage":"pl-PL"},{"@type":"Organization","@id":"https:\/\/maccaferri-stage.softecspa.it\/pl\/#organization","name":"Maccaferri Polska","url":"https:\/\/maccaferri-stage.softecspa.it\/pl\/","logo":{"@type":"ImageObject","inLanguage":"pl-PL","@id":"https:\/\/maccaferri-stage.softecspa.it\/pl\/#\/schema\/logo\/image\/","url":"","contentUrl":"","caption":"Maccaferri Polska"},"image":{"@id":"https:\/\/maccaferri-stage.softecspa.it\/pl\/#\/schema\/logo\/image\/"}}]}},"_links":{"self":[{"href":"https:\/\/maccaferri-stage.softecspa.it\/pl\/wp-json\/wp\/v2\/pages\/1375","targetHints":{"allow":["GET"]}}],"collection":[{"href":"https:\/\/maccaferri-stage.softecspa.it\/pl\/wp-json\/wp\/v2\/pages"}],"about":[{"href":"https:\/\/maccaferri-stage.softecspa.it\/pl\/wp-json\/wp\/v2\/types\/page"}],"author":[{"embeddable":true,"href":"https:\/\/maccaferri-stage.softecspa.it\/pl\/wp-json\/wp\/v2\/users\/1"}],"replies":[{"embeddable":true,"href":"https:\/\/maccaferri-stage.softecspa.it\/pl\/wp-json\/wp\/v2\/comments?post=1375"}],"version-history":[{"count":56,"href":"https:\/\/maccaferri-stage.softecspa.it\/pl\/wp-json\/wp\/v2\/pages\/1375\/revisions"}],"predecessor-version":[{"id":59560,"href":"https:\/\/maccaferri-stage.softecspa.it\/pl\/wp-json\/wp\/v2\/pages\/1375\/revisions\/59560"}],"wp:attachment":[{"href":"https:\/\/maccaferri-stage.softecspa.it\/pl\/wp-json\/wp\/v2\/media?parent=1375"}],"curies":[{"name":"wp","href":"https:\/\/api.w.org\/{rel}","templated":true}]}}