{"id":1398,"date":"2022-07-29T11:40:29","date_gmt":"2022-07-29T09:40:29","guid":{"rendered":"https:\/\/maccaferri-stage.softecspa.it\/pl\/?page_id=1398"},"modified":"2024-02-12T13:32:42","modified_gmt":"2024-02-12T12:32:42","slug":"innowacje","status":"publish","type":"page","link":"https:\/\/maccaferri-stage.softecspa.it\/pl\/innowacje\/","title":{"rendered":"Innowacje"},"content":{"rendered":"<div class=\"wp-block-mac-h1-title-hero-block container-fluid block-txt-container\" style=\"background:linear-gradient(180deg,rgb(1,94,111) 0%,rgb(0,72,87) 100%)\"><div class=\"row\"><div class=\"col\"><div class=\"gts__picture\"><img decoding=\"async\" src=\"https:\/\/maccaferri-stage.softecspa.it\/pl\/wp-content\/uploads\/sites\/23\/2022\/12\/Adv-2-1.jpg\" style=\"display:none\" \/><div class=\"gts__picture__image\" style=\"background-image:url(https:\/\/maccaferri-stage.softecspa.it\/pl\/wp-content\/uploads\/sites\/23\/2022\/12\/Adv-2-1.jpg)\"><\/div><\/div><div class=\"container box-container\"><div class=\"row\"><div class=\"col title-box-txt\"><h1 class=\"wp-block-mac-h1-title-hero-block\" style=\"color:#ffffff;text-align:none\">Innowacje<\/h1><\/div><\/div><\/div><\/div><\/div><\/div><div class=\"wp-block-mac-h2-title-block block-txt-container box-container\"><div class=\"row\"><div class=\"col title-box-txt\"><h2 style=\"color:#212429;text-align:none\">DOSTOSOWANE OPROGRAMOWANIE MACCAFERRI<\/h2><\/div><\/div><\/div><div class=\"wp-block-columns is-layout-flex wp-container-core-columns-is-layout-9d6595d7 wp-block-columns-is-layout-flex\"><div class=\"wp-block-column is-layout-flow wp-block-column-is-layout-flow\"><div class=\"wp-block-mac-container-block box-container\"><div class=\"wp-block-columns is-layout-flex wp-container-core-columns-is-layout-9d6595d7 wp-block-columns-is-layout-flex\"><div class=\"wp-block-column is-layout-flow wp-block-column-is-layout-flow\"><div class=\"wp-block-columns is-layout-flex wp-container-core-columns-is-layout-9d6595d7 wp-block-columns-is-layout-flex\"><div class=\"wp-block-column is-layout-flow wp-block-column-is-layout-flow\"><p class=\"has-medium-font-size\">Nasz przyjazny dla u\u017cytkownika pakiet oprogramowania, opracowany we wsp\u00f3\u0142pracy z wiod\u0105cymi instytutami i uniwersytetami na ca\u0142ym \u015bwiecie, umo\u017cliwia projektowanie skutecznych i niezawodnych rozwi\u0105za\u0144 in\u017cynieryjnych.<\/p>\n\n<p class=\"has-medium-font-size\">W oparciu o dane zebrane w ci\u0105gu dziesi\u0119cioleci do\u015bwiadcze\u0144 w terenie oraz podczas serii rygorystycznych  test\u00f3w, nasze darmowe oprogramowanie spe\u0142nia wymagania in\u017cynier\u00f3w budownictwa i geotechniki na ca\u0142ym \u015bwiecie, oferuj\u0105c realizacj\u0119 projektu optymalnego pod wzgl\u0119dem czasu, koszt\u00f3w i jako\u015bci.<\/p>\n\n<p class=\"has-medium-font-size\">Skontaktuj si\u0119 z nami, aby przeszkoli\u0107 si\u0119 w u\u017cywaniu naszych  program\u00f3w do  projektowania zaawansowanych i wymagaj\u0105cych rozwi\u0105za\u0144 in\u017cynieryjnych.<\/p><\/div>\n\n<div class=\"wp-block-column is-layout-flow wp-block-column-is-layout-flow\"><figure class=\"wp-block-image aligncenter size-full\"><img decoding=\"async\" src=\"https:\/\/maccaferri-stage.softecspa.it\/pl\/wp-content\/uploads\/sites\/23\/2022\/12\/catterre.png\" alt=\"\" class=\"wp-image-3138\" \/><\/figure><\/div><\/div><\/div><\/div><\/div><\/div><\/div><div class=\"wp-block-mac-banner-title-cta  box-container block-cta\" style=\"background:#015E6F\"><div class=\"container box-container\"><div class=\"row\"><div class=\"col-2 col-sm-2 col-md-2 col-lg-2 col-xl-2 col-xxl-2\"><div class=\"box-image\"><img decoding=\"async\" class=\"image\" src=\"https:\/\/maccaferri-stage.softecspa.it\/pl\/wp-content\/uploads\/sites\/23\/2022\/11\/img-banner-software.png\" alt=\"Image\" \/><\/div><\/div><div class=\"col-7 col-sm-7 col-md-7 col-lg-7 col-xl-7 col-xxl-7\"><div class=\"banner-box-txt\" style=\"text-align:default\"><h4 class=\"title\">WYKORZYSTAJ NASZE <br>OPROGRAMOWANIE<\/h4><\/div><\/div><div class=\"col-3 col-sm-3 col-md-3 col-lg-3 col-xl-3 col-xxl-3\"><div class=\"button-box-txt\"><a href=\"https:\/\/maccaferri-stage.softecspa.it\/pl\/maccaferri-oprogramowanie-suite\" target=\"_blank\" class=\"buttonurl\" rel=\"noopener\"><span class=\"buttontext\">przejd\u017a do platformy<\/span><\/a><\/div><\/div><\/div><\/div><\/div><div style=\"height:100px\" aria-hidden=\"true\" class=\"wp-block-spacer\"><\/div><div class=\"wp-block-mac-h2-title-block block-txt-container box-container\"><div class=\"row\"><div class=\"col title-box-txt\"><h2 style=\"color:#212429;text-align:none\">OBIEKTY BIM MACCAFERRI<\/h2><\/div><\/div><\/div><div class=\"wp-block-mac-container-block box-container\"><div class=\"wp-block-columns is-layout-flex wp-container-core-columns-is-layout-9d6595d7 wp-block-columns-is-layout-flex\"><div class=\"wp-block-column is-layout-flow wp-block-column-is-layout-flow\"><div class=\"wp-block-columns is-layout-flex wp-container-core-columns-is-layout-9d6595d7 wp-block-columns-is-layout-flex\"><div class=\"wp-block-column is-layout-flow wp-block-column-is-layout-flow\"><figure class=\"wp-block-image size-large\"><img decoding=\"async\" src=\"https:\/\/maccaferri-stage.softecspa.it\/pl\/wp-content\/uploads\/sites\/23\/2022\/12\/Maccaferri-BIM-Objects-1024x675.png\" alt=\"\" class=\"wp-image-3547\" \/><\/figure>\n\n<p><\/p><\/div>\n\n<div class=\"wp-block-column is-layout-flow wp-block-column-is-layout-flow\"><p class=\"has-medium-font-size\">Building Information Modeling (BIM) to inteligentny proces oparty na modelach 3D. Niesamowite, nowe narz\u0119dzie dla profesjonalist\u00f3w z dziedziny in\u017cynierii i budownictwa.<\/p>\n\n<p class=\"has-medium-font-size\">Firma Maccaferri jest zaanga\u017cowana w promowanie wsp\u00f3\u0142pracy pomi\u0119dzy interesariuszami z bran\u017cy w ci\u0105gu ca\u0142ego cyklu \u017cycia projektu.<\/p>\n\n<p class=\"has-medium-font-size\">Maj\u0105c na uwadze ten cel, udost\u0119pniamy nasze rozwi\u0105zania r\u00f3wnie\u017c jako obiekty Modelu Informacji o Budynku, zach\u0119caj\u0105c do przyj\u0119cia technologii BIM w celu usprawnienia proces\u00f3w projektowania i budowy, a tak\u017ce zapobiegaj\u0105c niedok\u0142adno\u015bciom w pracach na miejscu.<\/p><\/div><\/div><\/div><\/div><\/div><div class=\"wp-block-columns is-layout-flex wp-container-core-columns-is-layout-9d6595d7 wp-block-columns-is-layout-flex\"><div class=\"wp-block-column is-layout-flow wp-block-column-is-layout-flow\"><div class=\"wp-block-mac-container-block box-container\"><div class=\"wp-block-columns is-layout-flex wp-container-core-columns-is-layout-9d6595d7 wp-block-columns-is-layout-flex\"><div class=\"wp-block-column is-layout-flow wp-block-column-is-layout-flow\"><div class=\"wp-block-mac-banner-title-cta  box-container block-cta\" style=\"background:#015E6F\"><div class=\"container box-container\"><div class=\"row\"><div class=\"col-2 col-sm-2 col-md-2 col-lg-2 col-xl-2 col-xxl-2\"><div class=\"box-image\"><img decoding=\"async\" class=\"image\" src=\"https:\/\/maccaferri-stage.softecspa.it\/pl\/wp-content\/uploads\/sites\/23\/2022\/11\/img-banner-software.png\" alt=\"Image\" \/><\/div><\/div><div class=\"col-7 col-sm-7 col-md-7 col-lg-7 col-xl-7 col-xxl-7\"><div class=\"banner-box-txt\" style=\"text-align:default\"><h4 class=\"title\">WYKORZYSTAJ NASZE OBIEKTY BIM DO PROJEKTOWANIA PRZYSZ\u0141O\u015aCI<\/h4><\/div><\/div><div class=\"col-3 col-sm-3 col-md-3 col-lg-3 col-xl-3 col-xxl-3\"><div class=\"button-box-txt\"><a href=\"https:\/\/maccaferri-stage.softecspa.it\/pl\/biblioteka-obiektow-bim\" target=\"_blank\" class=\"buttonurl\" rel=\"noopener\"><span class=\"buttontext\">Przejdz do biblioteki<\/span><\/a><\/div><\/div><\/div><\/div><\/div><\/div><\/div><\/div><\/div><\/div>","protected":false},"excerpt":{"rendered":"","protected":false},"author":1,"featured_media":0,"parent":0,"menu_order":0,"comment_status":"closed","ping_status":"closed","template":"","meta":{"_acf_changed":false,"_joinchat":[],"footnotes":""},"class_list":["post-1398","page","type-page","status-publish","hentry"],"acf":{"uuid_products":"","product-documents":""},"yoast_head":"<!-- This site is optimized with the Yoast SEO Premium plugin v27.0 (Yoast SEO v27.0) - https:\/\/yoast.com\/product\/yoast-seo-premium-wordpress\/ -->\n<title>Innowacje - Maccaferri Polska<\/title>\n<meta name=\"robots\" content=\"index, follow, max-snippet:-1, max-image-preview:large, max-video-preview:-1\" \/>\n<link rel=\"canonical\" href=\"https:\/\/maccaferri-stage.softecspa.it\/pl\/innowacje\/\" \/>\n<meta property=\"og:locale\" content=\"pl_PL\" \/>\n<meta property=\"og:type\" content=\"article\" \/>\n<meta property=\"og:title\" content=\"Innowacje\" \/>\n<meta property=\"og:url\" content=\"https:\/\/maccaferri-stage.softecspa.it\/pl\/innowacje\/\" \/>\n<meta property=\"og:site_name\" content=\"Maccaferri Polska\" \/>\n<meta property=\"article:modified_time\" content=\"2024-02-12T12:32:42+00:00\" \/>\n<meta property=\"og:image\" content=\"https:\/\/maccaferri-stage.softecspa.it\/pl\/wp-content\/uploads\/sites\/23\/2022\/12\/Adv-2-1.jpg\" \/>\n<meta name=\"twitter:card\" content=\"summary_large_image\" \/>\n<meta name=\"twitter:label1\" content=\"Est. reading time\" \/>\n\t<meta name=\"twitter:data1\" content=\"3 minutes\" \/>\n<script type=\"application\/ld+json\" class=\"yoast-schema-graph\">{\"@context\":\"https:\/\/schema.org\",\"@graph\":[{\"@type\":\"WebPage\",\"@id\":\"https:\/\/maccaferri-stage.softecspa.it\/pl\/innowacje\/\",\"url\":\"https:\/\/maccaferri-stage.softecspa.it\/pl\/innowacje\/\",\"name\":\"Innowacje - Maccaferri Polska\",\"isPartOf\":{\"@id\":\"https:\/\/maccaferri-stage.softecspa.it\/pl\/#website\"},\"primaryImageOfPage\":{\"@id\":\"https:\/\/maccaferri-stage.softecspa.it\/pl\/innowacje\/#primaryimage\"},\"image\":{\"@id\":\"https:\/\/maccaferri-stage.softecspa.it\/pl\/innowacje\/#primaryimage\"},\"thumbnailUrl\":\"https:\/\/maccaferri-stage.softecspa.it\/pl\/wp-content\/uploads\/sites\/23\/2022\/12\/Adv-2-1.jpg\",\"datePublished\":\"2022-07-29T09:40:29+00:00\",\"dateModified\":\"2024-02-12T12:32:42+00:00\",\"breadcrumb\":{\"@id\":\"https:\/\/maccaferri-stage.softecspa.it\/pl\/innowacje\/#breadcrumb\"},\"inLanguage\":\"pl-PL\",\"potentialAction\":[{\"@type\":\"ReadAction\",\"target\":[\"https:\/\/maccaferri-stage.softecspa.it\/pl\/innowacje\/\"]}]},{\"@type\":\"ImageObject\",\"inLanguage\":\"pl-PL\",\"@id\":\"https:\/\/maccaferri-stage.softecspa.it\/pl\/innowacje\/#primaryimage\",\"url\":\"https:\/\/maccaferri-stage.softecspa.it\/pl\/wp-content\/uploads\/sites\/23\/2022\/12\/Adv-2-1.jpg\",\"contentUrl\":\"https:\/\/maccaferri-stage.softecspa.it\/pl\/wp-content\/uploads\/sites\/23\/2022\/12\/Adv-2-1.jpg\"},{\"@type\":\"BreadcrumbList\",\"@id\":\"https:\/\/maccaferri-stage.softecspa.it\/pl\/innowacje\/#breadcrumb\",\"itemListElement\":[{\"@type\":\"ListItem\",\"position\":1,\"name\":\"Home\",\"item\":\"https:\/\/maccaferri-stage.softecspa.it\/pl\/\"},{\"@type\":\"ListItem\",\"position\":2,\"name\":\"Innowacje\"}]},{\"@type\":\"WebSite\",\"@id\":\"https:\/\/maccaferri-stage.softecspa.it\/pl\/#website\",\"url\":\"https:\/\/maccaferri-stage.softecspa.it\/pl\/\",\"name\":\"Maccaferri Polska\",\"description\":\"\",\"publisher\":{\"@id\":\"https:\/\/maccaferri-stage.softecspa.it\/pl\/#organization\"},\"potentialAction\":[{\"@type\":\"SearchAction\",\"target\":{\"@type\":\"EntryPoint\",\"urlTemplate\":\"https:\/\/maccaferri-stage.softecspa.it\/pl\/?s={search_term_string}\"},\"query-input\":{\"@type\":\"PropertyValueSpecification\",\"valueRequired\":true,\"valueName\":\"search_term_string\"}}],\"inLanguage\":\"pl-PL\"},{\"@type\":\"Organization\",\"@id\":\"https:\/\/maccaferri-stage.softecspa.it\/pl\/#organization\",\"name\":\"Maccaferri Polska\",\"url\":\"https:\/\/maccaferri-stage.softecspa.it\/pl\/\",\"logo\":{\"@type\":\"ImageObject\",\"inLanguage\":\"pl-PL\",\"@id\":\"https:\/\/maccaferri-stage.softecspa.it\/pl\/#\/schema\/logo\/image\/\",\"url\":\"\",\"contentUrl\":\"\",\"caption\":\"Maccaferri Polska\"},\"image\":{\"@id\":\"https:\/\/maccaferri-stage.softecspa.it\/pl\/#\/schema\/logo\/image\/\"}}]}<\/script>\n<!-- \/ Yoast SEO Premium plugin. -->","yoast_head_json":{"title":"Innowacje - Maccaferri Polska","robots":{"index":"index","follow":"follow","max-snippet":"max-snippet:-1","max-image-preview":"max-image-preview:large","max-video-preview":"max-video-preview:-1"},"canonical":"https:\/\/maccaferri-stage.softecspa.it\/pl\/innowacje\/","og_locale":"pl_PL","og_type":"article","og_title":"Innowacje","og_url":"https:\/\/maccaferri-stage.softecspa.it\/pl\/innowacje\/","og_site_name":"Maccaferri Polska","article_modified_time":"2024-02-12T12:32:42+00:00","og_image":[{"url":"https:\/\/maccaferri-stage.softecspa.it\/pl\/wp-content\/uploads\/sites\/23\/2022\/12\/Adv-2-1.jpg","type":"","width":"","height":""}],"twitter_card":"summary_large_image","twitter_misc":{"Est. reading time":"3 minutes"},"schema":{"@context":"https:\/\/schema.org","@graph":[{"@type":"WebPage","@id":"https:\/\/maccaferri-stage.softecspa.it\/pl\/innowacje\/","url":"https:\/\/maccaferri-stage.softecspa.it\/pl\/innowacje\/","name":"Innowacje - Maccaferri Polska","isPartOf":{"@id":"https:\/\/maccaferri-stage.softecspa.it\/pl\/#website"},"primaryImageOfPage":{"@id":"https:\/\/maccaferri-stage.softecspa.it\/pl\/innowacje\/#primaryimage"},"image":{"@id":"https:\/\/maccaferri-stage.softecspa.it\/pl\/innowacje\/#primaryimage"},"thumbnailUrl":"https:\/\/maccaferri-stage.softecspa.it\/pl\/wp-content\/uploads\/sites\/23\/2022\/12\/Adv-2-1.jpg","datePublished":"2022-07-29T09:40:29+00:00","dateModified":"2024-02-12T12:32:42+00:00","breadcrumb":{"@id":"https:\/\/maccaferri-stage.softecspa.it\/pl\/innowacje\/#breadcrumb"},"inLanguage":"pl-PL","potentialAction":[{"@type":"ReadAction","target":["https:\/\/maccaferri-stage.softecspa.it\/pl\/innowacje\/"]}]},{"@type":"ImageObject","inLanguage":"pl-PL","@id":"https:\/\/maccaferri-stage.softecspa.it\/pl\/innowacje\/#primaryimage","url":"https:\/\/maccaferri-stage.softecspa.it\/pl\/wp-content\/uploads\/sites\/23\/2022\/12\/Adv-2-1.jpg","contentUrl":"https:\/\/maccaferri-stage.softecspa.it\/pl\/wp-content\/uploads\/sites\/23\/2022\/12\/Adv-2-1.jpg"},{"@type":"BreadcrumbList","@id":"https:\/\/maccaferri-stage.softecspa.it\/pl\/innowacje\/#breadcrumb","itemListElement":[{"@type":"ListItem","position":1,"name":"Home","item":"https:\/\/maccaferri-stage.softecspa.it\/pl\/"},{"@type":"ListItem","position":2,"name":"Innowacje"}]},{"@type":"WebSite","@id":"https:\/\/maccaferri-stage.softecspa.it\/pl\/#website","url":"https:\/\/maccaferri-stage.softecspa.it\/pl\/","name":"Maccaferri Polska","description":"","publisher":{"@id":"https:\/\/maccaferri-stage.softecspa.it\/pl\/#organization"},"potentialAction":[{"@type":"SearchAction","target":{"@type":"EntryPoint","urlTemplate":"https:\/\/maccaferri-stage.softecspa.it\/pl\/?s={search_term_string}"},"query-input":{"@type":"PropertyValueSpecification","valueRequired":true,"valueName":"search_term_string"}}],"inLanguage":"pl-PL"},{"@type":"Organization","@id":"https:\/\/maccaferri-stage.softecspa.it\/pl\/#organization","name":"Maccaferri Polska","url":"https:\/\/maccaferri-stage.softecspa.it\/pl\/","logo":{"@type":"ImageObject","inLanguage":"pl-PL","@id":"https:\/\/maccaferri-stage.softecspa.it\/pl\/#\/schema\/logo\/image\/","url":"","contentUrl":"","caption":"Maccaferri Polska"},"image":{"@id":"https:\/\/maccaferri-stage.softecspa.it\/pl\/#\/schema\/logo\/image\/"}}]}},"_links":{"self":[{"href":"https:\/\/maccaferri-stage.softecspa.it\/pl\/wp-json\/wp\/v2\/pages\/1398","targetHints":{"allow":["GET"]}}],"collection":[{"href":"https:\/\/maccaferri-stage.softecspa.it\/pl\/wp-json\/wp\/v2\/pages"}],"about":[{"href":"https:\/\/maccaferri-stage.softecspa.it\/pl\/wp-json\/wp\/v2\/types\/page"}],"author":[{"embeddable":true,"href":"https:\/\/maccaferri-stage.softecspa.it\/pl\/wp-json\/wp\/v2\/users\/1"}],"replies":[{"embeddable":true,"href":"https:\/\/maccaferri-stage.softecspa.it\/pl\/wp-json\/wp\/v2\/comments?post=1398"}],"version-history":[{"count":58,"href":"https:\/\/maccaferri-stage.softecspa.it\/pl\/wp-json\/wp\/v2\/pages\/1398\/revisions"}],"predecessor-version":[{"id":59541,"href":"https:\/\/maccaferri-stage.softecspa.it\/pl\/wp-json\/wp\/v2\/pages\/1398\/revisions\/59541"}],"wp:attachment":[{"href":"https:\/\/maccaferri-stage.softecspa.it\/pl\/wp-json\/wp\/v2\/media?parent=1398"}],"curies":[{"name":"wp","href":"https:\/\/api.w.org\/{rel}","templated":true}]}}