{"id":2906,"date":"2022-12-01T16:52:35","date_gmt":"2022-12-01T15:52:35","guid":{"rendered":"https:\/\/maccaferri-stage.softecspa.it\/pl\/?page_id=2906"},"modified":"2023-01-13T15:42:55","modified_gmt":"2023-01-13T14:42:55","slug":"wizja-i-misja","status":"publish","type":"page","link":"https:\/\/maccaferri-stage.softecspa.it\/pl\/wizja-i-misja\/","title":{"rendered":"Wizja i Misja"},"content":{"rendered":"<div class=\"wp-block-mac-h1-title-hero-block container-fluid block-txt-container\" style=\"background:linear-gradient(180deg,rgb(1,94,111) 0%,rgb(0,72,87) 100%)\"><div class=\"row\"><div class=\"col\"><div class=\"gts__picture\"><img decoding=\"async\" src=\"https:\/\/maccaferri-stage.softecspa.it\/pl\/wp-content\/uploads\/sites\/23\/2022\/12\/Sustainability_Gabion_3.jpg\" style=\"display:none\" \/><div class=\"gts__picture__image\" style=\"background-image:url(https:\/\/maccaferri-stage.softecspa.it\/pl\/wp-content\/uploads\/sites\/23\/2022\/12\/Sustainability_Gabion_3.jpg)\"><\/div><\/div><div class=\"container box-container\"><div class=\"row\"><div class=\"col title-box-txt\"><h1 class=\"wp-block-mac-h1-title-hero-block\" style=\"color:#ffffff;text-align:none\">Wizja i Misja<\/h1><\/div><\/div><\/div><\/div><\/div><\/div><div class=\"wp-block-mac-container-block box-container\"><div class=\"wp-block-columns is-layout-flex wp-container-core-columns-is-layout-9d6595d7 wp-block-columns-is-layout-flex\"><div class=\"wp-block-column is-layout-flow wp-block-column-is-layout-flow\"><div class=\"container content-paragraph box-container\"><div class=\"row\"><div class=\"col-12 col-lg-12 col-xl-12 col-xxl-12\"><div class=\"content-txt\"><h4>Poprzez piel\u0119gnowanie \u015awiata przysz\u0142o\u015bci, harmonizuj\u0105c \u017cycie i przyrod\u0119 poprzez innowacje, Maccaferri d\u0105\u017cy do ci\u0105g\u0142ego doskonalenia.<\/h4>\n<\/div><\/div><\/div><\/div><\/div>\n\n<div class=\"wp-block-column is-vertically-aligned-center is-layout-flow wp-block-column-is-layout-flow\"><figure class=\"wp-block-image aligncenter size-full\"><img decoding=\"async\" src=\"https:\/\/maccaferri-stage.softecspa.it\/pl\/wp-content\/uploads\/sites\/23\/2022\/12\/maccaferri-nurturing-2019-200x200-1.png\" alt=\"\" class=\"wp-image-3696\" \/><\/figure><\/div><\/div><\/div><div class=\"wp-block-mac-container-block box-container\"><div class=\"wp-block-columns is-layout-flex wp-container-core-columns-is-layout-9d6595d7 wp-block-columns-is-layout-flex\"><div class=\"wp-block-column is-layout-flow wp-block-column-is-layout-flow\"><div class=\"container content-paragraph box-container\"><div class=\"row\"><div class=\"col-12 col-lg-12 col-xl-12 col-xxl-12\"><h6>WIZJA <\/h6><div class=\"content-txt\"><h5>Zaufany globalny partner, dbaj\u0105cy o jutro, autor innowacyjnych rozwi\u0105za\u0144 promuj\u0105cych harmoni\u0119 z natur\u0105.<\/h5>\n<p>Wizja Maccaferri to troska, ochrona, odpowiedzialno\u015b\u0107. To nie tylko \u201ekim\u201d , ale co wa\u017cniejsze, \u201ejacy\u201d chcemy by\u0107 jako organizacja &#8211; odpowiedzialni, pe\u0142ni szacunku, opieku\u0144czy i wra\u017cliwi nie tylko na \u015brodowisko, ale tak\u017ce w stosunku do naszych ludzi.<\/p>\n<\/div><\/div><\/div><\/div><\/div>\n\n<div class=\"wp-block-column is-vertically-aligned-bottom is-layout-flow wp-block-column-is-layout-flow\"><figure class=\"wp-block-embed is-type-video is-provider-youtube wp-block-embed-youtube wp-embed-aspect-16-9 wp-has-aspect-ratio\"><div class=\"wp-block-embed__wrapper\">\n<iframe title=\"Maccaferri Vision\" width=\"640\" height=\"360\" src=\"https:\/\/www.youtube.com\/embed\/-d-yujSQjw0?feature=oembed\" frameborder=\"0\" allow=\"accelerometer; autoplay; clipboard-write; encrypted-media; gyroscope; picture-in-picture; web-share\" referrerpolicy=\"strict-origin-when-cross-origin\" allowfullscreen><\/iframe>\n<\/div><\/figure><\/div><\/div><\/div><div style=\"height:100px\" aria-hidden=\"true\" class=\"wp-block-spacer\"><\/div><div class=\"wp-block-mac-container-block box-container\"><div class=\"wp-block-columns are-vertically-aligned-bottom is-layout-flex wp-container-core-columns-is-layout-9d6595d7 wp-block-columns-is-layout-flex\"><div class=\"wp-block-column is-vertically-aligned-bottom is-layout-flow wp-block-column-is-layout-flow\"><figure class=\"wp-block-embed is-type-video is-provider-youtube wp-block-embed-youtube wp-embed-aspect-16-9 wp-has-aspect-ratio\"><div class=\"wp-block-embed__wrapper\">\n<iframe title=\"Maccaferri Mission\" width=\"640\" height=\"360\" src=\"https:\/\/www.youtube.com\/embed\/wuKbKI5x2Hw?feature=oembed\" frameborder=\"0\" allow=\"accelerometer; autoplay; clipboard-write; encrypted-media; gyroscope; picture-in-picture; web-share\" referrerpolicy=\"strict-origin-when-cross-origin\" allowfullscreen><\/iframe>\n<\/div><\/figure><\/div>\n\n<div class=\"wp-block-column is-vertically-aligned-bottom is-layout-flow wp-block-column-is-layout-flow\"><div class=\"container content-paragraph box-container\"><div class=\"row\"><div class=\"col-12 col-lg-12 col-xl-12 col-xxl-12\"><h6>MISJA<\/h6><div class=\"content-txt\"><h5>D\u0105\u017cenie do doskona\u0142o\u015bci, dostarczaj\u0105c naszym klientom rozwi\u0105zania techniczne, kt\u00f3re s\u0105 innowacyjne, zaawansowane i przyjazne dla \u015brodowiska.<\/h5>\n<p>Dbamy o bezpiecze\u0144stwo, jako\u015b\u0107 i zr\u00f3wnowa\u017cony rozw\u00f3j, tworz\u0105c warto\u015b\u0107 zar\u00f3wno dla wszystkich interesariuszy, jak r\u00f3wnie\u017c dla naszych spo\u0142eczno\u015bci.<\/p>\n<\/div><\/div><\/div><\/div><\/div><\/div><\/div>","protected":false},"excerpt":{"rendered":"","protected":false},"author":2,"featured_media":0,"parent":0,"menu_order":0,"comment_status":"closed","ping_status":"closed","template":"custom-products-page.php","meta":{"_acf_changed":false,"_joinchat":[],"footnotes":""},"class_list":["post-2906","page","type-page","status-publish","hentry"],"acf":{"uuid_products":"","product-documents":""},"yoast_head":"<!-- This site is optimized with the Yoast SEO Premium plugin v27.0 (Yoast SEO v27.0) - https:\/\/yoast.com\/product\/yoast-seo-premium-wordpress\/ -->\n<title>Wizja i Misja - Maccaferri Polska<\/title>\n<meta name=\"robots\" content=\"index, follow, max-snippet:-1, max-image-preview:large, max-video-preview:-1\" \/>\n<link rel=\"canonical\" href=\"https:\/\/maccaferri-stage.softecspa.it\/pl\/wizja-i-misja\/\" \/>\n<meta property=\"og:locale\" content=\"pl_PL\" \/>\n<meta property=\"og:type\" content=\"article\" \/>\n<meta property=\"og:title\" content=\"Wizja i Misja\" \/>\n<meta property=\"og:url\" content=\"https:\/\/maccaferri-stage.softecspa.it\/pl\/wizja-i-misja\/\" \/>\n<meta property=\"og:site_name\" content=\"Maccaferri Polska\" \/>\n<meta property=\"article:modified_time\" content=\"2023-01-13T14:42:55+00:00\" \/>\n<meta property=\"og:image\" content=\"https:\/\/maccaferri-stage.softecspa.it\/pl\/wp-content\/uploads\/sites\/23\/2022\/12\/Sustainability_Gabion_3.jpg\" \/>\n<meta name=\"twitter:card\" content=\"summary_large_image\" \/>\n<meta name=\"twitter:label1\" content=\"Est. reading time\" \/>\n\t<meta name=\"twitter:data1\" content=\"1 minute\" \/>\n<script type=\"application\/ld+json\" class=\"yoast-schema-graph\">{\"@context\":\"https:\/\/schema.org\",\"@graph\":[{\"@type\":\"WebPage\",\"@id\":\"https:\/\/maccaferri-stage.softecspa.it\/pl\/wizja-i-misja\/\",\"url\":\"https:\/\/maccaferri-stage.softecspa.it\/pl\/wizja-i-misja\/\",\"name\":\"Wizja i Misja - Maccaferri Polska\",\"isPartOf\":{\"@id\":\"https:\/\/maccaferri-stage.softecspa.it\/pl\/#website\"},\"primaryImageOfPage\":{\"@id\":\"https:\/\/maccaferri-stage.softecspa.it\/pl\/wizja-i-misja\/#primaryimage\"},\"image\":{\"@id\":\"https:\/\/maccaferri-stage.softecspa.it\/pl\/wizja-i-misja\/#primaryimage\"},\"thumbnailUrl\":\"https:\/\/maccaferri-stage.softecspa.it\/pl\/wp-content\/uploads\/sites\/23\/2022\/12\/Sustainability_Gabion_3.jpg\",\"datePublished\":\"2022-12-01T15:52:35+00:00\",\"dateModified\":\"2023-01-13T14:42:55+00:00\",\"breadcrumb\":{\"@id\":\"https:\/\/maccaferri-stage.softecspa.it\/pl\/wizja-i-misja\/#breadcrumb\"},\"inLanguage\":\"pl-PL\",\"potentialAction\":[{\"@type\":\"ReadAction\",\"target\":[\"https:\/\/maccaferri-stage.softecspa.it\/pl\/wizja-i-misja\/\"]}]},{\"@type\":\"ImageObject\",\"inLanguage\":\"pl-PL\",\"@id\":\"https:\/\/maccaferri-stage.softecspa.it\/pl\/wizja-i-misja\/#primaryimage\",\"url\":\"https:\/\/maccaferri-stage.softecspa.it\/pl\/wp-content\/uploads\/sites\/23\/2022\/12\/Sustainability_Gabion_3.jpg\",\"contentUrl\":\"https:\/\/maccaferri-stage.softecspa.it\/pl\/wp-content\/uploads\/sites\/23\/2022\/12\/Sustainability_Gabion_3.jpg\"},{\"@type\":\"BreadcrumbList\",\"@id\":\"https:\/\/maccaferri-stage.softecspa.it\/pl\/wizja-i-misja\/#breadcrumb\",\"itemListElement\":[{\"@type\":\"ListItem\",\"position\":1,\"name\":\"Home\",\"item\":\"https:\/\/maccaferri-stage.softecspa.it\/pl\/\"},{\"@type\":\"ListItem\",\"position\":2,\"name\":\"Wizja i Misja\"}]},{\"@type\":\"WebSite\",\"@id\":\"https:\/\/maccaferri-stage.softecspa.it\/pl\/#website\",\"url\":\"https:\/\/maccaferri-stage.softecspa.it\/pl\/\",\"name\":\"Maccaferri Polska\",\"description\":\"\",\"publisher\":{\"@id\":\"https:\/\/maccaferri-stage.softecspa.it\/pl\/#organization\"},\"potentialAction\":[{\"@type\":\"SearchAction\",\"target\":{\"@type\":\"EntryPoint\",\"urlTemplate\":\"https:\/\/maccaferri-stage.softecspa.it\/pl\/?s={search_term_string}\"},\"query-input\":{\"@type\":\"PropertyValueSpecification\",\"valueRequired\":true,\"valueName\":\"search_term_string\"}}],\"inLanguage\":\"pl-PL\"},{\"@type\":\"Organization\",\"@id\":\"https:\/\/maccaferri-stage.softecspa.it\/pl\/#organization\",\"name\":\"Maccaferri Polska\",\"url\":\"https:\/\/maccaferri-stage.softecspa.it\/pl\/\",\"logo\":{\"@type\":\"ImageObject\",\"inLanguage\":\"pl-PL\",\"@id\":\"https:\/\/maccaferri-stage.softecspa.it\/pl\/#\/schema\/logo\/image\/\",\"url\":\"\",\"contentUrl\":\"\",\"caption\":\"Maccaferri Polska\"},\"image\":{\"@id\":\"https:\/\/maccaferri-stage.softecspa.it\/pl\/#\/schema\/logo\/image\/\"}}]}<\/script>\n<!-- \/ Yoast SEO Premium plugin. -->","yoast_head_json":{"title":"Wizja i Misja - Maccaferri Polska","robots":{"index":"index","follow":"follow","max-snippet":"max-snippet:-1","max-image-preview":"max-image-preview:large","max-video-preview":"max-video-preview:-1"},"canonical":"https:\/\/maccaferri-stage.softecspa.it\/pl\/wizja-i-misja\/","og_locale":"pl_PL","og_type":"article","og_title":"Wizja i Misja","og_url":"https:\/\/maccaferri-stage.softecspa.it\/pl\/wizja-i-misja\/","og_site_name":"Maccaferri Polska","article_modified_time":"2023-01-13T14:42:55+00:00","og_image":[{"url":"https:\/\/maccaferri-stage.softecspa.it\/pl\/wp-content\/uploads\/sites\/23\/2022\/12\/Sustainability_Gabion_3.jpg","type":"","width":"","height":""}],"twitter_card":"summary_large_image","twitter_misc":{"Est. reading time":"1 minute"},"schema":{"@context":"https:\/\/schema.org","@graph":[{"@type":"WebPage","@id":"https:\/\/maccaferri-stage.softecspa.it\/pl\/wizja-i-misja\/","url":"https:\/\/maccaferri-stage.softecspa.it\/pl\/wizja-i-misja\/","name":"Wizja i Misja - Maccaferri Polska","isPartOf":{"@id":"https:\/\/maccaferri-stage.softecspa.it\/pl\/#website"},"primaryImageOfPage":{"@id":"https:\/\/maccaferri-stage.softecspa.it\/pl\/wizja-i-misja\/#primaryimage"},"image":{"@id":"https:\/\/maccaferri-stage.softecspa.it\/pl\/wizja-i-misja\/#primaryimage"},"thumbnailUrl":"https:\/\/maccaferri-stage.softecspa.it\/pl\/wp-content\/uploads\/sites\/23\/2022\/12\/Sustainability_Gabion_3.jpg","datePublished":"2022-12-01T15:52:35+00:00","dateModified":"2023-01-13T14:42:55+00:00","breadcrumb":{"@id":"https:\/\/maccaferri-stage.softecspa.it\/pl\/wizja-i-misja\/#breadcrumb"},"inLanguage":"pl-PL","potentialAction":[{"@type":"ReadAction","target":["https:\/\/maccaferri-stage.softecspa.it\/pl\/wizja-i-misja\/"]}]},{"@type":"ImageObject","inLanguage":"pl-PL","@id":"https:\/\/maccaferri-stage.softecspa.it\/pl\/wizja-i-misja\/#primaryimage","url":"https:\/\/maccaferri-stage.softecspa.it\/pl\/wp-content\/uploads\/sites\/23\/2022\/12\/Sustainability_Gabion_3.jpg","contentUrl":"https:\/\/maccaferri-stage.softecspa.it\/pl\/wp-content\/uploads\/sites\/23\/2022\/12\/Sustainability_Gabion_3.jpg"},{"@type":"BreadcrumbList","@id":"https:\/\/maccaferri-stage.softecspa.it\/pl\/wizja-i-misja\/#breadcrumb","itemListElement":[{"@type":"ListItem","position":1,"name":"Home","item":"https:\/\/maccaferri-stage.softecspa.it\/pl\/"},{"@type":"ListItem","position":2,"name":"Wizja i Misja"}]},{"@type":"WebSite","@id":"https:\/\/maccaferri-stage.softecspa.it\/pl\/#website","url":"https:\/\/maccaferri-stage.softecspa.it\/pl\/","name":"Maccaferri Polska","description":"","publisher":{"@id":"https:\/\/maccaferri-stage.softecspa.it\/pl\/#organization"},"potentialAction":[{"@type":"SearchAction","target":{"@type":"EntryPoint","urlTemplate":"https:\/\/maccaferri-stage.softecspa.it\/pl\/?s={search_term_string}"},"query-input":{"@type":"PropertyValueSpecification","valueRequired":true,"valueName":"search_term_string"}}],"inLanguage":"pl-PL"},{"@type":"Organization","@id":"https:\/\/maccaferri-stage.softecspa.it\/pl\/#organization","name":"Maccaferri Polska","url":"https:\/\/maccaferri-stage.softecspa.it\/pl\/","logo":{"@type":"ImageObject","inLanguage":"pl-PL","@id":"https:\/\/maccaferri-stage.softecspa.it\/pl\/#\/schema\/logo\/image\/","url":"","contentUrl":"","caption":"Maccaferri Polska"},"image":{"@id":"https:\/\/maccaferri-stage.softecspa.it\/pl\/#\/schema\/logo\/image\/"}}]}},"_links":{"self":[{"href":"https:\/\/maccaferri-stage.softecspa.it\/pl\/wp-json\/wp\/v2\/pages\/2906","targetHints":{"allow":["GET"]}}],"collection":[{"href":"https:\/\/maccaferri-stage.softecspa.it\/pl\/wp-json\/wp\/v2\/pages"}],"about":[{"href":"https:\/\/maccaferri-stage.softecspa.it\/pl\/wp-json\/wp\/v2\/types\/page"}],"author":[{"embeddable":true,"href":"https:\/\/maccaferri-stage.softecspa.it\/pl\/wp-json\/wp\/v2\/users\/2"}],"replies":[{"embeddable":true,"href":"https:\/\/maccaferri-stage.softecspa.it\/pl\/wp-json\/wp\/v2\/comments?post=2906"}],"version-history":[{"count":25,"href":"https:\/\/maccaferri-stage.softecspa.it\/pl\/wp-json\/wp\/v2\/pages\/2906\/revisions"}],"predecessor-version":[{"id":6225,"href":"https:\/\/maccaferri-stage.softecspa.it\/pl\/wp-json\/wp\/v2\/pages\/2906\/revisions\/6225"}],"wp:attachment":[{"href":"https:\/\/maccaferri-stage.softecspa.it\/pl\/wp-json\/wp\/v2\/media?parent=2906"}],"curies":[{"name":"wp","href":"https:\/\/api.w.org\/{rel}","templated":true}]}}