{"id":3514,"date":"2022-12-14T12:27:40","date_gmt":"2022-12-14T11:27:40","guid":{"rendered":"https:\/\/maccaferri-stage.softecspa.it\/pl\/?page_id=3514"},"modified":"2023-09-14T17:24:03","modified_gmt":"2023-09-14T15:24:03","slug":"maccaferri-oprogramowanie-suite","status":"publish","type":"page","link":"https:\/\/maccaferri-stage.softecspa.it\/pl\/maccaferri-oprogramowanie-suite\/","title":{"rendered":"Maccaferri Oprogramowanie Suite"},"content":{"rendered":"<div class=\"wp-block-mac-h1-title-hero-block container-fluid block-txt-container\" style=\"background:linear-gradient(180deg,rgb(1,94,111) 0%,rgb(0,72,87) 100%)\"><div class=\"row\"><div class=\"col\"><div class=\"gts__picture\"><img decoding=\"async\" src=\"https:\/\/maccaferri-stage.softecspa.it\/pl\/wp-content\/uploads\/2023\/01\/software-7.jpeg\" style=\"display:none\"\/><div class=\"gts__picture__image\" style=\"background-image:url(https:\/\/maccaferri-stage.softecspa.it\/pl\/wp-content\/uploads\/2023\/01\/software-7.jpeg)\"><\/div><\/div><div class=\"container box-container\"><div class=\"row\"><div class=\"col title-box-txt\"><h1 class=\"wp-block-mac-h1-title-hero-block\" style=\"color:#ffffff;text-align:none\">Maccaferri Oprogramowanie Suite<\/h1><\/div><\/div><\/div><\/div><\/div><\/div><div style=\"height:100px\" aria-hidden=\"true\" class=\"wp-block-spacer\"><\/div><div class=\"wp-block-columns is-layout-flex wp-container-core-columns-is-layout-9d6595d7 wp-block-columns-is-layout-flex\"><div class=\"wp-block-column is-layout-flow wp-block-column-is-layout-flow\"><div class=\"wp-block-mac-container-block box-container\"><div class=\"wp-block-columns is-layout-flex wp-container-core-columns-is-layout-9d6595d7 wp-block-columns-is-layout-flex\"><div class=\"wp-block-column is-layout-flow wp-block-column-is-layout-flow\"><div class=\"wp-block-mac-h5-txt-paragraph-block block-txt-container box-container\"><div class=\"row\"><div class=\"col paragraph-box-txt\"><h5 class=\"wp-block-mac-h5-txt-paragraph-block\" style=\"color:#212429;text-align:left\">Opracowany we wsp\u00f3\u0142pracy z wiod\u0105cymi instytutami i uniwersytetami, nasz uznany na ca\u0142ym \u015bwiecie i przyjazny dla u\u017cytkownika pakiet oprogramowania umo\u017cliwia projektowanie i dostarczanie skutecznych i niezawodnych rozwi\u0105za\u0144 w zakresie in\u017cynierii l\u0105dowej.<br>W oparciu o dane eksperymentalne zebrane w ci\u0105gu dziesi\u0119cioleci do\u015bwiadcze\u0144 w terenie i rygorystycznych kampanii testowych, nasze darmowe rozwi\u0105zania programowe spe\u0142niaj\u0105 wymagania in\u017cynier\u00f3w budownictwa i geotechnik\u00f3w na ca\u0142ym \u015bwiecie, oferuj\u0105c jednocze\u015bnie dodatkowe korzy\u015bci ekonomiczne i poszerza mo\u017cliwo\u015bci budowy.<br><br>Skontaktuj si\u0119 z nami, aby przeszkoli\u0107 si\u0119 w u\u017cywaniu naszych program\u00f3w do projektowania zaawansowanych i wymagaj\u0105cych rozwi\u0105za\u0144 in\u017cynieryjnych.<\/h5><\/div><\/div><\/div><\/div><\/div><\/div><\/div><\/div><div class=\"wp-block-mac-container-block box-container\"><div class=\"wp-block-columns is-layout-flex wp-container-core-columns-is-layout-9d6595d7 wp-block-columns-is-layout-flex\"><div class=\"wp-block-column is-layout-flow wp-block-column-is-layout-flow\"><figure class=\"wp-block-image size-full\"><img decoding=\"async\" src=\"https:\/\/maccaferri-stage.softecspa.it\/pl\/wp-content\/uploads\/sites\/23\/2022\/12\/maccaferri-software.png\" alt=\"\" class=\"wp-image-3075\"\/><\/figure><\/div>\n\n<div class=\"wp-block-column is-layout-flow wp-block-column-is-layout-flow\"><div style=\"height:50px\" aria-hidden=\"true\" class=\"wp-block-spacer\"><\/div>\n\n<div class=\"wp-block-mac-h2-title-bold-block block-txt-container box-container\"><div class=\"row\"><div class=\"col title-box-txt\"><h2 style=\"color:#004857;text-align:center\">Oprogramowanie online<\/h2><\/div><\/div><\/div>\n\n<p class=\"has-text-align-left has-medium-font-size\">Odwied\u017a platform\u0119 oprogramowania Maccaferri eDesign. Projektuj online z dowolnego miejsca. Nie jest wymagane pobieranie plik\u00f3w.<\/p>\n\n<ul class=\"wp-block-list\" style=\"font-size:19px\"><li><strong>Mac S-Design<\/strong>: uczy\u0144 sw\u00f3j stok bezpieczniejszym<\/li><li><strong>MacTube Design<\/strong>: chro\u0144 swoje wybrze\u017ce<\/li><li><strong>MacBars Design<\/strong>: Stabilizuj sw\u00f3j zbiornik<\/li><li><strong>MACRA Design<\/strong>: projektowanie rzecznych rob\u00f3t hydrotechnicznych<\/li><li><strong>REQUALIFE<\/strong>: projektowanie ciek\u00f3w wodnych dla zr\u00f3wnowa\u017conej przysz\u0142o\u015bci<\/li><\/ul>\n\n<div class=\"wp-block-buttons is-content-justification-center is-layout-flex wp-container-core-buttons-is-layout-16018d1d wp-block-buttons-is-layout-flex\"><div class=\"wp-block-button\"><a class=\"wp-block-button__link\" href=\"https:\/\/edesign.maccaferri.com\/\">Przejd\u017a do platformy<\/a><\/div><\/div><\/div><\/div><\/div><div style=\"height:150px\" aria-hidden=\"true\" class=\"wp-block-spacer\"><\/div><div class=\"wp-block-mac-container-block box-container\"><div class=\"wp-block-columns is-layout-flex wp-container-core-columns-is-layout-9d6595d7 wp-block-columns-is-layout-flex\"><div class=\"wp-block-column is-layout-flow wp-block-column-is-layout-flow\"><div class=\"wp-block-mac-h2-title-bold-block block-txt-container box-container\"><div class=\"row\"><div class=\"col title-box-txt\"><h2 style=\"color:#004857;text-align:left\">Oprogramowanie do projektowania do pobrania<\/h2><\/div><\/div><\/div>\n\n<p class=\"has-text-align-left has-medium-font-size\">Odkryj nasze oprogramowanie do projektowania, kt\u00f3re mo\u017cna pobra\u0107:<\/p>\n\n<ul class=\"wp-block-list\" style=\"font-size:19px\"><li><strong>MACFLOW Studio<\/strong>: projektowanie skutecznych rozwi\u0105za\u0144 w zakresie odwadniania<\/li><li><strong>MACREAD AASHTO<\/strong>: projektowanie elastycznych warstw nawierzchni<\/li><li><strong>MACREAD Studio<\/strong>: projektowanie rozwi\u0105za\u0144 w zakresie stabilizacji pod\u0142o\u017ca drogowego<\/li><li><strong>MACRO Studio<\/strong>: projektowanie rozwi\u0105za\u0144 zabezpieczaj\u0105cych przed obrywami skalnymi na stokach skalnych<\/li><li><strong>GAWAC 3.1<\/strong>: projektowanie \u015bcian oporowych z gabion\u00f3w<\/li><\/ul>\n\n<div class=\"wp-block-buttons is-layout-flex wp-block-buttons-is-layout-flex\"><div class=\"wp-block-button aligncenter\"><a class=\"wp-block-button__link\" href=\"https:\/\/maccaferri-stage.softecspa.it\/pl\/search?category-link=&amp;r=&amp;sectors-select=&amp;applications-select=&amp;solutions-select=&amp;products-select=&amp;location-select=&amp;full=on&amp;find_softwares=1\">UZYSKA\u0106 OPROGRAMOWANIE<\/a><\/div><\/div><\/div>\n\n<div class=\"wp-block-column is-layout-flow wp-block-column-is-layout-flow\"><div style=\"height:100px\" aria-hidden=\"true\" class=\"wp-block-spacer\"><\/div>\n\n<figure class=\"wp-block-image size-large\"><img decoding=\"async\" src=\"https:\/\/maccaferri-stage.softecspa.it\/pl\/wp-content\/uploads\/sites\/23\/2022\/12\/maccaferri-software-downloadable-1024x686.png\" alt=\"\" class=\"wp-image-3728\"\/><\/figure><\/div><\/div><\/div><div style=\"height:100px\" aria-hidden=\"true\" class=\"wp-block-spacer\"><\/div>","protected":false},"excerpt":{"rendered":"","protected":false},"author":2,"featured_media":0,"parent":0,"menu_order":0,"comment_status":"closed","ping_status":"closed","template":"","meta":{"_acf_changed":false,"_joinchat":[],"footnotes":""},"class_list":["post-3514","page","type-page","status-publish","hentry"],"acf":{"uuid_products":"","product-documents":""},"yoast_head":"<!-- This site is optimized with the Yoast SEO Premium plugin v27.0 (Yoast SEO v27.0) - https:\/\/yoast.com\/product\/yoast-seo-premium-wordpress\/ -->\n<title>Maccaferri Oprogramowanie Suite - Maccaferri Polska<\/title>\n<meta name=\"robots\" content=\"index, follow, max-snippet:-1, max-image-preview:large, max-video-preview:-1\" \/>\n<link rel=\"canonical\" href=\"https:\/\/maccaferri-stage.softecspa.it\/pl\/maccaferri-oprogramowanie-suite\/\" \/>\n<meta property=\"og:locale\" content=\"pl_PL\" \/>\n<meta property=\"og:type\" content=\"article\" \/>\n<meta property=\"og:title\" content=\"Maccaferri Oprogramowanie Suite\" \/>\n<meta property=\"og:url\" content=\"https:\/\/maccaferri-stage.softecspa.it\/pl\/maccaferri-oprogramowanie-suite\/\" \/>\n<meta property=\"og:site_name\" content=\"Maccaferri Polska\" \/>\n<meta property=\"article:modified_time\" content=\"2023-09-14T15:24:03+00:00\" \/>\n<meta property=\"og:image\" content=\"https:\/\/maccaferri-stage.softecspa.it\/pl\/wp-content\/uploads\/2023\/01\/software-7.jpeg\" \/>\n<meta name=\"twitter:card\" content=\"summary_large_image\" \/>\n<meta name=\"twitter:label1\" content=\"Est. reading time\" \/>\n\t<meta name=\"twitter:data1\" content=\"2 minutes\" \/>\n<script type=\"application\/ld+json\" class=\"yoast-schema-graph\">{\"@context\":\"https:\/\/schema.org\",\"@graph\":[{\"@type\":\"WebPage\",\"@id\":\"https:\/\/maccaferri-stage.softecspa.it\/pl\/maccaferri-oprogramowanie-suite\/\",\"url\":\"https:\/\/maccaferri-stage.softecspa.it\/pl\/maccaferri-oprogramowanie-suite\/\",\"name\":\"Maccaferri Oprogramowanie Suite - Maccaferri Polska\",\"isPartOf\":{\"@id\":\"https:\/\/maccaferri-stage.softecspa.it\/pl\/#website\"},\"primaryImageOfPage\":{\"@id\":\"https:\/\/maccaferri-stage.softecspa.it\/pl\/maccaferri-oprogramowanie-suite\/#primaryimage\"},\"image\":{\"@id\":\"https:\/\/maccaferri-stage.softecspa.it\/pl\/maccaferri-oprogramowanie-suite\/#primaryimage\"},\"thumbnailUrl\":\"https:\/\/maccaferri-stage.softecspa.it\/pl\/wp-content\/uploads\/2023\/01\/software-7.jpeg\",\"datePublished\":\"2022-12-14T11:27:40+00:00\",\"dateModified\":\"2023-09-14T15:24:03+00:00\",\"breadcrumb\":{\"@id\":\"https:\/\/maccaferri-stage.softecspa.it\/pl\/maccaferri-oprogramowanie-suite\/#breadcrumb\"},\"inLanguage\":\"pl-PL\",\"potentialAction\":[{\"@type\":\"ReadAction\",\"target\":[\"https:\/\/maccaferri-stage.softecspa.it\/pl\/maccaferri-oprogramowanie-suite\/\"]}]},{\"@type\":\"ImageObject\",\"inLanguage\":\"pl-PL\",\"@id\":\"https:\/\/maccaferri-stage.softecspa.it\/pl\/maccaferri-oprogramowanie-suite\/#primaryimage\",\"url\":\"\",\"contentUrl\":\"\"},{\"@type\":\"BreadcrumbList\",\"@id\":\"https:\/\/maccaferri-stage.softecspa.it\/pl\/maccaferri-oprogramowanie-suite\/#breadcrumb\",\"itemListElement\":[{\"@type\":\"ListItem\",\"position\":1,\"name\":\"Home\",\"item\":\"https:\/\/maccaferri-stage.softecspa.it\/pl\/\"},{\"@type\":\"ListItem\",\"position\":2,\"name\":\"Maccaferri Oprogramowanie Suite\"}]},{\"@type\":\"WebSite\",\"@id\":\"https:\/\/maccaferri-stage.softecspa.it\/pl\/#website\",\"url\":\"https:\/\/maccaferri-stage.softecspa.it\/pl\/\",\"name\":\"Maccaferri Polska\",\"description\":\"\",\"publisher\":{\"@id\":\"https:\/\/maccaferri-stage.softecspa.it\/pl\/#organization\"},\"potentialAction\":[{\"@type\":\"SearchAction\",\"target\":{\"@type\":\"EntryPoint\",\"urlTemplate\":\"https:\/\/maccaferri-stage.softecspa.it\/pl\/?s={search_term_string}\"},\"query-input\":{\"@type\":\"PropertyValueSpecification\",\"valueRequired\":true,\"valueName\":\"search_term_string\"}}],\"inLanguage\":\"pl-PL\"},{\"@type\":\"Organization\",\"@id\":\"https:\/\/maccaferri-stage.softecspa.it\/pl\/#organization\",\"name\":\"Maccaferri Polska\",\"url\":\"https:\/\/maccaferri-stage.softecspa.it\/pl\/\",\"logo\":{\"@type\":\"ImageObject\",\"inLanguage\":\"pl-PL\",\"@id\":\"https:\/\/maccaferri-stage.softecspa.it\/pl\/#\/schema\/logo\/image\/\",\"url\":\"\",\"contentUrl\":\"\",\"caption\":\"Maccaferri Polska\"},\"image\":{\"@id\":\"https:\/\/maccaferri-stage.softecspa.it\/pl\/#\/schema\/logo\/image\/\"}}]}<\/script>\n<!-- \/ Yoast SEO Premium plugin. -->","yoast_head_json":{"title":"Maccaferri Oprogramowanie Suite - Maccaferri Polska","robots":{"index":"index","follow":"follow","max-snippet":"max-snippet:-1","max-image-preview":"max-image-preview:large","max-video-preview":"max-video-preview:-1"},"canonical":"https:\/\/maccaferri-stage.softecspa.it\/pl\/maccaferri-oprogramowanie-suite\/","og_locale":"pl_PL","og_type":"article","og_title":"Maccaferri Oprogramowanie Suite","og_url":"https:\/\/maccaferri-stage.softecspa.it\/pl\/maccaferri-oprogramowanie-suite\/","og_site_name":"Maccaferri Polska","article_modified_time":"2023-09-14T15:24:03+00:00","og_image":[{"url":"https:\/\/maccaferri-stage.softecspa.it\/pl\/wp-content\/uploads\/2023\/01\/software-7.jpeg","type":"","width":"","height":""}],"twitter_card":"summary_large_image","twitter_misc":{"Est. reading time":"2 minutes"},"schema":{"@context":"https:\/\/schema.org","@graph":[{"@type":"WebPage","@id":"https:\/\/maccaferri-stage.softecspa.it\/pl\/maccaferri-oprogramowanie-suite\/","url":"https:\/\/maccaferri-stage.softecspa.it\/pl\/maccaferri-oprogramowanie-suite\/","name":"Maccaferri Oprogramowanie Suite - Maccaferri Polska","isPartOf":{"@id":"https:\/\/maccaferri-stage.softecspa.it\/pl\/#website"},"primaryImageOfPage":{"@id":"https:\/\/maccaferri-stage.softecspa.it\/pl\/maccaferri-oprogramowanie-suite\/#primaryimage"},"image":{"@id":"https:\/\/maccaferri-stage.softecspa.it\/pl\/maccaferri-oprogramowanie-suite\/#primaryimage"},"thumbnailUrl":"https:\/\/maccaferri-stage.softecspa.it\/pl\/wp-content\/uploads\/2023\/01\/software-7.jpeg","datePublished":"2022-12-14T11:27:40+00:00","dateModified":"2023-09-14T15:24:03+00:00","breadcrumb":{"@id":"https:\/\/maccaferri-stage.softecspa.it\/pl\/maccaferri-oprogramowanie-suite\/#breadcrumb"},"inLanguage":"pl-PL","potentialAction":[{"@type":"ReadAction","target":["https:\/\/maccaferri-stage.softecspa.it\/pl\/maccaferri-oprogramowanie-suite\/"]}]},{"@type":"ImageObject","inLanguage":"pl-PL","@id":"https:\/\/maccaferri-stage.softecspa.it\/pl\/maccaferri-oprogramowanie-suite\/#primaryimage","url":"","contentUrl":""},{"@type":"BreadcrumbList","@id":"https:\/\/maccaferri-stage.softecspa.it\/pl\/maccaferri-oprogramowanie-suite\/#breadcrumb","itemListElement":[{"@type":"ListItem","position":1,"name":"Home","item":"https:\/\/maccaferri-stage.softecspa.it\/pl\/"},{"@type":"ListItem","position":2,"name":"Maccaferri Oprogramowanie Suite"}]},{"@type":"WebSite","@id":"https:\/\/maccaferri-stage.softecspa.it\/pl\/#website","url":"https:\/\/maccaferri-stage.softecspa.it\/pl\/","name":"Maccaferri Polska","description":"","publisher":{"@id":"https:\/\/maccaferri-stage.softecspa.it\/pl\/#organization"},"potentialAction":[{"@type":"SearchAction","target":{"@type":"EntryPoint","urlTemplate":"https:\/\/maccaferri-stage.softecspa.it\/pl\/?s={search_term_string}"},"query-input":{"@type":"PropertyValueSpecification","valueRequired":true,"valueName":"search_term_string"}}],"inLanguage":"pl-PL"},{"@type":"Organization","@id":"https:\/\/maccaferri-stage.softecspa.it\/pl\/#organization","name":"Maccaferri Polska","url":"https:\/\/maccaferri-stage.softecspa.it\/pl\/","logo":{"@type":"ImageObject","inLanguage":"pl-PL","@id":"https:\/\/maccaferri-stage.softecspa.it\/pl\/#\/schema\/logo\/image\/","url":"","contentUrl":"","caption":"Maccaferri Polska"},"image":{"@id":"https:\/\/maccaferri-stage.softecspa.it\/pl\/#\/schema\/logo\/image\/"}}]}},"_links":{"self":[{"href":"https:\/\/maccaferri-stage.softecspa.it\/pl\/wp-json\/wp\/v2\/pages\/3514","targetHints":{"allow":["GET"]}}],"collection":[{"href":"https:\/\/maccaferri-stage.softecspa.it\/pl\/wp-json\/wp\/v2\/pages"}],"about":[{"href":"https:\/\/maccaferri-stage.softecspa.it\/pl\/wp-json\/wp\/v2\/types\/page"}],"author":[{"embeddable":true,"href":"https:\/\/maccaferri-stage.softecspa.it\/pl\/wp-json\/wp\/v2\/users\/2"}],"replies":[{"embeddable":true,"href":"https:\/\/maccaferri-stage.softecspa.it\/pl\/wp-json\/wp\/v2\/comments?post=3514"}],"version-history":[{"count":35,"href":"https:\/\/maccaferri-stage.softecspa.it\/pl\/wp-json\/wp\/v2\/pages\/3514\/revisions"}],"predecessor-version":[{"id":53310,"href":"https:\/\/maccaferri-stage.softecspa.it\/pl\/wp-json\/wp\/v2\/pages\/3514\/revisions\/53310"}],"wp:attachment":[{"href":"https:\/\/maccaferri-stage.softecspa.it\/pl\/wp-json\/wp\/v2\/media?parent=3514"}],"curies":[{"name":"wp","href":"https:\/\/api.w.org\/{rel}","templated":true}]}}