{"id":1375,"date":"2022-07-28T15:26:58","date_gmt":"2022-07-28T13:26:58","guid":{"rendered":"https:\/\/maccaferri-stage.softecspa.it\/ro\/?page_id=1375"},"modified":"2023-06-01T17:09:39","modified_gmt":"2023-06-01T15:09:39","slug":"sustainabilitate","status":"publish","type":"page","link":"https:\/\/maccaferri-stage.softecspa.it\/ro\/sustainabilitate\/","title":{"rendered":"Sustainabilitate"},"content":{"rendered":"<div class=\"wp-block-mac-h1-title-hero-block container-fluid block-txt-container\" style=\"background:linear-gradient(180deg,rgb(1,94,111) 0%,rgb(0,72,87) 100%)\"><div class=\"row\"><div class=\"col\"><div class=\"gts__picture\"><img decoding=\"async\" src=\"https:\/\/maccaferri-stage.softecspa.it\/ro\/wp-content\/uploads\/sites\/25\/2022\/12\/Sustainability_Gabion_3.jpg\" style=\"display:none\"\/><div class=\"gts__picture__image\" style=\"background-image:url(https:\/\/maccaferri-stage.softecspa.it\/ro\/wp-content\/uploads\/sites\/25\/2022\/12\/Sustainability_Gabion_3.jpg)\"><\/div><\/div><div class=\"container box-container\"><div class=\"row\"><div class=\"col title-box-txt\"><h1 class=\"wp-block-mac-h1-title-hero-block\" style=\"color:#ffffff;text-align:none\">Sustainabilitate<\/h1><\/div><\/div><\/div><\/div><\/div><\/div><div class=\"wp-block-mac-container-block box-container\"><div class=\"wp-block-columns is-layout-flex wp-container-core-columns-is-layout-9d6595d7 wp-block-columns-is-layout-flex\"><div class=\"wp-block-column is-layout-flow wp-block-column-is-layout-flow\"><div style=\"height:100px\" aria-hidden=\"true\" class=\"wp-block-spacer\"><\/div>\n\n<p class=\"has-medium-font-size\">Ne angaj\u0103m ferm \u00een abordarea aspectelor de mediu, economice \u0219i sociale cu o abordare holistic\u0103. \u00centr-adev\u0103r, credem cu t\u0103rie \u00een adoptarea unor abord\u0103ri \u0219i solu\u021bii durabile de-a lungul \u00eentregului ciclu de via\u021b\u0103 al unui proiect.<\/p>\n\n<p class=\"has-medium-font-size\">De la etapa de proiectare a unui sistem de inginerie, trec\u00e2nd prin fazele de fabrica\u021bie \u0219i construc\u021bie p\u00e2n\u0103 la scoatere din uz: toate solu\u021biile noastre de inginerie vizeaz\u0103 crearea de beneficii pe termen lung care dep\u0103\u0219esc produsul \u00een sine.<\/p><\/div><\/div><\/div><figure class=\"wp-block-image aligncenter size-full\"><img decoding=\"async\" src=\"https:\/\/maccaferri-stage.softecspa.it\/ro\/wp-content\/uploads\/sites\/25\/2022\/09\/test-img-cta-right.png\" alt=\"\" class=\"wp-image-1986\"\/><\/figure><p><\/p><p><\/p><div class=\"wp-block-mac-h2-title-block block-txt-container box-container\"><div class=\"row\"><div class=\"col title-box-txt\"><h2 style=\"color:#212429;text-align:center\">Obiectivele de dezvoltare durabil\u0103<\/h2><\/div><\/div><\/div><div class=\"wp-block-mac-container-block box-container\"><div class=\"wp-block-columns is-layout-flex wp-container-core-columns-is-layout-9d6595d7 wp-block-columns-is-layout-flex\"><div class=\"wp-block-column is-layout-flow wp-block-column-is-layout-flow\"><div class=\"wp-block-mac-h5-txt-paragraph-block block-txt-container box-container\"><div class=\"row\"><div class=\"col paragraph-box-txt\"><h5 class=\"wp-block-mac-h5-txt-paragraph-block\" style=\"color:#212429;text-align:none\">ONU a stabilit ODD-urile ca un apel urgent la ac\u021biune: ne-am asumat provocarea \u0219i ne-am angajat s\u0103 le \u00eendeplinim unul c\u00e2te unul, pas cu pas.<\/h5><\/div><\/div><\/div><\/div><\/div><\/div><div class=\"wp-block-mac-container-block box-container\"><div class=\"wp-block-columns is-layout-flex wp-container-core-columns-is-layout-9d6595d7 wp-block-columns-is-layout-flex\"><div class=\"wp-block-column is-layout-flow wp-block-column-is-layout-flow\"><p>\u00cempreun\u0103 cu institu\u021biile \u0219i autorit\u0103\u021bile, \u00eentreprinderile sunt acum chemate s\u0103 dezvolte solu\u021bii durabile care s\u0103 protejeze bun\u0103starea \u0219i siguran\u021ba comunit\u0103\u021bii \u0219i a mediului, \u00een conformitate cu obiectivele stabilite de ONU \u00een Agenda 2030 pentru Dezvoltare Durabil\u0103.<\/p>\n\n<p>Agenda 2030 este alc\u0103tuit\u0103 din 17 Obiective de Dezvoltare Durabil\u0103 (ODD) \u00eencadrate \u00eentr-un plan mai larg de 169 de obiective de mediu, economice, sociale \u0219i institu\u021bionale asociate care urmeaz\u0103 s\u0103 fie atinse p\u00e2n\u0103 \u00een 2030.<\/p>\n\n<p>La \u0219apte ani de la semnarea Agendei 2030, exist\u0103 o con\u0219tientizare tot mai mare \u00een societatea civil\u0103, \u00een lumea corporativ\u0103 \u0219i \u00een r\u00e2ndul guvernelor cu privire la necesitatea de a adopta o abordare integrat\u0103 \u0219i de a lua m\u0103suri concrete pentru a aborda o schimbare socio-economic\u0103 major\u0103, precum \u0219i multiple \u0219i provoc\u0103ri complexe de mediu \u0219i institu\u021bionale. Multe \u00eentreprinderi au abordat Agenda 2030 integr\u00e2nd principiul sustenabilit\u0103\u021bii \u00een strategia \u0219i planificarea lor de afaceri.<\/p>\n\n<p>ONU a definit ODD-urile ca un apel urgent la ac\u021biune, \u00een timp ce Maccaferri, care face din durabilitatea mediului coloana vertebral\u0103 a viziunii sale, a r\u0103spuns prompt, concentr\u00e2ndu-\u0219i energiile pe obiectivele care vizeaz\u0103 combaterea schimb\u0103rilor climatice \u0219i protejarea ecosistemului de mediu.<\/p>\n\n<div style=\"height:100px\" aria-hidden=\"true\" class=\"wp-block-spacer\"><\/div><\/div><\/div><\/div><div class=\"wp-block-mac-container-block box-container\"><div class=\"wp-block-columns is-layout-flex wp-container-core-columns-is-layout-9d6595d7 wp-block-columns-is-layout-flex\"><div class=\"wp-block-column is-layout-flow wp-block-column-is-layout-flow\" style=\"flex-basis:33.33%\"><figure class=\"wp-block-image size-full\"><img decoding=\"async\" src=\"https:\/\/maccaferri-stage.softecspa.it\/ro\/wp-content\/uploads\/sites\/25\/2022\/12\/sdg-1.png\" alt=\"\" class=\"wp-image-3101\"\/><\/figure><\/div>\n\n<div class=\"wp-block-column is-layout-flow wp-block-column-is-layout-flow\" style=\"flex-basis:66.66%\"><figure class=\"wp-block-image size-full\"><img decoding=\"async\" src=\"https:\/\/maccaferri-stage.softecspa.it\/ro\/wp-content\/uploads\/sites\/25\/2022\/12\/sdg2.png\" alt=\"\" class=\"wp-image-3104\"\/><\/figure><\/div><\/div><\/div><div style=\"height:100px\" aria-hidden=\"true\" class=\"wp-block-spacer\"><\/div><div class=\"wp-block-mac-h2-title-bold-block block-txt-container box-container\"><div class=\"row\"><div class=\"col title-box-txt\"><h2 style=\"color:#004857;text-align:center\">ANGAJAMENTUL NOSTRU<\/h2><\/div><\/div><\/div><div class=\"wp-block-mac-block-left-description-right-image container-media box-container\"><div class=\"row\"><div class=\"col-12 col-lg-6 col-xl-6 col-xxl-6 title-box-txt order-lg-first order-last\" style=\"text-align:default\"><p class=\"description\" style=\"color:#212429\"><strong>PROMOVAREA ADOPT\u0102RII ENERGIEI CURATE<\/strong><br><br>Dezvolt\u0103m solu\u021bii care favorizeaz\u0103 accesul la energie curat\u0103 \u0219i la pre\u021buri accesibile.<br><br>Lucr\u0103m \u00een parteneriat cu autorit\u0103\u021bile pentru a <strong>maximiza ponderea energiei verzi<\/strong> \u00een mixul energetic global.<\/p><\/div><div class=\"col-12 col-lg-6 col-xl-6 col-xxl-6\"><div class=\"box-image\"><img decoding=\"async\" class=\"image\" src=\"https:\/\/maccaferri-stage.softecspa.it\/ro\/wp-content\/uploads\/2023\/06\/SDG-Foto-7-2-min-8.png\" alt=\"Image\"\/><\/div><\/div><\/div><\/div><div class=\"wp-block-mac-block-left-image-right-description container-media box-container\"><div class=\"row\"><div class=\"col-12 col-lg-6 col-xl-6 col-xxl-6\"><div class=\"box-image\"><img decoding=\"async\" class=\"image\" src=\"https:\/\/maccaferri-stage.softecspa.it\/ro\/wp-content\/uploads\/2023\/06\/SDG-Foto-8-1-8.png\" alt=\"Image\"\/><\/div><\/div><div class=\"col-12 col-lg-6 col-xl-6 col-xxl-6 title-box-txt\" style=\"text-align:default\"><p class=\"description\" style=\"color:#212429\"><strong>IMPLICAREA COMUNIT\u0102\u021aILOR LOCALE<\/strong><br><strong><br><\/strong>Promov\u0103m o cre\u0219tere favorabil\u0103 incluziunii, dezvolt\u00e2nd solu\u021bii care pot fi instalate cu u\u0219urin\u021b\u0103 de c\u0103tre <strong>for\u021ba de munc\u0103 local\u0103<\/strong>, f\u0103r\u0103 nicio preg\u0103tire special\u0103.<br><br>Multe comunit\u0103\u021bi sunt afectate de un num\u0103r din ce \u00een ce mai mare de dezastre naturale, de aceea lucr\u0103m la m\u0103suri rapide \u0219i eficiente pentru a interveni \u0219i a <strong>restabili economiile acestora<\/strong>.<\/p><\/div><\/div><\/div><div class=\"wp-block-mac-block-left-description-right-image container-media box-container\"><div class=\"row\"><div class=\"col-12 col-lg-6 col-xl-6 col-xxl-6 title-box-txt order-lg-first order-last\" style=\"text-align:default\"><p class=\"description\" style=\"color:#212429\"><strong>S\u0102 \u00ceNCURAJEZE INOVAREA<\/strong><br><br>\u00cencuraj\u0103m <strong>\u00eembun\u0103t\u0103\u021birea continu\u0103<\/strong> pentru a plasa impactul economic \u0219i de mediu pe termen lung al unei structuri \u00een centrul activit\u0103\u021bii de proiectare.<br><br>Procesul nostru de proiectare se concentreaz\u0103 pe campanii de testare \u0219i pe investi\u021bii \u00een<strong> evaluarea performan\u021belor<\/strong> solu\u021biilor noastre.<\/p><\/div><div class=\"col-12 col-lg-6 col-xl-6 col-xxl-6\"><div class=\"box-image\"><img decoding=\"async\" class=\"image\" src=\"https:\/\/maccaferri-stage.softecspa.it\/ro\/wp-content\/uploads\/2023\/06\/SDG-Foto-9-1-min-8.png\" alt=\"Image\"\/><\/div><\/div><\/div><\/div><div class=\"wp-block-mac-block-left-image-right-description container-media box-container\"><div class=\"row\"><div class=\"col-12 col-lg-6 col-xl-6 col-xxl-6\"><div class=\"box-image\"><img decoding=\"async\" class=\"image\" src=\"https:\/\/maccaferri-stage.softecspa.it\/ro\/wp-content\/uploads\/2023\/06\/SDG-Foto-11-1-min-8.png\" alt=\"Image\"\/><\/div><\/div><div class=\"col-12 col-lg-6 col-xl-6 col-xxl-6 title-box-txt\" style=\"text-align:default\"><p class=\"description\" style=\"color:#212429\"><strong>SIGURAN\u021aA PERSOANELOR \u0218I PROTEC\u021aIA BUNURILOR<\/strong><br><strong><br><\/strong>Dezvoltarea unor solu\u021bii personalizate pentru fiecare problem\u0103 de siguran\u021b\u0103 cu care ne confrunt\u0103m ne permite s\u0103 <strong>minimiz\u0103m riscurile<\/strong>.<br><br>Oamenii, patrimoniul istoric \u0219i cultural \u0219i infrastructura trebuie s\u0103 fie protejate.<\/p><\/div><\/div><\/div><div class=\"wp-block-mac-block-left-description-right-image container-media box-container\"><div class=\"row\"><div class=\"col-12 col-lg-6 col-xl-6 col-xxl-6 title-box-txt order-lg-first order-last\" style=\"text-align:default\"><p class=\"description\" style=\"color:#212429\"><strong>PROIECTARE \u0218I PRODUC\u021aIE RESPONSABIL\u0102<\/strong><br><br>Prin optimizarea designului, promov\u0103m gestionarea durabil\u0103 a materialelor pentru a economisi resurse \u0219i a evita de\u0219eurile. Realiz\u0103rile noastre implic\u0103 <strong>reducerea<\/strong>, <strong>reutilizarea <\/strong>\u0219i <strong>reciclarea <\/strong>materialelor.<br><br>De asemenea, ne angaj\u0103m s\u0103 fim <strong>transparen\u021bi<\/strong>, oferind informa\u021bii obiective, fiabile \u0219i \u0219i comparabile cu privire la ciclul de via\u021b\u0103 de mediu pe durata ciclului de via\u021b\u0103 al produselor noastre.<br><a href=\"https:\/\/maccaferri-stage.softecspa.it\/epd-certification\" target=\"_blank\" rel=\"noreferrer noopener\">Afl\u0103 mai multe &gt;&gt;&gt;<\/a><\/p><\/div><div class=\"col-12 col-lg-6 col-xl-6 col-xxl-6\"><div class=\"box-image\"><img decoding=\"async\" class=\"image\" src=\"https:\/\/maccaferri-stage.softecspa.it\/ro\/wp-content\/uploads\/2023\/06\/SDG-Foto-12-1-min-8.png\" alt=\"Image\"\/><\/div><\/div><\/div><\/div><div class=\"wp-block-mac-block-left-image-right-description container-media box-container\"><div class=\"row\"><div class=\"col-12 col-lg-6 col-xl-6 col-xxl-6\"><div class=\"box-image\"><img decoding=\"async\" class=\"image\" src=\"https:\/\/maccaferri-stage.softecspa.it\/ro\/wp-content\/uploads\/2023\/06\/SDG-Foto-13-11-1-8.png\" alt=\"Image\"\/><\/div><\/div><div class=\"col-12 col-lg-6 col-xl-6 col-xxl-6 title-box-txt\" style=\"text-align:default\"><p class=\"description\" style=\"color:#212429\"><strong>INTEGRAREA \u00ceN MEDIUL NATURAL<\/strong><br><strong><br><\/strong>Ne pas\u0103 de <strong>naturalizarea structurilor noastre de inginerie<\/strong> \u0219i credem c\u0103 integrarea vegeta\u021biei \u0219i a tehnicilor de plantare \u00een etapa de proiectare reprezint\u0103 o valoare ecologic\u0103 suplimentar\u0103 a solu\u021biilor noastre.<br><br>Ne str\u0103duim s\u0103 \u00eembun\u0103t\u0103\u021bim estetica general\u0103 a structurilor noastre, pentru a le integra mai bine \u00een mediul nostru urban.<\/p><\/div><\/div><\/div><h2 class=\"wp-block-heading\"> <\/h2><div class=\"wp-block-mac-block-left-description-right-image container-media box-container\"><div class=\"row\"><div class=\"col-12 col-lg-6 col-xl-6 col-xxl-6 title-box-txt order-lg-first order-last\" style=\"text-align:default\"><p class=\"description\" style=\"color:#212429\"><strong>RESPECTAREA \u0218I CONSOLIDAREA BIODIVERSIT\u0102\u021aII<\/strong><br><strong><br><\/strong>Ne str\u0103duim s\u0103 <strong>reducem impactul solu\u021biilor noastre asupra mediului<\/strong> \u0219i s\u0103 realiz\u0103m un echilibru \u00eentre performan\u021ba tehnic\u0103 \u0219i integrarea natural\u0103.<br><br>Unul dintre angajamentele noastre este s\u0103 favoriz\u0103m <strong>solu\u021biile care sporesc biodiversitatea<\/strong>, s\u0103 oferim habitate perfecte pentru diferite specii \u0219i, de asemenea, s\u0103 \u021binem cont de prezen\u021ba faunei s\u0103lbatice \u0219i s\u0103 o respect\u0103m.<\/p><\/div><div class=\"col-12 col-lg-6 col-xl-6 col-xxl-6\"><div class=\"box-image\"><img decoding=\"async\" class=\"image\" src=\"https:\/\/maccaferri-stage.softecspa.it\/ro\/wp-content\/uploads\/2023\/06\/SDG-Foto-14-15-1-min-8.png\" alt=\"Image\"\/><\/div><\/div><\/div><\/div><div style=\"height:100px\" aria-hidden=\"true\" class=\"wp-block-spacer\"><\/div><div class=\"wp-block-buttons is-content-justification-center is-layout-flex wp-container-core-buttons-is-layout-16018d1d wp-block-buttons-is-layout-flex\"><div class=\"wp-block-button\"><a class=\"wp-block-button__link\" href=\"https:\/\/maccaferri-stage.softecspa.it\/ro\/download\/maccaferri-sustainability-2022-2\" target=\"_blank\" rel=\"noreferrer noopener\">DESC\u0102RCA\u021aI PREZENTAREA COMPLET\u0102<\/a><\/div><\/div><div style=\"height:100px\" aria-hidden=\"true\" class=\"wp-block-spacer\"><\/div>","protected":false},"excerpt":{"rendered":"","protected":false},"author":1,"featured_media":0,"parent":0,"menu_order":0,"comment_status":"closed","ping_status":"closed","template":"","meta":{"_acf_changed":false,"_joinchat":[],"footnotes":""},"class_list":["post-1375","page","type-page","status-publish","hentry"],"acf":{"uuid_products":"","product-documents":""},"yoast_head":"<!-- This site is optimized with the Yoast SEO Premium plugin v27.0 (Yoast SEO v27.0) - https:\/\/yoast.com\/product\/yoast-seo-premium-wordpress\/ -->\n<title>Sustainabilitate - Maccaferri Rom\u00e2nia<\/title>\n<meta name=\"robots\" content=\"index, follow, max-snippet:-1, max-image-preview:large, max-video-preview:-1\" \/>\n<link rel=\"canonical\" href=\"https:\/\/maccaferri-stage.softecspa.it\/ro\/sustainabilitate\/\" \/>\n<meta property=\"og:locale\" content=\"ro_RO\" \/>\n<meta property=\"og:type\" content=\"article\" \/>\n<meta property=\"og:title\" content=\"Sustainabilitate - Maccaferri Rom\u00e2nia\" \/>\n<meta property=\"og:url\" content=\"https:\/\/maccaferri-stage.softecspa.it\/ro\/sustainabilitate\/\" \/>\n<meta property=\"og:site_name\" content=\"Maccaferri Rom\u00e2nia\" \/>\n<meta property=\"article:modified_time\" content=\"2023-06-01T15:09:39+00:00\" \/>\n<meta property=\"og:image\" content=\"https:\/\/maccaferri-stage.softecspa.it\/ro\/wp-content\/uploads\/sites\/25\/2022\/12\/Sustainability_Gabion_3.jpg\" \/>\n<meta name=\"twitter:card\" content=\"summary_large_image\" \/>\n<meta name=\"twitter:label1\" content=\"Est. reading time\" \/>\n\t<meta name=\"twitter:data1\" content=\"6 minutes\" \/>\n<script type=\"application\/ld+json\" class=\"yoast-schema-graph\">{\"@context\":\"https:\/\/schema.org\",\"@graph\":[{\"@type\":\"WebPage\",\"@id\":\"https:\/\/maccaferri-stage.softecspa.it\/ro\/sustainabilitate\/\",\"url\":\"https:\/\/maccaferri-stage.softecspa.it\/ro\/sustainabilitate\/\",\"name\":\"Sustainabilitate - Maccaferri Rom\u00e2nia\",\"isPartOf\":{\"@id\":\"https:\/\/maccaferri-stage.softecspa.it\/ro\/#website\"},\"primaryImageOfPage\":{\"@id\":\"https:\/\/maccaferri-stage.softecspa.it\/ro\/sustainabilitate\/#primaryimage\"},\"image\":{\"@id\":\"https:\/\/maccaferri-stage.softecspa.it\/ro\/sustainabilitate\/#primaryimage\"},\"thumbnailUrl\":\"https:\/\/maccaferri-stage.softecspa.it\/ro\/wp-content\/uploads\/sites\/25\/2022\/12\/Sustainability_Gabion_3.jpg\",\"datePublished\":\"2022-07-28T13:26:58+00:00\",\"dateModified\":\"2023-06-01T15:09:39+00:00\",\"inLanguage\":\"ro-RO\",\"potentialAction\":[{\"@type\":\"ReadAction\",\"target\":[\"https:\/\/maccaferri-stage.softecspa.it\/ro\/sustainabilitate\/\"]}]},{\"@type\":\"ImageObject\",\"inLanguage\":\"ro-RO\",\"@id\":\"https:\/\/maccaferri-stage.softecspa.it\/ro\/sustainabilitate\/#primaryimage\",\"url\":\"https:\/\/maccaferri-stage.softecspa.it\/ro\/wp-content\/uploads\/sites\/25\/2022\/12\/Sustainability_Gabion_3.jpg\",\"contentUrl\":\"https:\/\/maccaferri-stage.softecspa.it\/ro\/wp-content\/uploads\/sites\/25\/2022\/12\/Sustainability_Gabion_3.jpg\"},{\"@type\":\"WebSite\",\"@id\":\"https:\/\/maccaferri-stage.softecspa.it\/ro\/#website\",\"url\":\"https:\/\/maccaferri-stage.softecspa.it\/ro\/\",\"name\":\"Maccaferri Rom\u00e2nia\",\"description\":\"\",\"publisher\":{\"@id\":\"https:\/\/maccaferri-stage.softecspa.it\/ro\/#organization\"},\"potentialAction\":[{\"@type\":\"SearchAction\",\"target\":{\"@type\":\"EntryPoint\",\"urlTemplate\":\"https:\/\/maccaferri-stage.softecspa.it\/ro\/?s={search_term_string}\"},\"query-input\":{\"@type\":\"PropertyValueSpecification\",\"valueRequired\":true,\"valueName\":\"search_term_string\"}}],\"inLanguage\":\"ro-RO\"},{\"@type\":\"Organization\",\"@id\":\"https:\/\/maccaferri-stage.softecspa.it\/ro\/#organization\",\"name\":\"Maccaferri Rom\u00e2nia\",\"url\":\"https:\/\/maccaferri-stage.softecspa.it\/ro\/\",\"logo\":{\"@type\":\"ImageObject\",\"inLanguage\":\"ro-RO\",\"@id\":\"https:\/\/maccaferri-stage.softecspa.it\/ro\/#\/schema\/logo\/image\/\",\"url\":\"\",\"contentUrl\":\"\",\"caption\":\"Maccaferri Rom\u00e2nia\"},\"image\":{\"@id\":\"https:\/\/maccaferri-stage.softecspa.it\/ro\/#\/schema\/logo\/image\/\"}}]}<\/script>\n<!-- \/ Yoast SEO Premium plugin. -->","yoast_head_json":{"title":"Sustainabilitate - Maccaferri Rom\u00e2nia","robots":{"index":"index","follow":"follow","max-snippet":"max-snippet:-1","max-image-preview":"max-image-preview:large","max-video-preview":"max-video-preview:-1"},"canonical":"https:\/\/maccaferri-stage.softecspa.it\/ro\/sustainabilitate\/","og_locale":"ro_RO","og_type":"article","og_title":"Sustainabilitate - Maccaferri Rom\u00e2nia","og_url":"https:\/\/maccaferri-stage.softecspa.it\/ro\/sustainabilitate\/","og_site_name":"Maccaferri Rom\u00e2nia","article_modified_time":"2023-06-01T15:09:39+00:00","og_image":[{"url":"https:\/\/maccaferri-stage.softecspa.it\/ro\/wp-content\/uploads\/sites\/25\/2022\/12\/Sustainability_Gabion_3.jpg","type":"","width":"","height":""}],"twitter_card":"summary_large_image","twitter_misc":{"Est. reading time":"6 minutes"},"schema":{"@context":"https:\/\/schema.org","@graph":[{"@type":"WebPage","@id":"https:\/\/maccaferri-stage.softecspa.it\/ro\/sustainabilitate\/","url":"https:\/\/maccaferri-stage.softecspa.it\/ro\/sustainabilitate\/","name":"Sustainabilitate - Maccaferri Rom\u00e2nia","isPartOf":{"@id":"https:\/\/maccaferri-stage.softecspa.it\/ro\/#website"},"primaryImageOfPage":{"@id":"https:\/\/maccaferri-stage.softecspa.it\/ro\/sustainabilitate\/#primaryimage"},"image":{"@id":"https:\/\/maccaferri-stage.softecspa.it\/ro\/sustainabilitate\/#primaryimage"},"thumbnailUrl":"https:\/\/maccaferri-stage.softecspa.it\/ro\/wp-content\/uploads\/sites\/25\/2022\/12\/Sustainability_Gabion_3.jpg","datePublished":"2022-07-28T13:26:58+00:00","dateModified":"2023-06-01T15:09:39+00:00","inLanguage":"ro-RO","potentialAction":[{"@type":"ReadAction","target":["https:\/\/maccaferri-stage.softecspa.it\/ro\/sustainabilitate\/"]}]},{"@type":"ImageObject","inLanguage":"ro-RO","@id":"https:\/\/maccaferri-stage.softecspa.it\/ro\/sustainabilitate\/#primaryimage","url":"https:\/\/maccaferri-stage.softecspa.it\/ro\/wp-content\/uploads\/sites\/25\/2022\/12\/Sustainability_Gabion_3.jpg","contentUrl":"https:\/\/maccaferri-stage.softecspa.it\/ro\/wp-content\/uploads\/sites\/25\/2022\/12\/Sustainability_Gabion_3.jpg"},{"@type":"WebSite","@id":"https:\/\/maccaferri-stage.softecspa.it\/ro\/#website","url":"https:\/\/maccaferri-stage.softecspa.it\/ro\/","name":"Maccaferri Rom\u00e2nia","description":"","publisher":{"@id":"https:\/\/maccaferri-stage.softecspa.it\/ro\/#organization"},"potentialAction":[{"@type":"SearchAction","target":{"@type":"EntryPoint","urlTemplate":"https:\/\/maccaferri-stage.softecspa.it\/ro\/?s={search_term_string}"},"query-input":{"@type":"PropertyValueSpecification","valueRequired":true,"valueName":"search_term_string"}}],"inLanguage":"ro-RO"},{"@type":"Organization","@id":"https:\/\/maccaferri-stage.softecspa.it\/ro\/#organization","name":"Maccaferri Rom\u00e2nia","url":"https:\/\/maccaferri-stage.softecspa.it\/ro\/","logo":{"@type":"ImageObject","inLanguage":"ro-RO","@id":"https:\/\/maccaferri-stage.softecspa.it\/ro\/#\/schema\/logo\/image\/","url":"","contentUrl":"","caption":"Maccaferri Rom\u00e2nia"},"image":{"@id":"https:\/\/maccaferri-stage.softecspa.it\/ro\/#\/schema\/logo\/image\/"}}]}},"_links":{"self":[{"href":"https:\/\/maccaferri-stage.softecspa.it\/ro\/wp-json\/wp\/v2\/pages\/1375","targetHints":{"allow":["GET"]}}],"collection":[{"href":"https:\/\/maccaferri-stage.softecspa.it\/ro\/wp-json\/wp\/v2\/pages"}],"about":[{"href":"https:\/\/maccaferri-stage.softecspa.it\/ro\/wp-json\/wp\/v2\/types\/page"}],"author":[{"embeddable":true,"href":"https:\/\/maccaferri-stage.softecspa.it\/ro\/wp-json\/wp\/v2\/users\/1"}],"replies":[{"embeddable":true,"href":"https:\/\/maccaferri-stage.softecspa.it\/ro\/wp-json\/wp\/v2\/comments?post=1375"}],"version-history":[{"count":42,"href":"https:\/\/maccaferri-stage.softecspa.it\/ro\/wp-json\/wp\/v2\/pages\/1375\/revisions"}],"predecessor-version":[{"id":21622,"href":"https:\/\/maccaferri-stage.softecspa.it\/ro\/wp-json\/wp\/v2\/pages\/1375\/revisions\/21622"}],"wp:attachment":[{"href":"https:\/\/maccaferri-stage.softecspa.it\/ro\/wp-json\/wp\/v2\/media?parent=1375"}],"curies":[{"name":"wp","href":"https:\/\/api.w.org\/{rel}","templated":true}]}}