{"id":2906,"date":"2022-12-01T16:52:35","date_gmt":"2022-12-01T15:52:35","guid":{"rendered":"https:\/\/maccaferri-stage.softecspa.it\/cet\/?page_id=2906"},"modified":"2023-01-13T16:01:38","modified_gmt":"2023-01-13T15:01:38","slug":"vizia-a-poslanie","status":"publish","type":"page","link":"https:\/\/maccaferri-stage.softecspa.it\/sk\/vizia-a-poslanie\/","title":{"rendered":"V\u00edzia a Poslanie"},"content":{"rendered":"<div class=\"wp-block-mac-h1-title-hero-block container-fluid block-txt-container\" style=\"background:linear-gradient(180deg,rgb(1,94,111) 0%,rgb(0,72,87) 100%)\"><div class=\"row\"><div class=\"col\"><div class=\"gts__picture\"><img decoding=\"async\" src=\"https:\/\/maccaferri-stage.softecspa.it\/cet\/wp-content\/uploads\/sites\/29\/2022\/12\/Sustainability_Gabion_3.jpg\" style=\"display:none\" \/><div class=\"gts__picture__image\" style=\"background-image:url(https:\/\/maccaferri-stage.softecspa.it\/cet\/wp-content\/uploads\/sites\/29\/2022\/12\/Sustainability_Gabion_3.jpg)\"><\/div><\/div><div class=\"container box-container\"><div class=\"row\"><div class=\"col title-box-txt\"><h1 class=\"wp-block-mac-h1-title-hero-block\" style=\"color:#ffffff;text-align:none\">V\u00edzia a Poslanie<\/h1><\/div><\/div><\/div><\/div><\/div><\/div><div class=\"wp-block-mac-container-block box-container\"><div class=\"wp-block-columns is-layout-flex wp-container-core-columns-is-layout-9d6595d7 wp-block-columns-is-layout-flex\"><div class=\"wp-block-column is-layout-flow wp-block-column-is-layout-flow\"><div class=\"container content-paragraph box-container\"><div class=\"row\"><div class=\"col-12 col-lg-12 col-xl-12 col-xxl-12\"><div class=\"content-txt\"><h4>Z\u00e1ujmom o Svet zajtraj\u0161ka, harmoniz\u00e1ciou \u017eivota a pr\u00edrody prostredn\u00edctvom inovat\u00edvnych rie\u0161en\u00ed, sa Maccaferri sna\u017e\u00ed o neust\u00e1lezdokona\u013eovanie a zlep\u0161ovanie.<\/h4>\n<\/div><\/div><\/div><\/div><\/div>\n\n<div class=\"wp-block-column is-vertically-aligned-center is-layout-flow wp-block-column-is-layout-flow\"><figure class=\"wp-block-image aligncenter size-full\"><img decoding=\"async\" src=\"https:\/\/maccaferri-stage.softecspa.it\/cet\/wp-content\/uploads\/sites\/29\/2022\/12\/maccaferri-nurturing-2019-200x200-1.png\" alt=\"\" class=\"wp-image-3696\" \/><\/figure><\/div><\/div><\/div><div class=\"wp-block-mac-container-block box-container\"><div class=\"wp-block-columns is-layout-flex wp-container-core-columns-is-layout-9d6595d7 wp-block-columns-is-layout-flex\"><div class=\"wp-block-column is-layout-flow wp-block-column-is-layout-flow\"><div class=\"container content-paragraph box-container\"><div class=\"row\"><div class=\"col-12 col-lg-12 col-xl-12 col-xxl-12\"><h6>V\u00cdZIA<\/h6><div class=\"content-txt\"><h5>D\u00f4veryhodn\u00fd glob\u00e1lny partner, ktor\u00fd sa star\u00e1 o svet zajtraj\u0161ka, harmonizuje \u017eivot a pr\u00edrodu prostredn\u00edctvom inovat\u00edvnych rie\u0161en\u00ed.<\/h5>\n<p>Stara\u0165 sa pre Maccaferri znamen\u00e1 zauj\u00edma\u0165 sa, chr\u00e1ni\u0165 a nies\u0165 zodpovednos\u0165. Na\u0161a v\u00edzia nie je len o tom, \u201ek\u00fdm\u201c chceme by\u0165, ale \u010do je e\u0161te d\u00f4le\u017eitej\u0161ie, je aj o tom, \u201eakou\u201c organiz\u00e1ciou chceme by\u0165. Zodpovedn\u00ed, re\u0161pektuj\u00faci, starostliv\u00ed a citliv\u00ed nielen k \u017eivotn\u00e9mu prostrediu, ale aj k na\u0161im \u013eu\u010fom.\u201c<\/p>\n<\/div><\/div><\/div><\/div><\/div>\n\n<div class=\"wp-block-column is-vertically-aligned-bottom is-layout-flow wp-block-column-is-layout-flow\"><figure class=\"wp-block-embed is-type-video is-provider-youtube wp-block-embed-youtube wp-embed-aspect-16-9 wp-has-aspect-ratio\"><div class=\"wp-block-embed__wrapper\">\n<iframe title=\"Maccaferri Vision\" width=\"640\" height=\"360\" src=\"https:\/\/www.youtube.com\/embed\/-d-yujSQjw0?feature=oembed\" frameborder=\"0\" allow=\"accelerometer; autoplay; clipboard-write; encrypted-media; gyroscope; picture-in-picture; web-share\" referrerpolicy=\"strict-origin-when-cross-origin\" allowfullscreen><\/iframe>\n<\/div><\/figure><\/div><\/div><\/div><div style=\"height:100px\" aria-hidden=\"true\" class=\"wp-block-spacer\"><\/div><div class=\"wp-block-mac-container-block box-container\"><div class=\"wp-block-columns are-vertically-aligned-bottom is-layout-flex wp-container-core-columns-is-layout-9d6595d7 wp-block-columns-is-layout-flex\"><div class=\"wp-block-column is-vertically-aligned-bottom is-layout-flow wp-block-column-is-layout-flow\"><figure class=\"wp-block-embed is-type-video is-provider-youtube wp-block-embed-youtube wp-embed-aspect-16-9 wp-has-aspect-ratio\"><div class=\"wp-block-embed__wrapper\">\n<iframe title=\"Maccaferri Mission\" width=\"640\" height=\"360\" src=\"https:\/\/www.youtube.com\/embed\/wuKbKI5x2Hw?feature=oembed\" frameborder=\"0\" allow=\"accelerometer; autoplay; clipboard-write; encrypted-media; gyroscope; picture-in-picture; web-share\" referrerpolicy=\"strict-origin-when-cross-origin\" allowfullscreen><\/iframe>\n<\/div><\/figure><\/div>\n\n<div class=\"wp-block-column is-vertically-aligned-bottom is-layout-flow wp-block-column-is-layout-flow\"><div class=\"container content-paragraph box-container\"><div class=\"row\"><div class=\"col-12 col-lg-12 col-xl-12 col-xxl-12\"><h6>POSLANIE<\/h6><div class=\"content-txt\"><h5>Usilujeme sa o dokonalos\u0165 prostredn\u00edctvom neust\u00e1leho zlep\u0161ovania a z\u00e1rove\u0148 poskytujeme na\u0161im z\u00e1kazn\u00edkom rie\u0161enia, ktor\u00e9 s\u00fa inovat\u00edvne, pokro\u010dil\u00e9 a \u0161etrn\u00e9 k \u017eivotn\u00e9mu prostrediu.<\/h5>\n<p>Zaviazali sme sa k vynikaj\u00facej bezpe\u010dnosti, kvalite a udr\u017eate\u013enosti, aby sme vytvorili hodnotu pre v\u0161etky zainteresovan\u00e9 strany, ako aj pre na\u0161e komunity.<\/p>\n<\/div><\/div><\/div><\/div><\/div><\/div><\/div>","protected":false},"excerpt":{"rendered":"","protected":false},"author":2,"featured_media":0,"parent":0,"menu_order":0,"comment_status":"closed","ping_status":"closed","template":"custom-products-page.php","meta":{"_acf_changed":false,"_joinchat":[],"footnotes":""},"class_list":["post-2906","page","type-page","status-publish","hentry"],"acf":{"uuid_products":"","product-documents":""},"yoast_head":"<!-- This site is optimized with the Yoast SEO Premium plugin v27.0 (Yoast SEO v27.0) - https:\/\/yoast.com\/product\/yoast-seo-premium-wordpress\/ -->\n<title>V\u00edzia a Poslanie - Maccaferri Central Europe<\/title>\n<meta name=\"robots\" content=\"index, follow, max-snippet:-1, max-image-preview:large, max-video-preview:-1\" \/>\n<link rel=\"canonical\" href=\"https:\/\/maccaferri-stage.softecspa.it\/sk\/vizia-a-poslanie\/\" \/>\n<meta property=\"og:locale\" content=\"sk_SK\" \/>\n<meta property=\"og:type\" content=\"article\" \/>\n<meta property=\"og:title\" content=\"V\u00edzia a Poslanie - Maccaferri Central Europe\" \/>\n<meta property=\"og:url\" content=\"https:\/\/maccaferri-stage.softecspa.it\/sk\/vizia-a-poslanie\/\" \/>\n<meta property=\"og:site_name\" content=\"Maccaferri Central Europe\" \/>\n<meta property=\"article:modified_time\" content=\"2023-01-13T15:01:38+00:00\" \/>\n<meta property=\"og:image\" content=\"https:\/\/maccaferri-stage.softecspa.it\/cet\/wp-content\/uploads\/sites\/29\/2022\/12\/Sustainability_Gabion_3.jpg\" \/>\n<meta name=\"twitter:card\" content=\"summary_large_image\" \/>\n<meta name=\"twitter:label1\" content=\"Est. reading time\" \/>\n\t<meta name=\"twitter:data1\" content=\"1 minute\" \/>\n<script type=\"application\/ld+json\" class=\"yoast-schema-graph\">{\"@context\":\"https:\/\/schema.org\",\"@graph\":[{\"@type\":\"WebPage\",\"@id\":\"https:\/\/maccaferri-stage.softecspa.it\/sk\/vizia-a-poslanie\/\",\"url\":\"https:\/\/maccaferri-stage.softecspa.it\/sk\/vizia-a-poslanie\/\",\"name\":\"V\u00edzia a Poslanie - Maccaferri Central Europe\",\"isPartOf\":{\"@id\":\"https:\/\/maccaferri-stage.softecspa.it\/sk\/#website\"},\"primaryImageOfPage\":{\"@id\":\"https:\/\/maccaferri-stage.softecspa.it\/sk\/vizia-a-poslanie\/#primaryimage\"},\"image\":{\"@id\":\"https:\/\/maccaferri-stage.softecspa.it\/sk\/vizia-a-poslanie\/#primaryimage\"},\"thumbnailUrl\":\"https:\/\/maccaferri-stage.softecspa.it\/cet\/wp-content\/uploads\/sites\/29\/2022\/12\/Sustainability_Gabion_3.jpg\",\"datePublished\":\"2022-12-01T15:52:35+00:00\",\"dateModified\":\"2023-01-13T15:01:38+00:00\",\"inLanguage\":\"sk-SK\",\"potentialAction\":[{\"@type\":\"ReadAction\",\"target\":[\"https:\/\/maccaferri-stage.softecspa.it\/sk\/vizia-a-poslanie\/\"]}]},{\"@type\":\"ImageObject\",\"inLanguage\":\"sk-SK\",\"@id\":\"https:\/\/maccaferri-stage.softecspa.it\/sk\/vizia-a-poslanie\/#primaryimage\",\"url\":\"https:\/\/maccaferri-stage.softecspa.it\/cet\/wp-content\/uploads\/sites\/29\/2022\/12\/Sustainability_Gabion_3.jpg\",\"contentUrl\":\"https:\/\/maccaferri-stage.softecspa.it\/cet\/wp-content\/uploads\/sites\/29\/2022\/12\/Sustainability_Gabion_3.jpg\"},{\"@type\":\"WebSite\",\"@id\":\"https:\/\/maccaferri-stage.softecspa.it\/sk\/#website\",\"url\":\"https:\/\/maccaferri-stage.softecspa.it\/sk\/\",\"name\":\"Maccaferri Central Europe\",\"description\":\"\",\"publisher\":{\"@id\":\"https:\/\/maccaferri-stage.softecspa.it\/sk\/#organization\"},\"potentialAction\":[{\"@type\":\"SearchAction\",\"target\":{\"@type\":\"EntryPoint\",\"urlTemplate\":\"https:\/\/maccaferri-stage.softecspa.it\/sk\/?s={search_term_string}\"},\"query-input\":{\"@type\":\"PropertyValueSpecification\",\"valueRequired\":true,\"valueName\":\"search_term_string\"}}],\"inLanguage\":\"sk-SK\"},{\"@type\":\"Organization\",\"@id\":\"https:\/\/maccaferri-stage.softecspa.it\/sk\/#organization\",\"name\":\"Maccaferri Central Europe\",\"url\":\"https:\/\/maccaferri-stage.softecspa.it\/sk\/\",\"logo\":{\"@type\":\"ImageObject\",\"inLanguage\":\"sk-SK\",\"@id\":\"https:\/\/maccaferri-stage.softecspa.it\/sk\/#\/schema\/logo\/image\/\",\"url\":\"\",\"contentUrl\":\"\",\"caption\":\"Maccaferri Central Europe\"},\"image\":{\"@id\":\"https:\/\/maccaferri-stage.softecspa.it\/sk\/#\/schema\/logo\/image\/\"}}]}<\/script>\n<!-- \/ Yoast SEO Premium plugin. -->","yoast_head_json":{"title":"V\u00edzia a Poslanie - Maccaferri Central Europe","robots":{"index":"index","follow":"follow","max-snippet":"max-snippet:-1","max-image-preview":"max-image-preview:large","max-video-preview":"max-video-preview:-1"},"canonical":"https:\/\/maccaferri-stage.softecspa.it\/sk\/vizia-a-poslanie\/","og_locale":"sk_SK","og_type":"article","og_title":"V\u00edzia a Poslanie - Maccaferri Central Europe","og_url":"https:\/\/maccaferri-stage.softecspa.it\/sk\/vizia-a-poslanie\/","og_site_name":"Maccaferri Central Europe","article_modified_time":"2023-01-13T15:01:38+00:00","og_image":[{"url":"https:\/\/maccaferri-stage.softecspa.it\/cet\/wp-content\/uploads\/sites\/29\/2022\/12\/Sustainability_Gabion_3.jpg","type":"","width":"","height":""}],"twitter_card":"summary_large_image","twitter_misc":{"Est. reading time":"1 minute"},"schema":{"@context":"https:\/\/schema.org","@graph":[{"@type":"WebPage","@id":"https:\/\/maccaferri-stage.softecspa.it\/sk\/vizia-a-poslanie\/","url":"https:\/\/maccaferri-stage.softecspa.it\/sk\/vizia-a-poslanie\/","name":"V\u00edzia a Poslanie - Maccaferri Central Europe","isPartOf":{"@id":"https:\/\/maccaferri-stage.softecspa.it\/sk\/#website"},"primaryImageOfPage":{"@id":"https:\/\/maccaferri-stage.softecspa.it\/sk\/vizia-a-poslanie\/#primaryimage"},"image":{"@id":"https:\/\/maccaferri-stage.softecspa.it\/sk\/vizia-a-poslanie\/#primaryimage"},"thumbnailUrl":"https:\/\/maccaferri-stage.softecspa.it\/cet\/wp-content\/uploads\/sites\/29\/2022\/12\/Sustainability_Gabion_3.jpg","datePublished":"2022-12-01T15:52:35+00:00","dateModified":"2023-01-13T15:01:38+00:00","inLanguage":"sk-SK","potentialAction":[{"@type":"ReadAction","target":["https:\/\/maccaferri-stage.softecspa.it\/sk\/vizia-a-poslanie\/"]}]},{"@type":"ImageObject","inLanguage":"sk-SK","@id":"https:\/\/maccaferri-stage.softecspa.it\/sk\/vizia-a-poslanie\/#primaryimage","url":"https:\/\/maccaferri-stage.softecspa.it\/cet\/wp-content\/uploads\/sites\/29\/2022\/12\/Sustainability_Gabion_3.jpg","contentUrl":"https:\/\/maccaferri-stage.softecspa.it\/cet\/wp-content\/uploads\/sites\/29\/2022\/12\/Sustainability_Gabion_3.jpg"},{"@type":"WebSite","@id":"https:\/\/maccaferri-stage.softecspa.it\/sk\/#website","url":"https:\/\/maccaferri-stage.softecspa.it\/sk\/","name":"Maccaferri Central Europe","description":"","publisher":{"@id":"https:\/\/maccaferri-stage.softecspa.it\/sk\/#organization"},"potentialAction":[{"@type":"SearchAction","target":{"@type":"EntryPoint","urlTemplate":"https:\/\/maccaferri-stage.softecspa.it\/sk\/?s={search_term_string}"},"query-input":{"@type":"PropertyValueSpecification","valueRequired":true,"valueName":"search_term_string"}}],"inLanguage":"sk-SK"},{"@type":"Organization","@id":"https:\/\/maccaferri-stage.softecspa.it\/sk\/#organization","name":"Maccaferri Central Europe","url":"https:\/\/maccaferri-stage.softecspa.it\/sk\/","logo":{"@type":"ImageObject","inLanguage":"sk-SK","@id":"https:\/\/maccaferri-stage.softecspa.it\/sk\/#\/schema\/logo\/image\/","url":"","contentUrl":"","caption":"Maccaferri Central Europe"},"image":{"@id":"https:\/\/maccaferri-stage.softecspa.it\/sk\/#\/schema\/logo\/image\/"}}]}},"_links":{"self":[{"href":"https:\/\/maccaferri-stage.softecspa.it\/sk\/wp-json\/wp\/v2\/pages\/2906","targetHints":{"allow":["GET"]}}],"collection":[{"href":"https:\/\/maccaferri-stage.softecspa.it\/sk\/wp-json\/wp\/v2\/pages"}],"about":[{"href":"https:\/\/maccaferri-stage.softecspa.it\/sk\/wp-json\/wp\/v2\/types\/page"}],"author":[{"embeddable":true,"href":"https:\/\/maccaferri-stage.softecspa.it\/sk\/wp-json\/wp\/v2\/users\/2"}],"replies":[{"embeddable":true,"href":"https:\/\/maccaferri-stage.softecspa.it\/sk\/wp-json\/wp\/v2\/comments?post=2906"}],"version-history":[{"count":25,"href":"https:\/\/maccaferri-stage.softecspa.it\/sk\/wp-json\/wp\/v2\/pages\/2906\/revisions"}],"predecessor-version":[{"id":6226,"href":"https:\/\/maccaferri-stage.softecspa.it\/sk\/wp-json\/wp\/v2\/pages\/2906\/revisions\/6226"}],"wp:attachment":[{"href":"https:\/\/maccaferri-stage.softecspa.it\/sk\/wp-json\/wp\/v2\/media?parent=2906"}],"curies":[{"name":"wp","href":"https:\/\/api.w.org\/{rel}","templated":true}]}}