{"id":2906,"date":"2022-12-01T16:52:35","date_gmt":"2022-12-01T15:52:35","guid":{"rendered":"https:\/\/maccaferri-stage.softecspa.it\/tr\/?page_id=2906"},"modified":"2023-01-13T15:28:49","modified_gmt":"2023-01-13T14:28:49","slug":"vizyon-ve-misyon","status":"publish","type":"page","link":"https:\/\/maccaferri-stage.softecspa.it\/tr\/vizyon-ve-misyon\/","title":{"rendered":"Vizyon ve Misyon"},"content":{"rendered":"<div class=\"wp-block-mac-h1-title-hero-block container-fluid block-txt-container\" style=\"background:linear-gradient(180deg,rgb(1,94,111) 0%,rgb(0,72,87) 100%)\"><div class=\"row\"><div class=\"col\"><div class=\"gts__picture\"><img decoding=\"async\" src=\"https:\/\/maccaferri-stage.softecspa.it\/tr\/wp-content\/uploads\/sites\/34\/2022\/12\/Sustainability_Gabion_3.jpg\" style=\"display:none\" \/><div class=\"gts__picture__image\" style=\"background-image:url(https:\/\/maccaferri-stage.softecspa.it\/tr\/wp-content\/uploads\/sites\/34\/2022\/12\/Sustainability_Gabion_3.jpg)\"><\/div><\/div><div class=\"container box-container\"><div class=\"row\"><div class=\"col title-box-txt\"><h1 class=\"wp-block-mac-h1-title-hero-block\" style=\"color:#ffffff;text-align:none\">Vizyon ve Misyon<\/h1><\/div><\/div><\/div><\/div><\/div><\/div><div class=\"wp-block-mac-container-block box-container\"><div class=\"wp-block-columns is-layout-flex wp-container-core-columns-is-layout-9d6595d7 wp-block-columns-is-layout-flex\"><div class=\"wp-block-column is-layout-flow wp-block-column-is-layout-flow\"><div class=\"container content-paragraph box-container\"><div class=\"row\"><div class=\"col-12 col-lg-12 col-xl-12 col-xxl-12\"><div class=\"content-txt\"><h4>By Nurturing the World of tomorrow, harmonizing life and nature through innovative solutions, Maccaferri pursues excellence and continuous improvement.<\/h4>\n<\/div><\/div><\/div><\/div><\/div>\n\n<div class=\"wp-block-column is-vertically-aligned-center is-layout-flow wp-block-column-is-layout-flow\"><figure class=\"wp-block-image aligncenter size-full\"><img decoding=\"async\" src=\"https:\/\/maccaferri-stage.softecspa.it\/tr\/wp-content\/uploads\/sites\/34\/2022\/12\/maccaferri-nurturing-2019-200x200-1.png\" alt=\"\" class=\"wp-image-3696\" \/><\/figure><\/div><\/div><\/div><div class=\"wp-block-mac-container-block box-container\"><div class=\"wp-block-columns is-layout-flex wp-container-core-columns-is-layout-9d6595d7 wp-block-columns-is-layout-flex\"><div class=\"wp-block-column is-layout-flow wp-block-column-is-layout-flow\"><div class=\"container content-paragraph box-container\"><div class=\"row\"><div class=\"col-12 col-lg-12 col-xl-12 col-xxl-12\"><h6>VISION<\/h6><div class=\"content-txt\"><h5>Trusted global partner, nurturing the world of tomorrow, harmonizing life and nature through innovative solutions.<\/h5>\n<p>Maccaferri i\u00e7in yeti\u015ftirmek, \u00f6nemsemek, korumak ve sorumlu olmak anlam\u0131na gelir. Vizyonumuz sadece &#8216;ne&#8217; olmak istedi\u011fimizle ilgili de\u011fil, daha da \u00f6nemlisi bir kurulu\u015f olarak &#8216;nas\u0131l&#8217; olmak istedi\u011fimizle de ilgilidir. Sorumlu, sayg\u0131l\u0131, \u00f6zenli ve yaln\u0131zca \u00e7evreye de\u011fil, ayn\u0131 zamanda insanlar\u0131m\u0131za da duyarl\u0131.<\/p>\n<\/div><\/div><\/div><\/div><\/div>\n\n<div class=\"wp-block-column is-vertically-aligned-bottom is-layout-flow wp-block-column-is-layout-flow\"><figure class=\"wp-block-embed is-type-video is-provider-youtube wp-block-embed-youtube wp-embed-aspect-16-9 wp-has-aspect-ratio\"><div class=\"wp-block-embed__wrapper\">\n<iframe title=\"Maccaferri Vision\" width=\"640\" height=\"360\" src=\"https:\/\/www.youtube.com\/embed\/-d-yujSQjw0?feature=oembed\" frameborder=\"0\" allow=\"accelerometer; autoplay; clipboard-write; encrypted-media; gyroscope; picture-in-picture; web-share\" referrerpolicy=\"strict-origin-when-cross-origin\" allowfullscreen><\/iframe>\n<\/div><\/figure><\/div><\/div><\/div><div style=\"height:100px\" aria-hidden=\"true\" class=\"wp-block-spacer\"><\/div><div class=\"wp-block-mac-container-block box-container\"><div class=\"wp-block-columns are-vertically-aligned-bottom is-layout-flex wp-container-core-columns-is-layout-9d6595d7 wp-block-columns-is-layout-flex\"><div class=\"wp-block-column is-vertically-aligned-bottom is-layout-flow wp-block-column-is-layout-flow\"><figure class=\"wp-block-embed is-type-video is-provider-youtube wp-block-embed-youtube wp-embed-aspect-16-9 wp-has-aspect-ratio\"><div class=\"wp-block-embed__wrapper\">\n<iframe title=\"Maccaferri Mission\" width=\"640\" height=\"360\" src=\"https:\/\/www.youtube.com\/embed\/wuKbKI5x2Hw?feature=oembed\" frameborder=\"0\" allow=\"accelerometer; autoplay; clipboard-write; encrypted-media; gyroscope; picture-in-picture; web-share\" referrerpolicy=\"strict-origin-when-cross-origin\" allowfullscreen><\/iframe>\n<\/div><\/figure><\/div>\n\n<div class=\"wp-block-column is-vertically-aligned-bottom is-layout-flow wp-block-column-is-layout-flow\"><div class=\"container content-paragraph box-container\"><div class=\"row\"><div class=\"col-12 col-lg-12 col-xl-12 col-xxl-12\"><h6>MISSION<\/h6><div class=\"content-txt\"><h5>Pursue excellence through continuous improvement while delivering to our customers engineered solutions that are innovative, advanced and environmentally friendly.<\/h5>\n<p>T\u00fcm payda\u015flar\u0131m\u0131z ve toplumlar\u0131m\u0131z i\u00e7in de\u011fer yaratmak amac\u0131yla \u00fcst\u00fcn g\u00fcvenlik, kalite ve s\u00fcrd\u00fcr\u00fclebilirlik konular\u0131nda kararl\u0131y\u0131z.<\/p>\n<\/div><\/div><\/div><\/div><\/div><\/div><\/div>","protected":false},"excerpt":{"rendered":"","protected":false},"author":2,"featured_media":0,"parent":0,"menu_order":0,"comment_status":"closed","ping_status":"closed","template":"custom-products-page.php","meta":{"_acf_changed":false,"_joinchat":[],"footnotes":""},"class_list":["post-2906","page","type-page","status-publish","hentry"],"acf":{"uuid_products":"","product-documents":""},"yoast_head":"<!-- This site is optimized with the Yoast SEO Premium plugin v27.0 (Yoast SEO v27.0) - https:\/\/yoast.com\/product\/yoast-seo-premium-wordpress\/ -->\n<title>Vizyon ve Misyon - Maccaferri T\u00fcrkiye<\/title>\n<meta name=\"robots\" content=\"index, follow, max-snippet:-1, max-image-preview:large, max-video-preview:-1\" \/>\n<link rel=\"canonical\" href=\"https:\/\/maccaferri-stage.softecspa.it\/tr\/vizyon-ve-misyon\/\" \/>\n<meta property=\"og:locale\" content=\"tr_TR\" \/>\n<meta property=\"og:type\" content=\"article\" \/>\n<meta property=\"og:title\" content=\"Vizyon ve Misyon - Maccaferri T\u00fcrkiye\" \/>\n<meta property=\"og:url\" content=\"https:\/\/maccaferri-stage.softecspa.it\/tr\/vizyon-ve-misyon\/\" \/>\n<meta property=\"og:site_name\" content=\"Maccaferri T\u00fcrkiye\" \/>\n<meta property=\"article:modified_time\" content=\"2023-01-13T14:28:49+00:00\" \/>\n<meta property=\"og:image\" content=\"https:\/\/maccaferri-stage.softecspa.it\/tr\/wp-content\/uploads\/sites\/34\/2022\/12\/Sustainability_Gabion_3.jpg\" \/>\n<meta name=\"twitter:card\" content=\"summary_large_image\" \/>\n<meta name=\"twitter:label1\" content=\"Est. reading time\" \/>\n\t<meta name=\"twitter:data1\" content=\"1 minute\" \/>\n<script type=\"application\/ld+json\" class=\"yoast-schema-graph\">{\"@context\":\"https:\/\/schema.org\",\"@graph\":[{\"@type\":\"WebPage\",\"@id\":\"https:\/\/maccaferri-stage.softecspa.it\/tr\/vizyon-ve-misyon\/\",\"url\":\"https:\/\/maccaferri-stage.softecspa.it\/tr\/vizyon-ve-misyon\/\",\"name\":\"Vizyon ve Misyon - Maccaferri T\u00fcrkiye\",\"isPartOf\":{\"@id\":\"https:\/\/maccaferri-stage.softecspa.it\/tr\/#website\"},\"primaryImageOfPage\":{\"@id\":\"https:\/\/maccaferri-stage.softecspa.it\/tr\/vizyon-ve-misyon\/#primaryimage\"},\"image\":{\"@id\":\"https:\/\/maccaferri-stage.softecspa.it\/tr\/vizyon-ve-misyon\/#primaryimage\"},\"thumbnailUrl\":\"https:\/\/maccaferri-stage.softecspa.it\/tr\/wp-content\/uploads\/sites\/34\/2022\/12\/Sustainability_Gabion_3.jpg\",\"datePublished\":\"2022-12-01T15:52:35+00:00\",\"dateModified\":\"2023-01-13T14:28:49+00:00\",\"inLanguage\":\"tr-TR\",\"potentialAction\":[{\"@type\":\"ReadAction\",\"target\":[\"https:\/\/maccaferri-stage.softecspa.it\/tr\/vizyon-ve-misyon\/\"]}]},{\"@type\":\"ImageObject\",\"inLanguage\":\"tr-TR\",\"@id\":\"https:\/\/maccaferri-stage.softecspa.it\/tr\/vizyon-ve-misyon\/#primaryimage\",\"url\":\"https:\/\/maccaferri-stage.softecspa.it\/tr\/wp-content\/uploads\/sites\/34\/2022\/12\/Sustainability_Gabion_3.jpg\",\"contentUrl\":\"https:\/\/maccaferri-stage.softecspa.it\/tr\/wp-content\/uploads\/sites\/34\/2022\/12\/Sustainability_Gabion_3.jpg\"},{\"@type\":\"WebSite\",\"@id\":\"https:\/\/maccaferri-stage.softecspa.it\/tr\/#website\",\"url\":\"https:\/\/maccaferri-stage.softecspa.it\/tr\/\",\"name\":\"Maccaferri T\u00fcrkiye\",\"description\":\"\",\"publisher\":{\"@id\":\"https:\/\/maccaferri-stage.softecspa.it\/tr\/#organization\"},\"potentialAction\":[{\"@type\":\"SearchAction\",\"target\":{\"@type\":\"EntryPoint\",\"urlTemplate\":\"https:\/\/maccaferri-stage.softecspa.it\/tr\/?s={search_term_string}\"},\"query-input\":{\"@type\":\"PropertyValueSpecification\",\"valueRequired\":true,\"valueName\":\"search_term_string\"}}],\"inLanguage\":\"tr-TR\"},{\"@type\":\"Organization\",\"@id\":\"https:\/\/maccaferri-stage.softecspa.it\/tr\/#organization\",\"name\":\"Maccaferri T\u00fcrkiye\",\"url\":\"https:\/\/maccaferri-stage.softecspa.it\/tr\/\",\"logo\":{\"@type\":\"ImageObject\",\"inLanguage\":\"tr-TR\",\"@id\":\"https:\/\/maccaferri-stage.softecspa.it\/tr\/#\/schema\/logo\/image\/\",\"url\":\"\",\"contentUrl\":\"\",\"caption\":\"Maccaferri T\u00fcrkiye\"},\"image\":{\"@id\":\"https:\/\/maccaferri-stage.softecspa.it\/tr\/#\/schema\/logo\/image\/\"}}]}<\/script>\n<!-- \/ Yoast SEO Premium plugin. -->","yoast_head_json":{"title":"Vizyon ve Misyon - Maccaferri T\u00fcrkiye","robots":{"index":"index","follow":"follow","max-snippet":"max-snippet:-1","max-image-preview":"max-image-preview:large","max-video-preview":"max-video-preview:-1"},"canonical":"https:\/\/maccaferri-stage.softecspa.it\/tr\/vizyon-ve-misyon\/","og_locale":"tr_TR","og_type":"article","og_title":"Vizyon ve Misyon - Maccaferri T\u00fcrkiye","og_url":"https:\/\/maccaferri-stage.softecspa.it\/tr\/vizyon-ve-misyon\/","og_site_name":"Maccaferri T\u00fcrkiye","article_modified_time":"2023-01-13T14:28:49+00:00","og_image":[{"url":"https:\/\/maccaferri-stage.softecspa.it\/tr\/wp-content\/uploads\/sites\/34\/2022\/12\/Sustainability_Gabion_3.jpg","type":"","width":"","height":""}],"twitter_card":"summary_large_image","twitter_misc":{"Est. reading time":"1 minute"},"schema":{"@context":"https:\/\/schema.org","@graph":[{"@type":"WebPage","@id":"https:\/\/maccaferri-stage.softecspa.it\/tr\/vizyon-ve-misyon\/","url":"https:\/\/maccaferri-stage.softecspa.it\/tr\/vizyon-ve-misyon\/","name":"Vizyon ve Misyon - Maccaferri T\u00fcrkiye","isPartOf":{"@id":"https:\/\/maccaferri-stage.softecspa.it\/tr\/#website"},"primaryImageOfPage":{"@id":"https:\/\/maccaferri-stage.softecspa.it\/tr\/vizyon-ve-misyon\/#primaryimage"},"image":{"@id":"https:\/\/maccaferri-stage.softecspa.it\/tr\/vizyon-ve-misyon\/#primaryimage"},"thumbnailUrl":"https:\/\/maccaferri-stage.softecspa.it\/tr\/wp-content\/uploads\/sites\/34\/2022\/12\/Sustainability_Gabion_3.jpg","datePublished":"2022-12-01T15:52:35+00:00","dateModified":"2023-01-13T14:28:49+00:00","inLanguage":"tr-TR","potentialAction":[{"@type":"ReadAction","target":["https:\/\/maccaferri-stage.softecspa.it\/tr\/vizyon-ve-misyon\/"]}]},{"@type":"ImageObject","inLanguage":"tr-TR","@id":"https:\/\/maccaferri-stage.softecspa.it\/tr\/vizyon-ve-misyon\/#primaryimage","url":"https:\/\/maccaferri-stage.softecspa.it\/tr\/wp-content\/uploads\/sites\/34\/2022\/12\/Sustainability_Gabion_3.jpg","contentUrl":"https:\/\/maccaferri-stage.softecspa.it\/tr\/wp-content\/uploads\/sites\/34\/2022\/12\/Sustainability_Gabion_3.jpg"},{"@type":"WebSite","@id":"https:\/\/maccaferri-stage.softecspa.it\/tr\/#website","url":"https:\/\/maccaferri-stage.softecspa.it\/tr\/","name":"Maccaferri T\u00fcrkiye","description":"","publisher":{"@id":"https:\/\/maccaferri-stage.softecspa.it\/tr\/#organization"},"potentialAction":[{"@type":"SearchAction","target":{"@type":"EntryPoint","urlTemplate":"https:\/\/maccaferri-stage.softecspa.it\/tr\/?s={search_term_string}"},"query-input":{"@type":"PropertyValueSpecification","valueRequired":true,"valueName":"search_term_string"}}],"inLanguage":"tr-TR"},{"@type":"Organization","@id":"https:\/\/maccaferri-stage.softecspa.it\/tr\/#organization","name":"Maccaferri T\u00fcrkiye","url":"https:\/\/maccaferri-stage.softecspa.it\/tr\/","logo":{"@type":"ImageObject","inLanguage":"tr-TR","@id":"https:\/\/maccaferri-stage.softecspa.it\/tr\/#\/schema\/logo\/image\/","url":"","contentUrl":"","caption":"Maccaferri T\u00fcrkiye"},"image":{"@id":"https:\/\/maccaferri-stage.softecspa.it\/tr\/#\/schema\/logo\/image\/"}}]}},"_links":{"self":[{"href":"https:\/\/maccaferri-stage.softecspa.it\/tr\/wp-json\/wp\/v2\/pages\/2906","targetHints":{"allow":["GET"]}}],"collection":[{"href":"https:\/\/maccaferri-stage.softecspa.it\/tr\/wp-json\/wp\/v2\/pages"}],"about":[{"href":"https:\/\/maccaferri-stage.softecspa.it\/tr\/wp-json\/wp\/v2\/types\/page"}],"author":[{"embeddable":true,"href":"https:\/\/maccaferri-stage.softecspa.it\/tr\/wp-json\/wp\/v2\/users\/2"}],"replies":[{"embeddable":true,"href":"https:\/\/maccaferri-stage.softecspa.it\/tr\/wp-json\/wp\/v2\/comments?post=2906"}],"version-history":[{"count":23,"href":"https:\/\/maccaferri-stage.softecspa.it\/tr\/wp-json\/wp\/v2\/pages\/2906\/revisions"}],"predecessor-version":[{"id":6065,"href":"https:\/\/maccaferri-stage.softecspa.it\/tr\/wp-json\/wp\/v2\/pages\/2906\/revisions\/6065"}],"wp:attachment":[{"href":"https:\/\/maccaferri-stage.softecspa.it\/tr\/wp-json\/wp\/v2\/media?parent=2906"}],"curies":[{"name":"wp","href":"https:\/\/api.w.org\/{rel}","templated":true}]}}