{"id":56523,"date":"2023-12-06T12:56:44","date_gmt":"2023-12-06T11:56:44","guid":{"rendered":"https:\/\/maccaferri-stage.softecspa.it\/tr\/?page_id=56523"},"modified":"2023-12-06T12:56:45","modified_gmt":"2023-12-06T11:56:45","slug":"tunnelling","status":"publish","type":"page","link":"https:\/\/maccaferri-stage.softecspa.it\/tr\/tunnelling\/","title":{"rendered":"tunnelling"},"content":{"rendered":"<div class=\"wp-block-mac-slider-hero-block hero-slider\"><div id=\"hero22\" class=\"carousel slide\" data-bs-ride=\"true\"><ol class=\"carousel-indicators box-container\"><li data-bs-target=\"#hero22\" data-bs-slide-to=\"0\" class=\"active\"><\/li><\/ol><div class=\"carousel-inner\"><div class=\"carousel-item active\"><div class=\"hero\"><div class=\"gts__picture\"><img decoding=\"async\" src=\"https:\/\/maccaferri-stage.softecspa.it\/wp-content\/uploads\/2023\/10\/galleria_1_1.1.1_modificata-1-1-1.png\" style=\"display:none\"\/><div class=\"gts__picture__image\" style=\"background-image:url(https:\/\/maccaferri-stage.softecspa.it\/wp-content\/uploads\/2023\/10\/galleria_1_1.1.1_modificata-1-1-1.png)\"><\/div><\/div><div class=\"container box-container\"><div class=\"row\"><div class=\"col-12 col-lg-6 col-xl-6 col-xxl-6\"><p><span class=\"hero-index\" style=\"display:none\">0<\/span><\/p><h2 class=\"hero-text-container\"><span class=\"hero-text\"><br><br>T\u00dcNEL UYGULAMALARI<\/span><\/h2><a class=\"hero-buttonurl\" href=\"#downloadarea\"><span class=\"hero-buttontext\">DOKUMAN \u0130ND\u0130RME<\/span><\/a><\/div><\/div><\/div><\/div><\/div><\/div><button class=\"carousel-control-prev\" href=\"#hero22\" type=\"button\" data-bs-slide=\"prev\"><span class=\"carousel-control-prev-icon\" aria-hidden=\"true\"><\/span><span class=\"visually-hidden\">Previous<\/span><\/button><button class=\"carousel-control-next\" href=\"#hero22\" type=\"button\" data-bs-slide=\"next\"><span class=\"carousel-control-next-icon\" aria-hidden=\"true\"><\/span><span class=\"visually-hidden\">Next<\/span><\/button><\/div><\/div><div style=\"height:100px\" aria-hidden=\"true\" class=\"wp-block-spacer\"><\/div><div class=\"wp-block-mac-container-block box-container\"><div class=\"wp-block-columns is-layout-flex wp-container-core-columns-is-layout-9d6595d7 wp-block-columns-is-layout-flex\"><div class=\"wp-block-column is-layout-flow wp-block-column-is-layout-flow\"><p class=\"has-text-color\" style=\"color:#034e51;font-size:30px\"><strong>\u0130NOVASYON \u0130LE EN Y\u00dcKSEK G\u00dcVENL\u0130K<\/strong><\/p>\n\n<div style=\"height:30px\" aria-hidden=\"true\" class=\"wp-block-spacer\"><\/div>\n\n<p class=\"has-medium-font-size\">Yeralt\u0131 \u00e7al\u0131\u015fmalar\u0131n\u0131n in\u015fas\u0131 s\u0131ras\u0131nda yap\u0131lan teknik tercihler, g\u00fcvenlik, kalite, zaman \u00e7izelgesi ve genel proje maliyetleri \u00fczerinde \u00f6nemli bir etkiye sahiptir. Yenilik\u00e7i \u00e7\u00f6z\u00fcmlerin ara\u015ft\u0131r\u0131lmas\u0131na yat\u0131r\u0131m yapmak, proje y\u00fcr\u00fctme s\u0131ras\u0131nda ortaya \u00e7\u0131kabilecek potansiyel zorluklar\u0131n etkili bir \u015fekilde ele al\u0131nmas\u0131n\u0131 sa\u011flar.<\/p><\/div><\/div><\/div><div style=\"height:50px\" aria-hidden=\"true\" class=\"wp-block-spacer\"><\/div><figure class=\"wp-block-image size-full\"><img decoding=\"async\" src=\"https:\/\/maccaferri-stage.softecspa.it\/tr\/wp-content\/uploads\/2023\/12\/2-2.png\" alt=\"\" class=\"wp-image-56526\"\/><\/figure><div style=\"height:100px\" aria-hidden=\"true\" class=\"wp-block-spacer\"><\/div><div class=\"wp-block-mac-container-block box-container\"><div class=\"wp-block-columns is-layout-flex wp-container-core-columns-is-layout-9d6595d7 wp-block-columns-is-layout-flex\"><div class=\"wp-block-column is-layout-flow wp-block-column-is-layout-flow\"><p class=\"has-medium-font-size\">Bu ba\u011fl\u0131l\u0131k, kapsaml\u0131 ve yenilik\u00e7i bir portf\u00f6y\u00fcn ortaya \u00e7\u0131kmas\u0131na neden olmu\u015ftur.<\/p><\/div><\/div><\/div><div style=\"height:100px\" aria-hidden=\"true\" class=\"wp-block-spacer\"><\/div><div class=\"wp-block-mac-container-block box-container\"><div class=\"wp-block-columns is-layout-flex wp-container-core-columns-is-layout-9d6595d7 wp-block-columns-is-layout-flex\"><div class=\"wp-block-column is-layout-flow wp-block-column-is-layout-flow\"><p class=\"has-text-color\" style=\"color:#034e51;font-size:30px\"><strong>\u00c7\u00d6Z\u00dcMLER\u0130M\u0130Z : MACCAFERRI PORTFOLYOSU<\/strong><\/p><\/div><\/div><\/div><div style=\"height:100px\" aria-hidden=\"true\" class=\"wp-block-spacer\"><\/div><figure class=\"wp-block-image size-full\"><img decoding=\"async\" src=\"https:\/\/maccaferri-stage.softecspa.it\/tr\/wp-content\/uploads\/2023\/12\/5-1.png\" alt=\"\" class=\"wp-image-56536\"\/><\/figure><div style=\"height:100px\" aria-hidden=\"true\" class=\"wp-block-spacer\"><\/div><div style=\"height:100px\" aria-hidden=\"true\" class=\"wp-block-spacer\"><\/div><div style=\"height:100px\" aria-hidden=\"true\" class=\"wp-block-spacer\"><\/div><div class=\"wp-block-mac-container-block box-container\"><div class=\"wp-block-columns is-layout-flex wp-container-core-columns-is-layout-9d6595d7 wp-block-columns-is-layout-flex\"><div class=\"wp-block-column is-layout-flow wp-block-column-is-layout-flow\"><p class=\"has-medium-font-size\">Bu yenilik\u00e7i \u00e7\u00f6z\u00fcmlerin avantajlar\u0131 nelerdir?<\/p><\/div><\/div><\/div><div style=\"height:100px\" aria-hidden=\"true\" class=\"wp-block-spacer\"><\/div><figure class=\"wp-block-image size-large\"><img decoding=\"async\" src=\"https:\/\/maccaferri-stage.softecspa.it\/tr\/wp-content\/uploads\/2023\/12\/3-3-1024x404.png\" alt=\"\" class=\"wp-image-56530\"\/><\/figure><div style=\"height:100px\" aria-hidden=\"true\" class=\"wp-block-spacer\"><\/div><div class=\"wp-block-mac-container-block box-container\"><div class=\"wp-block-columns is-layout-flex wp-container-core-columns-is-layout-9d6595d7 wp-block-columns-is-layout-flex\"><div class=\"wp-block-column is-layout-flow wp-block-column-is-layout-flow\"><p class=\"has-text-color\" style=\"color:#034e51;font-size:30px\"><strong>OTOMAT\u0130K T\u00dcNEL K\u0130R\u0130\u015eLER\u0130M\u0130Z\u0130N NASIL KULLANILDI\u011eINI \u00d6\u011eREN\u0130N!<\/strong><\/p><\/div><\/div><\/div><div style=\"height:100px\" aria-hidden=\"true\" class=\"wp-block-spacer\"><\/div><div class=\"wp-block-mac-container-block box-container\"><div class=\"wp-block-columns is-layout-flex wp-container-core-columns-is-layout-9d6595d7 wp-block-columns-is-layout-flex\"><div class=\"wp-block-column is-layout-flow wp-block-column-is-layout-flow\"><figure class=\"wp-block-video\"><video controls controlslist=\"nodownload\" src=\"https:\/\/maccaferri-stage.softecspa.it\/wp-content\/uploads\/2023\/10\/Video-Tunnelling.mp4\"><\/video><\/figure><\/div><\/div><\/div><div style=\"height:100px\" aria-hidden=\"true\" class=\"wp-block-spacer\"><\/div><div class=\"wp-block-mac-container-block box-container\"><div class=\"wp-block-columns is-layout-flex wp-container-core-columns-is-layout-9d6595d7 wp-block-columns-is-layout-flex\"><div class=\"wp-block-column is-layout-flow wp-block-column-is-layout-flow\"><p class=\"has-black-color has-text-color has-medium-font-size\">Daha fazla bilgi almak ister misiniz? \u0130\u015fte size hizmetinizde olan t\u00fcm materyallerimiz!<\/p><\/div><\/div><\/div><div class=\"wp-block-mac-h2-title-block block-txt-container box-container\"><div class=\"row\"><div class=\"col title-box-txt\"><h2 style=\"color:#212429;text-align:none\">DOWNLOAD AREA<\/h2><\/div><\/div><\/div><div class=\"wp-block-mac-container-block box-container\"><div class=\"wp-block-columns is-layout-flex wp-container-core-columns-is-layout-9d6595d7 wp-block-columns-is-layout-flex\"><div class=\"wp-block-column is-layout-flow wp-block-column-is-layout-flow\"><p id=\"downloadarea\" style=\"font-size:17px\">T\u00fcnel kaz\u0131lar\u0131 i\u00e7in \u00e7\u00f6z\u00fcmlerimizle ilgili \u00f6zel materyallerimize eri\u015fmek i\u00e7in a\u015fa\u011f\u0131daki formu doldurun.<\/p>\n\n<iframe src=\"https:\/\/www2.maccaferri.com\/l\/965143\/2023-12-06\/5rcx7f\" width=\"100%\" height=\"800\" type=\"text\/html\" frameborder=\"0\" allowTransparency=\"true\" style=\"border: 0\"><\/iframe><\/div><\/div><\/div><div style=\"height:100px\" aria-hidden=\"true\" class=\"wp-block-spacer\"><\/div>","protected":false},"excerpt":{"rendered":"","protected":false},"author":11460,"featured_media":0,"parent":0,"menu_order":0,"comment_status":"closed","ping_status":"closed","template":"","meta":{"_acf_changed":false,"_joinchat":[],"footnotes":""},"class_list":["post-56523","page","type-page","status-publish","hentry"],"acf":{"uuid_products":"","product-documents":""},"yoast_head":"<!-- This site is optimized with the Yoast SEO Premium plugin v27.0 (Yoast SEO v27.0) - https:\/\/yoast.com\/product\/yoast-seo-premium-wordpress\/ -->\n<title>tunnelling - Maccaferri T\u00fcrkiye<\/title>\n<meta name=\"robots\" content=\"index, follow, max-snippet:-1, max-image-preview:large, max-video-preview:-1\" \/>\n<link rel=\"canonical\" href=\"https:\/\/maccaferri-stage.softecspa.it\/tr\/tunnelling\/\" \/>\n<meta property=\"og:locale\" content=\"tr_TR\" \/>\n<meta property=\"og:type\" content=\"article\" \/>\n<meta property=\"og:title\" content=\"tunnelling - Maccaferri T\u00fcrkiye\" \/>\n<meta property=\"og:url\" content=\"https:\/\/maccaferri-stage.softecspa.it\/tr\/tunnelling\/\" \/>\n<meta property=\"og:site_name\" content=\"Maccaferri T\u00fcrkiye\" \/>\n<meta property=\"article:modified_time\" content=\"2023-12-06T11:56:45+00:00\" \/>\n<meta property=\"og:image\" content=\"https:\/\/maccaferri-stage.softecspa.it\/wp-content\/uploads\/2023\/10\/galleria_1_1.1.1_modificata-1-1-1.png\" \/>\n<meta name=\"twitter:card\" content=\"summary_large_image\" \/>\n<meta name=\"twitter:label1\" content=\"Est. reading time\" \/>\n\t<meta name=\"twitter:data1\" content=\"2 minutes\" \/>\n<script type=\"application\/ld+json\" class=\"yoast-schema-graph\">{\"@context\":\"https:\/\/schema.org\",\"@graph\":[{\"@type\":\"WebPage\",\"@id\":\"https:\/\/maccaferri-stage.softecspa.it\/tr\/tunnelling\/\",\"url\":\"https:\/\/maccaferri-stage.softecspa.it\/tr\/tunnelling\/\",\"name\":\"tunnelling - Maccaferri T\u00fcrkiye\",\"isPartOf\":{\"@id\":\"https:\/\/maccaferri-stage.softecspa.it\/tr\/#website\"},\"primaryImageOfPage\":{\"@id\":\"https:\/\/maccaferri-stage.softecspa.it\/tr\/tunnelling\/#primaryimage\"},\"image\":{\"@id\":\"https:\/\/maccaferri-stage.softecspa.it\/tr\/tunnelling\/#primaryimage\"},\"thumbnailUrl\":\"https:\/\/maccaferri-stage.softecspa.it\/wp-content\/uploads\/2023\/10\/galleria_1_1.1.1_modificata-1-1-1.png\",\"datePublished\":\"2023-12-06T11:56:44+00:00\",\"dateModified\":\"2023-12-06T11:56:45+00:00\",\"inLanguage\":\"tr-TR\",\"potentialAction\":[{\"@type\":\"ReadAction\",\"target\":[\"https:\/\/maccaferri-stage.softecspa.it\/tr\/tunnelling\/\"]}]},{\"@type\":\"ImageObject\",\"inLanguage\":\"tr-TR\",\"@id\":\"https:\/\/maccaferri-stage.softecspa.it\/tr\/tunnelling\/#primaryimage\",\"url\":\"https:\/\/maccaferri-stage.softecspa.it\/wp-content\/uploads\/2023\/10\/galleria_1_1.1.1_modificata-1-1-1.png\",\"contentUrl\":\"https:\/\/maccaferri-stage.softecspa.it\/wp-content\/uploads\/2023\/10\/galleria_1_1.1.1_modificata-1-1-1.png\"},{\"@type\":\"WebSite\",\"@id\":\"https:\/\/maccaferri-stage.softecspa.it\/tr\/#website\",\"url\":\"https:\/\/maccaferri-stage.softecspa.it\/tr\/\",\"name\":\"Maccaferri T\u00fcrkiye\",\"description\":\"\",\"publisher\":{\"@id\":\"https:\/\/maccaferri-stage.softecspa.it\/tr\/#organization\"},\"potentialAction\":[{\"@type\":\"SearchAction\",\"target\":{\"@type\":\"EntryPoint\",\"urlTemplate\":\"https:\/\/maccaferri-stage.softecspa.it\/tr\/?s={search_term_string}\"},\"query-input\":{\"@type\":\"PropertyValueSpecification\",\"valueRequired\":true,\"valueName\":\"search_term_string\"}}],\"inLanguage\":\"tr-TR\"},{\"@type\":\"Organization\",\"@id\":\"https:\/\/maccaferri-stage.softecspa.it\/tr\/#organization\",\"name\":\"Maccaferri T\u00fcrkiye\",\"url\":\"https:\/\/maccaferri-stage.softecspa.it\/tr\/\",\"logo\":{\"@type\":\"ImageObject\",\"inLanguage\":\"tr-TR\",\"@id\":\"https:\/\/maccaferri-stage.softecspa.it\/tr\/#\/schema\/logo\/image\/\",\"url\":\"\",\"contentUrl\":\"\",\"caption\":\"Maccaferri T\u00fcrkiye\"},\"image\":{\"@id\":\"https:\/\/maccaferri-stage.softecspa.it\/tr\/#\/schema\/logo\/image\/\"}}]}<\/script>\n<!-- \/ Yoast SEO Premium plugin. -->","yoast_head_json":{"title":"tunnelling - Maccaferri T\u00fcrkiye","robots":{"index":"index","follow":"follow","max-snippet":"max-snippet:-1","max-image-preview":"max-image-preview:large","max-video-preview":"max-video-preview:-1"},"canonical":"https:\/\/maccaferri-stage.softecspa.it\/tr\/tunnelling\/","og_locale":"tr_TR","og_type":"article","og_title":"tunnelling - Maccaferri T\u00fcrkiye","og_url":"https:\/\/maccaferri-stage.softecspa.it\/tr\/tunnelling\/","og_site_name":"Maccaferri T\u00fcrkiye","article_modified_time":"2023-12-06T11:56:45+00:00","og_image":[{"url":"https:\/\/maccaferri-stage.softecspa.it\/wp-content\/uploads\/2023\/10\/galleria_1_1.1.1_modificata-1-1-1.png","type":"","width":"","height":""}],"twitter_card":"summary_large_image","twitter_misc":{"Est. reading time":"2 minutes"},"schema":{"@context":"https:\/\/schema.org","@graph":[{"@type":"WebPage","@id":"https:\/\/maccaferri-stage.softecspa.it\/tr\/tunnelling\/","url":"https:\/\/maccaferri-stage.softecspa.it\/tr\/tunnelling\/","name":"tunnelling - Maccaferri T\u00fcrkiye","isPartOf":{"@id":"https:\/\/maccaferri-stage.softecspa.it\/tr\/#website"},"primaryImageOfPage":{"@id":"https:\/\/maccaferri-stage.softecspa.it\/tr\/tunnelling\/#primaryimage"},"image":{"@id":"https:\/\/maccaferri-stage.softecspa.it\/tr\/tunnelling\/#primaryimage"},"thumbnailUrl":"https:\/\/maccaferri-stage.softecspa.it\/wp-content\/uploads\/2023\/10\/galleria_1_1.1.1_modificata-1-1-1.png","datePublished":"2023-12-06T11:56:44+00:00","dateModified":"2023-12-06T11:56:45+00:00","inLanguage":"tr-TR","potentialAction":[{"@type":"ReadAction","target":["https:\/\/maccaferri-stage.softecspa.it\/tr\/tunnelling\/"]}]},{"@type":"ImageObject","inLanguage":"tr-TR","@id":"https:\/\/maccaferri-stage.softecspa.it\/tr\/tunnelling\/#primaryimage","url":"https:\/\/maccaferri-stage.softecspa.it\/wp-content\/uploads\/2023\/10\/galleria_1_1.1.1_modificata-1-1-1.png","contentUrl":"https:\/\/maccaferri-stage.softecspa.it\/wp-content\/uploads\/2023\/10\/galleria_1_1.1.1_modificata-1-1-1.png"},{"@type":"WebSite","@id":"https:\/\/maccaferri-stage.softecspa.it\/tr\/#website","url":"https:\/\/maccaferri-stage.softecspa.it\/tr\/","name":"Maccaferri T\u00fcrkiye","description":"","publisher":{"@id":"https:\/\/maccaferri-stage.softecspa.it\/tr\/#organization"},"potentialAction":[{"@type":"SearchAction","target":{"@type":"EntryPoint","urlTemplate":"https:\/\/maccaferri-stage.softecspa.it\/tr\/?s={search_term_string}"},"query-input":{"@type":"PropertyValueSpecification","valueRequired":true,"valueName":"search_term_string"}}],"inLanguage":"tr-TR"},{"@type":"Organization","@id":"https:\/\/maccaferri-stage.softecspa.it\/tr\/#organization","name":"Maccaferri T\u00fcrkiye","url":"https:\/\/maccaferri-stage.softecspa.it\/tr\/","logo":{"@type":"ImageObject","inLanguage":"tr-TR","@id":"https:\/\/maccaferri-stage.softecspa.it\/tr\/#\/schema\/logo\/image\/","url":"","contentUrl":"","caption":"Maccaferri T\u00fcrkiye"},"image":{"@id":"https:\/\/maccaferri-stage.softecspa.it\/tr\/#\/schema\/logo\/image\/"}}]}},"_links":{"self":[{"href":"https:\/\/maccaferri-stage.softecspa.it\/tr\/wp-json\/wp\/v2\/pages\/56523","targetHints":{"allow":["GET"]}}],"collection":[{"href":"https:\/\/maccaferri-stage.softecspa.it\/tr\/wp-json\/wp\/v2\/pages"}],"about":[{"href":"https:\/\/maccaferri-stage.softecspa.it\/tr\/wp-json\/wp\/v2\/types\/page"}],"author":[{"embeddable":true,"href":"https:\/\/maccaferri-stage.softecspa.it\/tr\/wp-json\/wp\/v2\/users\/11460"}],"replies":[{"embeddable":true,"href":"https:\/\/maccaferri-stage.softecspa.it\/tr\/wp-json\/wp\/v2\/comments?post=56523"}],"version-history":[{"count":2,"href":"https:\/\/maccaferri-stage.softecspa.it\/tr\/wp-json\/wp\/v2\/pages\/56523\/revisions"}],"predecessor-version":[{"id":56580,"href":"https:\/\/maccaferri-stage.softecspa.it\/tr\/wp-json\/wp\/v2\/pages\/56523\/revisions\/56580"}],"wp:attachment":[{"href":"https:\/\/maccaferri-stage.softecspa.it\/tr\/wp-json\/wp\/v2\/media?parent=56523"}],"curies":[{"name":"wp","href":"https:\/\/api.w.org\/{rel}","templated":true}]}}